{"id":17028,"date":"2022-10-01T14:58:56","date_gmt":"2022-10-01T12:58:56","guid":{"rendered":"https:\/\/oxygenwellness.hu\/?post_type=product&#038;p=17028"},"modified":"2025-11-14T22:24:20","modified_gmt":"2025-11-14T21:24:20","slug":"3-havi-berlet","status":"publish","type":"product","link":"https:\/\/oxygenwellness.hu\/en\/shop\/belepojegyek-berletek\/3-havi-berlet\/","title":{"rendered":"3 month pass"},"content":{"rendered":"<p>Includes the use of the fitness and wellness area, the rooftop fitness terrace, one-time participation in one of our group classes (indoor cycling or aerobics), as well as the use of a towel, sauna sheet, and shower gel. Also includes 4 hours of free parking and free childcare (for one child). <strong data-renderer-mark=\"true\">The voucher is valid for 90 days and must be redeemed within 3 months from the date of purchase.<\/strong><\/p>\n<p>&nbsp;<\/p>\n<p><b>Type:<\/b> 3 month pass<br \/>\n<b>Reception area:<\/b>\u00a0HU 1016 Budapest Naphegy Street 67.<\/p>","protected":false},"excerpt":{"rendered":"<p>Tartalmazza a fitnesz \u00e9s a wellness r\u00e9szleg haszn\u00e1lat\u00e1t, a rooftop fitnesz terasz haszn\u00e1lat\u00e1t, alkalmank\u00e9nt 1 db r\u00e9szv\u00e9telt valamelyik csoportos \u00f3r\u00e1nkon (indoor cycling vagy aerobic), tov\u00e1bb\u00e1 t\u00f6r\u00f6lk\u00f6z\u0151, szaunaleped\u0151, tusf\u00fcrd\u0151 haszn\u00e1lat\u00e1t, 4 \u00f3ra ingyenes parkol\u00e1st, ingyenes gyermekmeg\u0151rz\u00e9st (egy gyermek r\u00e9sz\u00e9re.) Az utalv\u00e1ny 90 napig \u00e9rv\u00e9nyes \u00e9s a v\u00e1s\u00e1rl\u00e1st\u00f3l sz\u00e1m\u00edtott 3 h\u00f3napig v\u00e1lthat\u00f3 be. &nbsp; T\u00edpus: 3 havi [&hellip;]<\/p>\n","protected":false},"featured_media":9174,"comment_status":"open","ping_status":"closed","template":"","meta":{"_acf_changed":false},"product_brand":[],"product_cat":[96],"product_tag":[],"class_list":{"0":"post-17028","1":"product","2":"type-product","3":"status-publish","4":"has-post-thumbnail","6":"product_cat-belepojegyek-berletek","8":"first","9":"instock","10":"virtual","11":"taxable","12":"purchasable","13":"product-type-simple"},"acf":[],"_links":{"self":[{"href":"https:\/\/oxygenwellness.hu\/en\/wp-json\/wp\/v2\/product\/17028","targetHints":{"allow":["GET"]}}],"collection":[{"href":"https:\/\/oxygenwellness.hu\/en\/wp-json\/wp\/v2\/product"}],"about":[{"href":"https:\/\/oxygenwellness.hu\/en\/wp-json\/wp\/v2\/types\/product"}],"replies":[{"embeddable":true,"href":"https:\/\/oxygenwellness.hu\/en\/wp-json\/wp\/v2\/comments?post=17028"}],"wp:featuredmedia":[{"embeddable":true,"href":"https:\/\/oxygenwellness.hu\/en\/wp-json\/wp\/v2\/media\/9174"}],"wp:attachment":[{"href":"https:\/\/oxygenwellness.hu\/en\/wp-json\/wp\/v2\/media?parent=17028"}],"wp:term":[{"taxonomy":"product_brand","embeddable":true,"href":"https:\/\/oxygenwellness.hu\/en\/wp-json\/wp\/v2\/product_brand?post=17028"},{"taxonomy":"product_cat","embeddable":true,"href":"https:\/\/oxygenwellness.hu\/en\/wp-json\/wp\/v2\/product_cat?post=17028"},{"taxonomy":"product_tag","embeddable":true,"href":"https:\/\/oxygenwellness.hu\/en\/wp-json\/wp\/v2\/product_tag?post=17028"}],"curies":[{"name":"wp","href":"https:\/\/api.w.org\/{rel}","templated":true}]}}