{"id":17024,"date":"2022-10-01T14:53:01","date_gmt":"2022-10-01T12:53:01","guid":{"rendered":"https:\/\/oxygenwellness.hu\/?post_type=product&#038;p=17024"},"modified":"2026-02-28T22:06:30","modified_gmt":"2026-02-28T21:06:30","slug":"reflexologia-50-perc","status":"publish","type":"product","link":"https:\/\/oxygenwellness.hu\/en\/shop\/masszazs-wellness-kezelesek\/reflexologia-50-perc\/","title":{"rendered":"Reflexology 50 minutes"},"content":{"rendered":"<p>It is based on the recognition that different body parts and organs are reflected on our feet. With reflex zone massage, we can positively influence the functioning of our organs. It stimulates blood and lymph circulation, thereby strengthening the immune system and having pain-relieving and physical and mental tension-relieving effects.<\/p>\n<p><span style=\"color: #333333;\">Entry not permitted. Separate admission ticket required for use of the fitness-wellness complex. The voucher can be redeemed within 3 months from the date of purchase.<\/span><\/p>","protected":false},"excerpt":{"rendered":"<p>Alapja az a felismer\u00e9s, hogy l\u00e1bunkon visszat\u00fckr\u00f6z\u0151dik a k\u00fcl\u00f6nb\u00f6z\u0151 testr\u00e9szek, szervek \u00e1llapota. A reflexz\u00f3na massz\u00e1zzsal pozit\u00edvan tudjuk befoly\u00e1solni szerveink m\u0171k\u00f6d\u00e9s\u00e9t. Serkenti a v\u00e9r- \u00e9s nyirokkering\u00e9st, ez\u00e1ltal er\u0151s\u00edti az immunrendszert, f\u00e1jdalomcsillap\u00edt\u00f3, testi- lelki fesz\u00fclts\u00e9gold\u00f3 hat\u00e1ssal b\u00edr. Bel\u00e9p\u00e9sre nem jogos\u00edt. A fitness-wellness komplexum haszn\u00e1lat\u00e1hoz k\u00fcl\u00f6n bel\u00e9p\u0151jegy megv\u00e1lt\u00e1sa k\u00f6telez\u0151.<\/p>","protected":false},"featured_media":5817,"comment_status":"open","ping_status":"closed","template":"","meta":{"_acf_changed":false},"product_brand":[],"product_cat":[97],"product_tag":[],"class_list":{"0":"post-17024","1":"product","2":"type-product","3":"status-publish","4":"has-post-thumbnail","6":"product_cat-masszazs-wellness-kezelesek","8":"first","9":"instock","10":"virtual","11":"taxable","12":"purchasable","13":"product-type-simple"},"acf":[],"_links":{"self":[{"href":"https:\/\/oxygenwellness.hu\/en\/wp-json\/wp\/v2\/product\/17024","targetHints":{"allow":["GET"]}}],"collection":[{"href":"https:\/\/oxygenwellness.hu\/en\/wp-json\/wp\/v2\/product"}],"about":[{"href":"https:\/\/oxygenwellness.hu\/en\/wp-json\/wp\/v2\/types\/product"}],"replies":[{"embeddable":true,"href":"https:\/\/oxygenwellness.hu\/en\/wp-json\/wp\/v2\/comments?post=17024"}],"wp:featuredmedia":[{"embeddable":true,"href":"https:\/\/oxygenwellness.hu\/en\/wp-json\/wp\/v2\/media\/5817"}],"wp:attachment":[{"href":"https:\/\/oxygenwellness.hu\/en\/wp-json\/wp\/v2\/media?parent=17024"}],"wp:term":[{"taxonomy":"product_brand","embeddable":true,"href":"https:\/\/oxygenwellness.hu\/en\/wp-json\/wp\/v2\/product_brand?post=17024"},{"taxonomy":"product_cat","embeddable":true,"href":"https:\/\/oxygenwellness.hu\/en\/wp-json\/wp\/v2\/product_cat?post=17024"},{"taxonomy":"product_tag","embeddable":true,"href":"https:\/\/oxygenwellness.hu\/en\/wp-json\/wp\/v2\/product_tag?post=17024"}],"curies":[{"name":"wp","href":"https:\/\/api.w.org\/{rel}","templated":true}]}}