{"id":5670,"date":"2021-11-29T19:56:48","date_gmt":"2021-11-29T18:56:48","guid":{"rendered":"https:\/\/oxygenwellness.hu\/?post_type=product&#038;p=5670"},"modified":"2025-07-21T14:38:28","modified_gmt":"2025-07-21T12:38:28","slug":"testosszetetel-meres","status":"publish","type":"product","link":"https:\/\/oxygenwellness.hu\/en\/shop\/masszazs-wellness-kezelesek\/testosszetetel-meres\/","title":{"rendered":"Body Composition Measurement"},"content":{"rendered":"<p>With a body composition analysis you gain a comprehensive overview of your current physical condition. Regular monitoring of body composition is the most effective way to prevent obesity. During the measurement, we use the complex and state-of-the-art Accuniq body composition analyzer to measure, among other things, your body weight, body fat percentage (including the amount of visceral fat around the internal organs), and muscle mass percentage, etc. Valid for 3 months.<\/p>\n<p>A kiindul\u00e1si eg\u00e9szs\u00e9gi \u00e1llapotot tudatos\u00edtva re\u00e1lis c\u00e9lok t\u0171zhet\u0151ek ki mind az edz\u00e9s- \u00e9s t\u00e1pl\u00e1lkoz\u00e1si programban \u00e9s nyomon k\u00f6vethet\u0151 az egy\u00e9n fejl\u0151d\u00e9se. A m\u00e9r\u00e9s prevent\u00edv, eg\u00e9szs\u00e9gmeg\u0151rz\u0151 szerepe kiemelten fontos, c\u00e9lszer\u0171 az edz\u00e9sprogram elkezd\u00e9se el\u0151tt elv\u00e9gezni, \u00e9s legal\u00e1bb \u00e9vente \u00e9rdemes megism\u00e9telni.<\/p>\n<p><strong>The voucher can be redeemed within 3 months from the date of purchase.<\/strong><\/p>","protected":false},"excerpt":{"rendered":"<p>A test\u00f6sszet\u00e9tel-m\u00e9r\u00e9s seg\u00edts\u00e9g\u00e9vel \u00e1tfog\u00f3 k\u00e9pet kapunk test\u00fcnk aktu\u00e1lis \u00e1llapot\u00e1r\u00f3l. Az elh\u00edz\u00e1s megel\u0151z\u00e9s\u00e9nek leghat\u00e9konyabb m\u00f3dja a test\u00f6sszet\u00e9tel rendszeres ellen\u0151rz\u00e9se. A m\u00e9r\u00e9s sor\u00e1n a komplex \u00e9s legmodernebb Accuniq test\u00f6sszet\u00e9tel m\u00e9r\u0151 k\u00e9sz\u00fcl\u00e9kkel megm\u00e9rj\u00fck t\u00f6bbek k\u00f6z\u00f6tt pl. a testt\u00f6meget, azt hogy a test h\u00e1ny sz\u00e1zal\u00e9ka zs\u00edr, ebb\u0151l mennyi tal\u00e1lhat\u00f3 a bels\u0151 szervek k\u00f6r\u00fcl, tov\u00e1bb\u00e1, hogy a test h\u00e1ny sz\u00e1zal\u00e9k\u00e1t [&hellip;]<\/p>\n","protected":false},"featured_media":5671,"comment_status":"open","ping_status":"closed","template":"","meta":{"_acf_changed":false},"product_brand":[],"product_cat":[97],"product_tag":[],"class_list":{"0":"post-5670","1":"product","2":"type-product","3":"status-publish","4":"has-post-thumbnail","6":"product_cat-masszazs-wellness-kezelesek","8":"first","9":"instock","10":"virtual","11":"taxable","12":"purchasable","13":"product-type-simple"},"acf":[],"_links":{"self":[{"href":"https:\/\/oxygenwellness.hu\/en\/wp-json\/wp\/v2\/product\/5670","targetHints":{"allow":["GET"]}}],"collection":[{"href":"https:\/\/oxygenwellness.hu\/en\/wp-json\/wp\/v2\/product"}],"about":[{"href":"https:\/\/oxygenwellness.hu\/en\/wp-json\/wp\/v2\/types\/product"}],"replies":[{"embeddable":true,"href":"https:\/\/oxygenwellness.hu\/en\/wp-json\/wp\/v2\/comments?post=5670"}],"wp:featuredmedia":[{"embeddable":true,"href":"https:\/\/oxygenwellness.hu\/en\/wp-json\/wp\/v2\/media\/5671"}],"wp:attachment":[{"href":"https:\/\/oxygenwellness.hu\/en\/wp-json\/wp\/v2\/media?parent=5670"}],"wp:term":[{"taxonomy":"product_brand","embeddable":true,"href":"https:\/\/oxygenwellness.hu\/en\/wp-json\/wp\/v2\/product_brand?post=5670"},{"taxonomy":"product_cat","embeddable":true,"href":"https:\/\/oxygenwellness.hu\/en\/wp-json\/wp\/v2\/product_cat?post=5670"},{"taxonomy":"product_tag","embeddable":true,"href":"https:\/\/oxygenwellness.hu\/en\/wp-json\/wp\/v2\/product_tag?post=5670"}],"curies":[{"name":"wp","href":"https:\/\/api.w.org\/{rel}","templated":true}]}}