{"id":5668,"date":"2021-11-29T19:51:45","date_gmt":"2021-11-29T18:51:45","guid":{"rendered":"https:\/\/oxygenwellness.hu\/?post_type=product&#038;p=5668"},"modified":"2026-02-28T22:03:24","modified_gmt":"2026-02-28T21:03:24","slug":"paros-masszazs-ket-fo-reszere","status":"publish","type":"product","link":"https:\/\/oxygenwellness.hu\/en\/shop\/masszazs-wellness-kezelesek\/paros-masszazs-ket-fo-reszere\/","title":{"rendered":"Couples massage for two"},"content":{"rendered":"<p>An excellent shared activity is the couples or synchronized massage, where couples can enjoy the experience of synchronized massage on separate treatment beds but close to each other. During the treatment, the two massage therapists will massage the entire body with aromatherapy oil. The massage is revitalizing, stress-relieving, and provides a pleasant feeling of well-being. The duration of the treatment is 50 minutes. The treatment does not include any other wellness services!<\/p>\n<p><span style=\"color: #333333;\">Entry not permitted. Separate admission ticket required for use of the fitness-wellness complex. The voucher can be redeemed within 3 months from the date of purchase.<\/span><\/p>\n<p><strong>The voucher can be redeemed within 3 months from the date of purchase.<\/strong><\/p>\n<p>&nbsp;<\/p>\n<p>&nbsp;<\/p>","protected":false},"excerpt":{"rendered":"<p>Kiv\u00e1l\u00f3 k\u00f6z\u00f6s program a p\u00e1ros avagy szinkronmassz\u00e1zs, ahol a p\u00e1rok k\u00fcl\u00f6n kezel\u0151\u00e1gyakon, de k\u00f6zel egym\u00e1shoz \u00e9lvezhetik a szinkron massz\u00edroz\u00e1s \u00e9lm\u00e9ny\u00e9t. A kezel\u00e9s alatt a k\u00e9t massz\u0151r az eg\u00e9sz test aromaolajjal \u00e1tmassz\u00edrozza. A massz\u00e1zs vitaliz\u00e1l\u00f3, stresszold\u00f3 hat\u00e1s\u00fa, kellemes k\u00f6z\u00e9rzetet biztos\u00edt. A kezel\u00e9s id\u0151tartama 50 perc. A kezel\u00e9s m\u00e1s wellness-szolg\u00e1ltat\u00e1st nem tartalmaz! Bel\u00e9p\u00e9sre nem jogos\u00edt. A fitness-wellness [&hellip;]<\/p>\n","protected":false},"featured_media":6337,"comment_status":"open","ping_status":"closed","template":"","meta":{"_acf_changed":false},"product_brand":[],"product_cat":[97],"product_tag":[],"class_list":{"0":"post-5668","1":"product","2":"type-product","3":"status-publish","4":"has-post-thumbnail","6":"product_cat-masszazs-wellness-kezelesek","8":"first","9":"instock","10":"virtual","11":"taxable","12":"purchasable","13":"product-type-simple"},"acf":[],"_links":{"self":[{"href":"https:\/\/oxygenwellness.hu\/en\/wp-json\/wp\/v2\/product\/5668","targetHints":{"allow":["GET"]}}],"collection":[{"href":"https:\/\/oxygenwellness.hu\/en\/wp-json\/wp\/v2\/product"}],"about":[{"href":"https:\/\/oxygenwellness.hu\/en\/wp-json\/wp\/v2\/types\/product"}],"replies":[{"embeddable":true,"href":"https:\/\/oxygenwellness.hu\/en\/wp-json\/wp\/v2\/comments?post=5668"}],"wp:featuredmedia":[{"embeddable":true,"href":"https:\/\/oxygenwellness.hu\/en\/wp-json\/wp\/v2\/media\/6337"}],"wp:attachment":[{"href":"https:\/\/oxygenwellness.hu\/en\/wp-json\/wp\/v2\/media?parent=5668"}],"wp:term":[{"taxonomy":"product_brand","embeddable":true,"href":"https:\/\/oxygenwellness.hu\/en\/wp-json\/wp\/v2\/product_brand?post=5668"},{"taxonomy":"product_cat","embeddable":true,"href":"https:\/\/oxygenwellness.hu\/en\/wp-json\/wp\/v2\/product_cat?post=5668"},{"taxonomy":"product_tag","embeddable":true,"href":"https:\/\/oxygenwellness.hu\/en\/wp-json\/wp\/v2\/product_tag?post=5668"}],"curies":[{"name":"wp","href":"https:\/\/api.w.org\/{rel}","templated":true}]}}