{"id":5662,"date":"2021-11-29T19:39:00","date_gmt":"2021-11-29T18:39:00","guid":{"rendered":"https:\/\/oxygenwellness.hu\/?post_type=product&#038;p=5662"},"modified":"2026-02-28T22:05:55","modified_gmt":"2026-02-28T21:05:55","slug":"peeling","status":"publish","type":"product","link":"https:\/\/oxygenwellness.hu\/en\/shop\/masszazs-wellness-kezelesek\/peeling\/","title":{"rendered":"Peelings"},"content":{"rendered":"<p><span style=\"color: #333333;\">Entry not permitted. Separate admission ticket required for use of the fitness-wellness complex. The voucher can be redeemed within 3 months from the date of purchase.<\/span><\/p>\n<p><strong>The voucher can be redeemed within 3 months from the date of purchase.<\/strong><\/p>","protected":false},"excerpt":{"rendered":"<p>Bel\u00e9p\u00e9sre nem jogos\u00edt. A fitness-wellness komplexum haszn\u00e1lat\u00e1hoz k\u00fcl\u00f6n bel\u00e9p\u0151jegy megv\u00e1lt\u00e1sa k\u00f6telez\u0151. Az utalv\u00e1ny a v\u00e1s\u00e1rl\u00e1st\u00f3l sz\u00e1m\u00edtott 3 h\u00f3napon bel\u00fcl v\u00e1lthat\u00f3 be.<\/p>","protected":false},"featured_media":5816,"comment_status":"open","ping_status":"closed","template":"","meta":{"_acf_changed":false},"product_brand":[],"product_cat":[97],"product_tag":[],"class_list":{"0":"post-5662","1":"product","2":"type-product","3":"status-publish","4":"has-post-thumbnail","6":"product_cat-masszazs-wellness-kezelesek","8":"first","9":"instock","10":"taxable","11":"shipping-taxable","12":"purchasable","13":"product-type-variable"},"acf":[],"_links":{"self":[{"href":"https:\/\/oxygenwellness.hu\/en\/wp-json\/wp\/v2\/product\/5662","targetHints":{"allow":["GET"]}}],"collection":[{"href":"https:\/\/oxygenwellness.hu\/en\/wp-json\/wp\/v2\/product"}],"about":[{"href":"https:\/\/oxygenwellness.hu\/en\/wp-json\/wp\/v2\/types\/product"}],"replies":[{"embeddable":true,"href":"https:\/\/oxygenwellness.hu\/en\/wp-json\/wp\/v2\/comments?post=5662"}],"wp:featuredmedia":[{"embeddable":true,"href":"https:\/\/oxygenwellness.hu\/en\/wp-json\/wp\/v2\/media\/5816"}],"wp:attachment":[{"href":"https:\/\/oxygenwellness.hu\/en\/wp-json\/wp\/v2\/media?parent=5662"}],"wp:term":[{"taxonomy":"product_brand","embeddable":true,"href":"https:\/\/oxygenwellness.hu\/en\/wp-json\/wp\/v2\/product_brand?post=5662"},{"taxonomy":"product_cat","embeddable":true,"href":"https:\/\/oxygenwellness.hu\/en\/wp-json\/wp\/v2\/product_cat?post=5662"},{"taxonomy":"product_tag","embeddable":true,"href":"https:\/\/oxygenwellness.hu\/en\/wp-json\/wp\/v2\/product_tag?post=5662"}],"curies":[{"name":"wp","href":"https:\/\/api.w.org\/{rel}","templated":true}]}}