{"id":5659,"date":"2021-11-29T19:13:11","date_gmt":"2021-11-29T18:13:11","guid":{"rendered":"https:\/\/oxygenwellness.hu\/?post_type=product&#038;p=5659"},"modified":"2026-02-28T22:04:13","modified_gmt":"2026-02-28T21:04:13","slug":"lpg-kezeles","status":"publish","type":"product","link":"https:\/\/oxygenwellness.hu\/en\/shop\/masszazs-wellness-kezelesek\/lpg-kezeles\/","title":{"rendered":"LPG treatment"},"content":{"rendered":"<p>LPG is a body shaping-cellulite treatment that allows the reshaping of connective tissue, thereby promoting fat reduction, slimming, firming, and cellulite treatment. The treatment is performed with a special LPG machine, which has rollers on its special treatment head that gently massage the skin's surface, while a vacuum pump sucks in and then releases the skin tissue. The effects of the treatment can be seen after just 3 sessions.<br \/>\n<b>Usable:<\/b>\u00a0Within 3 months<\/p>\n<p><span style=\"color: #333333;\">Entry not permitted. Separate admission ticket required for use of the fitness-wellness complex. The voucher can be redeemed within 3 months from the date of purchase.<\/span><\/p>\n<p><strong>The voucher can be redeemed within 3 months from the date of purchase.<\/strong><\/p>","protected":false},"excerpt":{"rendered":"<p>Az LPG egy alakform\u00e1l\u00f3-cellulit kezel\u00e9s, mely lehet\u0151v\u00e9 teszi a k\u00f6t\u0151sz\u00f6vet form\u00e1lhat\u00f3s\u00e1g\u00e1t, ez\u00e1ltal a zs\u00edrt\u00f6r\u00e9st, fogyaszt\u00e1st, feszes\u00edt\u00e9st, a narancsb\u0151r kezel\u00e9st. A kezel\u00e9st egy speci\u00e1lis LPG g\u00e9ppel v\u00e9gezz\u00fck, amelynek speci\u00e1lis kezel\u0151fej\u00e9n tal\u00e1lhat\u00f3 g\u00f6rg\u0151k finoman massz\u00edrozz\u00e1k a b\u0151rfel\u00fcletet, k\u00f6zben a v\u00e1kuumos pumpa besz\u00edvja, majd elengedi a b\u0151rsz\u00f6vetet. A kezel\u00e9s hat\u00e1s\u00e1ra m\u00e1r a 3. alkalom ut\u00e1n l\u00e1that\u00f3 a v\u00e1ltoz\u00e1s. [&hellip;]<\/p>\n","protected":false},"featured_media":5813,"comment_status":"open","ping_status":"closed","template":"","meta":{"_acf_changed":false},"product_brand":[],"product_cat":[97],"product_tag":[],"class_list":{"0":"post-5659","1":"product","2":"type-product","3":"status-publish","4":"has-post-thumbnail","6":"product_cat-masszazs-wellness-kezelesek","8":"first","9":"instock","10":"taxable","11":"shipping-taxable","12":"purchasable","13":"product-type-variable"},"acf":[],"_links":{"self":[{"href":"https:\/\/oxygenwellness.hu\/en\/wp-json\/wp\/v2\/product\/5659","targetHints":{"allow":["GET"]}}],"collection":[{"href":"https:\/\/oxygenwellness.hu\/en\/wp-json\/wp\/v2\/product"}],"about":[{"href":"https:\/\/oxygenwellness.hu\/en\/wp-json\/wp\/v2\/types\/product"}],"replies":[{"embeddable":true,"href":"https:\/\/oxygenwellness.hu\/en\/wp-json\/wp\/v2\/comments?post=5659"}],"wp:featuredmedia":[{"embeddable":true,"href":"https:\/\/oxygenwellness.hu\/en\/wp-json\/wp\/v2\/media\/5813"}],"wp:attachment":[{"href":"https:\/\/oxygenwellness.hu\/en\/wp-json\/wp\/v2\/media?parent=5659"}],"wp:term":[{"taxonomy":"product_brand","embeddable":true,"href":"https:\/\/oxygenwellness.hu\/en\/wp-json\/wp\/v2\/product_brand?post=5659"},{"taxonomy":"product_cat","embeddable":true,"href":"https:\/\/oxygenwellness.hu\/en\/wp-json\/wp\/v2\/product_cat?post=5659"},{"taxonomy":"product_tag","embeddable":true,"href":"https:\/\/oxygenwellness.hu\/en\/wp-json\/wp\/v2\/product_tag?post=5659"}],"curies":[{"name":"wp","href":"https:\/\/api.w.org\/{rel}","templated":true}]}}