{"id":22699,"date":"2025-05-19T13:23:15","date_gmt":"2025-05-19T11:23:15","guid":{"rendered":"https:\/\/oxygenwellness.hu\/?post_type=product&#038;p=22699"},"modified":"2025-12-19T14:07:27","modified_gmt":"2025-12-19T13:07:27","slug":"start-mode","status":"publish","type":"product","link":"https:\/\/oxygenwellness.hu\/en\/shop\/ajandekutalvanyok\/start-mode\/","title":{"rendered":"Start Mode"},"content":{"rendered":"<p>Give the gift of a dynamic start. Because the first step is always the most important.<\/p>\n<p>A Start Mode csomag t\u00f6k\u00e9letes v\u00e1laszt\u00e1s annak, aki most indul el az akt\u00edv \u00e9letm\u00f3d fel\u00e9 vagy \u00fajra szeretn\u00e9 felvenni a ritmust.<br \/>\n3 havi b\u00e9rlet, 12 szem\u00e9lyi edz\u00e9s \u00e9s 6 alkalom 50 perces massz\u00e1zs seg\u00edtenek abban, hogy a kezdet lend\u00fcletes, k\u00e9nyelmes \u00e9s hat\u00e9kony legyen.<br \/>\nEgy aj\u00e1nd\u00e9k, ami nemcsak meglep, hanem c\u00e9lt \u00e9s t\u00e1mogat\u00e1st is ad.<\/p>","protected":false},"excerpt":{"rendered":"<ul>\n<li>3 month pass<\/li>\n<li>12 Sessions \u2013 Personal Training<\/li>\n<li>6 Sessions \u2013 50-minute Massage<\/li>\n<\/ul>","protected":false},"featured_media":23452,"comment_status":"open","ping_status":"closed","template":"","meta":{"_acf_changed":false},"product_brand":[],"product_cat":[161,176],"product_tag":[178],"class_list":{"0":"post-22699","1":"product","2":"type-product","3":"status-publish","4":"has-post-thumbnail","6":"product_cat-ajandekutalvanyok","7":"product_cat-fit-csomagok","8":"product_tag-start-mode","10":"first","11":"instock","12":"virtual","13":"taxable","14":"purchasable","15":"product-type-simple"},"acf":[],"_links":{"self":[{"href":"https:\/\/oxygenwellness.hu\/en\/wp-json\/wp\/v2\/product\/22699","targetHints":{"allow":["GET"]}}],"collection":[{"href":"https:\/\/oxygenwellness.hu\/en\/wp-json\/wp\/v2\/product"}],"about":[{"href":"https:\/\/oxygenwellness.hu\/en\/wp-json\/wp\/v2\/types\/product"}],"replies":[{"embeddable":true,"href":"https:\/\/oxygenwellness.hu\/en\/wp-json\/wp\/v2\/comments?post=22699"}],"wp:featuredmedia":[{"embeddable":true,"href":"https:\/\/oxygenwellness.hu\/en\/wp-json\/wp\/v2\/media\/23452"}],"wp:attachment":[{"href":"https:\/\/oxygenwellness.hu\/en\/wp-json\/wp\/v2\/media?parent=22699"}],"wp:term":[{"taxonomy":"product_brand","embeddable":true,"href":"https:\/\/oxygenwellness.hu\/en\/wp-json\/wp\/v2\/product_brand?post=22699"},{"taxonomy":"product_cat","embeddable":true,"href":"https:\/\/oxygenwellness.hu\/en\/wp-json\/wp\/v2\/product_cat?post=22699"},{"taxonomy":"product_tag","embeddable":true,"href":"https:\/\/oxygenwellness.hu\/en\/wp-json\/wp\/v2\/product_tag?post=22699"}],"curies":[{"name":"wp","href":"https:\/\/api.w.org\/{rel}","templated":true}]}}