{"id":22697,"date":"2025-05-19T13:22:31","date_gmt":"2025-05-19T11:22:31","guid":{"rendered":"https:\/\/oxygenwellness.hu\/?post_type=product&#038;p=22697"},"modified":"2025-12-19T14:08:46","modified_gmt":"2025-12-19T13:08:46","slug":"fit-together","status":"publish","type":"product","link":"https:\/\/oxygenwellness.hu\/en\/shop\/ajandekutalvanyok\/fit-together\/","title":{"rendered":"Fit Together"},"content":{"rendered":"<p>Give the gift of shared motivation \u2014 because training together makes you stronger inside and out.<\/p>\n<p>A Fit Together csomag a p\u00e1ros edz\u00e9s\u00e9lm\u00e9nyr\u0151l sz\u00f3l: h\u00e1rom h\u00f3napos b\u00e9rlet, 24 k\u00f6z\u00f6s szem\u00e9lyi edz\u00e9s, 25 perces massz\u00e1zsok a felt\u00f6lt\u0151d\u00e9s\u00e9rt, valamint kriokamra \u00e9s v\u00f6r\u00f6s f\u00e9ny ter\u00e1pia a hat\u00e9kony regener\u00e1ci\u00f3\u00e9rt.<br \/>\nEz a csomag nemcsak a testet form\u00e1lja, hanem a kapcsolatot is er\u0151s\u00edti.<\/p>","protected":false},"excerpt":{"rendered":"<ul>\n<li>20-Session Pass for Two<\/li>\n<li>10 Sessions \u2013 Personal Training<\/li>\n<li>6 Sessions \u2013 50-minute Massage<\/li>\n<li>10 - 10 Sessions \u2013 Cryotherapy \/ Red Light Therapy at the Superhuman Center<\/li>\n<\/ul>","protected":false},"featured_media":23454,"comment_status":"open","ping_status":"closed","template":"","meta":{"_acf_changed":false},"product_brand":[],"product_cat":[161,176],"product_tag":[181],"class_list":{"0":"post-22697","1":"product","2":"type-product","3":"status-publish","4":"has-post-thumbnail","6":"product_cat-ajandekutalvanyok","7":"product_cat-fit-csomagok","8":"product_tag-fit-together","10":"first","11":"instock","12":"virtual","13":"taxable","14":"purchasable","15":"product-type-simple"},"acf":[],"_links":{"self":[{"href":"https:\/\/oxygenwellness.hu\/en\/wp-json\/wp\/v2\/product\/22697","targetHints":{"allow":["GET"]}}],"collection":[{"href":"https:\/\/oxygenwellness.hu\/en\/wp-json\/wp\/v2\/product"}],"about":[{"href":"https:\/\/oxygenwellness.hu\/en\/wp-json\/wp\/v2\/types\/product"}],"replies":[{"embeddable":true,"href":"https:\/\/oxygenwellness.hu\/en\/wp-json\/wp\/v2\/comments?post=22697"}],"wp:featuredmedia":[{"embeddable":true,"href":"https:\/\/oxygenwellness.hu\/en\/wp-json\/wp\/v2\/media\/23454"}],"wp:attachment":[{"href":"https:\/\/oxygenwellness.hu\/en\/wp-json\/wp\/v2\/media?parent=22697"}],"wp:term":[{"taxonomy":"product_brand","embeddable":true,"href":"https:\/\/oxygenwellness.hu\/en\/wp-json\/wp\/v2\/product_brand?post=22697"},{"taxonomy":"product_cat","embeddable":true,"href":"https:\/\/oxygenwellness.hu\/en\/wp-json\/wp\/v2\/product_cat?post=22697"},{"taxonomy":"product_tag","embeddable":true,"href":"https:\/\/oxygenwellness.hu\/en\/wp-json\/wp\/v2\/product_tag?post=22697"}],"curies":[{"name":"wp","href":"https:\/\/api.w.org\/{rel}","templated":true}]}}