{"id":22696,"date":"2025-05-19T13:21:51","date_gmt":"2025-05-19T11:21:51","guid":{"rendered":"https:\/\/oxygenwellness.hu\/?post_type=product&#038;p=22696"},"modified":"2025-12-19T14:09:12","modified_gmt":"2025-12-19T13:09:12","slug":"power-mode","status":"publish","type":"product","link":"https:\/\/oxygenwellness.hu\/en\/shop\/ajandekutalvanyok\/power-mode\/","title":{"rendered":"Power Mode"},"content":{"rendered":"<p>Give the gift of momentum! Because strength begins with a conscious decision.<\/p>\n<p>A Power Mode csomag ide\u00e1lis aj\u00e1nd\u00e9k annak, aki szeretne szintet l\u00e9pni mozg\u00e1sban, kitart\u00e1sban \u00e9s figyelemben \u00f6nmag\u00e1ra.<br \/>\n12 h\u00f3napos vagy 100 alkalmas b\u00e9rlet, 12 szem\u00e9lyi edz\u00e9s, 6 regener\u00e1l\u00f3 massz\u00e1zs \u00e9s 10+1 kriokamra alkalom biztos\u00edtja a fejl\u0151d\u00e9st \u00e9s a felt\u00f6lt\u0151d\u00e9st.<br \/>\nEz az aj\u00e1nd\u00e9k nemcsak motiv\u00e1l, hanem t\u00e1mogat is minden egyes l\u00e9p\u00e9sn\u00e9l.<\/p>","protected":false},"excerpt":{"rendered":"<ul>\n<li>12-Month Pass \/ 100-Session Pass (Your choice.)<span class=\"Apple-converted-space\">\u00a0<\/span><\/li>\n<li>12 Sessions \u2013 Personal Training<\/li>\n<li>6 Sessions \u2013 50-minute Massage<\/li>\n<li>10 + 1 Sessions \u2013 Cryotherapy at the Superhuman Center<\/li>\n<\/ul>","protected":false},"featured_media":23449,"comment_status":"open","ping_status":"closed","template":"","meta":{"_acf_changed":false},"product_brand":[],"product_cat":[161,176],"product_tag":[182],"class_list":{"0":"post-22696","1":"product","2":"type-product","3":"status-publish","4":"has-post-thumbnail","6":"product_cat-ajandekutalvanyok","7":"product_cat-fit-csomagok","8":"product_tag-power-mode","10":"first","11":"instock","12":"virtual","13":"taxable","14":"purchasable","15":"product-type-simple"},"acf":[],"_links":{"self":[{"href":"https:\/\/oxygenwellness.hu\/en\/wp-json\/wp\/v2\/product\/22696","targetHints":{"allow":["GET"]}}],"collection":[{"href":"https:\/\/oxygenwellness.hu\/en\/wp-json\/wp\/v2\/product"}],"about":[{"href":"https:\/\/oxygenwellness.hu\/en\/wp-json\/wp\/v2\/types\/product"}],"replies":[{"embeddable":true,"href":"https:\/\/oxygenwellness.hu\/en\/wp-json\/wp\/v2\/comments?post=22696"}],"wp:featuredmedia":[{"embeddable":true,"href":"https:\/\/oxygenwellness.hu\/en\/wp-json\/wp\/v2\/media\/23449"}],"wp:attachment":[{"href":"https:\/\/oxygenwellness.hu\/en\/wp-json\/wp\/v2\/media?parent=22696"}],"wp:term":[{"taxonomy":"product_brand","embeddable":true,"href":"https:\/\/oxygenwellness.hu\/en\/wp-json\/wp\/v2\/product_brand?post=22696"},{"taxonomy":"product_cat","embeddable":true,"href":"https:\/\/oxygenwellness.hu\/en\/wp-json\/wp\/v2\/product_cat?post=22696"},{"taxonomy":"product_tag","embeddable":true,"href":"https:\/\/oxygenwellness.hu\/en\/wp-json\/wp\/v2\/product_tag?post=22696"}],"curies":[{"name":"wp","href":"https:\/\/api.w.org\/{rel}","templated":true}]}}