{"id":22695,"date":"2025-05-19T13:20:19","date_gmt":"2025-05-19T11:20:19","guid":{"rendered":"https:\/\/oxygenwellness.hu\/?post_type=product&#038;p=22695"},"modified":"2025-12-19T14:09:23","modified_gmt":"2025-12-19T13:09:23","slug":"move-together","status":"publish","type":"product","link":"https:\/\/oxygenwellness.hu\/en\/shop\/ajandekutalvanyok\/move-together\/","title":{"rendered":"Move Together"},"content":{"rendered":"<p>Give the gift of shared momentum! Because moving together is more than just training.<\/p>\n<p>A Move Together csomag azoknak sz\u00f3l, akik nemcsak egym\u00e1sra hangol\u00f3dn\u00e1nak, hanem egy\u00fctt fejl\u0151dn\u00e9nek is.<br \/>\nA h\u00e1rom h\u00f3napos p\u00e1ros b\u00e9rlet, a 24 alkalmas szem\u00e9lyi edz\u00e9s \u00e9s a regener\u00e1l\u00f3 massz\u00e1zsok mellett a kriokamra \u00e9s v\u00f6r\u00f6s f\u00e9ny ter\u00e1pia gondoskodik a teljes testi felt\u00f6lt\u0151d\u00e9sr\u0151l.<br \/>\nEz nem csup\u00e1n edz\u00e9sterv. Ez egy k\u00f6z\u00f6s \u00faton halad\u00e1s, ahol a mozg\u00e1s \u00e9lm\u00e9ny, a fejl\u0151d\u00e9s pedig k\u00f6z\u00f6s siker.<\/p>","protected":false},"excerpt":{"rendered":"<ul>\n<li>3-Month Couples Pass<\/li>\n<li>24 Sessions \u2013 Couples Personal Training<\/li>\n<li>10 Sessions \u2013 25-minute Massage<\/li>\n<li>10 - 10 Sessions \u2013 Cryotherapy \/ Red Light Therapy at the Superhuman Center<\/li>\n<\/ul>","protected":false},"featured_media":23442,"comment_status":"open","ping_status":"closed","template":"","meta":{"_acf_changed":false},"product_brand":[],"product_cat":[161,176],"product_tag":[183],"class_list":{"0":"post-22695","1":"product","2":"type-product","3":"status-publish","4":"has-post-thumbnail","6":"product_cat-ajandekutalvanyok","7":"product_cat-fit-csomagok","8":"product_tag-move-together","10":"first","11":"instock","12":"virtual","13":"taxable","14":"purchasable","15":"product-type-simple"},"acf":[],"_links":{"self":[{"href":"https:\/\/oxygenwellness.hu\/en\/wp-json\/wp\/v2\/product\/22695","targetHints":{"allow":["GET"]}}],"collection":[{"href":"https:\/\/oxygenwellness.hu\/en\/wp-json\/wp\/v2\/product"}],"about":[{"href":"https:\/\/oxygenwellness.hu\/en\/wp-json\/wp\/v2\/types\/product"}],"replies":[{"embeddable":true,"href":"https:\/\/oxygenwellness.hu\/en\/wp-json\/wp\/v2\/comments?post=22695"}],"wp:featuredmedia":[{"embeddable":true,"href":"https:\/\/oxygenwellness.hu\/en\/wp-json\/wp\/v2\/media\/23442"}],"wp:attachment":[{"href":"https:\/\/oxygenwellness.hu\/en\/wp-json\/wp\/v2\/media?parent=22695"}],"wp:term":[{"taxonomy":"product_brand","embeddable":true,"href":"https:\/\/oxygenwellness.hu\/en\/wp-json\/wp\/v2\/product_brand?post=22695"},{"taxonomy":"product_cat","embeddable":true,"href":"https:\/\/oxygenwellness.hu\/en\/wp-json\/wp\/v2\/product_cat?post=22695"},{"taxonomy":"product_tag","embeddable":true,"href":"https:\/\/oxygenwellness.hu\/en\/wp-json\/wp\/v2\/product_tag?post=22695"}],"curies":[{"name":"wp","href":"https:\/\/api.w.org\/{rel}","templated":true}]}}