{"id":22694,"date":"2025-05-19T13:19:29","date_gmt":"2025-05-19T11:19:29","guid":{"rendered":"https:\/\/oxygenwellness.hu\/?post_type=product&#038;p=22694"},"modified":"2025-12-19T14:09:34","modified_gmt":"2025-12-19T13:09:34","slug":"elite-mode","status":"publish","type":"product","link":"https:\/\/oxygenwellness.hu\/en\/shop\/ajandekutalvanyok\/elite-mode\/","title":{"rendered":"Elite Mode"},"content":{"rendered":"<p>Give the gift of commitment, motivation and attention \u2014 all in one package.<\/p>\n<p>A Elite Mode csomag t\u00f6k\u00e9letes aj\u00e1nd\u00e9k annak, aki komolyan veszi a fejl\u0151d\u00e9st.<br \/>\n12 h\u00f3napos vagy 100 alkalmas b\u00e9rlet, 24 szem\u00e9lyi edz\u00e9s, 12 massz\u00e1zs \u00e9s 10+1 kriokamra alkalom. Minden adott a fizikai \u00e9s ment\u00e1lis er\u0151 \u00e9p\u00edt\u00e9s\u00e9hez.<br \/>\nEz az aj\u00e1nd\u00e9k nem csak pr\u00e9mium \u00e9lm\u00e9nyt ad, hanem lehet\u0151s\u00e9get egy \u00faj szintre l\u00e9pni.<\/p>","protected":false},"excerpt":{"rendered":"<ul>\n<li>12-Month Pass \/ 100-Session Pass (Your choice.)<span class=\"Apple-converted-space\">\u00a0<\/span><\/li>\n<li>24 Sessions \u2013 Personal Training<\/li>\n<li>12 Sessions \u2013 50-minute Massage<\/li>\n<li>10 + 1 Sessions \u2013 Cryotherapy at the Superhuman Center<\/li>\n<\/ul>","protected":false},"featured_media":23441,"comment_status":"open","ping_status":"closed","template":"","meta":{"_acf_changed":false},"product_brand":[],"product_cat":[161,176],"product_tag":[184],"class_list":{"0":"post-22694","1":"product","2":"type-product","3":"status-publish","4":"has-post-thumbnail","6":"product_cat-ajandekutalvanyok","7":"product_cat-fit-csomagok","8":"product_tag-elite-mode","10":"first","11":"instock","12":"virtual","13":"taxable","14":"purchasable","15":"product-type-simple"},"acf":[],"_links":{"self":[{"href":"https:\/\/oxygenwellness.hu\/en\/wp-json\/wp\/v2\/product\/22694","targetHints":{"allow":["GET"]}}],"collection":[{"href":"https:\/\/oxygenwellness.hu\/en\/wp-json\/wp\/v2\/product"}],"about":[{"href":"https:\/\/oxygenwellness.hu\/en\/wp-json\/wp\/v2\/types\/product"}],"replies":[{"embeddable":true,"href":"https:\/\/oxygenwellness.hu\/en\/wp-json\/wp\/v2\/comments?post=22694"}],"wp:featuredmedia":[{"embeddable":true,"href":"https:\/\/oxygenwellness.hu\/en\/wp-json\/wp\/v2\/media\/23441"}],"wp:attachment":[{"href":"https:\/\/oxygenwellness.hu\/en\/wp-json\/wp\/v2\/media?parent=22694"}],"wp:term":[{"taxonomy":"product_brand","embeddable":true,"href":"https:\/\/oxygenwellness.hu\/en\/wp-json\/wp\/v2\/product_brand?post=22694"},{"taxonomy":"product_cat","embeddable":true,"href":"https:\/\/oxygenwellness.hu\/en\/wp-json\/wp\/v2\/product_cat?post=22694"},{"taxonomy":"product_tag","embeddable":true,"href":"https:\/\/oxygenwellness.hu\/en\/wp-json\/wp\/v2\/product_tag?post=22694"}],"curies":[{"name":"wp","href":"https:\/\/api.w.org\/{rel}","templated":true}]}}