{"id":22693,"date":"2025-05-19T13:18:26","date_gmt":"2025-05-19T11:18:26","guid":{"rendered":"https:\/\/oxygenwellness.hu\/?post_type=product&#038;p=22693"},"modified":"2026-02-28T22:12:47","modified_gmt":"2026-02-28T21:12:47","slug":"paros-megujulas","status":"publish","type":"product","link":"https:\/\/oxygenwellness.hu\/en\/shop\/ajandekutalvanyok\/paros-megujulas\/","title":{"rendered":"Couples\u2019 Renewal"},"content":{"rendered":"<p>Give the gift of shared renewal! Because relaxation together is an even deeper experience.<\/p>\n<p>Talpmassz\u00e1zs, testmassz\u00e1zs \u00e9s egy nyugtat\u00f3 f\u00fcrd\u0151 gondoskodik a teljes ellazul\u00e1sr\u00f3l, a wellness-r\u00e9szleg \u00e9s egy finom eb\u00e9d pedig \u00faj energi\u00e1kkal t\u00f6lt fel.<br \/>\nEz a csomag t\u00f6k\u00e9letes v\u00e1laszt\u00e1s azoknak, akik egy\u00fctt szeretn\u00e9nek kiszakadni a rohan\u00e1sb\u00f3l \u00e9s egy napra csak egym\u00e1sra figyelni.<\/p>","protected":false},"excerpt":{"rendered":"<ul>\n<li>Single-entry Fitness &amp; Wellness Pass with 4 hours of free parking<span class=\"Apple-converted-space\">\u00a0<\/span><\/li>\n<li>Lunch at Sunhill Bistro<\/li>\n<li>Foot Massage \u2013 25 minutes<\/li>\n<li>Body Massage \u2013 50 minutes<\/li>\n<li>Private Bath \u2013 20 minutes<\/li>\n<\/ul>","protected":false},"featured_media":23448,"comment_status":"open","ping_status":"closed","template":"","meta":{"_acf_changed":false},"product_brand":[],"product_cat":[161,175],"product_tag":[185],"class_list":{"0":"post-22693","1":"product","2":"type-product","3":"status-publish","4":"has-post-thumbnail","6":"product_cat-ajandekutalvanyok","7":"product_cat-paros-feltoltodes","8":"product_tag-paros-megujulas","10":"first","11":"instock","12":"virtual","13":"taxable","14":"purchasable","15":"product-type-simple"},"acf":[],"_links":{"self":[{"href":"https:\/\/oxygenwellness.hu\/en\/wp-json\/wp\/v2\/product\/22693","targetHints":{"allow":["GET"]}}],"collection":[{"href":"https:\/\/oxygenwellness.hu\/en\/wp-json\/wp\/v2\/product"}],"about":[{"href":"https:\/\/oxygenwellness.hu\/en\/wp-json\/wp\/v2\/types\/product"}],"replies":[{"embeddable":true,"href":"https:\/\/oxygenwellness.hu\/en\/wp-json\/wp\/v2\/comments?post=22693"}],"wp:featuredmedia":[{"embeddable":true,"href":"https:\/\/oxygenwellness.hu\/en\/wp-json\/wp\/v2\/media\/23448"}],"wp:attachment":[{"href":"https:\/\/oxygenwellness.hu\/en\/wp-json\/wp\/v2\/media?parent=22693"}],"wp:term":[{"taxonomy":"product_brand","embeddable":true,"href":"https:\/\/oxygenwellness.hu\/en\/wp-json\/wp\/v2\/product_brand?post=22693"},{"taxonomy":"product_cat","embeddable":true,"href":"https:\/\/oxygenwellness.hu\/en\/wp-json\/wp\/v2\/product_cat?post=22693"},{"taxonomy":"product_tag","embeddable":true,"href":"https:\/\/oxygenwellness.hu\/en\/wp-json\/wp\/v2\/product_tag?post=22693"}],"curies":[{"name":"wp","href":"https:\/\/api.w.org\/{rel}","templated":true}]}}