{"id":22692,"date":"2025-05-19T13:17:25","date_gmt":"2025-05-19T11:17:25","guid":{"rendered":"https:\/\/oxygenwellness.hu\/?post_type=product&#038;p=22692"},"modified":"2026-02-28T22:12:59","modified_gmt":"2026-02-28T21:12:59","slug":"paros-enido","status":"publish","type":"product","link":"https:\/\/oxygenwellness.hu\/en\/shop\/ajandekutalvanyok\/paros-enido\/","title":{"rendered":"Couples\u2019 Me-Time"},"content":{"rendered":"<p>Give the gift of shared relaxation. Because me-time is even more valuable together.<\/p>\n<p>Arcmassz\u00e1zs, talpmassz\u00e1zs, teljes testmassz\u00e1zs, itt minden \u00e9rint\u00e9s a pihen\u00e9sr\u0151l sz\u00f3l. A wellness \u00e9lm\u00e9ny \u00e9s a finom eb\u00e9d pedig m\u00e9g k\u00fcl\u00f6nlegesebb\u00e9 teszi ezt a napot.<br \/>\nAj\u00e1nd\u00e9k azoknak, akik egy\u00fctt szeretnek lelassulni, felt\u00f6lt\u0151dni \u00e9s egy kicsit elvonulni a vil\u00e1g el\u0151l.<\/p>","protected":false},"excerpt":{"rendered":"<ul>\n<li>Single-entry Fitness &amp; Wellness Pass with 4 hours of free parking<span class=\"Apple-converted-space\">\u00a0<\/span><\/li>\n<li>Lunch at Sunhill Bistro<\/li>\n<li>Facial Massage \u2013 25 minutes<\/li>\n<li>Foot Massage \u2013 25 minutes<\/li>\n<li>Body Massage \u2013 50 minutes<\/li>\n<\/ul>","protected":false},"featured_media":23447,"comment_status":"open","ping_status":"closed","template":"","meta":{"_acf_changed":false},"product_brand":[],"product_cat":[161,175],"product_tag":[186],"class_list":{"0":"post-22692","1":"product","2":"type-product","3":"status-publish","4":"has-post-thumbnail","6":"product_cat-ajandekutalvanyok","7":"product_cat-paros-feltoltodes","8":"product_tag-paros-enido","10":"first","11":"instock","12":"virtual","13":"taxable","14":"purchasable","15":"product-type-simple"},"acf":[],"_links":{"self":[{"href":"https:\/\/oxygenwellness.hu\/en\/wp-json\/wp\/v2\/product\/22692","targetHints":{"allow":["GET"]}}],"collection":[{"href":"https:\/\/oxygenwellness.hu\/en\/wp-json\/wp\/v2\/product"}],"about":[{"href":"https:\/\/oxygenwellness.hu\/en\/wp-json\/wp\/v2\/types\/product"}],"replies":[{"embeddable":true,"href":"https:\/\/oxygenwellness.hu\/en\/wp-json\/wp\/v2\/comments?post=22692"}],"wp:featuredmedia":[{"embeddable":true,"href":"https:\/\/oxygenwellness.hu\/en\/wp-json\/wp\/v2\/media\/23447"}],"wp:attachment":[{"href":"https:\/\/oxygenwellness.hu\/en\/wp-json\/wp\/v2\/media?parent=22692"}],"wp:term":[{"taxonomy":"product_brand","embeddable":true,"href":"https:\/\/oxygenwellness.hu\/en\/wp-json\/wp\/v2\/product_brand?post=22692"},{"taxonomy":"product_cat","embeddable":true,"href":"https:\/\/oxygenwellness.hu\/en\/wp-json\/wp\/v2\/product_cat?post=22692"},{"taxonomy":"product_tag","embeddable":true,"href":"https:\/\/oxygenwellness.hu\/en\/wp-json\/wp\/v2\/product_tag?post=22692"}],"curies":[{"name":"wp","href":"https:\/\/api.w.org\/{rel}","templated":true}]}}