{"id":22691,"date":"2025-05-19T13:15:00","date_gmt":"2025-05-19T11:15:00","guid":{"rendered":"https:\/\/oxygenwellness.hu\/?post_type=product&#038;p=22691"},"modified":"2026-02-28T22:07:42","modified_gmt":"2026-02-28T21:07:42","slug":"rest-recharge","status":"publish","type":"product","link":"https:\/\/oxygenwellness.hu\/en\/shop\/ajandekutalvanyok\/rest-recharge\/","title":{"rendered":"Rest &#038; Recharge"},"content":{"rendered":"<p>Give the gift of mindful relaxation! Because true strength begins with calm.<\/p>\n<p>A Rest &amp; Recharge csomag c\u00e9lzott laz\u00edt\u00e1st \u00e9s friss\u00edt\u0151 regener\u00e1l\u00f3d\u00e1st k\u00edn\u00e1l: arcmassz\u00e1zs fej- \u00e9s nyakter\u00fcleten, meleg p\u00e1rn\u00e1s testmassz\u00e1zs \u00e9s talpmassz\u00e1zs seg\u00edt elengedni a fesz\u00fclts\u00e9get, m\u00edg a kriokamra \u00faj lend\u00fcletet ad a szervezetnek.<br \/>\nA teljes napos fitness-wellness bel\u00e9p\u0151 \u00e9s a k\u00e9nyelmes parkol\u00e1s teszi teljess\u00e9 az \u00e9lm\u00e9nyt.<br \/>\nAj\u00e1nd\u00e9k azoknak, akik nemcsak lelassuln\u00e1nak, hanem \u00fajra is t\u00f6lten\u00e9k magukat.<\/p>","protected":false},"excerpt":{"rendered":"<ul>\n<li>Single-entry Fitness &amp; Wellness Pass with 4 hours of free parking<\/li>\n<li>Facial Massage (including Head &amp; Neck Massage) \u2013 25 minutes<\/li>\n<li>Warm Pillow Massage \u2013 50 minutes<\/li>\n<li>\u00a0Foot Massage \u2013 25 minutes<\/li>\n<li>Cryotherapy at the Superhuman Center \u2013 3 minutes<span class=\"Apple-converted-space\">\u00a0<\/span><\/li>\n<\/ul>","protected":false},"featured_media":23451,"comment_status":"open","ping_status":"closed","template":"","meta":{"_acf_changed":false},"product_brand":[],"product_cat":[161,174],"product_tag":[187],"class_list":{"0":"post-22691","1":"product","2":"type-product","3":"status-publish","4":"has-post-thumbnail","6":"product_cat-ajandekutalvanyok","7":"product_cat-ajanlataink-ferfiaknak","8":"product_tag-rest-recharge","10":"first","11":"instock","12":"virtual","13":"taxable","14":"purchasable","15":"product-type-simple"},"acf":[],"_links":{"self":[{"href":"https:\/\/oxygenwellness.hu\/en\/wp-json\/wp\/v2\/product\/22691","targetHints":{"allow":["GET"]}}],"collection":[{"href":"https:\/\/oxygenwellness.hu\/en\/wp-json\/wp\/v2\/product"}],"about":[{"href":"https:\/\/oxygenwellness.hu\/en\/wp-json\/wp\/v2\/types\/product"}],"replies":[{"embeddable":true,"href":"https:\/\/oxygenwellness.hu\/en\/wp-json\/wp\/v2\/comments?post=22691"}],"wp:featuredmedia":[{"embeddable":true,"href":"https:\/\/oxygenwellness.hu\/en\/wp-json\/wp\/v2\/media\/23451"}],"wp:attachment":[{"href":"https:\/\/oxygenwellness.hu\/en\/wp-json\/wp\/v2\/media?parent=22691"}],"wp:term":[{"taxonomy":"product_brand","embeddable":true,"href":"https:\/\/oxygenwellness.hu\/en\/wp-json\/wp\/v2\/product_brand?post=22691"},{"taxonomy":"product_cat","embeddable":true,"href":"https:\/\/oxygenwellness.hu\/en\/wp-json\/wp\/v2\/product_cat?post=22691"},{"taxonomy":"product_tag","embeddable":true,"href":"https:\/\/oxygenwellness.hu\/en\/wp-json\/wp\/v2\/product_tag?post=22691"}],"curies":[{"name":"wp","href":"https:\/\/api.w.org\/{rel}","templated":true}]}}