{"id":22690,"date":"2025-05-19T13:14:10","date_gmt":"2025-05-19T11:14:10","guid":{"rendered":"https:\/\/oxygenwellness.hu\/?post_type=product&#038;p=22690"},"modified":"2026-02-28T22:07:56","modified_gmt":"2026-02-28T21:07:56","slug":"relax-reset","status":"publish","type":"product","link":"https:\/\/oxygenwellness.hu\/en\/shop\/ajandekutalvanyok\/relax-reset\/","title":{"rendered":"Relax &#038; Reset"},"content":{"rendered":"<p>Give the gift of true relaxation! Because rest is not a luxury \u2014 it\u2019s a necessity.<\/p>\n<p>Relax\u00e1lj. Kapcsol\u00f3dj ki. T\u00f6lt\u0151dj \u00fajra.<br \/>\nEz a pr\u00e9mium csomag a teljes ellazul\u00e1s \u00e9lm\u00e9ny\u00e9t ny\u00fajtja: arcmassz\u00e1zs fej- \u00e9s nyakter\u00fcleten, teljes testmassz\u00e1zs, stresszold\u00f3 f\u00fcrd\u0151 egy poh\u00e1r borral, kriokamr\u00e1s felfriss\u00fcl\u00e9s, valamint egy napos fitness-wellness bel\u00e9p\u0151.<\/p>","protected":false},"excerpt":{"rendered":"<ul>\n<li>Single-entry Fitness &amp; Wellness Pass with 4 hours of free parking<\/li>\n<li>Facial Massage (including Head &amp; Neck Massage) \u2013 25 minutes<\/li>\n<li>Body Massage \u2013 80 minutes<span class=\"Apple-converted-space\">\u00a0<\/span><\/li>\n<li>Stress-Relief Private Bath with a Glass of Wine \u2013 20 minutes<\/li>\n<li>Cryotherapy at the Superhuman Center \u2013 3 minutes<span class=\"Apple-converted-space\">\u00a0<\/span><\/li>\n<\/ul>","protected":false},"featured_media":23450,"comment_status":"open","ping_status":"closed","template":"","meta":{"_acf_changed":false},"product_brand":[],"product_cat":[161,174],"product_tag":[188],"class_list":{"0":"post-22690","1":"product","2":"type-product","3":"status-publish","4":"has-post-thumbnail","6":"product_cat-ajandekutalvanyok","7":"product_cat-ajanlataink-ferfiaknak","8":"product_tag-relax-reset","10":"first","11":"instock","12":"virtual","13":"taxable","14":"purchasable","15":"product-type-simple"},"acf":[],"_links":{"self":[{"href":"https:\/\/oxygenwellness.hu\/en\/wp-json\/wp\/v2\/product\/22690","targetHints":{"allow":["GET"]}}],"collection":[{"href":"https:\/\/oxygenwellness.hu\/en\/wp-json\/wp\/v2\/product"}],"about":[{"href":"https:\/\/oxygenwellness.hu\/en\/wp-json\/wp\/v2\/types\/product"}],"replies":[{"embeddable":true,"href":"https:\/\/oxygenwellness.hu\/en\/wp-json\/wp\/v2\/comments?post=22690"}],"wp:featuredmedia":[{"embeddable":true,"href":"https:\/\/oxygenwellness.hu\/en\/wp-json\/wp\/v2\/media\/23450"}],"wp:attachment":[{"href":"https:\/\/oxygenwellness.hu\/en\/wp-json\/wp\/v2\/media?parent=22690"}],"wp:term":[{"taxonomy":"product_brand","embeddable":true,"href":"https:\/\/oxygenwellness.hu\/en\/wp-json\/wp\/v2\/product_brand?post=22690"},{"taxonomy":"product_cat","embeddable":true,"href":"https:\/\/oxygenwellness.hu\/en\/wp-json\/wp\/v2\/product_cat?post=22690"},{"taxonomy":"product_tag","embeddable":true,"href":"https:\/\/oxygenwellness.hu\/en\/wp-json\/wp\/v2\/product_tag?post=22690"}],"curies":[{"name":"wp","href":"https:\/\/api.w.org\/{rel}","templated":true}]}}