{"id":22689,"date":"2025-05-19T13:13:07","date_gmt":"2025-05-19T11:13:07","guid":{"rendered":"https:\/\/oxygenwellness.hu\/?post_type=product&#038;p=22689"},"modified":"2026-02-28T22:08:08","modified_gmt":"2026-02-28T21:08:08","slug":"deep-relief","status":"publish","type":"product","link":"https:\/\/oxygenwellness.hu\/en\/shop\/ajandekutalvanyok\/deep-relief\/","title":{"rendered":"Deep Relief"},"content":{"rendered":"<p>Give the gift of focused relaxation! Because inner balance is the foundation of all strength.<\/p>\n<p>A Focus &amp; Flow csomag a fesz\u00fclts\u00e9gmentes, m\u00e9gis energiz\u00e1l\u00f3 pihen\u00e9sr\u0151l sz\u00f3l. A talpmassz\u00e1zs \u00e9s a speci\u00e1lis nyakkezel\u00e9s seg\u00edtenek letenni a h\u00e9tk\u00f6znapi terheket, a fitness-wellness \u00e9lm\u00e9ny pedig teljes testi-lelki \u00e1thangol\u00f3d\u00e1st k\u00edn\u00e1l.<br \/>\nT\u00f6k\u00e9letes aj\u00e1nd\u00e9k azoknak, akik nagy terhel\u00e9snek vannak kit\u00e9ve a h\u00e9tk\u00f6znapokban, de szeretn\u00e9nek felt\u00f6lt\u0151dni.<\/p>","protected":false},"excerpt":{"rendered":"<ul>\n<li>Single-entry Fitness &amp; Wellness Pass with 4 hours of free parking<span class=\"Apple-converted-space\">\u00a0<\/span><\/li>\n<li>Foot Massage \u2013 25 minutes<span class=\"Apple-converted-space\">\u00a0<\/span><\/li>\n<li>Neck Magic Massage \u2013 50 minutes<span class=\"Apple-converted-space\">\u00a0<\/span><\/li>\n<\/ul>","protected":false},"featured_media":23440,"comment_status":"open","ping_status":"closed","template":"","meta":{"_acf_changed":false},"product_brand":[],"product_cat":[161,174],"product_tag":[189],"class_list":{"0":"post-22689","1":"product","2":"type-product","3":"status-publish","4":"has-post-thumbnail","6":"product_cat-ajandekutalvanyok","7":"product_cat-ajanlataink-ferfiaknak","8":"product_tag-deep-relief","10":"first","11":"instock","12":"virtual","13":"taxable","14":"purchasable","15":"product-type-simple"},"acf":[],"_links":{"self":[{"href":"https:\/\/oxygenwellness.hu\/en\/wp-json\/wp\/v2\/product\/22689","targetHints":{"allow":["GET"]}}],"collection":[{"href":"https:\/\/oxygenwellness.hu\/en\/wp-json\/wp\/v2\/product"}],"about":[{"href":"https:\/\/oxygenwellness.hu\/en\/wp-json\/wp\/v2\/types\/product"}],"replies":[{"embeddable":true,"href":"https:\/\/oxygenwellness.hu\/en\/wp-json\/wp\/v2\/comments?post=22689"}],"wp:featuredmedia":[{"embeddable":true,"href":"https:\/\/oxygenwellness.hu\/en\/wp-json\/wp\/v2\/media\/23440"}],"wp:attachment":[{"href":"https:\/\/oxygenwellness.hu\/en\/wp-json\/wp\/v2\/media?parent=22689"}],"wp:term":[{"taxonomy":"product_brand","embeddable":true,"href":"https:\/\/oxygenwellness.hu\/en\/wp-json\/wp\/v2\/product_brand?post=22689"},{"taxonomy":"product_cat","embeddable":true,"href":"https:\/\/oxygenwellness.hu\/en\/wp-json\/wp\/v2\/product_cat?post=22689"},{"taxonomy":"product_tag","embeddable":true,"href":"https:\/\/oxygenwellness.hu\/en\/wp-json\/wp\/v2\/product_tag?post=22689"}],"curies":[{"name":"wp","href":"https:\/\/api.w.org\/{rel}","templated":true}]}}