{"id":22688,"date":"2025-05-19T13:10:09","date_gmt":"2025-05-19T11:10:09","guid":{"rendered":"https:\/\/oxygenwellness.hu\/?post_type=product&#038;p=22688"},"modified":"2026-02-28T22:08:18","modified_gmt":"2026-02-28T21:08:18","slug":"urban-recharge","status":"publish","type":"product","link":"https:\/\/oxygenwellness.hu\/en\/shop\/ajandekutalvanyok\/urban-recharge\/","title":{"rendered":"Urban Recharge"},"content":{"rendered":"<p>Give the gift of recharging in the rhythm of the city.<br \/>\nA Urban Recharge csomag a modern f\u00e9rfi pihen\u0151ideje: c\u00e9lzott talpmassz\u00e1zs, laz\u00edt\u00f3 testmassz\u00e1zs \u00e9s egy teljes napos fitness-wellness \u00e9lm\u00e9ny, k\u00e9nyelmes parkol\u00e1ssal.<br \/>\nEz a csomag nem csup\u00e1n kikapcsol, hanem \u00fajraind\u00edt. T\u00f6k\u00e9letes aj\u00e1nd\u00e9k azoknak, akik minden nap helyt\u00e1llnak.<\/p>","protected":false},"excerpt":{"rendered":"<ul>\n<li>Single-entry Fitness &amp; Wellness Pass with 4 hours of free parking<\/li>\n<li>Foot Massage \u2013 25 minutes<span class=\"Apple-converted-space\">\u00a0<\/span><\/li>\n<li>Body Massage \u2013 50 minutes<\/li>\n<\/ul>","protected":false},"featured_media":23453,"comment_status":"open","ping_status":"closed","template":"","meta":{"_acf_changed":false},"product_brand":[],"product_cat":[161,174],"product_tag":[190],"class_list":{"0":"post-22688","1":"product","2":"type-product","3":"status-publish","4":"has-post-thumbnail","6":"product_cat-ajandekutalvanyok","7":"product_cat-ajanlataink-ferfiaknak","8":"product_tag-urban-recharge","10":"first","11":"instock","12":"virtual","13":"taxable","14":"purchasable","15":"product-type-simple"},"acf":[],"_links":{"self":[{"href":"https:\/\/oxygenwellness.hu\/en\/wp-json\/wp\/v2\/product\/22688","targetHints":{"allow":["GET"]}}],"collection":[{"href":"https:\/\/oxygenwellness.hu\/en\/wp-json\/wp\/v2\/product"}],"about":[{"href":"https:\/\/oxygenwellness.hu\/en\/wp-json\/wp\/v2\/types\/product"}],"replies":[{"embeddable":true,"href":"https:\/\/oxygenwellness.hu\/en\/wp-json\/wp\/v2\/comments?post=22688"}],"wp:featuredmedia":[{"embeddable":true,"href":"https:\/\/oxygenwellness.hu\/en\/wp-json\/wp\/v2\/media\/23453"}],"wp:attachment":[{"href":"https:\/\/oxygenwellness.hu\/en\/wp-json\/wp\/v2\/media?parent=22688"}],"wp:term":[{"taxonomy":"product_brand","embeddable":true,"href":"https:\/\/oxygenwellness.hu\/en\/wp-json\/wp\/v2\/product_brand?post=22688"},{"taxonomy":"product_cat","embeddable":true,"href":"https:\/\/oxygenwellness.hu\/en\/wp-json\/wp\/v2\/product_cat?post=22688"},{"taxonomy":"product_tag","embeddable":true,"href":"https:\/\/oxygenwellness.hu\/en\/wp-json\/wp\/v2\/product_tag?post=22688"}],"curies":[{"name":"wp","href":"https:\/\/api.w.org\/{rel}","templated":true}]}}