{"id":22687,"date":"2025-05-19T13:07:09","date_gmt":"2025-05-19T11:07:09","guid":{"rendered":"https:\/\/oxygenwellness.hu\/?post_type=product&#038;p=22687"},"modified":"2026-02-28T22:08:30","modified_gmt":"2026-02-28T21:08:30","slug":"naphegyi-megujulas","status":"publish","type":"product","link":"https:\/\/oxygenwellness.hu\/en\/shop\/ajandekutalvanyok\/naphegyi-megujulas\/","title":{"rendered":"Naphegy Renewal"},"content":{"rendered":"<p>Give the gift of natural rejuvenation! Because true beauty comes from inner balance.<\/p>\n<p>Tengeri s\u00f3s peeling, ol\u00edvaolajos testmassz\u00e1zs, pihentet\u0151 talpmassz\u00e1zs \u00e9s v\u00f6r\u00f6s f\u00e9ny ter\u00e1pia: minden a tisztul\u00e1st, a meg\u00fajul\u00e1st \u00e9s a bels\u0151 b\u00e9k\u00e9t szolg\u00e1lja. A wellness-fitness bel\u00e9p\u0151 \u00e9s a helysz\u00edni parkol\u00e1s k\u00e9nyelmet ad, az \u00e9lm\u00e9ny pedig hosszan megmarad.<br \/>\nT\u00f6k\u00e9letes v\u00e1laszt\u00e1s annak, aki meg\u00e9rdemli a term\u00e9szet ihlette meg\u00fajul\u00e1st.<\/p>","protected":false},"excerpt":{"rendered":"<ul>\n<li>Single-entry Fitness &amp; Wellness Pass with 4 hours of free parking<\/li>\n<li>Foot Massage \u2013 25 minutes<\/li>\n<li>Body Massage with Olive Oil \u2013 50 minutes<\/li>\n<li>Sea Salt Peeling \u2013 25 minutes<span class=\"Apple-converted-space\">\u00a0<\/span><\/li>\n<li>Red Light Therapy at the Superhuman Center \u2013 15 minutes<\/li>\n<\/ul>","protected":false},"featured_media":23443,"comment_status":"open","ping_status":"closed","template":"","meta":{"_acf_changed":false},"product_brand":[],"product_cat":[161,172],"product_tag":[191],"class_list":{"0":"post-22687","1":"product","2":"type-product","3":"status-publish","4":"has-post-thumbnail","6":"product_cat-ajandekutalvanyok","7":"product_cat-ajanlataink-noknek","8":"product_tag-naphegyi-megujulas","10":"first","11":"instock","12":"virtual","13":"taxable","14":"purchasable","15":"product-type-simple"},"acf":[],"_links":{"self":[{"href":"https:\/\/oxygenwellness.hu\/en\/wp-json\/wp\/v2\/product\/22687","targetHints":{"allow":["GET"]}}],"collection":[{"href":"https:\/\/oxygenwellness.hu\/en\/wp-json\/wp\/v2\/product"}],"about":[{"href":"https:\/\/oxygenwellness.hu\/en\/wp-json\/wp\/v2\/types\/product"}],"replies":[{"embeddable":true,"href":"https:\/\/oxygenwellness.hu\/en\/wp-json\/wp\/v2\/comments?post=22687"}],"wp:featuredmedia":[{"embeddable":true,"href":"https:\/\/oxygenwellness.hu\/en\/wp-json\/wp\/v2\/media\/23443"}],"wp:attachment":[{"href":"https:\/\/oxygenwellness.hu\/en\/wp-json\/wp\/v2\/media?parent=22687"}],"wp:term":[{"taxonomy":"product_brand","embeddable":true,"href":"https:\/\/oxygenwellness.hu\/en\/wp-json\/wp\/v2\/product_brand?post=22687"},{"taxonomy":"product_cat","embeddable":true,"href":"https:\/\/oxygenwellness.hu\/en\/wp-json\/wp\/v2\/product_cat?post=22687"},{"taxonomy":"product_tag","embeddable":true,"href":"https:\/\/oxygenwellness.hu\/en\/wp-json\/wp\/v2\/product_tag?post=22687"}],"curies":[{"name":"wp","href":"https:\/\/api.w.org\/{rel}","templated":true}]}}