{"id":22686,"date":"2025-05-19T13:06:13","date_gmt":"2025-05-19T11:06:13","guid":{"rendered":"https:\/\/oxygenwellness.hu\/?post_type=product&#038;p=22686"},"modified":"2026-02-28T22:08:44","modified_gmt":"2026-02-28T21:08:44","slug":"naphegyi-rituale","status":"publish","type":"product","link":"https:\/\/oxygenwellness.hu\/en\/shop\/ajandekutalvanyok\/naphegyi-rituale\/","title":{"rendered":"Naphegy Ritual"},"content":{"rendered":"<p>Give the gift of sweet relaxation! Because sometimes luxury lies in a peaceful afternoon.<\/p>\n<p>Ez a csomag egy igazi \u00e9rz\u00e9ki ritu\u00e1l\u00e9: csokol\u00e1d\u00e9s testrad\u00edr, shea vajas testmassz\u00e1zs \u00e9s t\u00e1pl\u00e1l\u00f3 tejes f\u00fcrd\u0151 seg\u00edt a teljes ellazul\u00e1sban. Az arcmassz\u00e1zs k\u00e9nyezteti a b\u0151rt, a v\u00f6r\u00f6s f\u00e9ny ter\u00e1pia t\u00e1mogatja a regener\u00e1ci\u00f3t, a fitness-wellness bel\u00e9p\u0151 pedig egy teljes napnyi kikapcsol\u00f3d\u00e1st k\u00edn\u00e1l.<br \/>\nAj\u00e1nd\u00e9k azoknak, akiknek a gondoskod\u00e1s t\u00f6bb mint figyelmess\u00e9g: \u00e9let\u00e9rz\u00e9s.<\/p>","protected":false},"excerpt":{"rendered":"<ul>\n<li>Single-entry Fitness &amp; Wellness Pass with 4 hours of free parking<\/li>\n<li>Facial Massage \u2013 25 minutes<\/li>\n<li>Body Massage with Shea Butter \u2013 50 minutes<\/li>\n<li>Chocolate Peeling \u2013 25 minutes<\/li>\n<li>Milk Bath \u2013 20 minutes<\/li>\n<li>Red Light Therapy at the Superhuman Center \u2013 15 minutes<span class=\"Apple-converted-space\">\u00a0<\/span><\/li>\n<\/ul>","protected":false},"featured_media":23444,"comment_status":"open","ping_status":"closed","template":"","meta":{"_acf_changed":false},"product_brand":[],"product_cat":[161,172],"product_tag":[192],"class_list":{"0":"post-22686","1":"product","2":"type-product","3":"status-publish","4":"has-post-thumbnail","6":"product_cat-ajandekutalvanyok","7":"product_cat-ajanlataink-noknek","8":"product_tag-naphegyi-rituale","10":"first","11":"instock","12":"virtual","13":"taxable","14":"purchasable","15":"product-type-simple"},"acf":[],"_links":{"self":[{"href":"https:\/\/oxygenwellness.hu\/en\/wp-json\/wp\/v2\/product\/22686","targetHints":{"allow":["GET"]}}],"collection":[{"href":"https:\/\/oxygenwellness.hu\/en\/wp-json\/wp\/v2\/product"}],"about":[{"href":"https:\/\/oxygenwellness.hu\/en\/wp-json\/wp\/v2\/types\/product"}],"replies":[{"embeddable":true,"href":"https:\/\/oxygenwellness.hu\/en\/wp-json\/wp\/v2\/comments?post=22686"}],"wp:featuredmedia":[{"embeddable":true,"href":"https:\/\/oxygenwellness.hu\/en\/wp-json\/wp\/v2\/media\/23444"}],"wp:attachment":[{"href":"https:\/\/oxygenwellness.hu\/en\/wp-json\/wp\/v2\/media?parent=22686"}],"wp:term":[{"taxonomy":"product_brand","embeddable":true,"href":"https:\/\/oxygenwellness.hu\/en\/wp-json\/wp\/v2\/product_brand?post=22686"},{"taxonomy":"product_cat","embeddable":true,"href":"https:\/\/oxygenwellness.hu\/en\/wp-json\/wp\/v2\/product_cat?post=22686"},{"taxonomy":"product_tag","embeddable":true,"href":"https:\/\/oxygenwellness.hu\/en\/wp-json\/wp\/v2\/product_tag?post=22686"}],"curies":[{"name":"wp","href":"https:\/\/api.w.org\/{rel}","templated":true}]}}