{"id":22685,"date":"2025-05-19T12:58:51","date_gmt":"2025-05-19T10:58:51","guid":{"rendered":"https:\/\/oxygenwellness.hu\/?post_type=product&#038;p=22685"},"modified":"2026-02-28T22:08:54","modified_gmt":"2026-02-28T21:08:54","slug":"oxygen-harmonia","status":"publish","type":"product","link":"https:\/\/oxygenwellness.hu\/en\/shop\/ajandekutalvanyok\/oxygen-harmonia\/","title":{"rendered":"Oxygen Harmony"},"content":{"rendered":"<p>Give the gift of beauty and inner balance! Because harmony shines inside and out.<\/p>\n<p>Ez a csomag t\u00f6k\u00e9letes v\u00e1laszt\u00e1s annak, akit szeretn\u00e9l k\u00e9nyeztetni \u00e9s felt\u00f6lteni egy igaz\u00e1n k\u00fcl\u00f6nleges \u00e9lm\u00e9nnyel.<br \/>\nA DR. HAZI 50 perces pr\u00e9mium testkezel\u00e9s b\u0151rsz\u00e9p\u00edt\u0151 hat\u00e1sa, az arcmassz\u00e1zs \u00e9s talpmassz\u00e1zs nyugtat\u00f3 \u00e9rint\u00e9se, valamint a fitness-wellness bel\u00e9p\u0151 a pihen\u00e9s \u00e9s mozg\u00e1s t\u00f6k\u00e9letes kombin\u00e1ci\u00f3j\u00e1t ny\u00fajtja.<br \/>\nEgy aj\u00e1nd\u00e9k, ami nem csup\u00e1n \u00e9lm\u00e9ny, hanem t\u00f6r\u0151d\u00e9s is.<\/p>","protected":false},"excerpt":{"rendered":"<ul>\n<li>Single-entry Fitness &amp; Wellness Pass with 4 hours of free parking<\/li>\n<li>DR.HAZI Body Shaping Treatment \u2013 50 minutes<\/li>\n<li>Facial and Foot Massage \u2013 50 minutes<span class=\"Apple-converted-space\">\u00a0<\/span><\/li>\n<\/ul>","protected":false},"featured_media":23446,"comment_status":"open","ping_status":"closed","template":"","meta":{"_acf_changed":false},"product_brand":[],"product_cat":[161,172],"product_tag":[193],"class_list":{"0":"post-22685","1":"product","2":"type-product","3":"status-publish","4":"has-post-thumbnail","6":"product_cat-ajandekutalvanyok","7":"product_cat-ajanlataink-noknek","8":"product_tag-oxygen-harmonia","10":"first","11":"instock","12":"virtual","13":"taxable","14":"purchasable","15":"product-type-simple"},"acf":[],"_links":{"self":[{"href":"https:\/\/oxygenwellness.hu\/en\/wp-json\/wp\/v2\/product\/22685","targetHints":{"allow":["GET"]}}],"collection":[{"href":"https:\/\/oxygenwellness.hu\/en\/wp-json\/wp\/v2\/product"}],"about":[{"href":"https:\/\/oxygenwellness.hu\/en\/wp-json\/wp\/v2\/types\/product"}],"replies":[{"embeddable":true,"href":"https:\/\/oxygenwellness.hu\/en\/wp-json\/wp\/v2\/comments?post=22685"}],"wp:featuredmedia":[{"embeddable":true,"href":"https:\/\/oxygenwellness.hu\/en\/wp-json\/wp\/v2\/media\/23446"}],"wp:attachment":[{"href":"https:\/\/oxygenwellness.hu\/en\/wp-json\/wp\/v2\/media?parent=22685"}],"wp:term":[{"taxonomy":"product_brand","embeddable":true,"href":"https:\/\/oxygenwellness.hu\/en\/wp-json\/wp\/v2\/product_brand?post=22685"},{"taxonomy":"product_cat","embeddable":true,"href":"https:\/\/oxygenwellness.hu\/en\/wp-json\/wp\/v2\/product_cat?post=22685"},{"taxonomy":"product_tag","embeddable":true,"href":"https:\/\/oxygenwellness.hu\/en\/wp-json\/wp\/v2\/product_tag?post=22685"}],"curies":[{"name":"wp","href":"https:\/\/api.w.org\/{rel}","templated":true}]}}