{"id":22683,"date":"2025-05-19T12:58:22","date_gmt":"2025-05-19T10:58:22","guid":{"rendered":"https:\/\/oxygenwellness.hu\/?post_type=product&#038;p=22683"},"modified":"2026-02-28T22:09:02","modified_gmt":"2026-02-28T21:09:02","slug":"oxygen-enido","status":"publish","type":"product","link":"https:\/\/oxygenwellness.hu\/en\/shop\/ajandekutalvanyok\/oxygen-enido\/","title":{"rendered":"Oxygen Me-Time"},"content":{"rendered":"<p style=\"padding-left: 40px;\">Give the gift of true me-time! Because caring is the most beautiful surprise.<\/p>\n<p>Lepd meg szerettedet egy exkluz\u00edv wellness-\u00e9lm\u00e9nnyel, amely egyszerre k\u00e9nyeztet, felt\u00f6lt \u00e9s kisim\u00edt.<br \/>\nAz LPG kezel\u00e9s form\u00e1lja a testet, az arcmassz\u00e1zs \u00e9s talpmassz\u00e1zs ellaz\u00edtja az \u00e9rz\u00e9keket, a fitness-wellness bel\u00e9p\u0151 pedig teljes testi-lelki harm\u00f3ni\u00e1t teremt.<br \/>\nT\u00f6k\u00e9letes aj\u00e1nd\u00e9k azoknak, akik meg\u00e9rdemlik, hogy egy kicsit csak magukra figyeljenek.<\/p>","protected":false},"excerpt":{"rendered":"<ul>\n<li>Single-entry Fitness &amp; Wellness Pass with 4 hours of free parking<\/li>\n<li>LPG Treatment \u2013 35 minutes<span class=\"Apple-converted-space\">\u00a0<\/span><\/li>\n<li>Facial and Foot Massage \u2013 50 minutes<span class=\"Apple-converted-space\">\u00a0<\/span><\/li>\n<\/ul>","protected":false},"featured_media":23445,"comment_status":"open","ping_status":"closed","template":"","meta":{"_acf_changed":false},"product_brand":[],"product_cat":[161,172],"product_tag":[177],"class_list":{"0":"post-22683","1":"product","2":"type-product","3":"status-publish","4":"has-post-thumbnail","6":"product_cat-ajandekutalvanyok","7":"product_cat-ajanlataink-noknek","8":"product_tag-oxygen-enido","10":"first","11":"instock","12":"virtual","13":"taxable","14":"purchasable","15":"product-type-simple"},"acf":[],"_links":{"self":[{"href":"https:\/\/oxygenwellness.hu\/en\/wp-json\/wp\/v2\/product\/22683","targetHints":{"allow":["GET"]}}],"collection":[{"href":"https:\/\/oxygenwellness.hu\/en\/wp-json\/wp\/v2\/product"}],"about":[{"href":"https:\/\/oxygenwellness.hu\/en\/wp-json\/wp\/v2\/types\/product"}],"replies":[{"embeddable":true,"href":"https:\/\/oxygenwellness.hu\/en\/wp-json\/wp\/v2\/comments?post=22683"}],"wp:featuredmedia":[{"embeddable":true,"href":"https:\/\/oxygenwellness.hu\/en\/wp-json\/wp\/v2\/media\/23445"}],"wp:attachment":[{"href":"https:\/\/oxygenwellness.hu\/en\/wp-json\/wp\/v2\/media?parent=22683"}],"wp:term":[{"taxonomy":"product_brand","embeddable":true,"href":"https:\/\/oxygenwellness.hu\/en\/wp-json\/wp\/v2\/product_brand?post=22683"},{"taxonomy":"product_cat","embeddable":true,"href":"https:\/\/oxygenwellness.hu\/en\/wp-json\/wp\/v2\/product_cat?post=22683"},{"taxonomy":"product_tag","embeddable":true,"href":"https:\/\/oxygenwellness.hu\/en\/wp-json\/wp\/v2\/product_tag?post=22683"}],"curies":[{"name":"wp","href":"https:\/\/api.w.org\/{rel}","templated":true}]}}