{"id":19578,"date":"2023-11-03T15:14:58","date_gmt":"2023-11-03T14:14:58","guid":{"rendered":"https:\/\/oxygenwellness.hu\/?post_type=product&#038;p=19578"},"modified":"2026-03-04T16:29:02","modified_gmt":"2026-03-04T15:29:02","slug":"drhazi-alakformalo-kezeles","status":"publish","type":"product","link":"https:\/\/oxygenwellness.hu\/en\/shop\/masszazs-wellness-kezelesek\/drhazi-alakformalo-kezeles\/","title":{"rendered":"DRHAZI BODY SHAPING TREATMENT"},"content":{"rendered":"<div class=\"elementToProof ContentPasted0 ContentPasted2\">\n<div class=\"x_elementToProof x_ContentPasted0 elementToProof ContentPasted0\">Goal: Connective tissue strengthening<\/div>\n<div class=\"x_elementToProof x_ContentPasted0 x_ContentPasted2\">BODY SHAPING PEPTIDE COMPLEX COLLAGEN, ELASTIN effective tissue elasticity through biostimulation. 8 intensive nanopeptide effective complex - powerful anti-cellulite effect, connective tissue strengthening. Strengthens skin and connective tissue elements, stimulates collagen and elastin production, inspires cell renewal.<\/div>\n<div class=\"x_elementToProof x_ContentPasted0 x_ContentPasted2 elementToProof\"><\/div>\n<div class=\"x_elementToProof x_ContentPasted0 x_ContentPasted1 elementToProof\">Az 50 perces testfiatal\u00edt\u00f3 hightech hat\u00f3anyag booster kezel\u00e9sek l\u00e9p\u00e9sei:<\/div>\n<div class=\"x_elementToProof x_ContentPasted0 x_ContentPasted1\">\u2022 With bio-enzymatic peeling, we release the pores<\/div>\n<div class=\"x_elementToProof x_ContentPasted0 x_ContentPasted1\">\u2022 We treat the tissues with an intensive liposomal active ingredient bomb serum<\/div>\n<div class=\"x_elementToProof x_ContentPasted0 x_ContentPasted1\">\u2022 We eliminate abnormal fascial adhesions with special connective tissue manual therapy<\/div>\n<div class=\"x_elementToProof x_ContentPasted0 x_ContentPasted1\">\u2022 Deep muscle treatment with connective tissue strengthening agents regenerates the tissues<\/div>\n<div class=\"x_elementToProof x_ContentPasted0 x_ContentPasted1\">\u2022 We fill the deeper layers of the skin with special creams, masks<\/div>\n<\/div>","protected":false},"excerpt":{"rendered":"<p>C\u00e9l:\u00a0k\u00f6t\u0151sz\u00f6vet er\u0151s\u00edt\u00e9s ALAKFORM\u00c1L\u00d3 PEPTID KOMPLEX KOLLAG\u00c9N, ELASZTIN biostimul\u00e1ci\u00f3 \u00e1ltali hat\u00e9kony sz\u00f6vet rugalmas\u00edt\u00e1s. 8 intenz\u00edv hat\u00e1s\u00fa nanopeptid hat\u00e9kony komplexe &#8211; er\u0151teljes cellulit ellenes hat\u00e1s, k\u00f6t\u0151sz\u00f6vet er\u0151s\u00edt\u00e9s. Er\u0151s\u00edti a b\u0151r \u00e9s k\u00f6t\u0151sz\u00f6veti tart\u00f3elemeket, serkenti a kollag\u00e9n \u00e9s elasztin termel\u0151d\u00e9s\u00e9t, inspir\u00e1lja a sejtek meg\u00fajul\u00e1s\u00e1t. Az 50 perces testfiatal\u00edt\u00f3 hightech hat\u00f3anyag booster kezel\u00e9sek l\u00e9p\u00e9sei: \u2022 Bio enzimes peelingel felszabad\u00edtjuk [&hellip;]<\/p>\n","protected":false},"featured_media":23530,"comment_status":"open","ping_status":"closed","template":"","meta":{"_acf_changed":false},"product_brand":[],"product_cat":[97],"product_tag":[],"class_list":{"0":"post-19578","1":"product","2":"type-product","3":"status-publish","4":"has-post-thumbnail","6":"product_cat-masszazs-wellness-kezelesek","8":"first","9":"instock","10":"taxable","11":"shipping-taxable","12":"purchasable","13":"product-type-variable"},"acf":[],"_links":{"self":[{"href":"https:\/\/oxygenwellness.hu\/en\/wp-json\/wp\/v2\/product\/19578","targetHints":{"allow":["GET"]}}],"collection":[{"href":"https:\/\/oxygenwellness.hu\/en\/wp-json\/wp\/v2\/product"}],"about":[{"href":"https:\/\/oxygenwellness.hu\/en\/wp-json\/wp\/v2\/types\/product"}],"replies":[{"embeddable":true,"href":"https:\/\/oxygenwellness.hu\/en\/wp-json\/wp\/v2\/comments?post=19578"}],"wp:featuredmedia":[{"embeddable":true,"href":"https:\/\/oxygenwellness.hu\/en\/wp-json\/wp\/v2\/media\/23530"}],"wp:attachment":[{"href":"https:\/\/oxygenwellness.hu\/en\/wp-json\/wp\/v2\/media?parent=19578"}],"wp:term":[{"taxonomy":"product_brand","embeddable":true,"href":"https:\/\/oxygenwellness.hu\/en\/wp-json\/wp\/v2\/product_brand?post=19578"},{"taxonomy":"product_cat","embeddable":true,"href":"https:\/\/oxygenwellness.hu\/en\/wp-json\/wp\/v2\/product_cat?post=19578"},{"taxonomy":"product_tag","embeddable":true,"href":"https:\/\/oxygenwellness.hu\/en\/wp-json\/wp\/v2\/product_tag?post=19578"}],"curies":[{"name":"wp","href":"https:\/\/api.w.org\/{rel}","templated":true}]}}