{"id":19544,"date":"2023-11-03T14:21:00","date_gmt":"2023-11-03T13:21:00","guid":{"rendered":"https:\/\/oxygenwellness.hu\/?post_type=product&#038;p=19544"},"modified":"2026-03-04T16:28:14","modified_gmt":"2026-03-04T15:28:14","slug":"drhazi-zsiregeto-kezeles","status":"publish","type":"product","link":"https:\/\/oxygenwellness.hu\/en\/shop\/masszazs-wellness-kezelesek\/drhazi-zsiregeto-kezeles\/","title":{"rendered":"DRHAZI FAT BURNING TREATMENT"},"content":{"rendered":"<div class=\"elementToProof ContentPasted0 ContentPasted2\">FAT BURNING PEPTIDE COMPLEX HEAT SHOCK THERAPY with the effectiveness of 6 intensive nanopeptides. Its effect is similar to uncoupling proteins (UCP) found in cells, which are the universal family of mitochondrial transporters \u2013 allowing the release of energy as heat in cells, initiating fat breakdown.<\/div>\n<div class=\"elementToProof ContentPasted0 ContentPasted2\"><\/div>\n<div class=\"elementToProof ContentPasted0 ContentPasted1\">Az 50perces testfiatal\u00edt\u00f3 hightech hat\u00f3anyag booster kezel\u00e9sek l\u00e9p\u00e9sei:<\/div>\n<div class=\"elementToProof ContentPasted0 ContentPasted1\">\u2022 With bio-enzymatic peeling, we release the pores<\/div>\n<div class=\"elementToProof ContentPasted0 ContentPasted1\">\u2022 We treat the tissues with an intensive liposomal active ingredient bomb serum<\/div>\n<div class=\"elementToProof ContentPasted0 ContentPasted1\">\u2022 We eliminate abnormal fascial adhesions with special connective tissue manual therapy<\/div>\n<div class=\"elementToProof ContentPasted0 ContentPasted1\">\u2022 Deep muscle treatment with connective tissue strengthening agents regenerates the tissues<\/div>\n<div class=\"elementToProof ContentPasted0 ContentPasted1\">\u2022 We fill the deeper layers of the skin with special creams, masks<\/div>","protected":false},"excerpt":{"rendered":"<p>ZS\u00cdR\u00c9GET\u0150 PEPTID KOMPLEX H\u0150SOKK TER\u00c1PIA a 6 intenz\u00edv hat\u00e1s\u00fa nanopeptid hat\u00e9konys\u00e1g\u00e1val. Hat\u00e1sa hasonl\u00f3 a sejtekben l\u00e9v\u0151 sz\u00e9tkapcsol\u00f3 feh\u00e9rj\u00e9khez (UCP), amik a mitokondri\u00e1lis transzporterek univerz\u00e1lis csal\u00e1dja &#8211; amelyek lehet\u0151v\u00e9 teszik a sejtekben az energia h\u0151k\u00e9nt t\u00f6rt\u00e9n\u0151 felszabadul\u00e1s\u00e1t, ami a zs\u00edrbont\u00e1st elind\u00edtja Az 50perces testfiatal\u00edt\u00f3 hightech hat\u00f3anyag booster kezel\u00e9sek l\u00e9p\u00e9sei: \u2022 Bio enzimes peelingel felszabad\u00edtjuk a p\u00f3rusokat [&hellip;]<\/p>\n","protected":false},"featured_media":23531,"comment_status":"open","ping_status":"closed","template":"","meta":{"_acf_changed":false},"product_brand":[],"product_cat":[97],"product_tag":[],"class_list":{"0":"post-19544","1":"product","2":"type-product","3":"status-publish","4":"has-post-thumbnail","6":"product_cat-masszazs-wellness-kezelesek","8":"first","9":"instock","10":"taxable","11":"shipping-taxable","12":"purchasable","13":"product-type-variable"},"acf":[],"_links":{"self":[{"href":"https:\/\/oxygenwellness.hu\/en\/wp-json\/wp\/v2\/product\/19544","targetHints":{"allow":["GET"]}}],"collection":[{"href":"https:\/\/oxygenwellness.hu\/en\/wp-json\/wp\/v2\/product"}],"about":[{"href":"https:\/\/oxygenwellness.hu\/en\/wp-json\/wp\/v2\/types\/product"}],"replies":[{"embeddable":true,"href":"https:\/\/oxygenwellness.hu\/en\/wp-json\/wp\/v2\/comments?post=19544"}],"wp:featuredmedia":[{"embeddable":true,"href":"https:\/\/oxygenwellness.hu\/en\/wp-json\/wp\/v2\/media\/23531"}],"wp:attachment":[{"href":"https:\/\/oxygenwellness.hu\/en\/wp-json\/wp\/v2\/media?parent=19544"}],"wp:term":[{"taxonomy":"product_brand","embeddable":true,"href":"https:\/\/oxygenwellness.hu\/en\/wp-json\/wp\/v2\/product_brand?post=19544"},{"taxonomy":"product_cat","embeddable":true,"href":"https:\/\/oxygenwellness.hu\/en\/wp-json\/wp\/v2\/product_cat?post=19544"},{"taxonomy":"product_tag","embeddable":true,"href":"https:\/\/oxygenwellness.hu\/en\/wp-json\/wp\/v2\/product_tag?post=19544"}],"curies":[{"name":"wp","href":"https:\/\/api.w.org\/{rel}","templated":true}]}}