{"id":19360,"date":"2023-09-30T22:05:18","date_gmt":"2023-09-30T20:05:18","guid":{"rendered":"https:\/\/oxygenwellness.hu\/?post_type=product&#038;p=19360"},"modified":"2024-10-21T09:50:33","modified_gmt":"2024-10-21T07:50:33","slug":"1-alkalom-fitness-wellness-hetvegi-belepo","status":"publish","type":"product","link":"https:\/\/oxygenwellness.hu\/en\/shop\/belepojegyek-berletek\/1-alkalom-fitness-wellness-hetvegi-belepo\/","title":{"rendered":"1 TIME FITNESS-WELLNESS WEEKEND PASS"},"content":{"rendered":"<p>The weekend single-entry ticket includes unlimited access to the fitness, cardio, functional area, and wellness section (both textile and textile-free areas), free attendance to sauna infusions, unlimited participation in group classes, towel and sauna sheet usage, complimentary childcare, and 4 hours of free parking. The voucher can be redeemed on weekends within 3 months from the date of purchase. <strong>The admission ticket can be used from Monday to Friday and is not valid on public holidays.<\/strong><\/p>\n<p><i><\/i><b>Type:<\/b> 1 time weekend ticket<br \/>\n<b>Reception area:<\/b>\u00a0HU 1016 Budapest Naphegy Street 67.<\/p>","protected":false},"excerpt":{"rendered":"<p>A h\u00e9tv\u00e9gi 1 alkalmas bel\u00e9p\u0151jegy tartalmazza a fitnesz, a cardio, a funkcion\u00e1lis r\u00e9szleg \u00e9s wellness r\u00e9szleg korl\u00e1tlan haszn\u00e1lat\u00e1t (textiles \u00e9s textilmentes r\u00e9sz is), a szauna fel\u00f6nt\u00e9sek ingyenes l\u00e1togat\u00e1s\u00e1t, korl\u00e1tlan r\u00e9szv\u00e9telt a csoportos \u00f3r\u00e1kon, t\u00f6r\u00f6lk\u00f6z\u0151 \u00e9s szauna leped\u0151 haszn\u00e1lat\u00e1t, ingyenes gyermekmeg\u0151rz\u00e9st \u00e9s 4 \u00f3ra ingyenes parkol\u00e1st. Az utalv\u00e1ny a v\u00e1s\u00e1rl\u00e1st\u00f3l sz\u00e1m\u00edtott 3 h\u00f3napon bel\u00fcl h\u00e9tv\u00e9g\u00e9n v\u00e1lthat\u00f3 [&hellip;]<\/p>\n","protected":false},"featured_media":9173,"comment_status":"open","ping_status":"closed","template":"","meta":{"_acf_changed":false},"product_brand":[],"product_cat":[96],"product_tag":[],"class_list":{"0":"post-19360","1":"product","2":"type-product","3":"status-publish","4":"has-post-thumbnail","6":"product_cat-belepojegyek-berletek","8":"first","9":"instock","10":"virtual","11":"taxable","12":"purchasable","13":"product-type-simple"},"acf":[],"_links":{"self":[{"href":"https:\/\/oxygenwellness.hu\/en\/wp-json\/wp\/v2\/product\/19360","targetHints":{"allow":["GET"]}}],"collection":[{"href":"https:\/\/oxygenwellness.hu\/en\/wp-json\/wp\/v2\/product"}],"about":[{"href":"https:\/\/oxygenwellness.hu\/en\/wp-json\/wp\/v2\/types\/product"}],"replies":[{"embeddable":true,"href":"https:\/\/oxygenwellness.hu\/en\/wp-json\/wp\/v2\/comments?post=19360"}],"wp:featuredmedia":[{"embeddable":true,"href":"https:\/\/oxygenwellness.hu\/en\/wp-json\/wp\/v2\/media\/9173"}],"wp:attachment":[{"href":"https:\/\/oxygenwellness.hu\/en\/wp-json\/wp\/v2\/media?parent=19360"}],"wp:term":[{"taxonomy":"product_brand","embeddable":true,"href":"https:\/\/oxygenwellness.hu\/en\/wp-json\/wp\/v2\/product_brand?post=19360"},{"taxonomy":"product_cat","embeddable":true,"href":"https:\/\/oxygenwellness.hu\/en\/wp-json\/wp\/v2\/product_cat?post=19360"},{"taxonomy":"product_tag","embeddable":true,"href":"https:\/\/oxygenwellness.hu\/en\/wp-json\/wp\/v2\/product_tag?post=19360"}],"curies":[{"name":"wp","href":"https:\/\/api.w.org\/{rel}","templated":true}]}}