{"id":19049,"date":"2023-07-26T17:11:09","date_gmt":"2023-07-26T15:11:09","guid":{"rendered":"https:\/\/oxygenwellness.hu\/?post_type=product&#038;p=19049"},"modified":"2025-09-30T22:11:35","modified_gmt":"2025-09-30T20:11:35","slug":"10-alkalmas-berlet-90-nap","status":"publish","type":"product","link":"https:\/\/oxygenwellness.hu\/en\/shop\/belepojegyek-berletek\/10-alkalmas-berlet-90-nap\/","title":{"rendered":"10 SESSION PASS (90 DAYS)"},"content":{"rendered":"<p>This includes the use of the fitness and wellness area, access to the rooftop fitness terrace, one participation in any of our group classes (indoor cycling or aerobic), as well as the use of towels, sauna towels, and shower gel, along with 4 hours of free parking and free childcare (for one child). <b>The pass is valid for use every day. Validity: 90 days. <\/b><\/p>\n<p><b>The voucher can be redeemed within 3 months from the date of purchase.<\/b><\/p>","protected":false},"excerpt":{"rendered":"<p>Tartalmazza a fitnesz \u00e9s a wellness r\u00e9szleg haszn\u00e1lat\u00e1t, a roof top fitnesz terasz haszn\u00e1lat\u00e1t, alkalmank\u00e9nt 1 db r\u00e9szv\u00e9telt valamelyik csoportos \u00f3r\u00e1nkon (indoor cycling vagy aerobic), tov\u00e1bb\u00e1 t\u00f6r\u00f6lk\u00f6z\u0151, szaunaleped\u0151, tusf\u00fcrd\u0151 haszn\u00e1lat\u00e1t, 4 \u00f3ra ingyenes parkol\u00e1st, ingyenes gyermekmeg\u0151rz\u00e9st (egy gyermek r\u00e9sz\u00e9re). A b\u00e9rlet minden nap haszn\u00e1lhat\u00f3. \u00c9rv\u00e9nyess\u00e9gi ideje: 90 nap. Az utalv\u00e1ny a v\u00e1s\u00e1rl\u00e1st\u00f3l sz\u00e1m\u00edtott 3 h\u00f3napig [&hellip;]<\/p>\n","protected":false},"featured_media":9175,"comment_status":"open","ping_status":"closed","template":"","meta":{"_acf_changed":false},"product_brand":[],"product_cat":[96],"product_tag":[],"class_list":{"0":"post-19049","1":"product","2":"type-product","3":"status-publish","4":"has-post-thumbnail","6":"product_cat-belepojegyek-berletek","8":"first","9":"instock","10":"virtual","11":"taxable","12":"purchasable","13":"product-type-simple"},"acf":[],"_links":{"self":[{"href":"https:\/\/oxygenwellness.hu\/en\/wp-json\/wp\/v2\/product\/19049","targetHints":{"allow":["GET"]}}],"collection":[{"href":"https:\/\/oxygenwellness.hu\/en\/wp-json\/wp\/v2\/product"}],"about":[{"href":"https:\/\/oxygenwellness.hu\/en\/wp-json\/wp\/v2\/types\/product"}],"replies":[{"embeddable":true,"href":"https:\/\/oxygenwellness.hu\/en\/wp-json\/wp\/v2\/comments?post=19049"}],"wp:featuredmedia":[{"embeddable":true,"href":"https:\/\/oxygenwellness.hu\/en\/wp-json\/wp\/v2\/media\/9175"}],"wp:attachment":[{"href":"https:\/\/oxygenwellness.hu\/en\/wp-json\/wp\/v2\/media?parent=19049"}],"wp:term":[{"taxonomy":"product_brand","embeddable":true,"href":"https:\/\/oxygenwellness.hu\/en\/wp-json\/wp\/v2\/product_brand?post=19049"},{"taxonomy":"product_cat","embeddable":true,"href":"https:\/\/oxygenwellness.hu\/en\/wp-json\/wp\/v2\/product_cat?post=19049"},{"taxonomy":"product_tag","embeddable":true,"href":"https:\/\/oxygenwellness.hu\/en\/wp-json\/wp\/v2\/product_tag?post=19049"}],"curies":[{"name":"wp","href":"https:\/\/api.w.org\/{rel}","templated":true}]}}