{"id":17090,"date":"2022-10-03T16:23:27","date_gmt":"2022-10-03T14:23:27","guid":{"rendered":"https:\/\/oxygenwellness.hu\/?post_type=product&#038;p=17090"},"modified":"2026-02-28T21:56:09","modified_gmt":"2026-02-28T20:56:09","slug":"1-alkalmas-melyszoveti-masszazs","status":"publish","type":"product","link":"https:\/\/oxygenwellness.hu\/en\/shop\/masszazs-wellness-kezelesek\/1-alkalmas-melyszoveti-masszazs\/","title":{"rendered":"1 session of deep tissue massage for 50 minutes"},"content":{"rendered":"<p>Deep tissue massage is a massage technique mainly used to address musculoskeletal issues such as strains and sports injuries. It involves slow, deep strokes targeting the inner layers of muscles and connective tissues with sustained pressure. Deep tissue massage works out knots in the overworked, tense muscles and fascia (connective tissue) to provide immediate pain relief as well as alleviate chronic joint and muscle pain. Additionally, it promotes faster healing by enhancing blood circulation and reducing inflammation.<\/p>\n<p><span style=\"color: #333333;\">Entry not permitted. Separate admission ticket required for use of the fitness-wellness complex. The voucher can be redeemed within 3 months from the date of purchase.<\/span><\/p>\n<p>The voucher can be redeemed within 3 months from the date of purchase.<span class=\"Apple-converted-space\">\u00a0<\/span><\/p>","protected":false},"excerpt":{"rendered":"<p>A m\u00e9lysz\u00f6veti massz\u00e1zs olyan massz\u00e1zstechnika, amelyet f\u0151leg mozg\u00e1sszervi probl\u00e9m\u00e1k, p\u00e9ld\u00e1ul h\u00faz\u00f3d\u00e1sok \u00e9s sports\u00e9r\u00fcl\u00e9sek kezel\u00e9s\u00e9re haszn\u00e1lnak . Ez mag\u00e1ban foglalja az izmok \u00e9s a k\u00f6t\u0151sz\u00f6vetek bels\u0151 r\u00e9tegeit c\u00e9lz\u00f3 lass\u00fa, m\u00e9ly mozdulatokkal tart\u00f3s nyom\u00e1st.A m\u00e9lysz\u00f6veti massz\u00e1zs kidolgozza a megterhelt, t\u00falterhelt izmok \u00e9s a k\u00f6t\u0151sz\u00f6vet (fascia) csom\u00f3it az azonnali f\u00e1jdalom, valamint a kr\u00f3nikus \u00edz\u00fcleti \u00e9s izomf\u00e1jdalmak enyh\u00edt\u00e9s\u00e9re. Ezenk\u00edv\u00fcl [&hellip;]<\/p>\n","protected":false},"featured_media":17093,"comment_status":"open","ping_status":"closed","template":"","meta":{"_acf_changed":false},"product_brand":[],"product_cat":[97],"product_tag":[],"class_list":{"0":"post-17090","1":"product","2":"type-product","3":"status-publish","4":"has-post-thumbnail","6":"product_cat-masszazs-wellness-kezelesek","8":"first","9":"instock","10":"virtual","11":"taxable","12":"purchasable","13":"product-type-simple"},"acf":[],"_links":{"self":[{"href":"https:\/\/oxygenwellness.hu\/en\/wp-json\/wp\/v2\/product\/17090","targetHints":{"allow":["GET"]}}],"collection":[{"href":"https:\/\/oxygenwellness.hu\/en\/wp-json\/wp\/v2\/product"}],"about":[{"href":"https:\/\/oxygenwellness.hu\/en\/wp-json\/wp\/v2\/types\/product"}],"replies":[{"embeddable":true,"href":"https:\/\/oxygenwellness.hu\/en\/wp-json\/wp\/v2\/comments?post=17090"}],"wp:featuredmedia":[{"embeddable":true,"href":"https:\/\/oxygenwellness.hu\/en\/wp-json\/wp\/v2\/media\/17093"}],"wp:attachment":[{"href":"https:\/\/oxygenwellness.hu\/en\/wp-json\/wp\/v2\/media?parent=17090"}],"wp:term":[{"taxonomy":"product_brand","embeddable":true,"href":"https:\/\/oxygenwellness.hu\/en\/wp-json\/wp\/v2\/product_brand?post=17090"},{"taxonomy":"product_cat","embeddable":true,"href":"https:\/\/oxygenwellness.hu\/en\/wp-json\/wp\/v2\/product_cat?post=17090"},{"taxonomy":"product_tag","embeddable":true,"href":"https:\/\/oxygenwellness.hu\/en\/wp-json\/wp\/v2\/product_tag?post=17090"}],"curies":[{"name":"wp","href":"https:\/\/api.w.org\/{rel}","templated":true}]}}