{"id":17081,"date":"2022-10-03T16:02:56","date_gmt":"2022-10-03T14:02:56","guid":{"rendered":"https:\/\/oxygenwellness.hu\/?post_type=product&#038;p=17081"},"modified":"2026-02-28T21:56:37","modified_gmt":"2026-02-28T20:56:37","slug":"1-alkalmas-balinez-masszazs","status":"publish","type":"product","link":"https:\/\/oxygenwellness.hu\/en\/shop\/masszazs-wellness-kezelesek\/1-alkalmas-balinez-masszazs\/","title":{"rendered":"1 session of Balinese massage"},"content":{"rendered":"<p>Balinese massage originates from the island of Bali and has exceptional relaxation effects. This massage is one of the traditional Indonesian massages and employs a unique combination of massage techniques. It aims to promote the free flow of Qi, or life energy, in the body, hence facilitating the unobstructed flow of blood and oxygen to release blockages. The massage begins along energy lines without oil, opening the guest's aura and facilitating relaxation. Afterward, we use ample oil and apply various strokes to the slippery body.<\/p>\n<p><span style=\"color: #333333;\">Entry not permitted. Separate admission ticket required for use of the fitness-wellness complex. The voucher can be redeemed within 3 months from the date of purchase.<\/span><\/p>\n<p>The voucher can be redeemed within 3 months from the date of purchase.<\/p>","protected":false},"excerpt":{"rendered":"<p>A Balin\u00e9z massz\u00e1zs Bali sziget\u00e9r\u0151l sz\u00e1rmazik, rendk\u00edv\u00fcli relax\u00e1ci\u00f3s hat\u00e1ssal b\u00edr. Ez a massz\u00e1zs, egy a tradicion\u00e1lis indon\u00e9z massz\u00e1zsok k\u00f6z\u00fcl, mely massz\u00e1zstechnik\u00e1k egyedi kombin\u00e1ci\u00f3j\u00e1t alkalmazza. A Qi, vagyis az \u00e9letenergia, akad\u00e1lytalanul \u00e1ramlik a testben, ez\u00e9rt a massz\u00e1zzsal a v\u00e9r \u00e9s az oxig\u00e9n szabad \u00e1raml\u00e1s\u00e1t k\u00edv\u00e1nj\u00e1k el\u0151seg\u00edteni, hogy oldj\u00e1k a blokkokat. A massz\u00e1zst az energiavonalak ment\u00e9n kezdj\u00fck [&hellip;]<\/p>\n","protected":false},"featured_media":17085,"comment_status":"open","ping_status":"closed","template":"","meta":{"_acf_changed":false},"product_brand":[],"product_cat":[97],"product_tag":[],"class_list":{"0":"post-17081","1":"product","2":"type-product","3":"status-publish","4":"has-post-thumbnail","6":"product_cat-masszazs-wellness-kezelesek","8":"first","9":"instock","10":"taxable","11":"shipping-taxable","12":"purchasable","13":"product-type-variable"},"acf":[],"_links":{"self":[{"href":"https:\/\/oxygenwellness.hu\/en\/wp-json\/wp\/v2\/product\/17081","targetHints":{"allow":["GET"]}}],"collection":[{"href":"https:\/\/oxygenwellness.hu\/en\/wp-json\/wp\/v2\/product"}],"about":[{"href":"https:\/\/oxygenwellness.hu\/en\/wp-json\/wp\/v2\/types\/product"}],"replies":[{"embeddable":true,"href":"https:\/\/oxygenwellness.hu\/en\/wp-json\/wp\/v2\/comments?post=17081"}],"wp:featuredmedia":[{"embeddable":true,"href":"https:\/\/oxygenwellness.hu\/en\/wp-json\/wp\/v2\/media\/17085"}],"wp:attachment":[{"href":"https:\/\/oxygenwellness.hu\/en\/wp-json\/wp\/v2\/media?parent=17081"}],"wp:term":[{"taxonomy":"product_brand","embeddable":true,"href":"https:\/\/oxygenwellness.hu\/en\/wp-json\/wp\/v2\/product_brand?post=17081"},{"taxonomy":"product_cat","embeddable":true,"href":"https:\/\/oxygenwellness.hu\/en\/wp-json\/wp\/v2\/product_cat?post=17081"},{"taxonomy":"product_tag","embeddable":true,"href":"https:\/\/oxygenwellness.hu\/en\/wp-json\/wp\/v2\/product_tag?post=17081"}],"curies":[{"name":"wp","href":"https:\/\/api.w.org\/{rel}","templated":true}]}}