{"id":17076,"date":"2022-10-03T15:58:47","date_gmt":"2022-10-03T13:58:47","guid":{"rendered":"https:\/\/oxygenwellness.hu\/?post_type=product&#038;p=17076"},"modified":"2026-02-28T21:55:38","modified_gmt":"2026-02-28T20:55:38","slug":"1-alkalmas-meleg-parnas-masszazs","status":"publish","type":"product","link":"https:\/\/oxygenwellness.hu\/en\/shop\/masszazs-wellness-kezelesek\/1-alkalmas-meleg-parnas-masszazs\/","title":{"rendered":"1 WARM PILLOW MASSAGE"},"content":{"rendered":"<p>During the treatment, heated cherry seed pillows are used to warm up the muscles. The focus of this massage is to achieve overall relaxation while stimulating circulation with rosemary cream, enhancing muscle tone, and reducing muscle stiffness.<\/p>\n<p><span style=\"color: #333333;\">Entry not permitted. Separate admission ticket required for use of the fitness-wellness complex. The voucher can be redeemed within 3 months from the date of purchase.<\/span><\/p>\n<p>The voucher can be redeemed within 3 months from the date of purchase.<\/p>","protected":false},"excerpt":{"rendered":"<p>A kezel\u00e9s sor\u00e1n meggymaggal teli f\u0171t\u00f6tt p\u00e1rn\u00e1kkal meleg\u00edtj\u00fck fel az izmokat. Ennek a massz\u00e1zsnak a f\u00f3kusza az \u00e1ltal\u00e1nos ellazul\u00e1s el\u00e9r\u00e9se, mik\u00f6zben rozmaringkr\u00e9mmel serkenti a kering\u00e9st, fokozza az izomt\u00f3nust \u00e9s cs\u00f6kkenti az izommerevs\u00e9get. Bel\u00e9p\u00e9sre nem jogos\u00edt. A fitness-wellness komplexum haszn\u00e1lat\u00e1hoz k\u00fcl\u00f6n bel\u00e9p\u0151jegy megv\u00e1lt\u00e1sa k\u00f6telez\u0151. Az utalv\u00e1ny a v\u00e1s\u00e1rl\u00e1st\u00f3l sz\u00e1m\u00edtott 3 h\u00f3napon bel\u00fcl v\u00e1lthat\u00f3 be.<\/p>","protected":false},"featured_media":17078,"comment_status":"open","ping_status":"closed","template":"","meta":{"_acf_changed":false},"product_brand":[],"product_cat":[97],"product_tag":[],"class_list":{"0":"post-17076","1":"product","2":"type-product","3":"status-publish","4":"has-post-thumbnail","6":"product_cat-masszazs-wellness-kezelesek","8":"first","9":"instock","10":"taxable","11":"shipping-taxable","12":"purchasable","13":"product-type-variable"},"acf":[],"_links":{"self":[{"href":"https:\/\/oxygenwellness.hu\/en\/wp-json\/wp\/v2\/product\/17076","targetHints":{"allow":["GET"]}}],"collection":[{"href":"https:\/\/oxygenwellness.hu\/en\/wp-json\/wp\/v2\/product"}],"about":[{"href":"https:\/\/oxygenwellness.hu\/en\/wp-json\/wp\/v2\/types\/product"}],"replies":[{"embeddable":true,"href":"https:\/\/oxygenwellness.hu\/en\/wp-json\/wp\/v2\/comments?post=17076"}],"wp:featuredmedia":[{"embeddable":true,"href":"https:\/\/oxygenwellness.hu\/en\/wp-json\/wp\/v2\/media\/17078"}],"wp:attachment":[{"href":"https:\/\/oxygenwellness.hu\/en\/wp-json\/wp\/v2\/media?parent=17076"}],"wp:term":[{"taxonomy":"product_brand","embeddable":true,"href":"https:\/\/oxygenwellness.hu\/en\/wp-json\/wp\/v2\/product_brand?post=17076"},{"taxonomy":"product_cat","embeddable":true,"href":"https:\/\/oxygenwellness.hu\/en\/wp-json\/wp\/v2\/product_cat?post=17076"},{"taxonomy":"product_tag","embeddable":true,"href":"https:\/\/oxygenwellness.hu\/en\/wp-json\/wp\/v2\/product_tag?post=17076"}],"curies":[{"name":"wp","href":"https:\/\/api.w.org\/{rel}","templated":true}]}}