{"id":17070,"date":"2022-10-03T15:53:20","date_gmt":"2022-10-03T13:53:20","guid":{"rendered":"https:\/\/oxygenwellness.hu\/?post_type=product&#038;p=17070"},"modified":"2026-02-28T21:54:28","modified_gmt":"2026-02-28T20:54:28","slug":"1-alkalmas-nyakmagia-masszazs","status":"publish","type":"product","link":"https:\/\/oxygenwellness.hu\/en\/shop\/masszazs-wellness-kezelesek\/1-alkalmas-nyakmagia-masszazs\/","title":{"rendered":"1 NECK MAGIC MASSAGE 50 MINUTES"},"content":{"rendered":"<p>This treatment begins with a combination of warm, cold, and then warm chamomile tea compresses, followed by a unique blend of massage techniques to reduce stress and relieve pain.<\/p>\n<p><span style=\"color: #333333;\">Entry not permitted. Separate admission ticket required for use of the fitness-wellness complex. The voucher can be redeemed within 3 months from the date of purchase.<\/span><\/p>\n<p>The voucher can be redeemed within 3 months from the date of purchase.<span class=\"Apple-converted-space\">\u00a0<\/span><\/p>","protected":false},"excerpt":{"rendered":"<p>Ez a kezel\u00e9s meleg, hideg \u00e9s ism\u00e9t meleg kamillatea borogat\u00e1s kombin\u00e1ci\u00f3j\u00e1val kezd\u0151dik, majd a massz\u00e1zstechnik\u00e1k egyed\u00fcl\u00e1ll\u00f3 kever\u00e9ke k\u00f6veti a stressz cs\u00f6kkent\u00e9s\u00e9t \u00e9s a f\u00e1jdalom old\u00e1s\u00e1t. Bel\u00e9p\u00e9sre nem jogos\u00edt. A fitness-wellness komplexum haszn\u00e1lat\u00e1hoz k\u00fcl\u00f6n bel\u00e9p\u0151jegy megv\u00e1lt\u00e1sa k\u00f6telez\u0151. Az utalv\u00e1ny a v\u00e1s\u00e1rl\u00e1st\u00f3l sz\u00e1m\u00edtott 3 h\u00f3napon bel\u00fcl v\u00e1lthat\u00f3 be.\u00a0<\/p>","protected":false},"featured_media":17073,"comment_status":"open","ping_status":"closed","template":"","meta":{"_acf_changed":false},"product_brand":[],"product_cat":[97],"product_tag":[],"class_list":{"0":"post-17070","1":"product","2":"type-product","3":"status-publish","4":"has-post-thumbnail","6":"product_cat-masszazs-wellness-kezelesek","8":"first","9":"instock","10":"virtual","11":"taxable","12":"purchasable","13":"product-type-simple"},"acf":[],"_links":{"self":[{"href":"https:\/\/oxygenwellness.hu\/en\/wp-json\/wp\/v2\/product\/17070","targetHints":{"allow":["GET"]}}],"collection":[{"href":"https:\/\/oxygenwellness.hu\/en\/wp-json\/wp\/v2\/product"}],"about":[{"href":"https:\/\/oxygenwellness.hu\/en\/wp-json\/wp\/v2\/types\/product"}],"replies":[{"embeddable":true,"href":"https:\/\/oxygenwellness.hu\/en\/wp-json\/wp\/v2\/comments?post=17070"}],"wp:featuredmedia":[{"embeddable":true,"href":"https:\/\/oxygenwellness.hu\/en\/wp-json\/wp\/v2\/media\/17073"}],"wp:attachment":[{"href":"https:\/\/oxygenwellness.hu\/en\/wp-json\/wp\/v2\/media?parent=17070"}],"wp:term":[{"taxonomy":"product_brand","embeddable":true,"href":"https:\/\/oxygenwellness.hu\/en\/wp-json\/wp\/v2\/product_brand?post=17070"},{"taxonomy":"product_cat","embeddable":true,"href":"https:\/\/oxygenwellness.hu\/en\/wp-json\/wp\/v2\/product_cat?post=17070"},{"taxonomy":"product_tag","embeddable":true,"href":"https:\/\/oxygenwellness.hu\/en\/wp-json\/wp\/v2\/product_tag?post=17070"}],"curies":[{"name":"wp","href":"https:\/\/api.w.org\/{rel}","templated":true}]}}