{"id":17036,"date":"2022-10-01T15:06:10","date_gmt":"2022-10-01T13:06:10","guid":{"rendered":"https:\/\/oxygenwellness.hu\/?post_type=product&#038;p=17036"},"modified":"2026-02-28T22:00:23","modified_gmt":"2026-02-28T21:00:23","slug":"5-alkalmas-masszazs-berlet","status":"publish","type":"product","link":"https:\/\/oxygenwellness.hu\/en\/shop\/masszazs-wellness-kezelesek\/5-alkalmas-masszazs-berlet\/","title":{"rendered":"5 occasion massage pass"},"content":{"rendered":"<p>Out of 3 options, you can choose one treatment:<\/p>\n<p><b>Sports Massage:<\/b>\u00a0This treatment is based mainly on stretching and tapping movements to get your muscles in the best condition, minimizing the risk of injury. It is recommended before and after physical activities. Duration: 50, 80 minutes.<\/p>\n<p><b>Relaxation:<\/b> A gentle, slow massage combination that promotes relaxation and stimulates acupressure points on the entire or half of the body. Due to its excellent stress-relieving effects, it enhances the body's resistance.<\/p>\n<p><b>Revitalizing Massage:<\/b> A special massage performed with Swedish massage techniques based on a medical diagnosis. Duration: 50, 80 minutes.<\/p>\n<p>Type: 5-session massage pass<br \/>\nLocation: 1016 Budapest Naphegy Street 67.<\/p>\n<p><i><strong>Usable:<\/strong> Within 3 months from the date of purchase.<\/i><\/p>\n<p><span style=\"color: #333333;\">Entry not permitted. Separate admission ticket required for use of the fitness-wellness complex. The voucher can be redeemed within 3 months from the date of purchase.<\/span><\/p>\n<p><strong>The voucher can be redeemed within 3 months from the date of purchase.<\/strong><\/p>","protected":false},"excerpt":{"rendered":"<p>A 3-b\u00f3l egy v\u00e1laszthat\u00f3 egy kezel\u00e9s alkalm\u00e1val. Sport massz\u00e1zs:\u00a0A javar\u00e9szt ny\u00fajt\u00f3 \u00e9s \u00fct\u0151 mozdulatokra \u00e9p\u00fcl\u0151 kezel\u00e9s sor\u00e1n az izmok a lehet\u0151 legjobb kond\u00edci\u00f3ba ker\u00fclnek, a s\u00e9r\u00fcl\u00e9s lehet\u0151s\u00e9ge pedig minim\u00e1lisra cs\u00f6kken. Fizik\u00e1lis teljes\u00edtm\u00e9nyek el\u0151tt \u00e9s ut\u00e1n is javallt. Id\u0151tartam: 50, 80 perc. Relax: Gyeng\u00e9d, lass\u00fa mozdulatokkal v\u00e9gzett, kikapcsol\u00f3d\u00e1st el\u0151seg\u00edt\u0151, akupressz\u00far\u00e1s pontokat stimul\u00e1l\u00f3 massz\u00e1zskombin\u00e1ci\u00f3 az eg\u00e9sz vagy [&hellip;]<\/p>\n","protected":false},"featured_media":5155,"comment_status":"open","ping_status":"closed","template":"","meta":{"_acf_changed":false},"product_brand":[],"product_cat":[97],"product_tag":[],"class_list":{"0":"post-17036","1":"product","2":"type-product","3":"status-publish","4":"has-post-thumbnail","6":"product_cat-masszazs-wellness-kezelesek","8":"first","9":"instock","10":"taxable","11":"shipping-taxable","12":"purchasable","13":"product-type-variable"},"acf":[],"_links":{"self":[{"href":"https:\/\/oxygenwellness.hu\/en\/wp-json\/wp\/v2\/product\/17036","targetHints":{"allow":["GET"]}}],"collection":[{"href":"https:\/\/oxygenwellness.hu\/en\/wp-json\/wp\/v2\/product"}],"about":[{"href":"https:\/\/oxygenwellness.hu\/en\/wp-json\/wp\/v2\/types\/product"}],"replies":[{"embeddable":true,"href":"https:\/\/oxygenwellness.hu\/en\/wp-json\/wp\/v2\/comments?post=17036"}],"wp:featuredmedia":[{"embeddable":true,"href":"https:\/\/oxygenwellness.hu\/en\/wp-json\/wp\/v2\/media\/5155"}],"wp:attachment":[{"href":"https:\/\/oxygenwellness.hu\/en\/wp-json\/wp\/v2\/media?parent=17036"}],"wp:term":[{"taxonomy":"product_brand","embeddable":true,"href":"https:\/\/oxygenwellness.hu\/en\/wp-json\/wp\/v2\/product_brand?post=17036"},{"taxonomy":"product_cat","embeddable":true,"href":"https:\/\/oxygenwellness.hu\/en\/wp-json\/wp\/v2\/product_cat?post=17036"},{"taxonomy":"product_tag","embeddable":true,"href":"https:\/\/oxygenwellness.hu\/en\/wp-json\/wp\/v2\/product_tag?post=17036"}],"curies":[{"name":"wp","href":"https:\/\/api.w.org\/{rel}","templated":true}]}}