{"id":17032,"date":"2022-10-01T15:04:51","date_gmt":"2022-10-01T13:04:51","guid":{"rendered":"https:\/\/oxygenwellness.hu\/?post_type=product&#038;p=17032"},"modified":"2026-02-28T21:59:34","modified_gmt":"2026-02-28T20:59:34","slug":"10-alkalmas-masszazs-berlet","status":"publish","type":"product","link":"https:\/\/oxygenwellness.hu\/en\/shop\/masszazs-wellness-kezelesek\/10-alkalmas-masszazs-berlet\/","title":{"rendered":"10 occasion massage pass"},"content":{"rendered":"<p>Out of 3 options, you can choose one treatment:<\/p>\n<p><b>Sports Massage:<\/b>\u00a0This treatment is based mainly on stretching and tapping movements to get your muscles in the best condition, minimizing the risk of injury. It is recommended before and after physical activities. Duration: 50, 80 minutes.<br \/>\n<i><br \/>\n<\/i><b>Relaxation:<\/b>\u00a0A gentle, slow massage combination that promotes relaxation and stimulates acupressure points on the entire or half of the body. Due to its excellent stress-relieving effects, it enhances the body's resistance.<br \/>\n<i><br \/>\n<\/i><b>Revitalizing Massage:<\/b>\u00a0A special massage performed with Swedish massage techniques based on a medical diagnosis. Duration: 50, 80 minutes.<br \/>\n<i><br \/>\n<\/i><b>Usable:\u00a0<\/b>Usable for up to 6 months from the date of redemption!<\/p>\n<p><span style=\"color: #333333;\">Entry not permitted. Separate admission ticket required for use of the fitness-wellness complex. The voucher can be redeemed within 3 months from the date of purchase.<\/span><\/p>\n<p><strong>The voucher can be redeemed within 3 months from the date of purchase.<\/strong><\/p>\n<p><b>Type:<\/b> 10 occasion massage pass<br \/>\n<b>Reception area:<\/b>\u00a0HU 1016 Budapest Naphegy Street 67.<\/p>","protected":false},"excerpt":{"rendered":"<p>A 3-b\u00f3l egy v\u00e1laszthat\u00f3 egy kezel\u00e9s alkalm\u00e1val. Sport massz\u00e1zs:\u00a0A javar\u00e9szt ny\u00fajt\u00f3 \u00e9s \u00fct\u0151 mozdulatokra \u00e9p\u00fcl\u0151 kezel\u00e9s sor\u00e1n az izmok a lehet\u0151 legjobb kond\u00edci\u00f3ba ker\u00fclnek, a s\u00e9r\u00fcl\u00e9s lehet\u0151s\u00e9ge pedig minim\u00e1lisra cs\u00f6kken. Fizik\u00e1lis teljes\u00edtm\u00e9nyek el\u0151tt \u00e9s ut\u00e1n is javallt. Id\u0151tartam: 50, 80 perc. Relax:\u00a0Gyeng\u00e9d, lass\u00fa mozdulatokkal v\u00e9gzett, kikapcsol\u00f3d\u00e1st el\u0151seg\u00edt\u0151, akupressz\u00far\u00e1s pontokat stimul\u00e1l\u00f3 massz\u00e1zskombin\u00e1ci\u00f3 az eg\u00e9sz vagy a [&hellip;]<\/p>\n","protected":false},"featured_media":6338,"comment_status":"open","ping_status":"closed","template":"","meta":{"_acf_changed":false},"product_brand":[],"product_cat":[97],"product_tag":[],"class_list":{"0":"post-17032","1":"product","2":"type-product","3":"status-publish","4":"has-post-thumbnail","6":"product_cat-masszazs-wellness-kezelesek","8":"first","9":"instock","10":"taxable","11":"shipping-taxable","12":"purchasable","13":"product-type-variable"},"acf":[],"_links":{"self":[{"href":"https:\/\/oxygenwellness.hu\/en\/wp-json\/wp\/v2\/product\/17032","targetHints":{"allow":["GET"]}}],"collection":[{"href":"https:\/\/oxygenwellness.hu\/en\/wp-json\/wp\/v2\/product"}],"about":[{"href":"https:\/\/oxygenwellness.hu\/en\/wp-json\/wp\/v2\/types\/product"}],"replies":[{"embeddable":true,"href":"https:\/\/oxygenwellness.hu\/en\/wp-json\/wp\/v2\/comments?post=17032"}],"wp:featuredmedia":[{"embeddable":true,"href":"https:\/\/oxygenwellness.hu\/en\/wp-json\/wp\/v2\/media\/6338"}],"wp:attachment":[{"href":"https:\/\/oxygenwellness.hu\/en\/wp-json\/wp\/v2\/media?parent=17032"}],"wp:term":[{"taxonomy":"product_brand","embeddable":true,"href":"https:\/\/oxygenwellness.hu\/en\/wp-json\/wp\/v2\/product_brand?post=17032"},{"taxonomy":"product_cat","embeddable":true,"href":"https:\/\/oxygenwellness.hu\/en\/wp-json\/wp\/v2\/product_cat?post=17032"},{"taxonomy":"product_tag","embeddable":true,"href":"https:\/\/oxygenwellness.hu\/en\/wp-json\/wp\/v2\/product_tag?post=17032"}],"curies":[{"name":"wp","href":"https:\/\/api.w.org\/{rel}","templated":true}]}}