{"id":17029,"date":"2022-10-01T15:01:53","date_gmt":"2022-10-01T13:01:53","guid":{"rendered":"https:\/\/oxygenwellness.hu\/?post_type=product&#038;p=17029"},"modified":"2025-09-30T22:12:31","modified_gmt":"2025-09-30T20:12:31","slug":"eves-berlet","status":"publish","type":"product","link":"https:\/\/oxygenwellness.hu\/en\/shop\/belepojegyek-berletek\/eves-berlet\/","title":{"rendered":"Annual pass"},"content":{"rendered":"<p>The pass includes unlimited access to the fitness, cardio, functional, and wellness areas (both textile and textile-free sections), free access to sauna sessions, occasional participation in one of our group classes (indoor cycling or aerobic), towel and sauna towel usage, 4 hours of free parking, and free childcare. <strong>The voucher can be redeemed within 3 months from the date of purchase.<\/strong><\/p>\n<p><b>Reception area:<\/b>\u00a0HU 1016 Budapest Naphegy Street 67.<\/p>","protected":false},"excerpt":{"rendered":"<p>A b\u00e9rlet tartalmazza a fitnesz, a cardio, a funkcion\u00e1lis r\u00e9szleg \u00e9s wellness r\u00e9szleg korl\u00e1tlan haszn\u00e1lat\u00e1t (textiles \u00e9s textilmentes r\u00e9sz is), a szauna fel\u00f6nt\u00e9sek ingyenes l\u00e1togat\u00e1s\u00e1t, alkalmank\u00e9nt 1 db r\u00e9szv\u00e9telt valamelyik csoportos \u00f3r\u00e1nkon (indoor cycling vagy aerobic), t\u00f6r\u00f6lk\u00f6z\u0151 \u00e9s szaunaleped\u0151 haszn\u00e1lat\u00e1t, 4 \u00f3ra ingyenes parkol\u00e1st, ingyenes gyermekmeg\u0151rz\u00e9st. Az utalv\u00e1ny a v\u00e1s\u00e1rl\u00e1st\u00f3l sz\u00e1m\u00edtott 3 h\u00f3napon bel\u00fcl v\u00e1lthat\u00f3 [&hellip;]<\/p>\n","protected":false},"featured_media":9176,"comment_status":"open","ping_status":"closed","template":"","meta":{"_acf_changed":false},"product_brand":[],"product_cat":[96],"product_tag":[],"class_list":{"0":"post-17029","1":"product","2":"type-product","3":"status-publish","4":"has-post-thumbnail","6":"product_cat-belepojegyek-berletek","8":"first","9":"instock","10":"virtual","11":"taxable","12":"purchasable","13":"product-type-simple"},"acf":[],"_links":{"self":[{"href":"https:\/\/oxygenwellness.hu\/en\/wp-json\/wp\/v2\/product\/17029","targetHints":{"allow":["GET"]}}],"collection":[{"href":"https:\/\/oxygenwellness.hu\/en\/wp-json\/wp\/v2\/product"}],"about":[{"href":"https:\/\/oxygenwellness.hu\/en\/wp-json\/wp\/v2\/types\/product"}],"replies":[{"embeddable":true,"href":"https:\/\/oxygenwellness.hu\/en\/wp-json\/wp\/v2\/comments?post=17029"}],"wp:featuredmedia":[{"embeddable":true,"href":"https:\/\/oxygenwellness.hu\/en\/wp-json\/wp\/v2\/media\/9176"}],"wp:attachment":[{"href":"https:\/\/oxygenwellness.hu\/en\/wp-json\/wp\/v2\/media?parent=17029"}],"wp:term":[{"taxonomy":"product_brand","embeddable":true,"href":"https:\/\/oxygenwellness.hu\/en\/wp-json\/wp\/v2\/product_brand?post=17029"},{"taxonomy":"product_cat","embeddable":true,"href":"https:\/\/oxygenwellness.hu\/en\/wp-json\/wp\/v2\/product_cat?post=17029"},{"taxonomy":"product_tag","embeddable":true,"href":"https:\/\/oxygenwellness.hu\/en\/wp-json\/wp\/v2\/product_tag?post=17029"}],"curies":[{"name":"wp","href":"https:\/\/api.w.org\/{rel}","templated":true}]}}