{"id":17027,"date":"2022-10-01T14:57:49","date_gmt":"2022-10-01T12:57:49","guid":{"rendered":"https:\/\/oxygenwellness.hu\/?post_type=product&#038;p=17027"},"modified":"2026-02-28T21:57:38","modified_gmt":"2026-02-28T20:57:38","slug":"1-alkalom-alakformalo-cellulit-masszazs","status":"publish","type":"product","link":"https:\/\/oxygenwellness.hu\/en\/shop\/masszazs-wellness-kezelesek\/1-alkalom-alakformalo-cellulit-masszazs\/","title":{"rendered":"1 shaping-cellulite massage"},"content":{"rendered":"<p><b>Body Shaping (Cellulite) Massage \u2013<\/b> A massage that activates blood and lymph circulation. It expands the capillaries under the skin and speeds up the removal of harmful toxins. With its help, we can achieve aesthetic improvements, primarily in the condition of cellulite ('orange peel' skin). Treatment is recommended in a series. Duration of the treatment: 50 minutes.<\/p>\n<p><span style=\"color: #333333;\">Entry not permitted. Separate admission ticket required for use of the fitness-wellness complex. The voucher can be redeemed within 3 months from the date of purchase.<\/span><\/p>\n<p><strong>The voucher can be redeemed within 3 months from the date of purchase.<\/strong><\/p>\n<p><b>Type:<\/b> 50-minute body shaping<br \/>\n<b>Reception area:<\/b>\u00a0HU 1016 Budapest Naphegy Street 67.<\/p>","protected":false},"excerpt":{"rendered":"<p>Alakform\u00e1l\u00f3 (cellulit) massz\u00e1zs \u2013 V\u00e9r \u00e9s nyirokkering\u00e9st aktiviz\u00e1l\u00f3 massz\u00e1zs. Kit\u00e1g\u00edtja a b\u0151r alatti hajsz\u00e1lereket, \u00e9s felgyors\u00edtja az \u00e1rtalmas m\u00e9reganyagok elt\u00e1vol\u00edt\u00e1s\u00e1t. Seg\u00edts\u00e9g\u00e9vel eszt\u00e9tikai, els\u0151sorban a cellulit (narancsb\u0151r) \u00e1llapot\u00e1nak jav\u00edt\u00e1s\u00e1t \u00e9rhetj\u00fck el. K\u00faraszer\u0171 kezel\u00e9s javasolt. A kezel\u00e9s id\u0151tartama: 50 perc. Bel\u00e9p\u00e9sre nem jogos\u00edt. A fitness-wellness komplexum haszn\u00e1lat\u00e1hoz k\u00fcl\u00f6n bel\u00e9p\u0151jegy megv\u00e1lt\u00e1sa k\u00f6telez\u0151. Az utalv\u00e1ny a v\u00e1s\u00e1rl\u00e1st\u00f3l sz\u00e1m\u00edtott 3 [&hellip;]<\/p>\n","protected":false},"featured_media":5811,"comment_status":"open","ping_status":"closed","template":"","meta":{"_acf_changed":false},"product_brand":[],"product_cat":[97],"product_tag":[],"class_list":{"0":"post-17027","1":"product","2":"type-product","3":"status-publish","4":"has-post-thumbnail","6":"product_cat-masszazs-wellness-kezelesek","8":"first","9":"instock","10":"virtual","11":"taxable","12":"purchasable","13":"product-type-simple"},"acf":[],"_links":{"self":[{"href":"https:\/\/oxygenwellness.hu\/en\/wp-json\/wp\/v2\/product\/17027","targetHints":{"allow":["GET"]}}],"collection":[{"href":"https:\/\/oxygenwellness.hu\/en\/wp-json\/wp\/v2\/product"}],"about":[{"href":"https:\/\/oxygenwellness.hu\/en\/wp-json\/wp\/v2\/types\/product"}],"replies":[{"embeddable":true,"href":"https:\/\/oxygenwellness.hu\/en\/wp-json\/wp\/v2\/comments?post=17027"}],"wp:featuredmedia":[{"embeddable":true,"href":"https:\/\/oxygenwellness.hu\/en\/wp-json\/wp\/v2\/media\/5811"}],"wp:attachment":[{"href":"https:\/\/oxygenwellness.hu\/en\/wp-json\/wp\/v2\/media?parent=17027"}],"wp:term":[{"taxonomy":"product_brand","embeddable":true,"href":"https:\/\/oxygenwellness.hu\/en\/wp-json\/wp\/v2\/product_brand?post=17027"},{"taxonomy":"product_cat","embeddable":true,"href":"https:\/\/oxygenwellness.hu\/en\/wp-json\/wp\/v2\/product_cat?post=17027"},{"taxonomy":"product_tag","embeddable":true,"href":"https:\/\/oxygenwellness.hu\/en\/wp-json\/wp\/v2\/product_tag?post=17027"}],"curies":[{"name":"wp","href":"https:\/\/api.w.org\/{rel}","templated":true}]}}