{"id":17026,"date":"2022-10-01T14:55:17","date_gmt":"2022-10-01T12:55:17","guid":{"rendered":"https:\/\/oxygenwellness.hu\/?post_type=product&#038;p=17026"},"modified":"2026-02-28T21:57:14","modified_gmt":"2026-02-28T20:57:14","slug":"oxygen-fresh-csomag-1-fo-reszere","status":"publish","type":"product","link":"https:\/\/oxygenwellness.hu\/en\/shop\/masszazs-wellness-kezelesek\/oxygen-fresh-csomag-1-fo-reszere\/","title":{"rendered":"Oxygen Fresh package for 1 person"},"content":{"rendered":"<p>The package includes a 25-minute refreshing and invigorating massage of your choice, as well as unlimited access to fitness and wellness services for one person.<\/p>\n<p><strong> The voucher can be redeemed within 3 months from the date of purchase.<\/strong><i><\/i><\/p>\n<p><b>Type:<\/b> Oxygen Fresh 25-minute Massage + Fitness and Wellness<br \/>\n<b>Reception area:<\/b>\u00a0HU 1016 Budapest Naphegy Street 67.<\/p>","protected":false},"excerpt":{"rendered":"<p>A csomag r\u00e9sze egy v\u00e1laszthat\u00f3 25 perces friss\u00edt\u0151, \u00e9l\u00e9nk\u00edt\u0151 massz\u00e1zs, valamint a fitnesz \u00e9s wellness szolg\u00e1ltat\u00e1sok korl\u00e1tlan haszn\u00e1lata 1 f\u0151 r\u00e9sz\u00e9re. Az utalv\u00e1ny a v\u00e1s\u00e1rl\u00e1s napj\u00e1t\u00f3l sz\u00e1m\u00edtva 3 h\u00f3napig v\u00e1lthat\u00f3 be. T\u00edpus: Oxygen Fresh 25 perces Massz\u00e1zs+fitness- wellness Elfogad\u00f3hely:\u00a0HU 1016 Budapest Naphegy u. 67.<\/p>","protected":false},"featured_media":6336,"comment_status":"open","ping_status":"closed","template":"","meta":{"_acf_changed":false},"product_brand":[],"product_cat":[97],"product_tag":[],"class_list":{"0":"post-17026","1":"product","2":"type-product","3":"status-publish","4":"has-post-thumbnail","6":"product_cat-masszazs-wellness-kezelesek","8":"first","9":"instock","10":"virtual","11":"taxable","12":"purchasable","13":"product-type-simple"},"acf":[],"_links":{"self":[{"href":"https:\/\/oxygenwellness.hu\/en\/wp-json\/wp\/v2\/product\/17026","targetHints":{"allow":["GET"]}}],"collection":[{"href":"https:\/\/oxygenwellness.hu\/en\/wp-json\/wp\/v2\/product"}],"about":[{"href":"https:\/\/oxygenwellness.hu\/en\/wp-json\/wp\/v2\/types\/product"}],"replies":[{"embeddable":true,"href":"https:\/\/oxygenwellness.hu\/en\/wp-json\/wp\/v2\/comments?post=17026"}],"wp:featuredmedia":[{"embeddable":true,"href":"https:\/\/oxygenwellness.hu\/en\/wp-json\/wp\/v2\/media\/6336"}],"wp:attachment":[{"href":"https:\/\/oxygenwellness.hu\/en\/wp-json\/wp\/v2\/media?parent=17026"}],"wp:term":[{"taxonomy":"product_brand","embeddable":true,"href":"https:\/\/oxygenwellness.hu\/en\/wp-json\/wp\/v2\/product_brand?post=17026"},{"taxonomy":"product_cat","embeddable":true,"href":"https:\/\/oxygenwellness.hu\/en\/wp-json\/wp\/v2\/product_cat?post=17026"},{"taxonomy":"product_tag","embeddable":true,"href":"https:\/\/oxygenwellness.hu\/en\/wp-json\/wp\/v2\/product_tag?post=17026"}],"curies":[{"name":"wp","href":"https:\/\/api.w.org\/{rel}","templated":true}]}}