{"id":17025,"date":"2022-10-01T14:54:46","date_gmt":"2022-10-01T12:54:46","guid":{"rendered":"https:\/\/oxygenwellness.hu\/?post_type=product&#038;p=17025"},"modified":"2026-02-28T22:01:28","modified_gmt":"2026-02-28T21:01:28","slug":"oxygen-relax-1-fo-reszere","status":"publish","type":"product","link":"https:\/\/oxygenwellness.hu\/en\/shop\/masszazs-wellness-kezelesek\/oxygen-relax-1-fo-reszere\/","title":{"rendered":"Oxygen Relax for 1 person"},"content":{"rendered":"<p>Oxygen Relax 50-minute optional massage (sports\/relax\/revitalizing) and full access to fitness and wellness services for one person.<\/p>\n<p><strong>The voucher can be redeemed within 3 months from the date of purchase.<\/strong><\/p>\n<p><b>Address:<\/b>\u00a0HU 1016 Budapest Naphegy Street 67.<\/p>","protected":false},"excerpt":{"rendered":"<p>Az Oxygen Relax 50 perces v\u00e1laszthat\u00f3 massz\u00e1zs (sport\/relax\/vitaliz\u00e1l\u00f3) valamint fitnesz \u00e9s wellness szolg\u00e1ltat\u00e1sok teljesk\u00f6r\u0171 haszn\u00e1lata 1 f\u0151 r\u00e9sz\u00e9re. Az utalv\u00e1ny a v\u00e1s\u00e1rl\u00e1st\u00f3l sz\u00e1m\u00edtott 3 h\u00f3napig v\u00e1lthat\u00f3 be. C\u00edm:\u00a0HU 1016 Budapest Naphegy u. 67.<\/p>","protected":false},"featured_media":5818,"comment_status":"open","ping_status":"closed","template":"","meta":{"_acf_changed":false},"product_brand":[],"product_cat":[97],"product_tag":[],"class_list":{"0":"post-17025","1":"product","2":"type-product","3":"status-publish","4":"has-post-thumbnail","6":"product_cat-masszazs-wellness-kezelesek","8":"first","9":"instock","10":"virtual","11":"taxable","12":"purchasable","13":"product-type-simple"},"acf":[],"_links":{"self":[{"href":"https:\/\/oxygenwellness.hu\/en\/wp-json\/wp\/v2\/product\/17025","targetHints":{"allow":["GET"]}}],"collection":[{"href":"https:\/\/oxygenwellness.hu\/en\/wp-json\/wp\/v2\/product"}],"about":[{"href":"https:\/\/oxygenwellness.hu\/en\/wp-json\/wp\/v2\/types\/product"}],"replies":[{"embeddable":true,"href":"https:\/\/oxygenwellness.hu\/en\/wp-json\/wp\/v2\/comments?post=17025"}],"wp:featuredmedia":[{"embeddable":true,"href":"https:\/\/oxygenwellness.hu\/en\/wp-json\/wp\/v2\/media\/5818"}],"wp:attachment":[{"href":"https:\/\/oxygenwellness.hu\/en\/wp-json\/wp\/v2\/media?parent=17025"}],"wp:term":[{"taxonomy":"product_brand","embeddable":true,"href":"https:\/\/oxygenwellness.hu\/en\/wp-json\/wp\/v2\/product_brand?post=17025"},{"taxonomy":"product_cat","embeddable":true,"href":"https:\/\/oxygenwellness.hu\/en\/wp-json\/wp\/v2\/product_cat?post=17025"},{"taxonomy":"product_tag","embeddable":true,"href":"https:\/\/oxygenwellness.hu\/en\/wp-json\/wp\/v2\/product_tag?post=17025"}],"curies":[{"name":"wp","href":"https:\/\/api.w.org\/{rel}","templated":true}]}}