{"id":17021,"date":"2022-10-01T14:50:33","date_gmt":"2022-10-01T12:50:33","guid":{"rendered":"https:\/\/oxygenwellness.hu\/?post_type=product&#038;p=17021"},"modified":"2026-03-04T16:27:24","modified_gmt":"2026-03-04T15:27:24","slug":"mezes-masszazs-25-perc","status":"publish","type":"product","link":"https:\/\/oxygenwellness.hu\/en\/shop\/masszazs-wellness-kezelesek\/mezes-masszazs-25-perc\/","title":{"rendered":"Honey massage 25 minutes"},"content":{"rendered":"<p data-renderer-start-pos=\"16\">The honey massage is not a traditional, relaxing treatment. It is a <strong data-renderer-mark=\"true\">powerful, deep-acting therapy<\/strong>designed to detoxify the body, rejuvenate the skin, and boost circulation. Entry is not included.<\/p>\n<p data-renderer-start-pos=\"225\"><strong data-renderer-mark=\"true\">Important to know:<\/strong><br \/>\nThis massage <strong data-renderer-mark=\"true\">involves intensive and firm techniques,<\/strong> so it is not recommended if you\u2019re looking for relaxation or gentle touches \u2013 however, it is perfect if you seek a genuine, deep physical and mental cleansing.<\/p>\n<p data-renderer-start-pos=\"458\">This treatment does not grant entry.\nA separate admission ticket is required to access the fitness and wellness complex. The voucher can be redeemed within 3 months from the date of purchase.<\/p>","protected":false},"excerpt":{"rendered":"<p>A m\u00e9zes massz\u00e1zs nem egy hagyom\u00e1nyos, pihentet\u0151 massz\u00e1zs. Ez egy er\u0151teljes, m\u00e9lyre hat\u00f3 kezel\u00e9s, amelynek c\u00e9lja a szervezet m\u00e9regtelen\u00edt\u00e9se, a b\u0151r meg\u00faj\u00edt\u00e1sa \u00e9s a v\u00e9rkering\u00e9s fokoz\u00e1sa. Bel\u00e9p\u00e9sre nem jogos\u00edt. Fontos tudni: Ez a massz\u00e1zs intenz\u00edv \u00e9s hat\u00e1rozott technik\u00e1val t\u00f6rt\u00e9nik, ez\u00e9rt nem aj\u00e1nlott, ha pihen\u00e9sre, laz\u00edt\u00e1sra vagy finom \u00e9rint\u00e9sekre v\u00e1gysz \u2013 viszont t\u00f6k\u00e9letes, ha val\u00f3di, m\u00e9lyrehat\u00f3 [&hellip;]<\/p>\n","protected":false},"featured_media":5814,"comment_status":"open","ping_status":"closed","template":"","meta":{"_acf_changed":false},"product_brand":[],"product_cat":[97],"product_tag":[],"class_list":{"0":"post-17021","1":"product","2":"type-product","3":"status-publish","4":"has-post-thumbnail","6":"product_cat-masszazs-wellness-kezelesek","8":"first","9":"instock","10":"virtual","11":"taxable","12":"purchasable","13":"product-type-simple"},"acf":[],"_links":{"self":[{"href":"https:\/\/oxygenwellness.hu\/en\/wp-json\/wp\/v2\/product\/17021","targetHints":{"allow":["GET"]}}],"collection":[{"href":"https:\/\/oxygenwellness.hu\/en\/wp-json\/wp\/v2\/product"}],"about":[{"href":"https:\/\/oxygenwellness.hu\/en\/wp-json\/wp\/v2\/types\/product"}],"replies":[{"embeddable":true,"href":"https:\/\/oxygenwellness.hu\/en\/wp-json\/wp\/v2\/comments?post=17021"}],"wp:featuredmedia":[{"embeddable":true,"href":"https:\/\/oxygenwellness.hu\/en\/wp-json\/wp\/v2\/media\/5814"}],"wp:attachment":[{"href":"https:\/\/oxygenwellness.hu\/en\/wp-json\/wp\/v2\/media?parent=17021"}],"wp:term":[{"taxonomy":"product_brand","embeddable":true,"href":"https:\/\/oxygenwellness.hu\/en\/wp-json\/wp\/v2\/product_brand?post=17021"},{"taxonomy":"product_cat","embeddable":true,"href":"https:\/\/oxygenwellness.hu\/en\/wp-json\/wp\/v2\/product_cat?post=17021"},{"taxonomy":"product_tag","embeddable":true,"href":"https:\/\/oxygenwellness.hu\/en\/wp-json\/wp\/v2\/product_tag?post=17021"}],"curies":[{"name":"wp","href":"https:\/\/api.w.org\/{rel}","templated":true}]}}