{"id":7307,"date":"2022-03-10T11:05:27","date_gmt":"2022-03-10T10:05:27","guid":{"rendered":"https:\/\/oxygenwellness.hu\/?page_id=7307"},"modified":"2022-09-10T19:11:04","modified_gmt":"2022-09-10T17:11:04","slug":"vajas-mate","status":"publish","type":"page","link":"https:\/\/oxygenwellness.hu\/en\/csapatunk\/vajas-mate\/","title":{"rendered":"VAJAS M\u00c1T\u00c9"},"content":{"rendered":"<div data-elementor-type=\"wp-page\" data-elementor-id=\"7307\" class=\"elementor elementor-7307\" data-elementor-post-type=\"page\">\n\t\t\t\t\t\t<section class=\"elementor-section elementor-top-section elementor-element elementor-element-47145640 elementor-section-boxed elementor-section-height-default elementor-section-height-default\" data-id=\"47145640\" data-element_type=\"section\" data-e-type=\"section\">\n\t\t\t\t\t\t<div class=\"elementor-container elementor-column-gap-default\">\n\t\t\t\t\t<div class=\"elementor-column elementor-col-50 elementor-top-column elementor-element elementor-element-15824c7e\" data-id=\"15824c7e\" data-element_type=\"column\" data-e-type=\"column\">\n\t\t\t<div class=\"elementor-widget-wrap elementor-element-populated\">\n\t\t\t\t\t\t<div class=\"elementor-element elementor-element-76695de elementor-widget elementor-widget-image\" data-id=\"76695de\" data-element_type=\"widget\" data-e-type=\"widget\" data-widget_type=\"image.default\">\n\t\t\t\t<div class=\"elementor-widget-container\">\n\t\t\t\t\t\t\t\t\t\t\t\t\t\t\t<img fetchpriority=\"high\" decoding=\"async\" width=\"1080\" height=\"1350\" src=\"https:\/\/oxygenwellness.hu\/wp-content\/uploads\/2022\/03\/oxygen-wellness-vajas-mate.jpg\" class=\"attachment-full size-full wp-image-7270\" alt=\"\" srcset=\"https:\/\/oxygenwellness.hu\/wp-content\/uploads\/2022\/03\/oxygen-wellness-vajas-mate.jpg 1080w, https:\/\/oxygenwellness.hu\/wp-content\/uploads\/2022\/03\/oxygen-wellness-vajas-mate-600x750.jpg 600w\" sizes=\"(max-width: 1080px) 100vw, 1080px\" \/>\t\t\t\t\t\t\t\t\t\t\t\t\t\t\t<\/div>\n\t\t\t\t<\/div>\n\t\t\t\t\t<\/div>\n\t\t<\/div>\n\t\t\t\t<div class=\"elementor-column elementor-col-50 elementor-top-column elementor-element elementor-element-7ad859c1\" data-id=\"7ad859c1\" data-element_type=\"column\" data-e-type=\"column\">\n\t\t\t<div class=\"elementor-widget-wrap elementor-element-populated\">\n\t\t\t\t\t\t<div class=\"elementor-element elementor-element-3e38bd4b elementor-widget elementor-widget-heading\" data-id=\"3e38bd4b\" data-element_type=\"widget\" data-e-type=\"widget\" data-widget_type=\"heading.default\">\n\t\t\t\t<div class=\"elementor-widget-container\">\n\t\t\t\t\t<h2 class=\"elementor-heading-title elementor-size-default\">Vajas M\u00e1t\u00e9<\/h2>\t\t\t\t<\/div>\n\t\t\t\t<\/div>\n\t\t\t\t<div class=\"elementor-element elementor-element-1a18be47 elementor-widget elementor-widget-text-editor\" data-id=\"1a18be47\" data-element_type=\"widget\" data-e-type=\"widget\" data-widget_type=\"text-editor.default\">\n\t\t\t\t<div class=\"elementor-widget-container\">\n\t\t\t\t\t\t\t\t\t<p>PERSONAL TRAINER<\/p>\t\t\t\t\t\t\t\t<\/div>\n\t\t\t\t<\/div>\n\t\t\t\t<div class=\"elementor-element elementor-element-575583b4 elementor-widget elementor-widget-text-editor\" data-id=\"575583b4\" data-element_type=\"widget\" data-e-type=\"widget\" data-widget_type=\"text-editor.default\">\n\t\t\t\t<div class=\"elementor-widget-container\">\n\t\t\t\t\t\t\t\t\t<p>A Testnevel\u00e9si Egyetem rekre\u00e1ci\u00f3szervez\u00e9s \u00e9s eg\u00e9szs\u00e9gfejleszt\u0151 szak\u00e1n diplom\u00e1ztam.<\/p>\t\t\t\t\t\t\t\t<\/div>\n\t\t\t\t<\/div>\n\t\t\t\t<div class=\"elementor-element elementor-element-77168901 elementor-widget elementor-widget-button\" data-id=\"77168901\" data-element_type=\"widget\" data-e-type=\"widget\" data-widget_type=\"button.default\">\n\t\t\t\t<div class=\"elementor-widget-container\">\n\t\t\t\t\t\t\t\t\t<div class=\"elementor-button-wrapper\">\n\t\t\t\t\t<a class=\"elementor-button elementor-button-link elementor-size-sm elementor-animation-shrink\" href=\"#le\">\n\t\t\t\t\t\t<span class=\"elementor-button-content-wrapper\">\n\t\t\t\t\t\t\t\t\t<span class=\"elementor-button-text\">MORE ABOUT ME<\/span>\n\t\t\t\t\t<\/span>\n\t\t\t\t\t<\/a>\n\t\t\t\t<\/div>\n\t\t\t\t\t\t\t\t<\/div>\n\t\t\t\t<\/div>\n\t\t\t\t\t<\/div>\n\t\t<\/div>\n\t\t\t\t\t<\/div>\n\t\t<\/section>\n\t\t\t\t<section class=\"elementor-section elementor-top-section elementor-element elementor-element-1e1e9d3a elementor-section-boxed elementor-section-height-default elementor-section-height-default\" data-id=\"1e1e9d3a\" data-element_type=\"section\" data-e-type=\"section\" id=\"le\">\n\t\t\t\t\t\t<div class=\"elementor-container elementor-column-gap-default\">\n\t\t\t\t\t<div class=\"elementor-column elementor-col-100 elementor-top-column elementor-element elementor-element-3da87c48\" data-id=\"3da87c48\" data-element_type=\"column\" data-e-type=\"column\">\n\t\t\t<div class=\"elementor-widget-wrap elementor-element-populated\">\n\t\t\t\t\t\t<div class=\"elementor-element elementor-element-798647e elementor-widget elementor-widget-heading\" data-id=\"798647e\" data-element_type=\"widget\" data-e-type=\"widget\" data-widget_type=\"heading.default\">\n\t\t\t\t<div class=\"elementor-widget-container\">\n\t\t\t\t\t<h2 class=\"elementor-heading-title elementor-size-default\">ABOUT ME<\/h2>\t\t\t\t<\/div>\n\t\t\t\t<\/div>\n\t\t\t\t<div class=\"elementor-element elementor-element-16b5c401 elementor-widget elementor-widget-text-editor\" data-id=\"16b5c401\" data-element_type=\"widget\" data-e-type=\"widget\" data-widget_type=\"text-editor.default\">\n\t\t\t\t<div class=\"elementor-widget-container\">\n\t\t\t\t\t\t\t\t\t<p>Az egyetemi tanulm\u00e1nyaim alatt fontosnak \u00e9reztem, hogy tud\u00e1somat m\u00e1s k\u00e9pz\u00e9sekkel is fejlesszem. Tanultam j\u00f3ga alapokat, gerinc j\u00f3ga k\u00e9pes\u00edt\u00e9st szereztem, emellett elv\u00e9geztem a szem\u00e9lyi edz\u0151 k\u00e9pz\u00e9st is az er\u0151emel\u00e9sre specializ\u00e1l\u00f3dva. Alapfiloz\u00f3fi\u00e1m, hogy az ember sz\u00fclet\u00e9s\u00e9t\u0151l fogva mozg\u00e1sra sz\u00fcletett, \u00edgy kiemelked\u0151 c\u00e9lomnak tartom, hogy a rendszeres mozg\u00e1s be\u00e9p\u00fclj\u00f6n mindenki \u00e9let\u00e9be f\u00fcggetlen kort\u00f3l, nemt\u0151l. Az eg\u00e9szs\u00e9ges optim\u00e1lisan m\u0171k\u00f6d\u0151 \u00e9s j\u00f3l funkcion\u00e1l\u00f3 test az els\u0151 rend\u0171 c\u00e9l, melyet egy\u00e9nre szabott edz\u00e9ssel, fokozatoss\u00e1ggal \u00e9s funkcion\u00e1lis mozg\u00e1smint\u00e1kkal \u00e9p\u00edtek fel. Az edz\u00e9sek mellett \u00e9letviteli \u00e9s t\u00e1pl\u00e1lkoz\u00e1si tan\u00e1csokkal tudom seg\u00edteni a vend\u00e9gem teljes k\u00f6r\u0171 testi \u00e9s szellemi eg\u00e9szs\u00e9g\u00e9t.<\/p>\t\t\t\t\t\t\t\t<\/div>\n\t\t\t\t<\/div>\n\t\t\t\t\t<\/div>\n\t\t<\/div>\n\t\t\t\t\t<\/div>\n\t\t<\/section>\n\t\t\t\t<section class=\"elementor-section elementor-top-section elementor-element elementor-element-43625fe4 elementor-section-boxed elementor-section-height-default elementor-section-height-default\" data-id=\"43625fe4\" data-element_type=\"section\" data-e-type=\"section\">\n\t\t\t\t\t\t<div class=\"elementor-container elementor-column-gap-default\">\n\t\t\t\t\t<div class=\"elementor-column elementor-col-100 elementor-top-column elementor-element elementor-element-7ee4e8df\" data-id=\"7ee4e8df\" data-element_type=\"column\" data-e-type=\"column\">\n\t\t\t<div class=\"elementor-widget-wrap elementor-element-populated\">\n\t\t\t\t\t\t<div class=\"elementor-element elementor-element-ede3ccd elementor-widget elementor-widget-heading\" data-id=\"ede3ccd\" data-element_type=\"widget\" data-e-type=\"widget\" data-widget_type=\"heading.default\">\n\t\t\t\t<div class=\"elementor-widget-container\">\n\t\t\t\t\t<h2 class=\"elementor-heading-title elementor-size-default\">CONTACT<\/h2>\t\t\t\t<\/div>\n\t\t\t\t<\/div>\n\t\t\t\t<div class=\"elementor-element elementor-element-b8015e4 elementor-widget elementor-widget-text-editor\" data-id=\"b8015e4\" data-element_type=\"widget\" data-e-type=\"widget\" data-widget_type=\"text-editor.default\">\n\t\t\t\t<div class=\"elementor-widget-container\">\n\t\t\t\t\t\t\t\t\t<p>E-mail: <a href=\"mailto:vajasmate0504@gmail.com\" target=\"_blank\" rel=\"noopener\">vajasmate0504@gmail.com<\/a><\/p><p>Phone: <a href=\"tel:+36302596864\">+36 30 259 6864<\/a><\/p>\t\t\t\t\t\t\t\t<\/div>\n\t\t\t\t<\/div>\n\t\t\t\t\t<\/div>\n\t\t<\/div>\n\t\t\t\t\t<\/div>\n\t\t<\/section>\n\t\t\t\t<section class=\"elementor-section elementor-top-section elementor-element elementor-element-a7dd5a9 elementor-section-full_width elementor-section-height-default elementor-section-height-default\" data-id=\"a7dd5a9\" data-element_type=\"section\" data-e-type=\"section\">\n\t\t\t\t\t\t<div class=\"elementor-container elementor-column-gap-default\">\n\t\t\t\t\t<div class=\"elementor-column elementor-col-100 elementor-top-column elementor-element elementor-element-3230a4b\" data-id=\"3230a4b\" data-element_type=\"column\" data-e-type=\"column\">\n\t\t\t<div class=\"elementor-widget-wrap elementor-element-populated\">\n\t\t\t\t\t\t\t<\/div>\n\t\t<\/div>\n\t\t\t\t\t<\/div>\n\t\t<\/section>\n\t\t\t\t<\/div>","protected":false},"excerpt":{"rendered":"<p>Vajas M\u00e1t\u00e9 Szem\u00e9lyi edz\u0151 A Testnevel\u00e9si Egyetem rekre\u00e1ci\u00f3szervez\u00e9s \u00e9s eg\u00e9szs\u00e9gfejleszt\u0151 szak\u00e1n diplom\u00e1ztam. T\u00d6BBET R\u00d3LAM R\u00f3lam Az egyetemi tanulm\u00e1nyaim alatt fontosnak \u00e9reztem, hogy tud\u00e1somat m\u00e1s k\u00e9pz\u00e9sekkel is fejlesszem. Tanultam j\u00f3ga alapokat, gerinc j\u00f3ga k\u00e9pes\u00edt\u00e9st szereztem, emellett elv\u00e9geztem a szem\u00e9lyi edz\u0151 k\u00e9pz\u00e9st is az er\u0151emel\u00e9sre specializ\u00e1l\u00f3dva. Alapfiloz\u00f3fi\u00e1m, hogy az ember sz\u00fclet\u00e9s\u00e9t\u0151l fogva mozg\u00e1sra sz\u00fcletett, \u00edgy kiemelked\u0151 c\u00e9lomnak [&hellip;]<\/p>\n","protected":false},"author":3,"featured_media":0,"parent":3921,"menu_order":0,"comment_status":"closed","ping_status":"closed","template":"elementor_header_footer","meta":{"_acf_changed":false,"footnotes":""},"class_list":["post-7307","page","type-page","status-publish","hentry"],"acf":[],"_links":{"self":[{"href":"https:\/\/oxygenwellness.hu\/en\/wp-json\/wp\/v2\/pages\/7307","targetHints":{"allow":["GET"]}}],"collection":[{"href":"https:\/\/oxygenwellness.hu\/en\/wp-json\/wp\/v2\/pages"}],"about":[{"href":"https:\/\/oxygenwellness.hu\/en\/wp-json\/wp\/v2\/types\/page"}],"author":[{"embeddable":true,"href":"https:\/\/oxygenwellness.hu\/en\/wp-json\/wp\/v2\/users\/3"}],"replies":[{"embeddable":true,"href":"https:\/\/oxygenwellness.hu\/en\/wp-json\/wp\/v2\/comments?post=7307"}],"version-history":[{"count":0,"href":"https:\/\/oxygenwellness.hu\/en\/wp-json\/wp\/v2\/pages\/7307\/revisions"}],"up":[{"embeddable":true,"href":"https:\/\/oxygenwellness.hu\/en\/wp-json\/wp\/v2\/pages\/3921"}],"wp:attachment":[{"href":"https:\/\/oxygenwellness.hu\/en\/wp-json\/wp\/v2\/media?parent=7307"}],"curies":[{"name":"wp","href":"https:\/\/api.w.org\/{rel}","templated":true}]}}