{"id":7227,"date":"2022-03-10T10:19:06","date_gmt":"2022-03-10T09:19:06","guid":{"rendered":"https:\/\/oxygenwellness.hu\/?page_id=7227"},"modified":"2023-08-09T16:16:31","modified_gmt":"2023-08-09T14:16:31","slug":"karszki-katalin","status":"publish","type":"page","link":"https:\/\/oxygenwellness.hu\/en\/csapatunk\/karszki-katalin\/","title":{"rendered":"KATALIN KARSZKI"},"content":{"rendered":"<div data-elementor-type=\"wp-page\" data-elementor-id=\"7227\" class=\"elementor elementor-7227\" data-elementor-post-type=\"page\">\n\t\t\t\t\t\t<section class=\"elementor-section elementor-top-section elementor-element elementor-element-39138182 elementor-section-boxed elementor-section-height-default elementor-section-height-default\" data-id=\"39138182\" data-element_type=\"section\" data-e-type=\"section\">\n\t\t\t\t\t\t<div class=\"elementor-container elementor-column-gap-default\">\n\t\t\t\t\t<div class=\"elementor-column elementor-col-50 elementor-top-column elementor-element elementor-element-259d5e6\" data-id=\"259d5e6\" data-element_type=\"column\" data-e-type=\"column\">\n\t\t\t<div class=\"elementor-widget-wrap elementor-element-populated\">\n\t\t\t\t\t\t<div class=\"elementor-element elementor-element-76695de elementor-widget elementor-widget-image\" data-id=\"76695de\" data-element_type=\"widget\" data-e-type=\"widget\" data-widget_type=\"image.default\">\n\t\t\t\t<div class=\"elementor-widget-container\">\n\t\t\t\t\t\t\t\t\t\t\t\t\t\t\t<img fetchpriority=\"high\" decoding=\"async\" width=\"800\" height=\"1000\" src=\"https:\/\/oxygenwellness.hu\/wp-content\/uploads\/2022\/03\/oxygen-wellness-karszki-katalin.jpg\" class=\"attachment-large size-large wp-image-7220\" alt=\"\" srcset=\"https:\/\/oxygenwellness.hu\/wp-content\/uploads\/2022\/03\/oxygen-wellness-karszki-katalin.jpg 1080w, https:\/\/oxygenwellness.hu\/wp-content\/uploads\/2022\/03\/oxygen-wellness-karszki-katalin-600x750.jpg 600w\" sizes=\"(max-width: 800px) 100vw, 800px\" \/>\t\t\t\t\t\t\t\t\t\t\t\t\t\t\t<\/div>\n\t\t\t\t<\/div>\n\t\t\t\t\t<\/div>\n\t\t<\/div>\n\t\t\t\t<div class=\"elementor-column elementor-col-50 elementor-top-column elementor-element elementor-element-55069ab2\" data-id=\"55069ab2\" data-element_type=\"column\" data-e-type=\"column\">\n\t\t\t<div class=\"elementor-widget-wrap elementor-element-populated\">\n\t\t\t\t\t\t<div class=\"elementor-element elementor-element-9b484d0 elementor-widget elementor-widget-heading\" data-id=\"9b484d0\" data-element_type=\"widget\" data-e-type=\"widget\" data-widget_type=\"heading.default\">\n\t\t\t\t<div class=\"elementor-widget-container\">\n\t\t\t\t\t<h2 class=\"elementor-heading-title elementor-size-default\">KATALIN KARSZKI<\/h2>\t\t\t\t<\/div>\n\t\t\t\t<\/div>\n\t\t\t\t<div class=\"elementor-element elementor-element-7331024f elementor-widget elementor-widget-text-editor\" data-id=\"7331024f\" data-element_type=\"widget\" data-e-type=\"widget\" data-widget_type=\"text-editor.default\">\n\t\t\t\t<div class=\"elementor-widget-container\">\n\t\t\t\t\t\t\t\t\t<p>PERSONAL TRAINER &amp; AEROBICS INSTRUCTOR<\/p>\t\t\t\t\t\t\t\t<\/div>\n\t\t\t\t<\/div>\n\t\t\t\t<div class=\"elementor-element elementor-element-25989139 elementor-widget elementor-widget-button\" data-id=\"25989139\" data-element_type=\"widget\" data-e-type=\"widget\" data-widget_type=\"button.default\">\n\t\t\t\t<div class=\"elementor-widget-container\">\n\t\t\t\t\t\t\t\t\t<div class=\"elementor-button-wrapper\">\n\t\t\t\t\t<a class=\"elementor-button elementor-button-link elementor-size-sm elementor-animation-shrink\" href=\"#le\">\n\t\t\t\t\t\t<span class=\"elementor-button-content-wrapper\">\n\t\t\t\t\t\t\t\t\t<span class=\"elementor-button-text\">MORE ABOUT ME<\/span>\n\t\t\t\t\t<\/span>\n\t\t\t\t\t<\/a>\n\t\t\t\t<\/div>\n\t\t\t\t\t\t\t\t<\/div>\n\t\t\t\t<\/div>\n\t\t\t\t\t<\/div>\n\t\t<\/div>\n\t\t\t\t\t<\/div>\n\t\t<\/section>\n\t\t\t\t<section class=\"elementor-section elementor-top-section elementor-element elementor-element-54dcfae3 elementor-section-boxed elementor-section-height-default elementor-section-height-default\" data-id=\"54dcfae3\" data-element_type=\"section\" data-e-type=\"section\">\n\t\t\t\t\t\t<div class=\"elementor-container elementor-column-gap-default\">\n\t\t\t\t\t<div class=\"elementor-column elementor-col-50 elementor-top-column elementor-element elementor-element-72da811b\" data-id=\"72da811b\" data-element_type=\"column\" data-e-type=\"column\">\n\t\t\t<div class=\"elementor-widget-wrap elementor-element-populated\">\n\t\t\t\t\t\t<div class=\"elementor-element elementor-element-bffb3d4 elementor-widget elementor-widget-heading\" data-id=\"bffb3d4\" data-element_type=\"widget\" data-e-type=\"widget\" data-widget_type=\"heading.default\">\n\t\t\t\t<div class=\"elementor-widget-container\">\n\t\t\t\t\t<h2 class=\"elementor-heading-title elementor-size-default\">QUALIFICATIONS<\/h2>\t\t\t\t<\/div>\n\t\t\t\t<\/div>\n\t\t\t\t<div class=\"elementor-element elementor-element-5172e1f4 elementor-widget elementor-widget-text-editor\" data-id=\"5172e1f4\" data-element_type=\"widget\" data-e-type=\"widget\" data-widget_type=\"text-editor.default\">\n\t\t\t\t<div class=\"elementor-widget-container\">\n\t\t\t\t\t\t\t\t\t<p class=\"mkdf-st-text\">- McKenzie AB <br \/>- TF aerobics instructor training <br \/>- IWI preventive spine trainer, x-co, flexi-bar trainer <br \/>- SOTE College of Health Sciences physiotherapist diploma <br \/>- IWI personal trainer <br \/>- Neck stabilization techniques<\/p>\t\t\t\t\t\t\t\t<\/div>\n\t\t\t\t<\/div>\n\t\t\t\t\t<\/div>\n\t\t<\/div>\n\t\t\t\t<div class=\"elementor-column elementor-col-50 elementor-top-column elementor-element elementor-element-4fbd4a9e\" data-id=\"4fbd4a9e\" data-element_type=\"column\" data-e-type=\"column\" data-settings=\"{&quot;background_background&quot;:&quot;classic&quot;}\">\n\t\t\t<div class=\"elementor-widget-wrap elementor-element-populated\">\n\t\t\t\t\t\t<div class=\"elementor-element elementor-element-46b174f4 elementor-widget elementor-widget-heading\" data-id=\"46b174f4\" data-element_type=\"widget\" data-e-type=\"widget\" data-widget_type=\"heading.default\">\n\t\t\t\t<div class=\"elementor-widget-container\">\n\t\t\t\t\t<h2 class=\"elementor-heading-title elementor-size-default\">MAIN PROFILES<\/h2>\t\t\t\t<\/div>\n\t\t\t\t<\/div>\n\t\t\t\t<div class=\"elementor-element elementor-element-f2b4511 elementor-widget elementor-widget-text-editor\" data-id=\"f2b4511\" data-element_type=\"widget\" data-e-type=\"widget\" data-widget_type=\"text-editor.default\">\n\t\t\t\t<div class=\"elementor-widget-container\">\n\t\t\t\t\t\t\t\t\t<p class=\"mkdf-st-text\">- Simple shaping training <br \/>- Interval biceps <br \/>- General strengthening of skeletal muscles <br \/>- Preventive aspects <br \/>- Muscle control, muscle awareness development<\/p>\t\t\t\t\t\t\t\t<\/div>\n\t\t\t\t<\/div>\n\t\t\t\t\t<\/div>\n\t\t<\/div>\n\t\t\t\t\t<\/div>\n\t\t<\/section>\n\t\t\t\t<section class=\"elementor-section elementor-top-section elementor-element elementor-element-37fe1be1 elementor-section-boxed elementor-section-height-default elementor-section-height-default\" data-id=\"37fe1be1\" data-element_type=\"section\" data-e-type=\"section\">\n\t\t\t\t\t\t<div class=\"elementor-container elementor-column-gap-default\">\n\t\t\t\t\t<div class=\"elementor-column elementor-col-100 elementor-top-column elementor-element elementor-element-7c8078b0\" data-id=\"7c8078b0\" data-element_type=\"column\" data-e-type=\"column\">\n\t\t\t<div class=\"elementor-widget-wrap elementor-element-populated\">\n\t\t\t\t\t\t<div class=\"elementor-element elementor-element-bd08680 elementor-widget elementor-widget-heading\" data-id=\"bd08680\" data-element_type=\"widget\" data-e-type=\"widget\" data-widget_type=\"heading.default\">\n\t\t\t\t<div class=\"elementor-widget-container\">\n\t\t\t\t\t<h2 class=\"elementor-heading-title elementor-size-default\">CONTACT<\/h2>\t\t\t\t<\/div>\n\t\t\t\t<\/div>\n\t\t\t\t<div class=\"elementor-element elementor-element-bec72e9 elementor-widget elementor-widget-text-editor\" data-id=\"bec72e9\" data-element_type=\"widget\" data-e-type=\"widget\" data-widget_type=\"text-editor.default\">\n\t\t\t\t<div class=\"elementor-widget-container\">\n\t\t\t\t\t\t\t\t\t<p>E-mail: <a href=\"mailto:karszki@gmail.com\">karszki@gmail.com<\/a><\/p><p>Phone: <a href=\"tel:+36304686420\">+36 30 468 6420<\/a><\/p>\t\t\t\t\t\t\t\t<\/div>\n\t\t\t\t<\/div>\n\t\t\t\t\t<\/div>\n\t\t<\/div>\n\t\t\t\t\t<\/div>\n\t\t<\/section>\n\t\t\t\t<section class=\"elementor-section elementor-top-section elementor-element elementor-element-a7dd5a9 elementor-section-full_width elementor-section-height-default elementor-section-height-default\" data-id=\"a7dd5a9\" data-element_type=\"section\" data-e-type=\"section\">\n\t\t\t\t\t\t<div class=\"elementor-container elementor-column-gap-default\">\n\t\t\t\t\t<div class=\"elementor-column elementor-col-100 elementor-top-column elementor-element elementor-element-3230a4b\" data-id=\"3230a4b\" data-element_type=\"column\" data-e-type=\"column\">\n\t\t\t<div class=\"elementor-widget-wrap elementor-element-populated\">\n\t\t\t\t\t\t\t<\/div>\n\t\t<\/div>\n\t\t\t\t\t<\/div>\n\t\t<\/section>\n\t\t\t\t<\/div>","protected":false},"excerpt":{"rendered":"<p>KARSZKI KATALIN SZEM\u00c9LYI EDZ\u0150 &amp; AEROBIK OKTAT\u00d3 T\u00d6BBET R\u00d3LAM V\u00c9GZETTS\u00c9GEK &#8211; McKenzie AB &#8211; TF aerobic oktat\u00f3i k\u00e9pz\u00e9s &#8211; IWI prevent\u00edv gerinctr\u00e9ner,x-co,flexi-bar edz\u0151 &#8211; SOTE Eg\u00e9szs\u00e9g\u00fcgyi F\u0151iskola gy\u00f3gytorn\u00e1sz diploma &#8211; IWI personal trainer &#8211; Nyaki stabiliz\u00e1ci\u00f3s technik\u00e1k F\u0151 profilok &#8211; Egyszer\u0171 alakform\u00e1l\u00f3 \u00f3ra &#8211; Intervall kondi &#8211; V\u00e1zizmok \u00e1ltal\u00e1nos er\u0151s\u00edt\u00e9se &#8211; Prevent\u00edv szempontok &#8211; Izomkontroll, [&hellip;]<\/p>\n","protected":false},"author":3,"featured_media":0,"parent":3921,"menu_order":0,"comment_status":"closed","ping_status":"closed","template":"elementor_header_footer","meta":{"_acf_changed":false,"footnotes":""},"class_list":["post-7227","page","type-page","status-publish","hentry"],"acf":[],"_links":{"self":[{"href":"https:\/\/oxygenwellness.hu\/en\/wp-json\/wp\/v2\/pages\/7227","targetHints":{"allow":["GET"]}}],"collection":[{"href":"https:\/\/oxygenwellness.hu\/en\/wp-json\/wp\/v2\/pages"}],"about":[{"href":"https:\/\/oxygenwellness.hu\/en\/wp-json\/wp\/v2\/types\/page"}],"author":[{"embeddable":true,"href":"https:\/\/oxygenwellness.hu\/en\/wp-json\/wp\/v2\/users\/3"}],"replies":[{"embeddable":true,"href":"https:\/\/oxygenwellness.hu\/en\/wp-json\/wp\/v2\/comments?post=7227"}],"version-history":[{"count":0,"href":"https:\/\/oxygenwellness.hu\/en\/wp-json\/wp\/v2\/pages\/7227\/revisions"}],"up":[{"embeddable":true,"href":"https:\/\/oxygenwellness.hu\/en\/wp-json\/wp\/v2\/pages\/3921"}],"wp:attachment":[{"href":"https:\/\/oxygenwellness.hu\/en\/wp-json\/wp\/v2\/media?parent=7227"}],"curies":[{"name":"wp","href":"https:\/\/api.w.org\/{rel}","templated":true}]}}