{"id":5527,"date":"2021-11-29T11:13:21","date_gmt":"2021-11-29T10:13:21","guid":{"rendered":"https:\/\/oxygenwellness.hu\/?page_id=5527"},"modified":"2025-05-19T10:56:57","modified_gmt":"2025-05-19T08:56:57","slug":"jatszohaz","status":"publish","type":"page","link":"https:\/\/oxygenwellness.hu\/en\/jatszohaz\/","title":{"rendered":"PLAYHOUSE"},"content":{"rendered":"<div data-elementor-type=\"wp-page\" data-elementor-id=\"5527\" class=\"elementor elementor-5527\" data-elementor-post-type=\"page\">\n\t\t\t\t\t\t<section class=\"elementor-section elementor-top-section elementor-element elementor-element-7b0ae0de elementor-section-full_width elementor-section-stretched elementor-reverse-tablet elementor-reverse-mobile elementor-hidden-tablet elementor-hidden-mobile elementor-section-height-default elementor-section-height-default\" data-id=\"7b0ae0de\" data-element_type=\"section\" data-e-type=\"section\" data-settings=\"{&quot;stretch_section&quot;:&quot;section-stretched&quot;}\">\n\t\t\t\t\t\t<div class=\"elementor-container elementor-column-gap-default\">\n\t\t\t\t\t<div class=\"elementor-column elementor-col-100 elementor-top-column elementor-element elementor-element-6577fa4c\" data-id=\"6577fa4c\" data-element_type=\"column\" data-e-type=\"column\">\n\t\t\t<div class=\"elementor-widget-wrap elementor-element-populated\">\n\t\t\t\t\t\t<div class=\"elementor-element elementor-element-77e4cf4d elementor--h-position-center elementor--v-position-middle elementor-widget elementor-widget-slides\" data-id=\"77e4cf4d\" data-element_type=\"widget\" data-e-type=\"widget\" data-settings=\"{&quot;navigation&quot;:&quot;none&quot;,&quot;autoplay_speed&quot;:4000,&quot;transition&quot;:&quot;fade&quot;,&quot;autoplay&quot;:&quot;yes&quot;,&quot;infinite&quot;:&quot;yes&quot;,&quot;transition_speed&quot;:500}\" data-widget_type=\"slides.default\">\n\t\t\t\t<div class=\"elementor-widget-container\">\n\t\t\t\t\t\t\t\t\t<div class=\"elementor-swiper\">\n\t\t\t\t\t<div class=\"elementor-slides-wrapper elementor-main-swiper swiper\" role=\"region\" aria-roledescription=\"carousel\" aria-label=\"Di\u00e1k\" dir=\"ltr\" data-animation=\"fadeInUp\">\n\t\t\t\t<div class=\"swiper-wrapper elementor-slides\">\n\t\t\t\t\t\t\t\t\t\t<div class=\"elementor-repeater-item-5878529 swiper-slide\" role=\"group\" aria-roledescription=\"slide\"><div class=\"swiper-slide-bg\" role=\"img\" aria-label=\"oxygen-wellness-jatszohaz-1\"><\/div><div class=\"elementor-background-overlay\"><\/div><div class=\"swiper-slide-inner\" ><div class=\"swiper-slide-contents\"><div class=\"elementor-slide-heading\">PLAYHOUSE<\/div><div class=\"elementor-slide-description\">Unforgettable entertainment for children!<\/div><\/div><\/div><\/div>\t\t\t\t<\/div>\n\t\t\t\t\t\t\t<\/div>\n\t\t\t\t<\/div>\n\t\t\t\t\t\t\t\t<\/div>\n\t\t\t\t<\/div>\n\t\t\t\t\t<\/div>\n\t\t<\/div>\n\t\t\t\t\t<\/div>\n\t\t<\/section>\n\t\t\t\t<section class=\"elementor-section elementor-top-section elementor-element elementor-element-9a4b766 elementor-section-full_width elementor-section-stretched elementor-hidden-desktop elementor-section-height-default elementor-section-height-default\" data-id=\"9a4b766\" data-element_type=\"section\" data-e-type=\"section\" data-settings=\"{&quot;stretch_section&quot;:&quot;section-stretched&quot;,&quot;background_background&quot;:&quot;classic&quot;}\">\n\t\t\t\t\t\t<div class=\"elementor-container elementor-column-gap-default\">\n\t\t\t\t\t<div class=\"elementor-column elementor-col-100 elementor-top-column elementor-element elementor-element-744552f3\" data-id=\"744552f3\" data-element_type=\"column\" data-e-type=\"column\" data-settings=\"{&quot;background_background&quot;:&quot;classic&quot;}\">\n\t\t\t<div class=\"elementor-widget-wrap elementor-element-populated\">\n\t\t\t\t\t\t<div class=\"elementor-element elementor-element-c5294b0 elementor--h-position-center elementor--v-position-middle elementor-widget elementor-widget-slides\" data-id=\"c5294b0\" data-element_type=\"widget\" data-e-type=\"widget\" data-settings=\"{&quot;navigation&quot;:&quot;none&quot;,&quot;autoplay_speed&quot;:4000,&quot;transition&quot;:&quot;fade&quot;,&quot;autoplay&quot;:&quot;yes&quot;,&quot;infinite&quot;:&quot;yes&quot;,&quot;transition_speed&quot;:500}\" data-widget_type=\"slides.default\">\n\t\t\t\t<div class=\"elementor-widget-container\">\n\t\t\t\t\t\t\t\t\t<div class=\"elementor-swiper\">\n\t\t\t\t\t<div class=\"elementor-slides-wrapper elementor-main-swiper swiper\" role=\"region\" aria-roledescription=\"carousel\" aria-label=\"Di\u00e1k\" dir=\"ltr\" data-animation=\"fadeInUp\">\n\t\t\t\t<div class=\"swiper-wrapper elementor-slides\">\n\t\t\t\t\t\t\t\t\t\t<div class=\"elementor-repeater-item-5878529 swiper-slide\" role=\"group\" aria-roledescription=\"slide\"><div class=\"swiper-slide-bg\" role=\"img\" aria-label=\"oxygen-wellness-jatszohaz-1\"><\/div><div class=\"elementor-background-overlay\"><\/div><div class=\"swiper-slide-inner\" ><div class=\"swiper-slide-contents\"><div class=\"elementor-slide-heading\">PLAYHOUSE<\/div><div class=\"elementor-slide-description\">Unforgettable entertainment for children!<\/div><\/div><\/div><\/div>\t\t\t\t<\/div>\n\t\t\t\t\t\t\t<\/div>\n\t\t\t\t<\/div>\n\t\t\t\t\t\t\t\t<\/div>\n\t\t\t\t<\/div>\n\t\t\t\t\t<\/div>\n\t\t<\/div>\n\t\t\t\t\t<\/div>\n\t\t<\/section>\n\t\t\t\t<section class=\"elementor-section elementor-top-section elementor-element elementor-element-a62babc elementor-section-full_width elementor-section-stretched elementor-section-height-default elementor-section-height-default\" data-id=\"a62babc\" data-element_type=\"section\" data-e-type=\"section\" data-settings=\"{&quot;stretch_section&quot;:&quot;section-stretched&quot;}\">\n\t\t\t\t\t\t<div class=\"elementor-container elementor-column-gap-default\">\n\t\t\t\t\t<div class=\"elementor-column elementor-col-100 elementor-top-column elementor-element elementor-element-54e01efb\" data-id=\"54e01efb\" data-element_type=\"column\" data-e-type=\"column\">\n\t\t\t<div class=\"elementor-widget-wrap elementor-element-populated\">\n\t\t\t\t\t\t\t<\/div>\n\t\t<\/div>\n\t\t\t\t\t<\/div>\n\t\t<\/section>\n\t\t\t\t<section class=\"elementor-section elementor-top-section elementor-element elementor-element-adf51c8 elementor-section-stretched elementor-section-boxed elementor-section-height-default elementor-section-height-default\" data-id=\"adf51c8\" data-element_type=\"section\" data-e-type=\"section\" data-settings=\"{&quot;stretch_section&quot;:&quot;section-stretched&quot;}\">\n\t\t\t\t\t\t<div class=\"elementor-container elementor-column-gap-default\">\n\t\t\t\t\t<div class=\"elementor-column elementor-col-50 elementor-top-column elementor-element elementor-element-f8b66ad\" data-id=\"f8b66ad\" data-element_type=\"column\" data-e-type=\"column\">\n\t\t\t<div class=\"elementor-widget-wrap elementor-element-populated\">\n\t\t\t\t\t\t<div class=\"elementor-element elementor-element-aef4135 elementor-widget elementor-widget-image\" data-id=\"aef4135\" data-element_type=\"widget\" data-e-type=\"widget\" data-widget_type=\"image.default\">\n\t\t\t\t<div class=\"elementor-widget-container\">\n\t\t\t\t\t\t\t\t\t\t\t\t\t\t\t<img fetchpriority=\"high\" decoding=\"async\" width=\"800\" height=\"450\" src=\"https:\/\/oxygenwellness.hu\/wp-content\/uploads\/2025\/04\/oxygen-wellness-jatszohaz-1-1024x576.webp\" class=\"attachment-large size-large wp-image-22352\" alt=\"\" srcset=\"https:\/\/oxygenwellness.hu\/wp-content\/uploads\/2025\/04\/oxygen-wellness-jatszohaz-1-1024x576.webp 1024w, https:\/\/oxygenwellness.hu\/wp-content\/uploads\/2025\/04\/oxygen-wellness-jatszohaz-1-700x394.webp 700w, https:\/\/oxygenwellness.hu\/wp-content\/uploads\/2025\/04\/oxygen-wellness-jatszohaz-1-768x432.webp 768w, https:\/\/oxygenwellness.hu\/wp-content\/uploads\/2025\/04\/oxygen-wellness-jatszohaz-1-18x10.webp 18w, https:\/\/oxygenwellness.hu\/wp-content\/uploads\/2025\/04\/oxygen-wellness-jatszohaz-1-600x338.webp 600w, https:\/\/oxygenwellness.hu\/wp-content\/uploads\/2025\/04\/oxygen-wellness-jatszohaz-1.webp 1280w\" sizes=\"(max-width: 800px) 100vw, 800px\" \/>\t\t\t\t\t\t\t\t\t\t\t\t\t\t\t<\/div>\n\t\t\t\t<\/div>\n\t\t\t\t\t<\/div>\n\t\t<\/div>\n\t\t\t\t<div class=\"elementor-column elementor-col-50 elementor-top-column elementor-element elementor-element-5a170c3\" data-id=\"5a170c3\" data-element_type=\"column\" data-e-type=\"column\">\n\t\t\t<div class=\"elementor-widget-wrap elementor-element-populated\">\n\t\t\t\t\t\t<div class=\"elementor-element elementor-element-68a153e elementor-widget elementor-widget-heading\" data-id=\"68a153e\" data-element_type=\"widget\" data-e-type=\"widget\" data-widget_type=\"heading.default\">\n\t\t\t\t<div class=\"elementor-widget-container\">\n\t\t\t\t\t<h2 class=\"elementor-heading-title elementor-size-default\">OUR GOAL<\/h2>\t\t\t\t<\/div>\n\t\t\t\t<\/div>\n\t\t\t\t<div class=\"elementor-element elementor-element-3d27c837 elementor-widget elementor-widget-text-editor\" data-id=\"3d27c837\" data-element_type=\"widget\" data-e-type=\"widget\" data-widget_type=\"text-editor.default\">\n\t\t\t\t<div class=\"elementor-widget-container\">\n\t\t\t\t\t\t\t\t\t<p>J\u00c1TSZ\u00d3H\u00c1ZUNKAT A GYERMEKEK IG\u00c9NYEINEK MEGFELEL\u0150EN, SZERETHET\u0150 R\u00c9SZLETEKKEL ALAK\u00cdTOTTUK KI, HOGY BOLDOG PILLANATOKAT SZEREZHESSENEK AZ N\u00c1LUNK T\u00d6LT\u00d6TT ID\u0150 SOR\u00c1N.<br \/>\u00cdGY AM\u00cdG A SZ\u00dcL\u0150 EDZ, A GYEREK \u00d6NFELEDTEN SZ\u00d3RAKOZHAT EGY BIZTONS\u00c1GOS, KELLEMES T\u00c9RBEN.<\/p>\t\t\t\t\t\t\t\t<\/div>\n\t\t\t\t<\/div>\n\t\t\t\t\t<\/div>\n\t\t<\/div>\n\t\t\t\t\t<\/div>\n\t\t<\/section>\n\t\t\t\t<section class=\"elementor-section elementor-top-section elementor-element elementor-element-127de06 elementor-section-stretched elementor-section-boxed elementor-section-height-default elementor-section-height-default\" data-id=\"127de06\" data-element_type=\"section\" data-e-type=\"section\" data-settings=\"{&quot;stretch_section&quot;:&quot;section-stretched&quot;}\">\n\t\t\t\t\t\t<div class=\"elementor-container elementor-column-gap-default\">\n\t\t\t\t\t<div class=\"elementor-column elementor-col-50 elementor-top-column elementor-element elementor-element-1dbd65a\" data-id=\"1dbd65a\" data-element_type=\"column\" data-e-type=\"column\">\n\t\t\t<div class=\"elementor-widget-wrap elementor-element-populated\">\n\t\t\t\t\t\t<div class=\"elementor-element elementor-element-28656d0 elementor-widget elementor-widget-heading\" data-id=\"28656d0\" data-element_type=\"widget\" data-e-type=\"widget\" data-widget_type=\"heading.default\">\n\t\t\t\t<div class=\"elementor-widget-container\">\n\t\t\t\t\t<h2 class=\"elementor-heading-title elementor-size-default\">J\u00c1TSZ\u00d3H\u00c1ZUNKR\u00d3L<\/h2>\t\t\t\t<\/div>\n\t\t\t\t<\/div>\n\t\t\t\t<div class=\"elementor-element elementor-element-ac89bf2 elementor-widget elementor-widget-text-editor\" data-id=\"ac89bf2\" data-element_type=\"widget\" data-e-type=\"widget\" data-widget_type=\"text-editor.default\">\n\t\t\t\t<div class=\"elementor-widget-container\">\n\t\t\t\t\t\t\t\t\t<p>K\u00dcL\u00d6NF\u00c9LE K\u00c9SZS\u00c9GFEJLESZT\u0150 J\u00c1T\u00c9KOKKAL, KISKUNYH\u00d3VAL, T\u00c1RSASJ\u00c1T\u00c9KOKKAL, KISKAPUVAL, BABAH\u00c1ZZAL, TEREPASZTALLAL SZERELT\u00dcK FEL, HOGY GYERMEKE \u00d6NFELEDTEN J\u00c1TSZHASSON.<br \/>A KLASSZIKUS J\u00c1T\u00c9KOK MELLETT PLAYSTATION \u00c9S LCD TELEV\u00cdZI\u00d3 IS V\u00c1RJA A KICSIKET \u00c9S NAGYOBBAKAT EGYAR\u00c1NT.<\/p>\t\t\t\t\t\t\t\t<\/div>\n\t\t\t\t<\/div>\n\t\t\t\t\t<\/div>\n\t\t<\/div>\n\t\t\t\t<div class=\"elementor-column elementor-col-50 elementor-top-column elementor-element elementor-element-5141bab\" data-id=\"5141bab\" data-element_type=\"column\" data-e-type=\"column\">\n\t\t\t<div class=\"elementor-widget-wrap elementor-element-populated\">\n\t\t\t\t\t\t<div class=\"elementor-element elementor-element-9252e6d elementor-widget elementor-widget-image\" data-id=\"9252e6d\" data-element_type=\"widget\" data-e-type=\"widget\" data-widget_type=\"image.default\">\n\t\t\t\t<div class=\"elementor-widget-container\">\n\t\t\t\t\t\t\t\t\t\t\t\t\t\t\t<img decoding=\"async\" width=\"800\" height=\"450\" src=\"https:\/\/oxygenwellness.hu\/wp-content\/uploads\/2025\/04\/oxygen-wellness-jatszohaz-2-1024x576.webp\" class=\"attachment-large size-large wp-image-22353\" alt=\"\" srcset=\"https:\/\/oxygenwellness.hu\/wp-content\/uploads\/2025\/04\/oxygen-wellness-jatszohaz-2-1024x576.webp 1024w, https:\/\/oxygenwellness.hu\/wp-content\/uploads\/2025\/04\/oxygen-wellness-jatszohaz-2-700x394.webp 700w, https:\/\/oxygenwellness.hu\/wp-content\/uploads\/2025\/04\/oxygen-wellness-jatszohaz-2-768x432.webp 768w, https:\/\/oxygenwellness.hu\/wp-content\/uploads\/2025\/04\/oxygen-wellness-jatszohaz-2-18x10.webp 18w, https:\/\/oxygenwellness.hu\/wp-content\/uploads\/2025\/04\/oxygen-wellness-jatszohaz-2-600x338.webp 600w, https:\/\/oxygenwellness.hu\/wp-content\/uploads\/2025\/04\/oxygen-wellness-jatszohaz-2.webp 1280w\" sizes=\"(max-width: 800px) 100vw, 800px\" \/>\t\t\t\t\t\t\t\t\t\t\t\t\t\t\t<\/div>\n\t\t\t\t<\/div>\n\t\t\t\t\t<\/div>\n\t\t<\/div>\n\t\t\t\t\t<\/div>\n\t\t<\/section>\n\t\t\t\t<section class=\"elementor-section elementor-top-section elementor-element elementor-element-49cb7066 elementor-section-boxed elementor-section-height-default elementor-section-height-default\" data-id=\"49cb7066\" data-element_type=\"section\" data-e-type=\"section\">\n\t\t\t\t\t\t<div class=\"elementor-container elementor-column-gap-default\">\n\t\t\t\t\t<div class=\"elementor-column elementor-col-100 elementor-top-column elementor-element elementor-element-79db4db1\" data-id=\"79db4db1\" data-element_type=\"column\" data-e-type=\"column\">\n\t\t\t<div class=\"elementor-widget-wrap elementor-element-populated\">\n\t\t\t\t\t\t<div class=\"elementor-element elementor-element-eb95e66 elementor-widget elementor-widget-heading\" data-id=\"eb95e66\" data-element_type=\"widget\" data-e-type=\"widget\" data-widget_type=\"heading.default\">\n\t\t\t\t<div class=\"elementor-widget-container\">\n\t\t\t\t\t<h2 class=\"elementor-heading-title elementor-size-default\">OUR OPENING HOURS<\/h2>\t\t\t\t<\/div>\n\t\t\t\t<\/div>\n\t\t\t\t<div class=\"elementor-element elementor-element-0c88711 elementor-widget elementor-widget-text-editor\" data-id=\"0c88711\" data-element_type=\"widget\" data-e-type=\"widget\" data-widget_type=\"text-editor.default\">\n\t\t\t\t<div class=\"elementor-widget-container\">\n\t\t\t\t\t\t\t\t\t<p>H\u00c9TF\u0150 &#8211; CS\u00dcT\u00d6RT\u00d6K: 08:00-13:30 \u00c9S 15:30-19:30<br \/>P\u00c9NTEK: Z\u00c1RVA<br \/>SZOMBAT \u2013 VAS\u00c1RNAP: 08:00-14:00<\/p>\t\t\t\t\t\t\t\t<\/div>\n\t\t\t\t<\/div>\n\t\t\t\t\t<\/div>\n\t\t<\/div>\n\t\t\t\t\t<\/div>\n\t\t<\/section>\n\t\t\t\t<\/div>","protected":false},"excerpt":{"rendered":"<p>J\u00c1TSZ\u00d3H\u00c1Z\u00d6nfeledt sz\u00f3rakoz\u00e1s gyermekeknek! J\u00c1TSZ\u00d3H\u00c1Z\u00d6nfeledt sz\u00f3rakoz\u00e1s gyermekeknek! C\u00c9LUNK. J\u00c1TSZ\u00d3H\u00c1ZUNKAT A GYERMEKEK IG\u00c9NYEINEK MEGFELEL\u0150EN, SZERETHET\u0150 R\u00c9SZLETEKKEL ALAK\u00cdTOTTUK KI, HOGY BOLDOG PILLANATOKAT SZEREZHESSENEK AZ N\u00c1LUNK T\u00d6LT\u00d6TT ID\u0150 SOR\u00c1N.\u00cdGY AM\u00cdG A SZ\u00dcL\u0150 EDZ, A GYEREK \u00d6NFELEDTEN SZ\u00d3RAKOZHAT EGY BIZTONS\u00c1GOS, KELLEMES T\u00c9RBEN. J\u00c1TSZ\u00d3H\u00c1ZUNKR\u00d3L K\u00dcL\u00d6NF\u00c9LE K\u00c9SZS\u00c9GFEJLESZT\u0150 J\u00c1T\u00c9KOKKAL, KISKUNYH\u00d3VAL, T\u00c1RSASJ\u00c1T\u00c9KOKKAL, KISKAPUVAL, BABAH\u00c1ZZAL, TEREPASZTALLAL SZERELT\u00dcK FEL, HOGY GYERMEKE \u00d6NFELEDTEN J\u00c1TSZHASSON.A KLASSZIKUS J\u00c1T\u00c9KOK MELLETT [&hellip;]<\/p>\n","protected":false},"author":3,"featured_media":0,"parent":0,"menu_order":0,"comment_status":"closed","ping_status":"closed","template":"","meta":{"_acf_changed":false,"footnotes":""},"class_list":["post-5527","page","type-page","status-publish","hentry"],"acf":[],"_links":{"self":[{"href":"https:\/\/oxygenwellness.hu\/en\/wp-json\/wp\/v2\/pages\/5527","targetHints":{"allow":["GET"]}}],"collection":[{"href":"https:\/\/oxygenwellness.hu\/en\/wp-json\/wp\/v2\/pages"}],"about":[{"href":"https:\/\/oxygenwellness.hu\/en\/wp-json\/wp\/v2\/types\/page"}],"author":[{"embeddable":true,"href":"https:\/\/oxygenwellness.hu\/en\/wp-json\/wp\/v2\/users\/3"}],"replies":[{"embeddable":true,"href":"https:\/\/oxygenwellness.hu\/en\/wp-json\/wp\/v2\/comments?post=5527"}],"version-history":[{"count":0,"href":"https:\/\/oxygenwellness.hu\/en\/wp-json\/wp\/v2\/pages\/5527\/revisions"}],"wp:attachment":[{"href":"https:\/\/oxygenwellness.hu\/en\/wp-json\/wp\/v2\/media?parent=5527"}],"curies":[{"name":"wp","href":"https:\/\/api.w.org\/{rel}","templated":true}]}}