{"id":5374,"date":"2021-11-27T17:32:38","date_gmt":"2021-11-27T16:32:38","guid":{"rendered":"https:\/\/oxygenwellness.hu\/?page_id=5374"},"modified":"2023-08-09T13:05:44","modified_gmt":"2023-08-09T11:05:44","slug":"gogh-barbara","status":"publish","type":"page","link":"https:\/\/oxygenwellness.hu\/en\/csapatunk\/gogh-barbara\/","title":{"rendered":"G\u0150GH BARBARA"},"content":{"rendered":"<div data-elementor-type=\"wp-page\" data-elementor-id=\"5374\" class=\"elementor elementor-5374\" data-elementor-post-type=\"page\">\n\t\t\t\t\t\t<section class=\"elementor-section elementor-top-section elementor-element elementor-element-368e634f elementor-section-boxed elementor-section-height-default elementor-section-height-default\" data-id=\"368e634f\" data-element_type=\"section\" data-e-type=\"section\">\n\t\t\t\t\t\t<div class=\"elementor-container elementor-column-gap-default\">\n\t\t\t\t\t<div class=\"elementor-column elementor-col-50 elementor-top-column elementor-element elementor-element-67219434\" data-id=\"67219434\" data-element_type=\"column\" data-e-type=\"column\">\n\t\t\t<div class=\"elementor-widget-wrap elementor-element-populated\">\n\t\t\t\t\t\t<div class=\"elementor-element elementor-element-76695de elementor-widget elementor-widget-image\" data-id=\"76695de\" data-element_type=\"widget\" data-e-type=\"widget\" data-widget_type=\"image.default\">\n\t\t\t\t<div class=\"elementor-widget-container\">\n\t\t\t\t\t\t\t\t\t\t\t\t\t\t\t<img fetchpriority=\"high\" decoding=\"async\" width=\"800\" height=\"1000\" src=\"https:\/\/oxygenwellness.hu\/wp-content\/uploads\/2021\/11\/oxygen-wellness-naphegy-edzoink-26.jpg\" class=\"attachment-large size-large wp-image-5420\" alt=\"\" srcset=\"https:\/\/oxygenwellness.hu\/wp-content\/uploads\/2021\/11\/oxygen-wellness-naphegy-edzoink-26.jpg 1080w, https:\/\/oxygenwellness.hu\/wp-content\/uploads\/2021\/11\/oxygen-wellness-naphegy-edzoink-26-600x750.jpg 600w\" sizes=\"(max-width: 800px) 100vw, 800px\" \/>\t\t\t\t\t\t\t\t\t\t\t\t\t\t\t<\/div>\n\t\t\t\t<\/div>\n\t\t\t\t\t<\/div>\n\t\t<\/div>\n\t\t\t\t<div class=\"elementor-column elementor-col-50 elementor-top-column elementor-element elementor-element-3ff83004\" data-id=\"3ff83004\" data-element_type=\"column\" data-e-type=\"column\">\n\t\t\t<div class=\"elementor-widget-wrap elementor-element-populated\">\n\t\t\t\t\t\t<div class=\"elementor-element elementor-element-43ef4856 elementor-widget elementor-widget-heading\" data-id=\"43ef4856\" data-element_type=\"widget\" data-e-type=\"widget\" data-widget_type=\"heading.default\">\n\t\t\t\t<div class=\"elementor-widget-container\">\n\t\t\t\t\t<h2 class=\"elementor-heading-title elementor-size-default\">G\u0150GH BARBARA<\/h2>\t\t\t\t<\/div>\n\t\t\t\t<\/div>\n\t\t\t\t<div class=\"elementor-element elementor-element-9f1765e elementor-widget elementor-widget-text-editor\" data-id=\"9f1765e\" data-element_type=\"widget\" data-e-type=\"widget\" data-widget_type=\"text-editor.default\">\n\t\t\t\t<div class=\"elementor-widget-container\">\n\t\t\t\t\t\t\t\t\t<p>T\u00c1PL\u00c1LKOZ\u00c1SI TAN\u00c1CSAD\u00d3<\/p>\t\t\t\t\t\t\t\t<\/div>\n\t\t\t\t<\/div>\n\t\t\t\t<div class=\"elementor-element elementor-element-2c11bdcc elementor-widget elementor-widget-text-editor\" data-id=\"2c11bdcc\" data-element_type=\"widget\" data-e-type=\"widget\" data-widget_type=\"text-editor.default\">\n\t\t\t\t<div class=\"elementor-widget-container\">\n\t\t\t\t\t\t\t\t\t<p>C\u00e9lom, hogy seg\u00edts\u00e9get ny\u00fajtsak azoknak, akik az eg\u00e9szs\u00e9ges \u00e9letm\u00f3d vil\u00e1g\u00e1ban keresik a fenntarthat\u00f3 megold\u00e1sokat \u00e9s az egym\u00e1snak ellentmond\u00f3 inform\u00e1ci\u00f3k tenger\u00e9b\u0151l a kiutat.<\/p>\t\t\t\t\t\t\t\t<\/div>\n\t\t\t\t<\/div>\n\t\t\t\t<div class=\"elementor-element elementor-element-5f4568d4 elementor-widget elementor-widget-button\" data-id=\"5f4568d4\" data-element_type=\"widget\" data-e-type=\"widget\" data-widget_type=\"button.default\">\n\t\t\t\t<div class=\"elementor-widget-container\">\n\t\t\t\t\t\t\t\t\t<div class=\"elementor-button-wrapper\">\n\t\t\t\t\t<a class=\"elementor-button elementor-button-link elementor-size-sm elementor-animation-shrink\" href=\"#le\">\n\t\t\t\t\t\t<span class=\"elementor-button-content-wrapper\">\n\t\t\t\t\t\t\t\t\t<span class=\"elementor-button-text\">MORE ABOUT ME<\/span>\n\t\t\t\t\t<\/span>\n\t\t\t\t\t<\/a>\n\t\t\t\t<\/div>\n\t\t\t\t\t\t\t\t<\/div>\n\t\t\t\t<\/div>\n\t\t\t\t\t<\/div>\n\t\t<\/div>\n\t\t\t\t\t<\/div>\n\t\t<\/section>\n\t\t\t\t<section class=\"elementor-section elementor-top-section elementor-element elementor-element-36f260f7 elementor-section-boxed elementor-section-height-default elementor-section-height-default\" data-id=\"36f260f7\" data-element_type=\"section\" data-e-type=\"section\" id=\"le\">\n\t\t\t\t\t\t<div class=\"elementor-container elementor-column-gap-default\">\n\t\t\t\t\t<div class=\"elementor-column elementor-col-50 elementor-top-column elementor-element elementor-element-1b447337\" data-id=\"1b447337\" data-element_type=\"column\" data-e-type=\"column\">\n\t\t\t<div class=\"elementor-widget-wrap elementor-element-populated\">\n\t\t\t\t\t\t<div class=\"elementor-element elementor-element-5cffd5e5 elementor-widget elementor-widget-heading\" data-id=\"5cffd5e5\" data-element_type=\"widget\" data-e-type=\"widget\" data-widget_type=\"heading.default\">\n\t\t\t\t<div class=\"elementor-widget-container\">\n\t\t\t\t\t<h2 class=\"elementor-heading-title elementor-size-default\">ABOUT ME<\/h2>\t\t\t\t<\/div>\n\t\t\t\t<\/div>\n\t\t\t\t<div class=\"elementor-element elementor-element-abbb5da elementor-widget elementor-widget-text-editor\" data-id=\"abbb5da\" data-element_type=\"widget\" data-e-type=\"widget\" data-widget_type=\"text-editor.default\">\n\t\t\t\t<div class=\"elementor-widget-container\">\n\t\t\t\t\t\t\t\t\t<p>Eredetileg jog\u00e1sznak tanultam, majd a diploma megszerz\u00e9se ut\u00e1n -eg\u00e9szs\u00e9g\u00fcgyi probl\u00e9m\u00e1im miatt- eg\u00e9szen m\u00e1s ter\u00fclet kezdett el foglalkoztatni. Elmer\u00fcltem a t\u00e1pl\u00e1lkoz\u00e1s vil\u00e1g\u00e1ban, olyannyira, hogy t\u00f6bb tanfolyam \u00e9s k\u00e9pz\u00e9s elv\u00e9gz\u00e9se ut\u00e1n otthagytam az eredeti szakm\u00e1m, \u00e9s imm\u00e1r t\u00f6bb \u00e9ve t\u00e1pl\u00e1lkoz\u00e1si tan\u00e1csad\u00f3k\u00e9nt tev\u00e9kenykedem, jelenleg pedig a Semmelweis Egyetem dietetikus szakos hallgat\u00f3ja vagyok. C\u00e9lom, hogy seg\u00edts\u00e9get ny\u00fajtsak azoknak, akik az eg\u00e9szs\u00e9ges \u00e9letm\u00f3d vil\u00e1g\u00e1ban keresik a fenntarthat\u00f3 megold\u00e1sokat \u00e9s az egym\u00e1snak ellentmond\u00f3 inform\u00e1ci\u00f3k tenger\u00e9b\u0151l a kiutat. Szabadid\u0151mben rengeteg k\u00f6nyvet olvasok a t\u00e9m\u00e1ban, \u00e9s a legfrissebb kutat\u00e1sokat ford\u00edtom magyarra. Kedvenc ter\u00fcleteim a hormonh\u00e1ztart\u00e1s, a mikrobiom vil\u00e1ga, valamint a renesz\u00e1nszukat \u00e9l\u0151 t\u00e9mak\u00f6r\u00f6k, mint pl az id\u0151szakos b\u00f6jt \u00e9s a ketog\u00e9n di\u00e9ta tudom\u00e1nyos h\u00e1ttere, \u00e9s gyakorlati alkalmaz\u00e1suk.<\/p>\t\t\t\t\t\t\t\t<\/div>\n\t\t\t\t<\/div>\n\t\t\t\t\t<\/div>\n\t\t<\/div>\n\t\t\t\t<div class=\"elementor-column elementor-col-50 elementor-top-column elementor-element elementor-element-23bb036e\" data-id=\"23bb036e\" data-element_type=\"column\" data-e-type=\"column\">\n\t\t\t<div class=\"elementor-widget-wrap elementor-element-populated\">\n\t\t\t\t\t\t<div class=\"elementor-element elementor-element-35d03d53 elementor-widget elementor-widget-text-editor\" data-id=\"35d03d53\" data-element_type=\"widget\" data-e-type=\"widget\" data-widget_type=\"text-editor.default\">\n\t\t\t\t<div class=\"elementor-widget-container\">\n\t\t\t\t\t\t\t\t\t<p>A saj\u00e1t eg\u00e9szs\u00e9gem rendbet\u00e9tele mellett hatalmas \u00f6r\u00f6mk\u00e9nt \u00e9lem meg vend\u00e9geim egyre javul\u00f3 k\u00f6z\u00e9rzet\u00e9t, illetve a fogy\u00e1sban\/ izmosod\u00e1sban el\u00e9rt sikereiket.<\/p>\t\t\t\t\t\t\t\t<\/div>\n\t\t\t\t<\/div>\n\t\t\t\t\t<\/div>\n\t\t<\/div>\n\t\t\t\t\t<\/div>\n\t\t<\/section>\n\t\t\t\t<section class=\"elementor-section elementor-top-section elementor-element elementor-element-2879104a elementor-section-boxed elementor-section-height-default elementor-section-height-default\" data-id=\"2879104a\" data-element_type=\"section\" data-e-type=\"section\">\n\t\t\t\t\t\t<div class=\"elementor-container elementor-column-gap-default\">\n\t\t\t\t\t<div class=\"elementor-column elementor-col-50 elementor-top-column elementor-element elementor-element-4cd7b4e\" data-id=\"4cd7b4e\" data-element_type=\"column\" data-e-type=\"column\">\n\t\t\t<div class=\"elementor-widget-wrap elementor-element-populated\">\n\t\t\t\t\t\t<div class=\"elementor-element elementor-element-5cfbab5 elementor-widget elementor-widget-heading\" data-id=\"5cfbab5\" data-element_type=\"widget\" data-e-type=\"widget\" data-widget_type=\"heading.default\">\n\t\t\t\t<div class=\"elementor-widget-container\">\n\t\t\t\t\t<h2 class=\"elementor-heading-title elementor-size-default\">QUALIFICATIONS<\/h2>\t\t\t\t<\/div>\n\t\t\t\t<\/div>\n\t\t\t\t<div class=\"elementor-element elementor-element-78fe059b elementor-widget elementor-widget-text-editor\" data-id=\"78fe059b\" data-element_type=\"widget\" data-e-type=\"widget\" data-widget_type=\"text-editor.default\">\n\t\t\t\t<div class=\"elementor-widget-container\">\n\t\t\t\t\t\t\t\t\t<p class=\"mkdf-st-text\">&#8211; \u00e9letm\u00f3d-\u00e9s t\u00e1pl\u00e1lkoz\u00e1si tan\u00e1csad\u00f3 \u2013Weider <br \/>&#8211; \u00e9letm\u00f3d-\u00e9s t\u00e1pl\u00e1lkoz\u00e1si tan\u00e1csad\u00f3 \u2013ART <br \/>&#8211; sportt\u00e1pl\u00e1lkoz\u00e1si tan\u00e1csad\u00f3 \u2013 Weider <br \/>&#8211; sportt\u00e1pl\u00e1lkoz\u00e1si tan\u00e1csad\u00f3 \u2013 ART <br \/>&#8211; hormon\u00e1lis t\u00e1pl\u00e1lkoz\u00e1s \u2013 Weider <br \/>&#8211; hum\u00e1n anyagcseret\u00edpusok \u00e9s azok t\u00e1pl\u00e1lkoz\u00e1si ir\u00e1nyelvei \u2013 Body Wakes <br \/>&#8211; laborleletek \u00e9rt\u00e9kel\u00e9se a term\u00e9szetgy\u00f3gy\u00e1szati gyakorlatban \u2013 Helica St\u00fadi\u00f3 <br \/>&#8211; Semmelweis Egyetem dietetikus \u2013 folyamatban PPKE jog\u00e1sz \u2013 2016.<\/p>\t\t\t\t\t\t\t\t<\/div>\n\t\t\t\t<\/div>\n\t\t\t\t\t<\/div>\n\t\t<\/div>\n\t\t\t\t<div class=\"elementor-column elementor-col-50 elementor-top-column elementor-element elementor-element-5ffe6ae9\" data-id=\"5ffe6ae9\" data-element_type=\"column\" data-e-type=\"column\" data-settings=\"{&quot;background_background&quot;:&quot;classic&quot;}\">\n\t\t\t<div class=\"elementor-widget-wrap elementor-element-populated\">\n\t\t\t\t\t\t<div class=\"elementor-element elementor-element-3cf1f49e elementor-widget elementor-widget-heading\" data-id=\"3cf1f49e\" data-element_type=\"widget\" data-e-type=\"widget\" data-widget_type=\"heading.default\">\n\t\t\t\t<div class=\"elementor-widget-container\">\n\t\t\t\t\t<h2 class=\"elementor-heading-title elementor-size-default\">MAIN PROFILE<\/h2>\t\t\t\t<\/div>\n\t\t\t\t<\/div>\n\t\t\t\t<div class=\"elementor-element elementor-element-16dc359 elementor-widget elementor-widget-text-editor\" data-id=\"16dc359\" data-element_type=\"widget\" data-e-type=\"widget\" data-widget_type=\"text-editor.default\">\n\t\t\t\t<div class=\"elementor-widget-container\">\n\t\t\t\t\t\t\t\t\t<p class=\"mkdf-st-text\">&#8211; T\u00e1pl\u00e1lkoz\u00e1si tan\u00e1csad\u00e1s<\/p>\t\t\t\t\t\t\t\t<\/div>\n\t\t\t\t<\/div>\n\t\t\t\t\t<\/div>\n\t\t<\/div>\n\t\t\t\t\t<\/div>\n\t\t<\/section>\n\t\t\t\t<section class=\"elementor-section elementor-top-section elementor-element elementor-element-2fba694 elementor-section-boxed elementor-section-height-default elementor-section-height-default\" data-id=\"2fba694\" data-element_type=\"section\" data-e-type=\"section\">\n\t\t\t\t\t\t<div class=\"elementor-container elementor-column-gap-default\">\n\t\t\t\t\t<div class=\"elementor-column elementor-col-100 elementor-top-column elementor-element elementor-element-7559222c\" data-id=\"7559222c\" data-element_type=\"column\" data-e-type=\"column\">\n\t\t\t<div class=\"elementor-widget-wrap elementor-element-populated\">\n\t\t\t\t\t\t<div class=\"elementor-element elementor-element-53723503 elementor-widget elementor-widget-heading\" data-id=\"53723503\" data-element_type=\"widget\" data-e-type=\"widget\" data-widget_type=\"heading.default\">\n\t\t\t\t<div class=\"elementor-widget-container\">\n\t\t\t\t\t<h2 class=\"elementor-heading-title elementor-size-default\">CONTACT<\/h2>\t\t\t\t<\/div>\n\t\t\t\t<\/div>\n\t\t\t\t<div class=\"elementor-element elementor-element-d463fb7 elementor-widget elementor-widget-text-editor\" data-id=\"d463fb7\" data-element_type=\"widget\" data-e-type=\"widget\" data-widget_type=\"text-editor.default\">\n\t\t\t\t<div class=\"elementor-widget-container\">\n\t\t\t\t\t\t\t\t\t<p>E-mail: <a href=\"mailto:barbara.tanacsadas@gmail.com\">barbara.tanacsadas@gmail.com<\/a><\/p><p>Phone: <a href=\"tel:+36202484398\">+36 20 248 4398<\/a><\/p>\t\t\t\t\t\t\t\t<\/div>\n\t\t\t\t<\/div>\n\t\t\t\t\t<\/div>\n\t\t<\/div>\n\t\t\t\t\t<\/div>\n\t\t<\/section>\n\t\t\t\t<section class=\"elementor-section elementor-top-section elementor-element elementor-element-a7dd5a9 elementor-section-full_width elementor-section-height-default elementor-section-height-default\" data-id=\"a7dd5a9\" data-element_type=\"section\" data-e-type=\"section\">\n\t\t\t\t\t\t<div class=\"elementor-container elementor-column-gap-default\">\n\t\t\t\t\t<div class=\"elementor-column elementor-col-100 elementor-top-column elementor-element elementor-element-3230a4b\" data-id=\"3230a4b\" data-element_type=\"column\" data-e-type=\"column\">\n\t\t\t<div class=\"elementor-widget-wrap elementor-element-populated\">\n\t\t\t\t\t\t\t<\/div>\n\t\t<\/div>\n\t\t\t\t\t<\/div>\n\t\t<\/section>\n\t\t\t\t<\/div>","protected":false},"excerpt":{"rendered":"<p>G\u0150GH BARBARA T\u00c1PL\u00c1LKOZ\u00c1SI TAN\u00c1CSAD\u00d3 C\u00e9lom, hogy seg\u00edts\u00e9get ny\u00fajtsak azoknak, akik az eg\u00e9szs\u00e9ges \u00e9letm\u00f3d vil\u00e1g\u00e1ban keresik a fenntarthat\u00f3 megold\u00e1sokat \u00e9s az egym\u00e1snak ellentmond\u00f3 inform\u00e1ci\u00f3k tenger\u00e9b\u0151l a kiutat. T\u00d6BBET R\u00d3LAM R\u00f3lam Eredetileg jog\u00e1sznak tanultam, majd a diploma megszerz\u00e9se ut\u00e1n -eg\u00e9szs\u00e9g\u00fcgyi probl\u00e9m\u00e1im miatt- eg\u00e9szen m\u00e1s ter\u00fclet kezdett el foglalkoztatni. Elmer\u00fcltem a t\u00e1pl\u00e1lkoz\u00e1s vil\u00e1g\u00e1ban, olyannyira, hogy t\u00f6bb tanfolyam \u00e9s [&hellip;]<\/p>\n","protected":false},"author":3,"featured_media":0,"parent":3921,"menu_order":0,"comment_status":"closed","ping_status":"closed","template":"elementor_header_footer","meta":{"_acf_changed":false,"footnotes":""},"class_list":["post-5374","page","type-page","status-publish","hentry"],"acf":[],"_links":{"self":[{"href":"https:\/\/oxygenwellness.hu\/en\/wp-json\/wp\/v2\/pages\/5374","targetHints":{"allow":["GET"]}}],"collection":[{"href":"https:\/\/oxygenwellness.hu\/en\/wp-json\/wp\/v2\/pages"}],"about":[{"href":"https:\/\/oxygenwellness.hu\/en\/wp-json\/wp\/v2\/types\/page"}],"author":[{"embeddable":true,"href":"https:\/\/oxygenwellness.hu\/en\/wp-json\/wp\/v2\/users\/3"}],"replies":[{"embeddable":true,"href":"https:\/\/oxygenwellness.hu\/en\/wp-json\/wp\/v2\/comments?post=5374"}],"version-history":[{"count":0,"href":"https:\/\/oxygenwellness.hu\/en\/wp-json\/wp\/v2\/pages\/5374\/revisions"}],"up":[{"embeddable":true,"href":"https:\/\/oxygenwellness.hu\/en\/wp-json\/wp\/v2\/pages\/3921"}],"wp:attachment":[{"href":"https:\/\/oxygenwellness.hu\/en\/wp-json\/wp\/v2\/media?parent=5374"}],"curies":[{"name":"wp","href":"https:\/\/api.w.org\/{rel}","templated":true}]}}