{"id":5359,"date":"2021-11-27T17:16:08","date_gmt":"2021-11-27T16:16:08","guid":{"rendered":"https:\/\/oxygenwellness.hu\/?page_id=5359"},"modified":"2022-10-06T17:36:14","modified_gmt":"2022-10-06T15:36:14","slug":"magyari-david","status":"publish","type":"page","link":"https:\/\/oxygenwellness.hu\/en\/csapatunk\/magyari-david\/","title":{"rendered":"D\u00c1VID MAGYARI"},"content":{"rendered":"<div data-elementor-type=\"wp-page\" data-elementor-id=\"5359\" class=\"elementor elementor-5359\" data-elementor-post-type=\"page\">\n\t\t\t\t\t\t<section class=\"elementor-section elementor-top-section elementor-element elementor-element-5d335082 elementor-section-boxed elementor-section-height-default elementor-section-height-default\" data-id=\"5d335082\" data-element_type=\"section\" data-e-type=\"section\">\n\t\t\t\t\t\t<div class=\"elementor-container elementor-column-gap-default\">\n\t\t\t\t\t<div class=\"elementor-column elementor-col-50 elementor-top-column elementor-element elementor-element-1583e401\" data-id=\"1583e401\" data-element_type=\"column\" data-e-type=\"column\">\n\t\t\t<div class=\"elementor-widget-wrap elementor-element-populated\">\n\t\t\t\t\t\t<div class=\"elementor-element elementor-element-76695de elementor-widget elementor-widget-image\" data-id=\"76695de\" data-element_type=\"widget\" data-e-type=\"widget\" data-widget_type=\"image.default\">\n\t\t\t\t<div class=\"elementor-widget-container\">\n\t\t\t\t\t\t\t\t\t\t\t\t\t\t\t<img fetchpriority=\"high\" decoding=\"async\" width=\"800\" height=\"1000\" src=\"https:\/\/oxygenwellness.hu\/wp-content\/uploads\/2022\/03\/oxygen-wellness-magyari-david.jpg\" class=\"attachment-large size-large wp-image-7249\" alt=\"\" srcset=\"https:\/\/oxygenwellness.hu\/wp-content\/uploads\/2022\/03\/oxygen-wellness-magyari-david.jpg 1080w, https:\/\/oxygenwellness.hu\/wp-content\/uploads\/2022\/03\/oxygen-wellness-magyari-david-600x750.jpg 600w\" sizes=\"(max-width: 800px) 100vw, 800px\" \/>\t\t\t\t\t\t\t\t\t\t\t\t\t\t\t<\/div>\n\t\t\t\t<\/div>\n\t\t\t\t\t<\/div>\n\t\t<\/div>\n\t\t\t\t<div class=\"elementor-column elementor-col-50 elementor-top-column elementor-element elementor-element-46bd274a\" data-id=\"46bd274a\" data-element_type=\"column\" data-e-type=\"column\">\n\t\t\t<div class=\"elementor-widget-wrap elementor-element-populated\">\n\t\t\t\t\t\t<div class=\"elementor-element elementor-element-50c97913 elementor-widget elementor-widget-heading\" data-id=\"50c97913\" data-element_type=\"widget\" data-e-type=\"widget\" data-widget_type=\"heading.default\">\n\t\t\t\t<div class=\"elementor-widget-container\">\n\t\t\t\t\t<h2 class=\"elementor-heading-title elementor-size-default\">D\u00c1VID MAGYARI<\/h2>\t\t\t\t<\/div>\n\t\t\t\t<\/div>\n\t\t\t\t<div class=\"elementor-element elementor-element-61098eac elementor-widget elementor-widget-text-editor\" data-id=\"61098eac\" data-element_type=\"widget\" data-e-type=\"widget\" data-widget_type=\"text-editor.default\">\n\t\t\t\t<div class=\"elementor-widget-container\">\n\t\t\t\t\t\t\t\t\t<p>PERSONAL TRAINER<\/p>\t\t\t\t\t\t\t\t<\/div>\n\t\t\t\t<\/div>\n\t\t\t\t\t<\/div>\n\t\t<\/div>\n\t\t\t\t\t<\/div>\n\t\t<\/section>\n\t\t\t\t<section class=\"elementor-section elementor-top-section elementor-element elementor-element-36d4b78c elementor-section-boxed elementor-section-height-default elementor-section-height-default\" data-id=\"36d4b78c\" data-element_type=\"section\" data-e-type=\"section\" id=\"le\">\n\t\t\t\t\t\t<div class=\"elementor-container elementor-column-gap-default\">\n\t\t\t\t\t<div class=\"elementor-column elementor-col-50 elementor-top-column elementor-element elementor-element-fc6436a\" data-id=\"fc6436a\" data-element_type=\"column\" data-e-type=\"column\">\n\t\t\t<div class=\"elementor-widget-wrap elementor-element-populated\">\n\t\t\t\t\t\t<div class=\"elementor-element elementor-element-6ae44d52 elementor-widget elementor-widget-heading\" data-id=\"6ae44d52\" data-element_type=\"widget\" data-e-type=\"widget\" data-widget_type=\"heading.default\">\n\t\t\t\t<div class=\"elementor-widget-container\">\n\t\t\t\t\t<h2 class=\"elementor-heading-title elementor-size-default\">ABOUT ME<\/h2>\t\t\t\t<\/div>\n\t\t\t\t<\/div>\n\t\t\t\t<div class=\"elementor-element elementor-element-6aae9b18 elementor-widget elementor-widget-text-editor\" data-id=\"6aae9b18\" data-element_type=\"widget\" data-e-type=\"widget\" data-widget_type=\"text-editor.default\">\n\t\t\t\t<div class=\"elementor-widget-container\">\n\t\t\t\t\t\t\t\t\t<p>Sport is a pillar in my life. Of the many sports I have played, handball has been my greatest success and I have been playing it for more than 10 years. It was during this time that I was introduced to weight training and bodyweight training, which I have enjoyed ever since.<\/p><p>If you are unfamiliar with the world of wellness and want to improve your recovery, get healthier or just want to sauna safely, I can help you with that too, thanks to my studies as a sauna master!<\/p>\t\t\t\t\t\t\t\t<\/div>\n\t\t\t\t<\/div>\n\t\t\t\t\t<\/div>\n\t\t<\/div>\n\t\t\t\t<div class=\"elementor-column elementor-col-50 elementor-top-column elementor-element elementor-element-586eabfe\" data-id=\"586eabfe\" data-element_type=\"column\" data-e-type=\"column\">\n\t\t\t<div class=\"elementor-widget-wrap elementor-element-populated\">\n\t\t\t\t\t\t<div class=\"elementor-element elementor-element-2188e213 elementor-widget elementor-widget-text-editor\" data-id=\"2188e213\" data-element_type=\"widget\" data-e-type=\"widget\" data-widget_type=\"text-editor.default\">\n\t\t\t\t<div class=\"elementor-widget-container\">\n\t\t\t\t\t\t\t\t\t<p>Training:<\/p><p>The nature of handball, a team sport, has taught me that working together makes it easier to achieve our goals, and I try to prove that in my lessons. To ensure your safety and progress, I will perform a fitness assessment consisting of a body composition measurement, FMS test and a 3 exercise self-weight measurement at the first session after the consultation. From this information, I will design a training plan that is both useful and enjoyable for you!<\/p>\t\t\t\t\t\t\t\t<\/div>\n\t\t\t\t<\/div>\n\t\t\t\t\t<\/div>\n\t\t<\/div>\n\t\t\t\t\t<\/div>\n\t\t<\/section>\n\t\t\t\t<section class=\"elementor-section elementor-top-section elementor-element elementor-element-d3973c4 elementor-section-boxed elementor-section-height-default elementor-section-height-default\" data-id=\"d3973c4\" data-element_type=\"section\" data-e-type=\"section\">\n\t\t\t\t\t\t<div class=\"elementor-container elementor-column-gap-default\">\n\t\t\t\t\t<div class=\"elementor-column elementor-col-100 elementor-top-column elementor-element elementor-element-4aed096c\" data-id=\"4aed096c\" data-element_type=\"column\" data-e-type=\"column\">\n\t\t\t<div class=\"elementor-widget-wrap elementor-element-populated\">\n\t\t\t\t\t\t<div class=\"elementor-element elementor-element-421034c1 elementor-widget elementor-widget-heading\" data-id=\"421034c1\" data-element_type=\"widget\" data-e-type=\"widget\" data-widget_type=\"heading.default\">\n\t\t\t\t<div class=\"elementor-widget-container\">\n\t\t\t\t\t<h2 class=\"elementor-heading-title elementor-size-default\">CONTACT<\/h2>\t\t\t\t<\/div>\n\t\t\t\t<\/div>\n\t\t\t\t<div class=\"elementor-element elementor-element-1b5b9a38 elementor-widget elementor-widget-text-editor\" data-id=\"1b5b9a38\" data-element_type=\"widget\" data-e-type=\"widget\" data-widget_type=\"text-editor.default\">\n\t\t\t\t<div class=\"elementor-widget-container\">\n\t\t\t\t\t\t\t\t\t<p>Phone: <a href=\"tel:+36306536053\">+36\u00a030 653 6053<\/a><br \/><br \/>E-mail: <a href=\"mailto:magyari913@gmail.com\" target=\"_blank\" rel=\"noopener\">magyari913@gmail.com<\/a><\/p><p>Instagram: <a href=\"https:\/\/www.instagram.com\/magyaridavid_trainer\/\" target=\"_blank\" rel=\"noopener\">@magyaridavid_trainer<\/a><\/p>\t\t\t\t\t\t\t\t<\/div>\n\t\t\t\t<\/div>\n\t\t\t\t\t<\/div>\n\t\t<\/div>\n\t\t\t\t\t<\/div>\n\t\t<\/section>\n\t\t\t\t<\/div>","protected":false},"excerpt":{"rendered":"<p>MAGYARI D\u00c1VID Szem\u00e9lyi edz\u0151 R\u00f3lam A sport mint alappill\u00e9r van jelen az \u00e9letemben. Sz\u00e1mos \u00e1ltalam \u0171z\u00f6tt sport\u00e1g k\u00f6z\u00fcl a k\u00e9zilabd\u00e1ban \u00e9rtem el legnagyobb sikereim, melyet t\u00f6bb mint 10 \u00e9vig gyakoroltam. Ez id\u0151 alatt ismertem meg a s\u00falyz\u00f3s \u00e9s saj\u00e1ttests\u00falyos edz\u00e9st amiket az\u00f3ta is szeretettel \u0171z\u00f6k. Ha ismeretlen sz\u00e1modra wellness vil\u00e1ga \u00e9s szeretn\u00e9d jav\u00edtani a regener\u00e1ci\u00f3d, [&hellip;]<\/p>\n","protected":false},"author":3,"featured_media":0,"parent":3921,"menu_order":0,"comment_status":"closed","ping_status":"closed","template":"elementor_header_footer","meta":{"_acf_changed":false,"footnotes":""},"class_list":["post-5359","page","type-page","status-publish","hentry"],"acf":[],"_links":{"self":[{"href":"https:\/\/oxygenwellness.hu\/en\/wp-json\/wp\/v2\/pages\/5359","targetHints":{"allow":["GET"]}}],"collection":[{"href":"https:\/\/oxygenwellness.hu\/en\/wp-json\/wp\/v2\/pages"}],"about":[{"href":"https:\/\/oxygenwellness.hu\/en\/wp-json\/wp\/v2\/types\/page"}],"author":[{"embeddable":true,"href":"https:\/\/oxygenwellness.hu\/en\/wp-json\/wp\/v2\/users\/3"}],"replies":[{"embeddable":true,"href":"https:\/\/oxygenwellness.hu\/en\/wp-json\/wp\/v2\/comments?post=5359"}],"version-history":[{"count":0,"href":"https:\/\/oxygenwellness.hu\/en\/wp-json\/wp\/v2\/pages\/5359\/revisions"}],"up":[{"embeddable":true,"href":"https:\/\/oxygenwellness.hu\/en\/wp-json\/wp\/v2\/pages\/3921"}],"wp:attachment":[{"href":"https:\/\/oxygenwellness.hu\/en\/wp-json\/wp\/v2\/media?parent=5359"}],"curies":[{"name":"wp","href":"https:\/\/api.w.org\/{rel}","templated":true}]}}