{"id":5355,"date":"2021-11-27T17:08:56","date_gmt":"2021-11-27T16:08:56","guid":{"rendered":"https:\/\/oxygenwellness.hu\/?page_id=5355"},"modified":"2023-08-09T16:14:47","modified_gmt":"2023-08-09T14:14:47","slug":"kincses-laszlo","status":"publish","type":"page","link":"https:\/\/oxygenwellness.hu\/en\/csapatunk\/kincses-laszlo\/","title":{"rendered":"KINCSES L\u00c1SZL\u00d3"},"content":{"rendered":"<div data-elementor-type=\"wp-page\" data-elementor-id=\"5355\" class=\"elementor elementor-5355\" data-elementor-post-type=\"page\">\n\t\t\t\t\t\t<section class=\"elementor-section elementor-top-section elementor-element elementor-element-5d34da19 elementor-section-boxed elementor-section-height-default elementor-section-height-default\" data-id=\"5d34da19\" data-element_type=\"section\" data-e-type=\"section\">\n\t\t\t\t\t\t<div class=\"elementor-container elementor-column-gap-default\">\n\t\t\t\t\t<div class=\"elementor-column elementor-col-50 elementor-top-column elementor-element elementor-element-292cb006\" data-id=\"292cb006\" data-element_type=\"column\" data-e-type=\"column\">\n\t\t\t<div class=\"elementor-widget-wrap elementor-element-populated\">\n\t\t\t\t\t\t<div class=\"elementor-element elementor-element-76695de elementor-widget elementor-widget-image\" data-id=\"76695de\" data-element_type=\"widget\" data-e-type=\"widget\" data-widget_type=\"image.default\">\n\t\t\t\t<div class=\"elementor-widget-container\">\n\t\t\t\t\t\t\t\t\t\t\t\t\t\t\t<img fetchpriority=\"high\" decoding=\"async\" width=\"800\" height=\"1000\" src=\"https:\/\/oxygenwellness.hu\/wp-content\/uploads\/2021\/11\/oxygen-wellness-naphegy-edzoink-44.jpg\" class=\"attachment-large size-large wp-image-5440\" alt=\"\" srcset=\"https:\/\/oxygenwellness.hu\/wp-content\/uploads\/2021\/11\/oxygen-wellness-naphegy-edzoink-44.jpg 1080w, https:\/\/oxygenwellness.hu\/wp-content\/uploads\/2021\/11\/oxygen-wellness-naphegy-edzoink-44-600x750.jpg 600w\" sizes=\"(max-width: 800px) 100vw, 800px\" \/>\t\t\t\t\t\t\t\t\t\t\t\t\t\t\t<\/div>\n\t\t\t\t<\/div>\n\t\t\t\t\t<\/div>\n\t\t<\/div>\n\t\t\t\t<div class=\"elementor-column elementor-col-50 elementor-top-column elementor-element elementor-element-b856c27\" data-id=\"b856c27\" data-element_type=\"column\" data-e-type=\"column\">\n\t\t\t<div class=\"elementor-widget-wrap elementor-element-populated\">\n\t\t\t\t\t\t<div class=\"elementor-element elementor-element-2760e913 elementor-widget elementor-widget-heading\" data-id=\"2760e913\" data-element_type=\"widget\" data-e-type=\"widget\" data-widget_type=\"heading.default\">\n\t\t\t\t<div class=\"elementor-widget-container\">\n\t\t\t\t\t<h2 class=\"elementor-heading-title elementor-size-default\">L\u00c1SZL\u00d3 KINCSES<\/h2>\t\t\t\t<\/div>\n\t\t\t\t<\/div>\n\t\t\t\t<div class=\"elementor-element elementor-element-5fb87e93 elementor-widget elementor-widget-text-editor\" data-id=\"5fb87e93\" data-element_type=\"widget\" data-e-type=\"widget\" data-widget_type=\"text-editor.default\">\n\t\t\t\t<div class=\"elementor-widget-container\">\n\t\t\t\t\t\t\t\t\t<p>PERSONAL TRAINER<\/p>\t\t\t\t\t\t\t\t<\/div>\n\t\t\t\t<\/div>\n\t\t\t\t<div class=\"elementor-element elementor-element-58bd845 elementor-widget elementor-widget-button\" data-id=\"58bd845\" data-element_type=\"widget\" data-e-type=\"widget\" data-widget_type=\"button.default\">\n\t\t\t\t<div class=\"elementor-widget-container\">\n\t\t\t\t\t\t\t\t\t<div class=\"elementor-button-wrapper\">\n\t\t\t\t\t<a class=\"elementor-button elementor-button-link elementor-size-sm elementor-animation-shrink\" href=\"#le\">\n\t\t\t\t\t\t<span class=\"elementor-button-content-wrapper\">\n\t\t\t\t\t\t\t\t\t<span class=\"elementor-button-text\">MORE ABOUT ME<\/span>\n\t\t\t\t\t<\/span>\n\t\t\t\t\t<\/a>\n\t\t\t\t<\/div>\n\t\t\t\t\t\t\t\t<\/div>\n\t\t\t\t<\/div>\n\t\t\t\t\t<\/div>\n\t\t<\/div>\n\t\t\t\t\t<\/div>\n\t\t<\/section>\n\t\t\t\t<section class=\"elementor-section elementor-top-section elementor-element elementor-element-5438bb0 elementor-section-boxed elementor-section-height-default elementor-section-height-default\" data-id=\"5438bb0\" data-element_type=\"section\" data-e-type=\"section\" id=\"le\">\n\t\t\t\t\t\t<div class=\"elementor-container elementor-column-gap-default\">\n\t\t\t\t\t<div class=\"elementor-column elementor-col-100 elementor-top-column elementor-element elementor-element-5f301cb0\" data-id=\"5f301cb0\" data-element_type=\"column\" data-e-type=\"column\">\n\t\t\t<div class=\"elementor-widget-wrap elementor-element-populated\">\n\t\t\t\t\t\t<div class=\"elementor-element elementor-element-6e8c95f7 elementor-widget elementor-widget-heading\" data-id=\"6e8c95f7\" data-element_type=\"widget\" data-e-type=\"widget\" data-widget_type=\"heading.default\">\n\t\t\t\t<div class=\"elementor-widget-container\">\n\t\t\t\t\t<h2 class=\"elementor-heading-title elementor-size-default\">ABOUT ME<\/h2>\t\t\t\t<\/div>\n\t\t\t\t<\/div>\n\t\t\t\t<div class=\"elementor-element elementor-element-2e3f5d71 elementor-widget elementor-widget-text-editor\" data-id=\"2e3f5d71\" data-element_type=\"widget\" data-e-type=\"widget\" data-widget_type=\"text-editor.default\">\n\t\t\t\t<div class=\"elementor-widget-container\">\n\t\t\t\t\t\t\t\t\t<p>The human body is a perfect structure that we have to maintain through movement. Movement involves developing our strength, conditioning, flexibility, coordination and movement culture.<\/p><p>One of the best ways to improve our quality of life is to raise our physical and mental condition to the right level, and exercise is one of the best ways to do this.<br \/>In my classes you can achieve your goals, whether it's improving your body composition, gaining muscle mass, getting in shape after injury or illness.\u00a0<br \/><br \/>Your progress is guaranteed by the system I follow in my workouts.<br \/>I am constantly training to help my clients achieve their goals to the best of my ability. Contact me, I'm happy to help!<\/p>\t\t\t\t\t\t\t\t<\/div>\n\t\t\t\t<\/div>\n\t\t\t\t\t<\/div>\n\t\t<\/div>\n\t\t\t\t\t<\/div>\n\t\t<\/section>\n\t\t\t\t<section class=\"elementor-section elementor-top-section elementor-element elementor-element-118a807b elementor-section-boxed elementor-section-height-default elementor-section-height-default\" data-id=\"118a807b\" data-element_type=\"section\" data-e-type=\"section\">\n\t\t\t\t\t\t<div class=\"elementor-container elementor-column-gap-default\">\n\t\t\t\t\t<div class=\"elementor-column elementor-col-50 elementor-top-column elementor-element elementor-element-47ae8bd\" data-id=\"47ae8bd\" data-element_type=\"column\" data-e-type=\"column\">\n\t\t\t<div class=\"elementor-widget-wrap elementor-element-populated\">\n\t\t\t\t\t\t<div class=\"elementor-element elementor-element-3b573a41 elementor-widget elementor-widget-heading\" data-id=\"3b573a41\" data-element_type=\"widget\" data-e-type=\"widget\" data-widget_type=\"heading.default\">\n\t\t\t\t<div class=\"elementor-widget-container\">\n\t\t\t\t\t<h2 class=\"elementor-heading-title elementor-size-default\">QUALIFICATIONS<\/h2>\t\t\t\t<\/div>\n\t\t\t\t<\/div>\n\t\t\t\t<div class=\"elementor-element elementor-element-34d8515e elementor-widget elementor-widget-text-editor\" data-id=\"34d8515e\" data-element_type=\"widget\" data-e-type=\"widget\" data-widget_type=\"text-editor.default\">\n\t\t\t\t<div class=\"elementor-widget-container\">\n\t\t\t\t\t\t\t\t\t<p class=\"mkdf-st-text\">- University of Physical Education\/Teacher Education (2001)<br \/><br \/><\/p>\t\t\t\t\t\t\t\t<\/div>\n\t\t\t\t<\/div>\n\t\t\t\t\t<\/div>\n\t\t<\/div>\n\t\t\t\t<div class=\"elementor-column elementor-col-50 elementor-top-column elementor-element elementor-element-2e6568c6\" data-id=\"2e6568c6\" data-element_type=\"column\" data-e-type=\"column\" data-settings=\"{&quot;background_background&quot;:&quot;classic&quot;}\">\n\t\t\t<div class=\"elementor-widget-wrap elementor-element-populated\">\n\t\t\t\t\t\t<div class=\"elementor-element elementor-element-67179eed elementor-widget elementor-widget-heading\" data-id=\"67179eed\" data-element_type=\"widget\" data-e-type=\"widget\" data-widget_type=\"heading.default\">\n\t\t\t\t<div class=\"elementor-widget-container\">\n\t\t\t\t\t<h2 class=\"elementor-heading-title elementor-size-default\">MAIN PROFILE<\/h2>\t\t\t\t<\/div>\n\t\t\t\t<\/div>\n\t\t\t\t<div class=\"elementor-element elementor-element-2b0913ad elementor-widget elementor-widget-text-editor\" data-id=\"2b0913ad\" data-element_type=\"widget\" data-e-type=\"widget\" data-widget_type=\"text-editor.default\">\n\t\t\t\t<div class=\"elementor-widget-container\">\n\t\t\t\t\t\t\t\t\t<p class=\"mkdf-st-text\">- Strength-conditioning and coordination development<br \/>- Posture improvement for both athletes and ordinary people. A simple but effective way to achieve goals with maximum speed.<\/p>\t\t\t\t\t\t\t\t<\/div>\n\t\t\t\t<\/div>\n\t\t\t\t\t<\/div>\n\t\t<\/div>\n\t\t\t\t\t<\/div>\n\t\t<\/section>\n\t\t\t\t<section class=\"elementor-section elementor-top-section elementor-element elementor-element-64cca461 elementor-section-boxed elementor-section-height-default elementor-section-height-default\" data-id=\"64cca461\" data-element_type=\"section\" data-e-type=\"section\">\n\t\t\t\t\t\t<div class=\"elementor-container elementor-column-gap-default\">\n\t\t\t\t\t<div class=\"elementor-column elementor-col-100 elementor-top-column elementor-element elementor-element-36b91f41\" data-id=\"36b91f41\" data-element_type=\"column\" data-e-type=\"column\">\n\t\t\t<div class=\"elementor-widget-wrap elementor-element-populated\">\n\t\t\t\t\t\t<div class=\"elementor-element elementor-element-21d47ed7 elementor-widget elementor-widget-heading\" data-id=\"21d47ed7\" data-element_type=\"widget\" data-e-type=\"widget\" data-widget_type=\"heading.default\">\n\t\t\t\t<div class=\"elementor-widget-container\">\n\t\t\t\t\t<h2 class=\"elementor-heading-title elementor-size-default\">CONTACT<\/h2>\t\t\t\t<\/div>\n\t\t\t\t<\/div>\n\t\t\t\t<div class=\"elementor-element elementor-element-27cfbdb elementor-widget elementor-widget-text-editor\" data-id=\"27cfbdb\" data-element_type=\"widget\" data-e-type=\"widget\" data-widget_type=\"text-editor.default\">\n\t\t\t\t<div class=\"elementor-widget-container\">\n\t\t\t\t\t\t\t\t\t<p>E-mail: <a href=\"mailto:lkincses@hotmail.com\">lkincses@hotmail.com<\/a><\/p><p>Phone: <a href=\"tel:+36209203730\">+36 20 920 3730<\/a><\/p>\t\t\t\t\t\t\t\t<\/div>\n\t\t\t\t<\/div>\n\t\t\t\t\t<\/div>\n\t\t<\/div>\n\t\t\t\t\t<\/div>\n\t\t<\/section>\n\t\t\t\t<section class=\"elementor-section elementor-top-section elementor-element elementor-element-a7dd5a9 elementor-section-full_width elementor-section-height-default elementor-section-height-default\" data-id=\"a7dd5a9\" data-element_type=\"section\" data-e-type=\"section\">\n\t\t\t\t\t\t<div class=\"elementor-container elementor-column-gap-default\">\n\t\t\t\t\t<div class=\"elementor-column elementor-col-100 elementor-top-column elementor-element elementor-element-3230a4b\" data-id=\"3230a4b\" data-element_type=\"column\" data-e-type=\"column\">\n\t\t\t<div class=\"elementor-widget-wrap elementor-element-populated\">\n\t\t\t\t\t\t\t<\/div>\n\t\t<\/div>\n\t\t\t\t\t<\/div>\n\t\t<\/section>\n\t\t\t\t<\/div>","protected":false},"excerpt":{"rendered":"<p>Kincses L\u00e1szl\u00f3 Szem\u00e9lyi edz\u0151 T\u00d6BBET R\u00d3LAM R\u00f3lam Az emberi test egy t\u00f6k\u00e9letes szerkezet, amit mozg\u00e1ssal kell karbantartanunk. A mozg\u00e1shoz hozz\u00e1 tartozik, hogy fejlessz\u00fck er\u0151nket, kond\u00edci\u00f3nkat, hajl\u00e9konys\u00e1gunkat, koordin\u00e1ci\u00f3nkat \u00e9s mozg\u00e1skult\u00far\u00e1nkat. \u00c9letmin\u0151s\u00e9g javul\u00e1st, fizikai illetve ment\u00e1lis \u00e1llapot megfelel\u0151 szintre emel\u00e9s\u00e9vel \u00e9rhet\u00fcnk el, amire a testedz\u00e9s az egyik legjobb m\u00f3dszer.Az \u00e1ltalam vezetett edz\u00e9seken el\u00e9rheted c\u00e9ljaidat, legyen az teakompoz\u00edci\u00f3 [&hellip;]<\/p>\n","protected":false},"author":3,"featured_media":0,"parent":3921,"menu_order":0,"comment_status":"closed","ping_status":"closed","template":"elementor_header_footer","meta":{"_acf_changed":false,"footnotes":""},"class_list":["post-5355","page","type-page","status-publish","hentry"],"acf":[],"_links":{"self":[{"href":"https:\/\/oxygenwellness.hu\/en\/wp-json\/wp\/v2\/pages\/5355","targetHints":{"allow":["GET"]}}],"collection":[{"href":"https:\/\/oxygenwellness.hu\/en\/wp-json\/wp\/v2\/pages"}],"about":[{"href":"https:\/\/oxygenwellness.hu\/en\/wp-json\/wp\/v2\/types\/page"}],"author":[{"embeddable":true,"href":"https:\/\/oxygenwellness.hu\/en\/wp-json\/wp\/v2\/users\/3"}],"replies":[{"embeddable":true,"href":"https:\/\/oxygenwellness.hu\/en\/wp-json\/wp\/v2\/comments?post=5355"}],"version-history":[{"count":0,"href":"https:\/\/oxygenwellness.hu\/en\/wp-json\/wp\/v2\/pages\/5355\/revisions"}],"up":[{"embeddable":true,"href":"https:\/\/oxygenwellness.hu\/en\/wp-json\/wp\/v2\/pages\/3921"}],"wp:attachment":[{"href":"https:\/\/oxygenwellness.hu\/en\/wp-json\/wp\/v2\/media?parent=5355"}],"curies":[{"name":"wp","href":"https:\/\/api.w.org\/{rel}","templated":true}]}}