{"id":5216,"date":"2021-11-26T17:29:51","date_gmt":"2021-11-26T16:29:51","guid":{"rendered":"https:\/\/oxygenwellness.hu\/?page_id=5216"},"modified":"2022-09-10T16:56:02","modified_gmt":"2022-09-10T14:56:02","slug":"horvath-dora","status":"publish","type":"page","link":"https:\/\/oxygenwellness.hu\/en\/csapatunk\/horvath-dora\/","title":{"rendered":"D\u00d3RA HORV\u00c1TH"},"content":{"rendered":"<div data-elementor-type=\"wp-page\" data-elementor-id=\"5216\" class=\"elementor elementor-5216\" data-elementor-post-type=\"page\">\n\t\t\t\t\t\t<section class=\"elementor-section elementor-top-section elementor-element elementor-element-29e38458 elementor-section-boxed elementor-section-height-default elementor-section-height-default\" data-id=\"29e38458\" data-element_type=\"section\" data-e-type=\"section\">\n\t\t\t\t\t\t<div class=\"elementor-container elementor-column-gap-default\">\n\t\t\t\t\t<div class=\"elementor-column elementor-col-50 elementor-top-column elementor-element elementor-element-16e7f27f\" data-id=\"16e7f27f\" data-element_type=\"column\" data-e-type=\"column\">\n\t\t\t<div class=\"elementor-widget-wrap elementor-element-populated\">\n\t\t\t\t\t\t<div class=\"elementor-element elementor-element-76695de elementor-widget elementor-widget-image\" data-id=\"76695de\" data-element_type=\"widget\" data-e-type=\"widget\" data-widget_type=\"image.default\">\n\t\t\t\t<div class=\"elementor-widget-container\">\n\t\t\t\t\t\t\t\t\t\t\t\t\t\t\t<img fetchpriority=\"high\" decoding=\"async\" width=\"800\" height=\"1000\" src=\"https:\/\/oxygenwellness.hu\/wp-content\/uploads\/2022\/03\/oxygen-wellness-horvath-dora.jpg\" class=\"attachment-large size-large wp-image-6270\" alt=\"\" srcset=\"https:\/\/oxygenwellness.hu\/wp-content\/uploads\/2022\/03\/oxygen-wellness-horvath-dora.jpg 1080w, https:\/\/oxygenwellness.hu\/wp-content\/uploads\/2022\/03\/oxygen-wellness-horvath-dora-600x750.jpg 600w\" sizes=\"(max-width: 800px) 100vw, 800px\" \/>\t\t\t\t\t\t\t\t\t\t\t\t\t\t\t<\/div>\n\t\t\t\t<\/div>\n\t\t\t\t\t<\/div>\n\t\t<\/div>\n\t\t\t\t<div class=\"elementor-column elementor-col-50 elementor-top-column elementor-element elementor-element-6a650180\" data-id=\"6a650180\" data-element_type=\"column\" data-e-type=\"column\">\n\t\t\t<div class=\"elementor-widget-wrap elementor-element-populated\">\n\t\t\t\t\t\t<div class=\"elementor-element elementor-element-53554e4e elementor-widget elementor-widget-heading\" data-id=\"53554e4e\" data-element_type=\"widget\" data-e-type=\"widget\" data-widget_type=\"heading.default\">\n\t\t\t\t<div class=\"elementor-widget-container\">\n\t\t\t\t\t<h2 class=\"elementor-heading-title elementor-size-default\">D\u00d3RA HORV\u00c1TH<\/h2>\t\t\t\t<\/div>\n\t\t\t\t<\/div>\n\t\t\t\t<div class=\"elementor-element elementor-element-588cc437 elementor-widget elementor-widget-text-editor\" data-id=\"588cc437\" data-element_type=\"widget\" data-e-type=\"widget\" data-widget_type=\"text-editor.default\">\n\t\t\t\t<div class=\"elementor-widget-container\">\n\t\t\t\t\t\t\t\t\t<p>Preventive spinal and stretching trainer, BODYART, and DEEPWORK instructor, aquafitness instructor.<\/p>\t\t\t\t\t\t\t\t<\/div>\n\t\t\t\t<\/div>\n\t\t\t\t<div class=\"elementor-element elementor-element-1ab46bf5 elementor-widget elementor-widget-button\" data-id=\"1ab46bf5\" data-element_type=\"widget\" data-e-type=\"widget\" data-widget_type=\"button.default\">\n\t\t\t\t<div class=\"elementor-widget-container\">\n\t\t\t\t\t\t\t\t\t<div class=\"elementor-button-wrapper\">\n\t\t\t\t\t<a class=\"elementor-button elementor-button-link elementor-size-sm elementor-animation-shrink\" href=\"#le\">\n\t\t\t\t\t\t<span class=\"elementor-button-content-wrapper\">\n\t\t\t\t\t\t\t\t\t<span class=\"elementor-button-text\">MORE ABOUT ME<\/span>\n\t\t\t\t\t<\/span>\n\t\t\t\t\t<\/a>\n\t\t\t\t<\/div>\n\t\t\t\t\t\t\t\t<\/div>\n\t\t\t\t<\/div>\n\t\t\t\t\t<\/div>\n\t\t<\/div>\n\t\t\t\t\t<\/div>\n\t\t<\/section>\n\t\t\t\t<section class=\"elementor-section elementor-top-section elementor-element elementor-element-6b1f805c elementor-section-boxed elementor-section-height-default elementor-section-height-default\" data-id=\"6b1f805c\" data-element_type=\"section\" data-e-type=\"section\" id=\"le\">\n\t\t\t\t\t\t<div class=\"elementor-container elementor-column-gap-default\">\n\t\t\t\t\t<div class=\"elementor-column elementor-col-50 elementor-top-column elementor-element elementor-element-95c9ce0\" data-id=\"95c9ce0\" data-element_type=\"column\" data-e-type=\"column\">\n\t\t\t<div class=\"elementor-widget-wrap elementor-element-populated\">\n\t\t\t\t\t\t<div class=\"elementor-element elementor-element-8ef7e65 elementor-widget elementor-widget-heading\" data-id=\"8ef7e65\" data-element_type=\"widget\" data-e-type=\"widget\" data-widget_type=\"heading.default\">\n\t\t\t\t<div class=\"elementor-widget-container\">\n\t\t\t\t\t<h2 class=\"elementor-heading-title elementor-size-default\">ABOUT ME<\/h2>\t\t\t\t<\/div>\n\t\t\t\t<\/div>\n\t\t\t\t<div class=\"elementor-element elementor-element-1a0e7614 elementor-widget elementor-widget-text-editor\" data-id=\"1a0e7614\" data-element_type=\"widget\" data-e-type=\"widget\" data-widget_type=\"text-editor.default\">\n\t\t\t\t<div class=\"elementor-widget-container\">\n\t\t\t\t\t\t\t\t\t<div class=\"elementor-element elementor-element-f0d19a6 elementor-widget elementor-widget-mkdf_section_title\" data-id=\"f0d19a6\" data-element_type=\"widget\" data-settings=\"{&quot;ekit_we_effect_on&quot;:&quot;none&quot;}\" data-widget_type=\"mkdf_section_title.default\"><div class=\"elementor-widget-container\"><div class=\"mkdf-section-title-holder\"><div class=\"mkdf-st-inner\"><p class=\"mkdf-st-text\">I conduct my classes with a focus on maintaining the health of our spine, a preventive approach, and creating a positive atmosphere. My background in rhythmic gymnastics for several years and nearly 16 years of modern dance have significantly contributed to movement playing a defining role in my life, especially conscious physical activity.<br \/><br \/>Whether it's preventive spinal training, aqua training, or holistic functional training that intensely engages the entire body, such as DEEPWORK, my primary goal is to help everyone find exercises they can safely perform within their own limits, boundaries, and fitness levels.<br \/><br \/>Continuous development and staying up-to-date within my field are very important to me. My aim is to assist and motivate my clients with a broad knowledge base and perspective.<\/p><\/div><\/div><\/div><\/div><div class=\"elementor-element elementor-element-fd48c6c elementor-widget elementor-widget-mkdf_section_title\" data-id=\"fd48c6c\" data-element_type=\"widget\" data-settings=\"{&quot;ekit_we_effect_on&quot;:&quot;none&quot;}\" data-widget_type=\"mkdf_section_title.default\">\u00a0<\/div>\t\t\t\t\t\t\t\t<\/div>\n\t\t\t\t<\/div>\n\t\t\t\t\t<\/div>\n\t\t<\/div>\n\t\t\t\t<div class=\"elementor-column elementor-col-50 elementor-top-column elementor-element elementor-element-7286ffdf\" data-id=\"7286ffdf\" data-element_type=\"column\" data-e-type=\"column\">\n\t\t\t<div class=\"elementor-widget-wrap elementor-element-populated\">\n\t\t\t\t\t\t<div class=\"elementor-element elementor-element-568614ba elementor-widget elementor-widget-text-editor\" data-id=\"568614ba\" data-element_type=\"widget\" data-e-type=\"widget\" data-widget_type=\"text-editor.default\">\n\t\t\t\t<div class=\"elementor-widget-container\">\n\t\t\t\t\t\t\t\t\t<p>\"Enthusiasm sets the pace, but persistence reaches the goal.\"<\/p>\t\t\t\t\t\t\t\t<\/div>\n\t\t\t\t<\/div>\n\t\t\t\t\t<\/div>\n\t\t<\/div>\n\t\t\t\t\t<\/div>\n\t\t<\/section>\n\t\t\t\t<section class=\"elementor-section elementor-top-section elementor-element elementor-element-67a531fc elementor-section-boxed elementor-section-height-default elementor-section-height-default\" data-id=\"67a531fc\" data-element_type=\"section\" data-e-type=\"section\">\n\t\t\t\t\t\t<div class=\"elementor-container elementor-column-gap-default\">\n\t\t\t\t\t<div class=\"elementor-column elementor-col-100 elementor-top-column elementor-element elementor-element-5aa95714\" data-id=\"5aa95714\" data-element_type=\"column\" data-e-type=\"column\">\n\t\t\t<div class=\"elementor-widget-wrap elementor-element-populated\">\n\t\t\t\t\t\t<div class=\"elementor-element elementor-element-39437212 elementor-widget elementor-widget-heading\" data-id=\"39437212\" data-element_type=\"widget\" data-e-type=\"widget\" data-widget_type=\"heading.default\">\n\t\t\t\t<div class=\"elementor-widget-container\">\n\t\t\t\t\t<h2 class=\"elementor-heading-title elementor-size-default\">QUALIFICATIONS<\/h2>\t\t\t\t<\/div>\n\t\t\t\t<\/div>\n\t\t\t\t<div class=\"elementor-element elementor-element-56eda9c1 elementor-widget elementor-widget-text-editor\" data-id=\"56eda9c1\" data-element_type=\"widget\" data-e-type=\"widget\" data-widget_type=\"text-editor.default\">\n\t\t\t\t<div class=\"elementor-widget-container\">\n\t\t\t\t\t\t\t\t\t<p>Budapest Business School, Faculty of International Business, International Communication Program (BA)<br \/>- International Wellness Institute - Group Fitness Instructor<br \/>- International Wellness Institute - Preventive Spinal and Stretching Trainer<\/p><p>\u2013 <strong>BODYART School Hungary:<\/strong>\u00a0<\/p><p>\u00a0Certified BODYART\u00ae Instructor<br \/>\u00a0BODYART\u00ae Basic<br \/>\u00a0BODYART\u00ae Dynamic<br \/>\u00a0BODYART\u00ae Pure<br \/>\u00a0BODYART\u00ae Stretch<br \/>\u00a0BODYART\u00ae Flow I.<br \/>\u00a0BODYART\u00ae Contact I.<br \/>\u00a0BODYART\u00ae Energy<br \/>\u00a0BODYART\u00ae Mobility<\/p><p><strong>\u2013 BODYART School Hungary:<\/strong><\/p><p>\u00a0Certified DEEPWORK Instructor<br \/>\u00a0DEEPWORK\u00ae basic<br \/>\u00a0DEEPWORK\u00ae Teaching by Elements<br \/>\u00a0DEEPWORK\u00ae Inspirations<br \/>\u00a0DEEPWORK\u00ae Reloaded<\/p><p><strong>- Bene M\u00e1t\u00e9 Spine Academy:<\/strong><\/p><p>\u00a0Spine and Fitness Training<br \/>\u00a0NMPT Instruktor (Natural Movement Pattern Trainer)<\/p><p><strong>- Mandala Spinal Yoga System Association:<\/strong><br \/>\u00a0Spinal Yoga Instructor<br \/>\u00a0Mobility Spinal Yoga Instructor Training<\/p><p><strong>\u2013 Fitness Company:<\/strong><\/p><p>- Certified Aquafitness Instructor<br \/>- Alm\u00e1sy Movement Academy: Certified fitmummy\u00ae Postnatal Trainer<\/p>\t\t\t\t\t\t\t\t<\/div>\n\t\t\t\t<\/div>\n\t\t\t\t\t<\/div>\n\t\t<\/div>\n\t\t\t\t\t<\/div>\n\t\t<\/section>\n\t\t\t\t<section class=\"elementor-section elementor-top-section elementor-element elementor-element-2f11cd60 elementor-section-boxed elementor-section-height-default elementor-section-height-default\" data-id=\"2f11cd60\" data-element_type=\"section\" data-e-type=\"section\">\n\t\t\t\t\t\t<div class=\"elementor-container elementor-column-gap-default\">\n\t\t\t\t\t<div class=\"elementor-column elementor-col-100 elementor-top-column elementor-element elementor-element-4bf918d0\" data-id=\"4bf918d0\" data-element_type=\"column\" data-e-type=\"column\">\n\t\t\t<div class=\"elementor-widget-wrap elementor-element-populated\">\n\t\t\t\t\t\t<div class=\"elementor-element elementor-element-730da041 elementor-widget elementor-widget-heading\" data-id=\"730da041\" data-element_type=\"widget\" data-e-type=\"widget\" data-widget_type=\"heading.default\">\n\t\t\t\t<div class=\"elementor-widget-container\">\n\t\t\t\t\t<h2 class=\"elementor-heading-title elementor-size-default\">CONTACT<\/h2>\t\t\t\t<\/div>\n\t\t\t\t<\/div>\n\t\t\t\t<div class=\"elementor-element elementor-element-34495b4b elementor-widget elementor-widget-text-editor\" data-id=\"34495b4b\" data-element_type=\"widget\" data-e-type=\"widget\" data-widget_type=\"text-editor.default\">\n\t\t\t\t<div class=\"elementor-widget-container\">\n\t\t\t\t\t\t\t\t\t<p>E-mail: <a href=\"mailto:dora.d.horvath@gmail.com\">dora.d.horvath@gmail.com<\/a><\/p>\t\t\t\t\t\t\t\t<\/div>\n\t\t\t\t<\/div>\n\t\t\t\t\t<\/div>\n\t\t<\/div>\n\t\t\t\t\t<\/div>\n\t\t<\/section>\n\t\t\t\t<section class=\"elementor-section elementor-top-section elementor-element elementor-element-a7dd5a9 elementor-section-full_width elementor-section-height-default elementor-section-height-default\" data-id=\"a7dd5a9\" data-element_type=\"section\" data-e-type=\"section\">\n\t\t\t\t\t\t<div class=\"elementor-container elementor-column-gap-default\">\n\t\t\t\t\t<div class=\"elementor-column elementor-col-100 elementor-top-column elementor-element elementor-element-3230a4b\" data-id=\"3230a4b\" data-element_type=\"column\" data-e-type=\"column\">\n\t\t\t<div class=\"elementor-widget-wrap elementor-element-populated\">\n\t\t\t\t\t\t\t<\/div>\n\t\t<\/div>\n\t\t\t\t\t<\/div>\n\t\t<\/section>\n\t\t\t\t<\/div>","protected":false},"excerpt":{"rendered":"<p>HORV\u00c1TH D\u00d3RA Prevent\u00edv gerinc- \u00e9s stretching tr\u00e9ner, BODYART \u00e9s DEEPWORK oktat\u00f3, aquafitness oktat\u00f3 T\u00d6BBET R\u00d3LAM R\u00f3lam Gerinc\u00fcnk karbantart\u00e1sa \u00e9s eg\u00e9szs\u00e9g\u00e9nek meg\u0151rz\u00e9se, a prevent\u00edv szeml\u00e9let, valamint a j\u00f3 hangulat jegy\u00e9ben tartom az \u00f3r\u00e1imat \u00e9s ezt helyezem f\u00f3kuszba. A t\u00f6bb \u00e9v ritmikus gimnasztika \u00e9s a csaknem 16 \u00e9v modern t\u00e1nc nagyban hozz\u00e1j\u00e1rult ahhoz, hogy a mozg\u00e1s jelenleg [&hellip;]<\/p>\n","protected":false},"author":3,"featured_media":0,"parent":3921,"menu_order":0,"comment_status":"closed","ping_status":"closed","template":"elementor_header_footer","meta":{"_acf_changed":false,"footnotes":""},"class_list":["post-5216","page","type-page","status-publish","hentry"],"acf":[],"_links":{"self":[{"href":"https:\/\/oxygenwellness.hu\/en\/wp-json\/wp\/v2\/pages\/5216","targetHints":{"allow":["GET"]}}],"collection":[{"href":"https:\/\/oxygenwellness.hu\/en\/wp-json\/wp\/v2\/pages"}],"about":[{"href":"https:\/\/oxygenwellness.hu\/en\/wp-json\/wp\/v2\/types\/page"}],"author":[{"embeddable":true,"href":"https:\/\/oxygenwellness.hu\/en\/wp-json\/wp\/v2\/users\/3"}],"replies":[{"embeddable":true,"href":"https:\/\/oxygenwellness.hu\/en\/wp-json\/wp\/v2\/comments?post=5216"}],"version-history":[{"count":0,"href":"https:\/\/oxygenwellness.hu\/en\/wp-json\/wp\/v2\/pages\/5216\/revisions"}],"up":[{"embeddable":true,"href":"https:\/\/oxygenwellness.hu\/en\/wp-json\/wp\/v2\/pages\/3921"}],"wp:attachment":[{"href":"https:\/\/oxygenwellness.hu\/en\/wp-json\/wp\/v2\/media?parent=5216"}],"curies":[{"name":"wp","href":"https:\/\/api.w.org\/{rel}","templated":true}]}}