{"id":5135,"date":"2021-11-26T12:23:43","date_gmt":"2021-11-26T11:23:43","guid":{"rendered":"https:\/\/oxygenwellness.hu\/?page_id=5135"},"modified":"2022-09-10T17:27:15","modified_gmt":"2022-09-10T15:27:15","slug":"pancso-gergely","status":"publish","type":"page","link":"https:\/\/oxygenwellness.hu\/en\/csapatunk\/pancso-gergely\/","title":{"rendered":"GERGELY PANCS\u00d3"},"content":{"rendered":"<div data-elementor-type=\"wp-page\" data-elementor-id=\"5135\" class=\"elementor elementor-5135\" data-elementor-post-type=\"page\">\n\t\t\t\t\t\t<section class=\"elementor-section elementor-top-section elementor-element elementor-element-49342cd1 elementor-section-boxed elementor-section-height-default elementor-section-height-default\" data-id=\"49342cd1\" data-element_type=\"section\" data-e-type=\"section\">\n\t\t\t\t\t\t<div class=\"elementor-container elementor-column-gap-default\">\n\t\t\t\t\t<div class=\"elementor-column elementor-col-50 elementor-top-column elementor-element elementor-element-5e0cf3aa\" data-id=\"5e0cf3aa\" data-element_type=\"column\" data-e-type=\"column\">\n\t\t\t<div class=\"elementor-widget-wrap elementor-element-populated\">\n\t\t\t\t\t\t<div class=\"elementor-element elementor-element-ce5fb44 elementor-widget elementor-widget-image\" data-id=\"ce5fb44\" data-element_type=\"widget\" data-e-type=\"widget\" data-widget_type=\"image.default\">\n\t\t\t\t<div class=\"elementor-widget-container\">\n\t\t\t\t\t\t\t\t\t\t\t\t\t\t\t<img fetchpriority=\"high\" decoding=\"async\" width=\"800\" height=\"1000\" src=\"https:\/\/oxygenwellness.hu\/wp-content\/uploads\/2021\/11\/oxygen-wellness-naphegy-edzoink-29.jpg\" class=\"attachment-large size-large wp-image-5472\" alt=\"\" srcset=\"https:\/\/oxygenwellness.hu\/wp-content\/uploads\/2021\/11\/oxygen-wellness-naphegy-edzoink-29.jpg 1080w, https:\/\/oxygenwellness.hu\/wp-content\/uploads\/2021\/11\/oxygen-wellness-naphegy-edzoink-29-600x750.jpg 600w\" sizes=\"(max-width: 800px) 100vw, 800px\" \/>\t\t\t\t\t\t\t\t\t\t\t\t\t\t\t<\/div>\n\t\t\t\t<\/div>\n\t\t\t\t\t<\/div>\n\t\t<\/div>\n\t\t\t\t<div class=\"elementor-column elementor-col-50 elementor-top-column elementor-element elementor-element-559de3e4\" data-id=\"559de3e4\" data-element_type=\"column\" data-e-type=\"column\">\n\t\t\t<div class=\"elementor-widget-wrap elementor-element-populated\">\n\t\t\t\t\t\t<div class=\"elementor-element elementor-element-58ffbd3e elementor-widget elementor-widget-heading\" data-id=\"58ffbd3e\" data-element_type=\"widget\" data-e-type=\"widget\" data-widget_type=\"heading.default\">\n\t\t\t\t<div class=\"elementor-widget-container\">\n\t\t\t\t\t<h2 class=\"elementor-heading-title elementor-size-default\">GERGELY PANCS\u00d3<\/h2>\t\t\t\t<\/div>\n\t\t\t\t<\/div>\n\t\t\t\t<div class=\"elementor-element elementor-element-4c932857 elementor-widget elementor-widget-text-editor\" data-id=\"4c932857\" data-element_type=\"widget\" data-e-type=\"widget\" data-widget_type=\"text-editor.default\">\n\t\t\t\t<div class=\"elementor-widget-container\">\n\t\t\t\t\t\t\t\t\t<p>group lessons professional leader, group instructor, personal trainer<\/p>\t\t\t\t\t\t\t\t<\/div>\n\t\t\t\t<\/div>\n\t\t\t\t<div class=\"elementor-element elementor-element-26cf603f elementor-widget elementor-widget-text-editor\" data-id=\"26cf603f\" data-element_type=\"widget\" data-e-type=\"widget\" data-widget_type=\"text-editor.default\">\n\t\t\t\t<div class=\"elementor-widget-container\">\n\t\t\t\t\t\t\t\t\t<p>My main profile is functional personal training, aerobics<\/p>\t\t\t\t\t\t\t\t<\/div>\n\t\t\t\t<\/div>\n\t\t\t\t<div class=\"elementor-element elementor-element-76f52fa9 elementor-widget elementor-widget-button\" data-id=\"76f52fa9\" data-element_type=\"widget\" data-e-type=\"widget\" data-widget_type=\"button.default\">\n\t\t\t\t<div class=\"elementor-widget-container\">\n\t\t\t\t\t\t\t\t\t<div class=\"elementor-button-wrapper\">\n\t\t\t\t\t<a class=\"elementor-button elementor-button-link elementor-size-sm elementor-animation-shrink\" href=\"#le\">\n\t\t\t\t\t\t<span class=\"elementor-button-content-wrapper\">\n\t\t\t\t\t\t\t\t\t<span class=\"elementor-button-text\">MORE ABOUT ME<\/span>\n\t\t\t\t\t<\/span>\n\t\t\t\t\t<\/a>\n\t\t\t\t<\/div>\n\t\t\t\t\t\t\t\t<\/div>\n\t\t\t\t<\/div>\n\t\t\t\t\t<\/div>\n\t\t<\/div>\n\t\t\t\t\t<\/div>\n\t\t<\/section>\n\t\t\t\t<section class=\"elementor-section elementor-top-section elementor-element elementor-element-128347bc elementor-section-boxed elementor-section-height-default elementor-section-height-default\" data-id=\"128347bc\" data-element_type=\"section\" data-e-type=\"section\" id=\"le\">\n\t\t\t\t\t\t<div class=\"elementor-container elementor-column-gap-default\">\n\t\t\t\t\t<div class=\"elementor-column elementor-col-50 elementor-top-column elementor-element elementor-element-7f1bdaa9\" data-id=\"7f1bdaa9\" data-element_type=\"column\" data-e-type=\"column\">\n\t\t\t<div class=\"elementor-widget-wrap elementor-element-populated\">\n\t\t\t\t\t\t<div class=\"elementor-element elementor-element-3e1f6a7e elementor-widget elementor-widget-heading\" data-id=\"3e1f6a7e\" data-element_type=\"widget\" data-e-type=\"widget\" data-widget_type=\"heading.default\">\n\t\t\t\t<div class=\"elementor-widget-container\">\n\t\t\t\t\t<h2 class=\"elementor-heading-title elementor-size-default\">ABOUT ME<\/h2>\t\t\t\t<\/div>\n\t\t\t\t<\/div>\n\t\t\t\t<div class=\"elementor-element elementor-element-6556e524 elementor-widget elementor-widget-text-editor\" data-id=\"6556e524\" data-element_type=\"widget\" data-e-type=\"widget\" data-widget_type=\"text-editor.default\">\n\t\t\t\t<div class=\"elementor-widget-container\">\n\t\t\t\t\t\t\t\t\t<p>Since childhood, daily physical activity has been a part of my life. I competed in competitive aerobics at a national level for 12 years, and I am a multiple-time Hungarian champion. In 2019, I was awarded \"Best New Instructor of the Year\" at the BioTech USA and Just Clear awards gala. Since 2018, I have been the coach for Miss World Hungary contestants, as well as a regular performer at FitBalance.\n\nMy goal is to inspire my clients to love physical activity and to help them achieve their goals with my expertise.<\/p>\t\t\t\t\t\t\t\t<\/div>\n\t\t\t\t<\/div>\n\t\t\t\t\t<\/div>\n\t\t<\/div>\n\t\t\t\t<div class=\"elementor-column elementor-col-50 elementor-top-column elementor-element elementor-element-26bfca76\" data-id=\"26bfca76\" data-element_type=\"column\" data-e-type=\"column\">\n\t\t\t<div class=\"elementor-widget-wrap elementor-element-populated\">\n\t\t\t\t\t\t<div class=\"elementor-element elementor-element-11add7e0 elementor-widget elementor-widget-text-editor\" data-id=\"11add7e0\" data-element_type=\"widget\" data-e-type=\"widget\" data-widget_type=\"text-editor.default\">\n\t\t\t\t<div class=\"elementor-widget-container\">\n\t\t\t\t\t\t\t\t\t<p>There are no traffic jams on the extra mile<\/p>\t\t\t\t\t\t\t\t<\/div>\n\t\t\t\t<\/div>\n\t\t\t\t\t<\/div>\n\t\t<\/div>\n\t\t\t\t\t<\/div>\n\t\t<\/section>\n\t\t\t\t<section class=\"elementor-section elementor-top-section elementor-element elementor-element-39b2e55e elementor-section-boxed elementor-section-height-default elementor-section-height-default\" data-id=\"39b2e55e\" data-element_type=\"section\" data-e-type=\"section\">\n\t\t\t\t\t\t<div class=\"elementor-container elementor-column-gap-default\">\n\t\t\t\t\t<div class=\"elementor-column elementor-col-50 elementor-top-column elementor-element elementor-element-58b85401\" data-id=\"58b85401\" data-element_type=\"column\" data-e-type=\"column\">\n\t\t\t<div class=\"elementor-widget-wrap elementor-element-populated\">\n\t\t\t\t\t\t<div class=\"elementor-element elementor-element-595d9b76 elementor-widget elementor-widget-heading\" data-id=\"595d9b76\" data-element_type=\"widget\" data-e-type=\"widget\" data-widget_type=\"heading.default\">\n\t\t\t\t<div class=\"elementor-widget-container\">\n\t\t\t\t\t<h2 class=\"elementor-heading-title elementor-size-default\">QUALIFICATIONS<\/h2>\t\t\t\t<\/div>\n\t\t\t\t<\/div>\n\t\t\t\t<div class=\"elementor-element elementor-element-39897efe elementor-widget elementor-widget-text-editor\" data-id=\"39897efe\" data-element_type=\"widget\" data-e-type=\"widget\" data-widget_type=\"text-editor.default\">\n\t\t\t\t<div class=\"elementor-widget-container\">\n\t\t\t\t\t\t\t\t\t<p class=\"mkdf-st-text\">2010 - 2013 University of P\u00e9cs, Faculty of Natural Sciences - Physical Education (Bsc. degree) <br \/>2011 - 2012 OKJ Aerobics sports coach <br \/>2013 - 2016 University of Physical Education - teacher of physical education (MA diploma)<\/p>\t\t\t\t\t\t\t\t<\/div>\n\t\t\t\t<\/div>\n\t\t\t\t\t<\/div>\n\t\t<\/div>\n\t\t\t\t<div class=\"elementor-column elementor-col-50 elementor-top-column elementor-element elementor-element-1beebcb6\" data-id=\"1beebcb6\" data-element_type=\"column\" data-e-type=\"column\" data-settings=\"{&quot;background_background&quot;:&quot;classic&quot;}\">\n\t\t\t<div class=\"elementor-widget-wrap elementor-element-populated\">\n\t\t\t\t\t\t<div class=\"elementor-element elementor-element-65579e7d elementor-widget elementor-widget-heading\" data-id=\"65579e7d\" data-element_type=\"widget\" data-e-type=\"widget\" data-widget_type=\"heading.default\">\n\t\t\t\t<div class=\"elementor-widget-container\">\n\t\t\t\t\t<h2 class=\"elementor-heading-title elementor-size-default\">SPORTING ACHIEVEMENTS<\/h2>\t\t\t\t<\/div>\n\t\t\t\t<\/div>\n\t\t\t\t<div class=\"elementor-element elementor-element-13de0fb2 elementor-widget elementor-widget-text-editor\" data-id=\"13de0fb2\" data-element_type=\"widget\" data-e-type=\"widget\" data-widget_type=\"text-editor.default\">\n\t\t\t\t<div class=\"elementor-widget-container\">\n\t\t\t\t\t\t\t\t\t<p class=\"mkdf-st-text\">- 2005 Hungarian Championship - 1st place <br \/>- 2005 European Championships - 5th place <br \/>- 2006 Hungarian Championship - 1st place <br \/>- 2007 European Championship - 6th place <br \/>- 2008 Hungarian Championship - 1st place <br \/>- 2008 World Championships - 8th place <br \/>- 2009 Hungarian Championships - 1st place <br \/>- 2009 European Championships - 5th place <br \/>- 2005 - 2009 Multiple \"Outstanding Youth Athlete\" of P\u00e9cs and Baranya County <br \/>- 2008 - Most successful male UP1. competitor of Hungarian aerobics sport <br \/>- 2011 Hungarian Championships - 2nd place <br \/>- 2011 University Championship - 2nd place <br \/>- 2011 European Championships - 8th place <br \/>- 2012 Hungarian Championships - 2nd place <br \/>- 2012 University Championships - 2nd place <br \/>- 2012 World Championships - 12th place <br \/>- 2013 Hungarian Championships - 3rd place <br \/>- 2013 European Championships - 11th place <br \/>- 2014 Hungarian Championships - 1st place <br \/>- 2014 World Championships - 14th place <br \/>- 2005 - 2014 Member of the Hungarian national team for sports aerobics<\/p>\t\t\t\t\t\t\t\t<\/div>\n\t\t\t\t<\/div>\n\t\t\t\t\t<\/div>\n\t\t<\/div>\n\t\t\t\t\t<\/div>\n\t\t<\/section>\n\t\t\t\t<section class=\"elementor-section elementor-top-section elementor-element elementor-element-e9fe25c elementor-section-boxed elementor-section-height-default elementor-section-height-default\" data-id=\"e9fe25c\" data-element_type=\"section\" data-e-type=\"section\">\n\t\t\t\t\t\t<div class=\"elementor-container elementor-column-gap-default\">\n\t\t\t\t\t<div class=\"elementor-column elementor-col-100 elementor-top-column elementor-element elementor-element-4d55409d\" data-id=\"4d55409d\" data-element_type=\"column\" data-e-type=\"column\">\n\t\t\t<div class=\"elementor-widget-wrap elementor-element-populated\">\n\t\t\t\t\t\t<div class=\"elementor-element elementor-element-65a371e8 elementor-widget elementor-widget-heading\" data-id=\"65a371e8\" data-element_type=\"widget\" data-e-type=\"widget\" data-widget_type=\"heading.default\">\n\t\t\t\t<div class=\"elementor-widget-container\">\n\t\t\t\t\t<h2 class=\"elementor-heading-title elementor-size-default\">CONTACT<\/h2>\t\t\t\t<\/div>\n\t\t\t\t<\/div>\n\t\t\t\t<div class=\"elementor-element elementor-element-5b20ec7b elementor-widget elementor-widget-text-editor\" data-id=\"5b20ec7b\" data-element_type=\"widget\" data-e-type=\"widget\" data-widget_type=\"text-editor.default\">\n\t\t\t\t<div class=\"elementor-widget-container\">\n\t\t\t\t\t\t\t\t\t<p>E-mail: <a href=\"mailto:pancsogergely@gmail.com\">pancsogergely@gmail.com<\/a><\/p><p>Phone: <a href=\"tel:+36305788528\">+36 30 578 8528<\/a><\/p>\t\t\t\t\t\t\t\t<\/div>\n\t\t\t\t<\/div>\n\t\t\t\t\t<\/div>\n\t\t<\/div>\n\t\t\t\t\t<\/div>\n\t\t<\/section>\n\t\t\t\t<section class=\"elementor-section elementor-top-section elementor-element elementor-element-12b3a36b elementor-section-full_width elementor-section-height-default elementor-section-height-default\" data-id=\"12b3a36b\" data-element_type=\"section\" data-e-type=\"section\">\n\t\t\t\t\t\t<div class=\"elementor-container elementor-column-gap-default\">\n\t\t\t\t\t<div class=\"elementor-column elementor-col-100 elementor-top-column elementor-element elementor-element-3bc9779a\" data-id=\"3bc9779a\" data-element_type=\"column\" data-e-type=\"column\">\n\t\t\t<div class=\"elementor-widget-wrap elementor-element-populated\">\n\t\t\t\t\t\t\t<\/div>\n\t\t<\/div>\n\t\t\t\t\t<\/div>\n\t\t<\/section>\n\t\t\t\t<\/div>","protected":false},"excerpt":{"rendered":"<p>PANCS\u00d3 GERGELY csoportos \u00f3ra szakmai vezet\u0151, csoportos oktat\u00f3, szem\u00e9lyi edz\u0151 F\u0151 profilom a funkcion\u00e1lis szem\u00e9lyi edz\u00e9s, aerobic T\u00d6BBET R\u00d3LAM R\u00f3lam Gyermekkorom \u00f3ta \u00e9letem r\u00e9sze a mindennapos testmozg\u00e1s. 12 \u00e9vet v\u00e1logatott szinten versenyaerobikoztam, amiben t\u00f6bbsz\u00f6r\u00f6s magyar bajnok vagyok. 2019-ben &#8222;Az \u00e9v legjobb \u00faj oktat\u00f3ja&#8221; lettem a BioTech USA \u00e9s a Just Clear d\u00edj\u00e1tad\u00f3 g\u00e1l\u00e1j\u00e1n. 2018 \u00f3ta [&hellip;]<\/p>\n","protected":false},"author":3,"featured_media":0,"parent":3921,"menu_order":0,"comment_status":"closed","ping_status":"closed","template":"elementor_header_footer","meta":{"_acf_changed":false,"footnotes":""},"class_list":["post-5135","page","type-page","status-publish","hentry"],"acf":[],"_links":{"self":[{"href":"https:\/\/oxygenwellness.hu\/en\/wp-json\/wp\/v2\/pages\/5135","targetHints":{"allow":["GET"]}}],"collection":[{"href":"https:\/\/oxygenwellness.hu\/en\/wp-json\/wp\/v2\/pages"}],"about":[{"href":"https:\/\/oxygenwellness.hu\/en\/wp-json\/wp\/v2\/types\/page"}],"author":[{"embeddable":true,"href":"https:\/\/oxygenwellness.hu\/en\/wp-json\/wp\/v2\/users\/3"}],"replies":[{"embeddable":true,"href":"https:\/\/oxygenwellness.hu\/en\/wp-json\/wp\/v2\/comments?post=5135"}],"version-history":[{"count":0,"href":"https:\/\/oxygenwellness.hu\/en\/wp-json\/wp\/v2\/pages\/5135\/revisions"}],"up":[{"embeddable":true,"href":"https:\/\/oxygenwellness.hu\/en\/wp-json\/wp\/v2\/pages\/3921"}],"wp:attachment":[{"href":"https:\/\/oxygenwellness.hu\/en\/wp-json\/wp\/v2\/media?parent=5135"}],"curies":[{"name":"wp","href":"https:\/\/api.w.org\/{rel}","templated":true}]}}