{"id":5122,"date":"2021-11-26T11:54:48","date_gmt":"2021-11-26T10:54:48","guid":{"rendered":"https:\/\/oxygenwellness.hu\/?page_id=5122"},"modified":"2022-09-10T17:22:57","modified_gmt":"2022-09-10T15:22:57","slug":"nagy-nikolett","status":"publish","type":"page","link":"https:\/\/oxygenwellness.hu\/en\/csapatunk\/nagy-nikolett\/","title":{"rendered":"NAGY NIKOLETT"},"content":{"rendered":"<div data-elementor-type=\"wp-page\" data-elementor-id=\"5122\" class=\"elementor elementor-5122\" data-elementor-post-type=\"page\">\n\t\t\t\t\t\t<section class=\"elementor-section elementor-top-section elementor-element elementor-element-5b25b403 elementor-section-boxed elementor-section-height-default elementor-section-height-default\" data-id=\"5b25b403\" data-element_type=\"section\" data-e-type=\"section\">\n\t\t\t\t\t\t<div class=\"elementor-container elementor-column-gap-default\">\n\t\t\t\t\t<div class=\"elementor-column elementor-col-50 elementor-top-column elementor-element elementor-element-54927ddf\" data-id=\"54927ddf\" data-element_type=\"column\" data-e-type=\"column\">\n\t\t\t<div class=\"elementor-widget-wrap elementor-element-populated\">\n\t\t\t\t\t\t<div class=\"elementor-element elementor-element-76695de elementor-widget elementor-widget-image\" data-id=\"76695de\" data-element_type=\"widget\" data-e-type=\"widget\" data-widget_type=\"image.default\">\n\t\t\t\t<div class=\"elementor-widget-container\">\n\t\t\t\t\t\t\t\t\t\t\t\t\t\t\t<img fetchpriority=\"high\" decoding=\"async\" width=\"800\" height=\"1000\" src=\"https:\/\/oxygenwellness.hu\/wp-content\/uploads\/2021\/11\/oxygen-wellness-naphegy-edzoink-41.jpg\" class=\"attachment-large size-large wp-image-5464\" alt=\"\" srcset=\"https:\/\/oxygenwellness.hu\/wp-content\/uploads\/2021\/11\/oxygen-wellness-naphegy-edzoink-41.jpg 1080w, https:\/\/oxygenwellness.hu\/wp-content\/uploads\/2021\/11\/oxygen-wellness-naphegy-edzoink-41-600x750.jpg 600w\" sizes=\"(max-width: 800px) 100vw, 800px\" \/>\t\t\t\t\t\t\t\t\t\t\t\t\t\t\t<\/div>\n\t\t\t\t<\/div>\n\t\t\t\t\t<\/div>\n\t\t<\/div>\n\t\t\t\t<div class=\"elementor-column elementor-col-50 elementor-top-column elementor-element elementor-element-759833d4\" data-id=\"759833d4\" data-element_type=\"column\" data-e-type=\"column\">\n\t\t\t<div class=\"elementor-widget-wrap elementor-element-populated\">\n\t\t\t\t\t\t<div class=\"elementor-element elementor-element-599e8aaa elementor-widget elementor-widget-heading\" data-id=\"599e8aaa\" data-element_type=\"widget\" data-e-type=\"widget\" data-widget_type=\"heading.default\">\n\t\t\t\t<div class=\"elementor-widget-container\">\n\t\t\t\t\t<h2 class=\"elementor-heading-title elementor-size-default\">NAGY NIKOLETT<\/h2>\t\t\t\t<\/div>\n\t\t\t\t<\/div>\n\t\t\t\t<div class=\"elementor-element elementor-element-79c23e90 elementor-widget elementor-widget-text-editor\" data-id=\"79c23e90\" data-element_type=\"widget\" data-e-type=\"widget\" data-widget_type=\"text-editor.default\">\n\t\t\t\t<div class=\"elementor-widget-container\">\n\t\t\t\t\t\t\t\t\t<p>Diplom\u00e1s gy\u00f3gytorn\u00e1sz, Mckenzie terapeuta, szem\u00e9lyi edz\u0151, aerobik oktat\u00f3 <\/p>\t\t\t\t\t\t\t\t<\/div>\n\t\t\t\t<\/div>\n\t\t\t\t<div class=\"elementor-element elementor-element-6aa5adbb elementor-widget elementor-widget-text-editor\" data-id=\"6aa5adbb\" data-element_type=\"widget\" data-e-type=\"widget\" data-widget_type=\"text-editor.default\">\n\t\t\t\t<div class=\"elementor-widget-container\">\n\t\t\t\t\t\t\t\t\t<p>A gy\u00f3gytorn\u00e1sz hivat\u00e1som tud\u00e1s \u00e9s gyakorlat anyag\u00e1t is komplexebb\u00e9 teszik a szem\u00e9lyi edz\u0151i \u00e9s aerobik oktat\u00f3i v\u00e9gzetts\u00e9geim, illetve az ezekre \u00e9p\u00fcl\u0151 tov\u00e1bbk\u00e9pz\u00e9seim.<\/p>\t\t\t\t\t\t\t\t<\/div>\n\t\t\t\t<\/div>\n\t\t\t\t<div class=\"elementor-element elementor-element-4719308b elementor-widget elementor-widget-button\" data-id=\"4719308b\" data-element_type=\"widget\" data-e-type=\"widget\" data-widget_type=\"button.default\">\n\t\t\t\t<div class=\"elementor-widget-container\">\n\t\t\t\t\t\t\t\t\t<div class=\"elementor-button-wrapper\">\n\t\t\t\t\t<a class=\"elementor-button elementor-button-link elementor-size-sm elementor-animation-shrink\" href=\"#le\">\n\t\t\t\t\t\t<span class=\"elementor-button-content-wrapper\">\n\t\t\t\t\t\t\t\t\t<span class=\"elementor-button-text\">MORE ABOUT ME<\/span>\n\t\t\t\t\t<\/span>\n\t\t\t\t\t<\/a>\n\t\t\t\t<\/div>\n\t\t\t\t\t\t\t\t<\/div>\n\t\t\t\t<\/div>\n\t\t\t\t\t<\/div>\n\t\t<\/div>\n\t\t\t\t\t<\/div>\n\t\t<\/section>\n\t\t\t\t<section class=\"elementor-section elementor-top-section elementor-element elementor-element-4e4e1c61 elementor-section-boxed elementor-section-height-default elementor-section-height-default\" data-id=\"4e4e1c61\" data-element_type=\"section\" data-e-type=\"section\" id=\"le\">\n\t\t\t\t\t\t<div class=\"elementor-container elementor-column-gap-default\">\n\t\t\t\t\t<div class=\"elementor-column elementor-col-100 elementor-top-column elementor-element elementor-element-b378dc8\" data-id=\"b378dc8\" data-element_type=\"column\" data-e-type=\"column\">\n\t\t\t<div class=\"elementor-widget-wrap elementor-element-populated\">\n\t\t\t\t\t\t<div class=\"elementor-element elementor-element-78f6fa21 elementor-widget elementor-widget-heading\" data-id=\"78f6fa21\" data-element_type=\"widget\" data-e-type=\"widget\" data-widget_type=\"heading.default\">\n\t\t\t\t<div class=\"elementor-widget-container\">\n\t\t\t\t\t<h2 class=\"elementor-heading-title elementor-size-default\">ABOUT ME<\/h2>\t\t\t\t<\/div>\n\t\t\t\t<\/div>\n\t\t\t\t<div class=\"elementor-element elementor-element-448b7fb5 elementor-widget elementor-widget-text-editor\" data-id=\"448b7fb5\" data-element_type=\"widget\" data-e-type=\"widget\" data-widget_type=\"text-editor.default\">\n\t\t\t\t<div class=\"elementor-widget-container\">\n\t\t\t\t\t\t\t\t\t<p>Ig\u00e9ny szerint hat\u00e9konyan tudom kombin\u00e1lni az megszerzett tud\u00e1sanyagot. Sz\u00e1mos mozg\u00e1sszervi betegs\u00e9get kezeltem m\u00e1r, de Mckenzie terapeutak\u00e9nt leggyakrabban a gerincprobl\u00e9m\u00e1k miatt keresnek meg. Tapasztalataim alapj\u00e1n a gerincet \u00e9rint\u0151 t\u00fcnetek az &#8222;\u00fcl\u0151 \u00e9letm\u00f3d&#8221; vonzatai. A k\u00f6z\u00f6s munka megkezd\u00e9sekor tudatos\u00edtom a p\u00e1ciensben, hogy ez egy hosszabb folyamat lesz, csak t\u00fcrelemmel \u00e9s kitart\u00e1ssal \u00e9rhet\u00fcnk c\u00e9lt. Sz\u00e1momra a legnagyobb \u00f6r\u00f6met az okozza, amikor a p\u00e1ciens visszakapja azt a min\u0151s\u00e9gi \u00e9letet, amit kor\u00e1bban \u00e9lt. A gy\u00f3gytorn\u00e1n k\u00edv\u00fcl, akt\u00edvan sportol\u00f3 gyerekekkel is foglalkozom. C\u00e9lom, hogy megtanulj\u00e1k, hogyan kell megfelel\u0151en terhelni magukat fizik\u00e1lisan \u00e9s pszich\u00e9sen. Valamint, hogy hangs\u00falyt kell fektetni\u00fck a c\u00e9lzott bemeleg\u00edt\u00e9sre \u00e9s ny\u00fajt\u00e1sra, ezzel is cs\u00f6kkentve a s\u00e9r\u00fcl\u00e9sek kock\u00e1zat\u00e1t. Ez a szakma sokkal t\u00f6bb, mint csak lexik\u00e1lis tud\u00e1s. Emberekkel foglalkozni j\u00f3val \u00f6sszetettebb feladat. \u00c9letem egyik legjobb d\u00f6nt\u00e9se volt, hogy ezt a p\u00e1ly\u00e1t v\u00e1lasztottam!<\/p>\t\t\t\t\t\t\t\t<\/div>\n\t\t\t\t<\/div>\n\t\t\t\t\t<\/div>\n\t\t<\/div>\n\t\t\t\t\t<\/div>\n\t\t<\/section>\n\t\t\t\t<section class=\"elementor-section elementor-top-section elementor-element elementor-element-14eedda3 elementor-section-boxed elementor-section-height-default elementor-section-height-default\" data-id=\"14eedda3\" data-element_type=\"section\" data-e-type=\"section\">\n\t\t\t\t\t\t<div class=\"elementor-container elementor-column-gap-default\">\n\t\t\t\t\t<div class=\"elementor-column elementor-col-100 elementor-top-column elementor-element elementor-element-4e3d5c67\" data-id=\"4e3d5c67\" data-element_type=\"column\" data-e-type=\"column\">\n\t\t\t<div class=\"elementor-widget-wrap elementor-element-populated\">\n\t\t\t\t\t\t<div class=\"elementor-element elementor-element-34869b2f elementor-widget elementor-widget-heading\" data-id=\"34869b2f\" data-element_type=\"widget\" data-e-type=\"widget\" data-widget_type=\"heading.default\">\n\t\t\t\t<div class=\"elementor-widget-container\">\n\t\t\t\t\t<h2 class=\"elementor-heading-title elementor-size-default\">QUALIFICATIONS<\/h2>\t\t\t\t<\/div>\n\t\t\t\t<\/div>\n\t\t\t\t<div class=\"elementor-element elementor-element-3ed5b540 elementor-widget elementor-widget-text-editor\" data-id=\"3ed5b540\" data-element_type=\"widget\" data-e-type=\"widget\" data-widget_type=\"text-editor.default\">\n\t\t\t\t<div class=\"elementor-widget-container\">\n\t\t\t\t\t\t\t\t\t<p class=\"mkdf-st-text\">-Miskolci Egyetem, Eg\u00e9szs\u00e9g\u00fcgyi Kar, Gy\u00f3gytorn\u00e1sz Szak, Miskolc \u2013 gy\u00f3gytorn\u00e1sz <br \/>&#8211; Fitness Company, Budapest \u2013 szem\u00e9lyi edz\u0151 <br \/>&#8211; Borsod-Aba\u00faj-Zempl\u00e9n Megyei Testnevel\u00e9si \u00e9s Sportint\u00e9zet <br \/>&#8211; Miskolc Sportoktat\u00f3 aerobik sport\u00e1gban Sportoktat\u00f3 lovassport sport\u00e1gban <br \/>&#8211; Magyarorsz\u00e1gi McKenzie Int\u00e9zet Alap\u00edtv\u00e1ny, Budapest McKenzie A, B, C tanfolyam <br \/>&#8211; All-right Bt., Budapest -Function\u00e1lis Elasztikus Taping oklevelek (3NS TEX Taping By Kinetic International) <br \/>&#8211; Bosu-Hungary K\u00e9pz\u00e9s \u00e9s Oktat\u00e1si K\u00f6zpont, Tatab\u00e1nya \u2013 Bosu tr\u00e9ner &amp; Bosu Ballast Ball tr\u00e9ner <br \/>&#8211; Fitness Company, Budapest \u2013 Gymstick oktat\u00f3<\/p>\t\t\t\t\t\t\t\t<\/div>\n\t\t\t\t<\/div>\n\t\t\t\t\t<\/div>\n\t\t<\/div>\n\t\t\t\t\t<\/div>\n\t\t<\/section>\n\t\t\t\t<section class=\"elementor-section elementor-top-section elementor-element elementor-element-15aea174 elementor-section-boxed elementor-section-height-default elementor-section-height-default\" data-id=\"15aea174\" data-element_type=\"section\" data-e-type=\"section\">\n\t\t\t\t\t\t<div class=\"elementor-container elementor-column-gap-default\">\n\t\t\t\t\t<div class=\"elementor-column elementor-col-100 elementor-top-column elementor-element elementor-element-8edfaac\" data-id=\"8edfaac\" data-element_type=\"column\" data-e-type=\"column\">\n\t\t\t<div class=\"elementor-widget-wrap elementor-element-populated\">\n\t\t\t\t\t\t<div class=\"elementor-element elementor-element-1dadc221 elementor-widget elementor-widget-heading\" data-id=\"1dadc221\" data-element_type=\"widget\" data-e-type=\"widget\" data-widget_type=\"heading.default\">\n\t\t\t\t<div class=\"elementor-widget-container\">\n\t\t\t\t\t<h2 class=\"elementor-heading-title elementor-size-default\">CONTACT<\/h2>\t\t\t\t<\/div>\n\t\t\t\t<\/div>\n\t\t\t\t<div class=\"elementor-element elementor-element-5a466f8 elementor-widget elementor-widget-text-editor\" data-id=\"5a466f8\" data-element_type=\"widget\" data-e-type=\"widget\" data-widget_type=\"text-editor.default\">\n\t\t\t\t<div class=\"elementor-widget-container\">\n\t\t\t\t\t\t\t\t\t<p>E-mail:<a href=\"mailto:nagy.nikolett84@gmail.com\">\u00a0nagy.nikolett84@gmail.com<\/a><\/p><p><a href=\"tel: +36703875690\">Telefon: +36 70 387 5690<\/a><\/p>\t\t\t\t\t\t\t\t<\/div>\n\t\t\t\t<\/div>\n\t\t\t\t\t<\/div>\n\t\t<\/div>\n\t\t\t\t\t<\/div>\n\t\t<\/section>\n\t\t\t\t<section class=\"elementor-section elementor-top-section elementor-element elementor-element-a7dd5a9 elementor-section-full_width elementor-section-height-default elementor-section-height-default\" data-id=\"a7dd5a9\" data-element_type=\"section\" data-e-type=\"section\">\n\t\t\t\t\t\t<div class=\"elementor-container elementor-column-gap-default\">\n\t\t\t\t\t<div class=\"elementor-column elementor-col-100 elementor-top-column elementor-element elementor-element-3230a4b\" data-id=\"3230a4b\" data-element_type=\"column\" data-e-type=\"column\">\n\t\t\t<div class=\"elementor-widget-wrap elementor-element-populated\">\n\t\t\t\t\t\t\t<\/div>\n\t\t<\/div>\n\t\t\t\t\t<\/div>\n\t\t<\/section>\n\t\t\t\t<\/div>","protected":false},"excerpt":{"rendered":"<p>NAGY NIKOLETT Diplom\u00e1s gy\u00f3gytorn\u00e1sz, Mckenzie terapeuta, szem\u00e9lyi edz\u0151, aerobik oktat\u00f3 A gy\u00f3gytorn\u00e1sz hivat\u00e1som tud\u00e1s \u00e9s gyakorlat anyag\u00e1t is komplexebb\u00e9 teszik a szem\u00e9lyi edz\u0151i \u00e9s aerobik oktat\u00f3i v\u00e9gzetts\u00e9geim, illetve az ezekre \u00e9p\u00fcl\u0151 tov\u00e1bbk\u00e9pz\u00e9seim. T\u00d6BBET R\u00d3LAM R\u00f3lam Ig\u00e9ny szerint hat\u00e9konyan tudom kombin\u00e1lni az megszerzett tud\u00e1sanyagot. Sz\u00e1mos mozg\u00e1sszervi betegs\u00e9get kezeltem m\u00e1r, de Mckenzie terapeutak\u00e9nt leggyakrabban a gerincprobl\u00e9m\u00e1k miatt [&hellip;]<\/p>\n","protected":false},"author":3,"featured_media":0,"parent":3921,"menu_order":0,"comment_status":"closed","ping_status":"closed","template":"elementor_header_footer","meta":{"_acf_changed":false,"footnotes":""},"class_list":["post-5122","page","type-page","status-publish","hentry"],"acf":[],"_links":{"self":[{"href":"https:\/\/oxygenwellness.hu\/en\/wp-json\/wp\/v2\/pages\/5122","targetHints":{"allow":["GET"]}}],"collection":[{"href":"https:\/\/oxygenwellness.hu\/en\/wp-json\/wp\/v2\/pages"}],"about":[{"href":"https:\/\/oxygenwellness.hu\/en\/wp-json\/wp\/v2\/types\/page"}],"author":[{"embeddable":true,"href":"https:\/\/oxygenwellness.hu\/en\/wp-json\/wp\/v2\/users\/3"}],"replies":[{"embeddable":true,"href":"https:\/\/oxygenwellness.hu\/en\/wp-json\/wp\/v2\/comments?post=5122"}],"version-history":[{"count":0,"href":"https:\/\/oxygenwellness.hu\/en\/wp-json\/wp\/v2\/pages\/5122\/revisions"}],"up":[{"embeddable":true,"href":"https:\/\/oxygenwellness.hu\/en\/wp-json\/wp\/v2\/pages\/3921"}],"wp:attachment":[{"href":"https:\/\/oxygenwellness.hu\/en\/wp-json\/wp\/v2\/media?parent=5122"}],"curies":[{"name":"wp","href":"https:\/\/api.w.org\/{rel}","templated":true}]}}