{"id":23125,"date":"2025-06-13T09:27:59","date_gmt":"2025-06-13T07:27:59","guid":{"rendered":"https:\/\/oxygenwellness.hu\/?page_id=23125"},"modified":"2025-07-21T12:52:54","modified_gmt":"2025-07-21T10:52:54","slug":"naphegyi-rituale","status":"publish","type":"page","link":"https:\/\/oxygenwellness.hu\/en\/shop\/ajandekutalvany\/naphegyi-rituale\/","title":{"rendered":"Naphegy Ritual"},"content":{"rendered":"\t\t<div data-elementor-type=\"wp-page\" data-elementor-id=\"23125\" class=\"elementor elementor-23125\" data-elementor-post-type=\"page\">\n\t\t\t\t<div class=\"elementor-element elementor-element-23049f00 e-con-full e-flex e-con e-parent\" data-id=\"23049f00\" data-element_type=\"container\" data-e-type=\"container\">\n\t\t<div class=\"elementor-element elementor-element-9b6894a e-con-full e-flex e-con e-child\" data-id=\"9b6894a\" data-element_type=\"container\" data-e-type=\"container\" data-settings=\"{&quot;sticky&quot;:&quot;top&quot;,&quot;sticky_parent&quot;:&quot;yes&quot;,&quot;sticky_on&quot;:[&quot;desktop&quot;],&quot;sticky_offset&quot;:0,&quot;sticky_effects_offset&quot;:0,&quot;sticky_anchor_link_offset&quot;:0}\">\n\t\t<div class=\"elementor-element elementor-element-58fb610e e-con-full e-flex e-con e-child\" data-id=\"58fb610e\" data-element_type=\"container\" data-e-type=\"container\">\n\t\t\t\t<div class=\"elementor-element elementor-element-393e6db elementor-widget elementor-widget-shortcode\" data-id=\"393e6db\" data-element_type=\"widget\" data-e-type=\"widget\" data-widget_type=\"shortcode.default\">\n\t\t\t\t<div class=\"elementor-widget-container\">\n\t\t\t\t\t\t\t<div class=\"elementor-shortcode\">    <ul class=\"custom-category-filter\">\r\n                    <li class=\"\">\r\n                <a href=\"https:\/\/oxygenwellness.hu\/en\/termek-kategoria\/belepojegyek-berletek\/\">\r\n                    Bel\u00e9p\u0151jegyek \/ B\u00e9rletek                    <span class=\"count\">8<\/span>\r\n                <\/a>\r\n            <\/li>\r\n                    <li class=\"\">\r\n                <a href=\"https:\/\/oxygenwellness.hu\/en\/termek-kategoria\/masszazs-wellness-kezelesek\/\">\r\n                    Massz\u00e1zs \/ Wellness kezel\u00e9sek                    <span class=\"count\">19<\/span>\r\n                <\/a>\r\n            <\/li>\r\n                    <li class=\"\">\r\n                <a href=\"https:\/\/oxygenwellness.hu\/en\/termek-kategoria\/ajandekutalvanyok\/\">\r\n                    Aj\u00e1nd\u00e9kutalv\u00e1nyaink                    <span class=\"count\">15<\/span>\r\n                <\/a>\r\n            <\/li>\r\n                    <li class=\"\">\r\n                <a href=\"https:\/\/oxygenwellness.hu\/en\/termek-kategoria\/ajanlataink-noknek\/\">\r\n                    Aj\u00e1nlataink N\u0151knek                    <span class=\"count\">4<\/span>\r\n                <\/a>\r\n            <\/li>\r\n                    <li class=\"\">\r\n                <a href=\"https:\/\/oxygenwellness.hu\/en\/termek-kategoria\/ajanlataink-ferfiaknak\/\">\r\n                    Aj\u00e1nlataink F\u00e9rfiaknak                    <span class=\"count\">4<\/span>\r\n                <\/a>\r\n            <\/li>\r\n                    <li class=\"\">\r\n                <a href=\"https:\/\/oxygenwellness.hu\/en\/termek-kategoria\/paros-feltoltodes\/\">\r\n                    P\u00e1ros felt\u00f6lt\u0151d\u00e9s                    <span class=\"count\">2<\/span>\r\n                <\/a>\r\n            <\/li>\r\n                    <li class=\"\">\r\n                <a href=\"https:\/\/oxygenwellness.hu\/en\/termek-kategoria\/fit-csomagok\/\">\r\n                    Fit csomagok                    <span class=\"count\">5<\/span>\r\n                <\/a>\r\n            <\/li>\r\n                <li class=\"\">\r\n            <a href=\"https:\/\/oxygenwellness.hu\/en\/shop\/\">\r\n                Teljes \u00e9lm\u00e9nyk\u00edn\u00e1latunk\r\n            <\/a>\r\n        <\/li>\r\n    <\/ul>\r\n    <\/div>\n\t\t\t\t\t\t<\/div>\n\t\t\t\t<\/div>\n\t\t\t\t<\/div>\n\t\t\t\t<\/div>\n\t\t<div class=\"elementor-element elementor-element-36371c1a e-con-full e-flex e-con e-child\" data-id=\"36371c1a\" data-element_type=\"container\" data-e-type=\"container\">\n\t\t<div class=\"elementor-element elementor-element-6e886085 e-con-full e-flex e-con e-child\" data-id=\"6e886085\" data-element_type=\"container\" data-e-type=\"container\">\n\t\t\t\t<div class=\"elementor-element elementor-element-4159189c elementor-widget elementor-widget-heading\" data-id=\"4159189c\" data-element_type=\"widget\" data-e-type=\"widget\" data-widget_type=\"heading.default\">\n\t\t\t\t<div class=\"elementor-widget-container\">\n\t\t\t\t\t<h2 class=\"elementor-heading-title elementor-size-default\">Naphegyi Ritu\u00e1l\u00e9<\/h2>\t\t\t\t<\/div>\n\t\t\t\t<\/div>\n\t\t\t\t<div class=\"elementor-element elementor-element-885072d elementor-widget elementor-widget-text-editor\" data-id=\"885072d\" data-element_type=\"widget\" data-e-type=\"widget\" data-widget_type=\"text-editor.default\">\n\t\t\t\t<div class=\"elementor-widget-container\">\n\t\t\t\t\t\t\t\t\tAj\u00e1nd\u00e9kozz \u00e9des pihen\u00e9st! Mert a luxus n\u00e9ha egy nyugodt d\u00e9lut\u00e1nban rejlik.\r\n\r\nEz a csomag egy igazi \u00e9rz\u00e9ki ritu\u00e1l\u00e9: csokol\u00e1d\u00e9s testrad\u00edr, shea vajas testmassz\u00e1zs \u00e9s t\u00e1pl\u00e1l\u00f3 tejes f\u00fcrd\u0151 seg\u00edt a teljes ellazul\u00e1sban. Az arcmassz\u00e1zs k\u00e9nyezteti a b\u0151rt, a v\u00f6r\u00f6s f\u00e9ny ter\u00e1pia t\u00e1mogatja a regener\u00e1ci\u00f3t, a fitness-wellness bel\u00e9p\u0151 pedig egy teljes napnyi kikapcsol\u00f3d\u00e1st k\u00edn\u00e1l.\r\nAj\u00e1nd\u00e9k azoknak, akiknek a gondoskod\u00e1s t\u00f6bb mint figyelmess\u00e9g: \u00e9let\u00e9rz\u00e9s.\t\t\t\t\t\t\t\t<\/div>\n\t\t\t\t<\/div>\n\t\t\t\t<\/div>\n\t\t<div class=\"elementor-element elementor-element-1686fb00 e-con-full e-flex e-con e-child\" data-id=\"1686fb00\" data-element_type=\"container\" data-e-type=\"container\">\n\t\t<div class=\"elementor-element elementor-element-62f00736 e-con-full e-flex e-con e-child\" data-id=\"62f00736\" data-element_type=\"container\" data-e-type=\"container\" data-settings=\"{&quot;background_background&quot;:&quot;classic&quot;}\">\n\t\t\t\t<\/div>\n\t\t<div class=\"elementor-element elementor-element-1cb1c90f e-con-full e-flex e-con e-child\" data-id=\"1cb1c90f\" data-element_type=\"container\" data-e-type=\"container\">\n\t\t\t\t<div class=\"elementor-element elementor-element-556acbe7 elementor-widget elementor-widget-heading\" data-id=\"556acbe7\" data-element_type=\"widget\" data-e-type=\"widget\" data-widget_type=\"heading.default\">\n\t\t\t\t<div class=\"elementor-widget-container\">\n\t\t\t\t\t<h2 class=\"elementor-heading-title elementor-size-default\"><span class=\"woocommerce-Price-amount amount\">74.900<span class=\"woocommerce-Price-currencySymbol\">&#070;&#116;<\/span><\/span><\/h2>\t\t\t\t<\/div>\n\t\t\t\t<\/div>\n\t\t\t\t<div class=\"elementor-element elementor-element-40bf8a9c elementor-widget elementor-widget-heading\" data-id=\"40bf8a9c\" data-element_type=\"widget\" data-e-type=\"widget\" data-widget_type=\"heading.default\">\n\t\t\t\t<div class=\"elementor-widget-container\">\n\t\t\t\t\t<h2 class=\"elementor-heading-title elementor-size-default\">Az utalv\u00e1ny tartalma:<\/h2>\t\t\t\t<\/div>\n\t\t\t\t<\/div>\n\t\t\t\t<div class=\"elementor-element elementor-element-57dbede9 elementor-widget elementor-widget-text-editor\" data-id=\"57dbede9\" data-element_type=\"widget\" data-e-type=\"widget\" data-widget_type=\"text-editor.default\">\n\t\t\t\t<div class=\"elementor-widget-container\">\n\t\t\t\t\t\t\t\t\t<ul>\r\n \t<li>1 alkalmas Fitness-wellness bel\u00e9po\u030b 4 \u00f3r\u00e1s d\u00edjmentes parkol\u00e1ssal<\/li>\r\n \t<li>Arcmassz\u00e1zs \u2013 25 perc<\/li>\r\n \t<li>Testmassz\u00e1zs shea vajjal \u2013 50 perc<\/li>\r\n \t<li>Csokol\u00e1d\u00e9s peeling \u2013 25 perc<\/li>\r\n \t<li>Tejes f\u00fcrdo\u030bz\u00e9s \u2013 20 perc<\/li>\r\n \t<li>V\u00f6r\u00f6sf\u00e9ny-ter\u00e1pia a Superhuman Centerben \u2013 15 perc<span class=\"Apple-converted-space\">\u00a0<\/span><\/li>\r\n<\/ul>\t\t\t\t\t\t\t\t<\/div>\n\t\t\t\t<\/div>\n\t\t\t\t<div class=\"elementor-element elementor-element-7539d997 elementor-widget elementor-widget-button\" data-id=\"7539d997\" data-element_type=\"widget\" data-e-type=\"widget\" data-widget_type=\"button.default\">\n\t\t\t\t<div class=\"elementor-widget-container\">\n\t\t\t\t\t\t\t\t\t<div class=\"elementor-button-wrapper\">\n\t\t\t\t\t<a class=\"elementor-button elementor-button-link elementor-size-sm\" href=\"\/shop\/ajandekutalvany\/naphegyi-rituale\/extrak\/\">\n\t\t\t\t\t\t<span class=\"elementor-button-content-wrapper\">\n\t\t\t\t\t\t\t\t\t<span class=\"elementor-button-text\">MEGRENDELEM<\/span>\n\t\t\t\t\t<\/span>\n\t\t\t\t\t<\/a>\n\t\t\t\t<\/div>\n\t\t\t\t\t\t\t\t<\/div>\n\t\t\t\t<\/div>\n\t\t\t\t<\/div>\n\t\t\t\t<\/div>\n\t\t<div class=\"elementor-element elementor-element-4d42d296 e-con-full e-flex e-con e-child\" data-id=\"4d42d296\" data-element_type=\"container\" data-e-type=\"container\">\n\t\t\t\t<div class=\"elementor-element elementor-element-4a5a697b elementor-align-justify elementor-widget elementor-widget-button\" data-id=\"4a5a697b\" data-element_type=\"widget\" data-e-type=\"widget\" data-widget_type=\"button.default\">\n\t\t\t\t<div class=\"elementor-widget-container\">\n\t\t\t\t\t\t\t\t\t<div class=\"elementor-button-wrapper\">\n\t\t\t\t\t<a class=\"elementor-button elementor-button-link elementor-size-sm\" href=\"\/shop\/ajandekutalvany\/naphegyi-rituale\/extrak\/\">\n\t\t\t\t\t\t<span class=\"elementor-button-content-wrapper\">\n\t\t\t\t\t\t\t\t\t<span class=\"elementor-button-text\">MEGRENDELEM<\/span>\n\t\t\t\t\t<\/span>\n\t\t\t\t\t<\/a>\n\t\t\t\t<\/div>\n\t\t\t\t\t\t\t\t<\/div>\n\t\t\t\t<\/div>\n\t\t\t\t<div class=\"elementor-element elementor-element-330f3e85 elementor-widget elementor-widget-text-editor\" data-id=\"330f3e85\" data-element_type=\"widget\" data-e-type=\"widget\" data-widget_type=\"text-editor.default\">\n\t\t\t\t<div class=\"elementor-widget-container\">\n\t\t\t\t\t\t\t\t\t<p>A k\u00f6vetkez\u0151 l\u00e9p\u00e9sben tudja szem\u00e9lyre szabni az utalv\u00e1nyt.<\/p>\t\t\t\t\t\t\t\t<\/div>\n\t\t\t\t<\/div>\n\t\t\t\t<\/div>\n\t\t\t\t<\/div>\n\t\t\t\t<\/div>\n\t\t\t\t<\/div>\n\t\t","protected":false},"excerpt":{"rendered":"<p>Az utalv\u00e1ny tartalma: MEGRENDELEM Megrendel\u00e9s Az utalv\u00e1ny online \u00e9s szem\u00e9lyesen is megv\u00e1s\u00e1rolhat\u00f3 nyitvatart\u00e1si id\u0151ben az Oxygen Wellnes Naphegyen. Az utalv\u00e1ny megv\u00e1s\u00e1rolhat\u00f3 csak digit\u00e1lis form\u00e1tumban is, \u00edgy fizik\u00e1lis utalv\u00e1ny nem j\u00e1r a szem\u00e9lyes\/online v\u00e1s\u00e1rl\u00e1s mell\u00e9.(Az online v\u00e1s\u00e1rolt utalv\u00e1nyt 1 h\u00e9ten bel\u00fcl \u00e1tadjuk fut\u00e1runknak, aki 2 napon bel\u00fcl kisz\u00e1ll\u00edtja a megadott c\u00edmre.) Felhaszn\u00e1l\u00e1s El\u0151zetes id\u0151pontfoglal\u00e1s sz\u00fcks\u00e9ges az [&hellip;]<\/p>\n","protected":false},"author":3,"featured_media":0,"parent":22748,"menu_order":0,"comment_status":"closed","ping_status":"closed","template":"","meta":{"_acf_changed":false,"footnotes":""},"class_list":["post-23125","page","type-page","status-publish","hentry"],"acf":[],"_links":{"self":[{"href":"https:\/\/oxygenwellness.hu\/en\/wp-json\/wp\/v2\/pages\/23125","targetHints":{"allow":["GET"]}}],"collection":[{"href":"https:\/\/oxygenwellness.hu\/en\/wp-json\/wp\/v2\/pages"}],"about":[{"href":"https:\/\/oxygenwellness.hu\/en\/wp-json\/wp\/v2\/types\/page"}],"author":[{"embeddable":true,"href":"https:\/\/oxygenwellness.hu\/en\/wp-json\/wp\/v2\/users\/3"}],"replies":[{"embeddable":true,"href":"https:\/\/oxygenwellness.hu\/en\/wp-json\/wp\/v2\/comments?post=23125"}],"version-history":[{"count":0,"href":"https:\/\/oxygenwellness.hu\/en\/wp-json\/wp\/v2\/pages\/23125\/revisions"}],"up":[{"embeddable":true,"href":"https:\/\/oxygenwellness.hu\/en\/wp-json\/wp\/v2\/pages\/22748"}],"wp:attachment":[{"href":"https:\/\/oxygenwellness.hu\/en\/wp-json\/wp\/v2\/media?parent=23125"}],"curies":[{"name":"wp","href":"https:\/\/api.w.org\/{rel}","templated":true}]}}