{"id":23109,"date":"2025-06-13T09:22:46","date_gmt":"2025-06-13T07:22:46","guid":{"rendered":"https:\/\/oxygenwellness.hu\/?page_id=23109"},"modified":"2025-07-21T12:51:23","modified_gmt":"2025-07-21T10:51:23","slug":"naphegyi-megujulas","status":"publish","type":"page","link":"https:\/\/oxygenwellness.hu\/en\/shop\/ajandekutalvany\/naphegyi-megujulas\/","title":{"rendered":"Naphegy Renewal"},"content":{"rendered":"\t\t<div data-elementor-type=\"wp-page\" data-elementor-id=\"23109\" class=\"elementor elementor-23109\" data-elementor-post-type=\"page\">\n\t\t\t\t<div class=\"elementor-element elementor-element-b671a19 e-con-full e-flex e-con e-parent\" data-id=\"b671a19\" data-element_type=\"container\" data-e-type=\"container\">\n\t\t<div class=\"elementor-element elementor-element-3de88d3a e-con-full e-flex e-con e-child\" data-id=\"3de88d3a\" data-element_type=\"container\" data-e-type=\"container\" data-settings=\"{&quot;sticky&quot;:&quot;top&quot;,&quot;sticky_parent&quot;:&quot;yes&quot;,&quot;sticky_on&quot;:[&quot;desktop&quot;],&quot;sticky_offset&quot;:0,&quot;sticky_effects_offset&quot;:0,&quot;sticky_anchor_link_offset&quot;:0}\">\n\t\t<div class=\"elementor-element elementor-element-7036ef16 e-con-full e-flex e-con e-child\" data-id=\"7036ef16\" data-element_type=\"container\" data-e-type=\"container\">\n\t\t\t\t<div class=\"elementor-element elementor-element-4b10fbc elementor-widget elementor-widget-shortcode\" data-id=\"4b10fbc\" data-element_type=\"widget\" data-e-type=\"widget\" data-widget_type=\"shortcode.default\">\n\t\t\t\t<div class=\"elementor-widget-container\">\n\t\t\t\t\t\t\t<div class=\"elementor-shortcode\">    <ul class=\"custom-category-filter\">\r\n                    <li class=\"\">\r\n                <a href=\"https:\/\/oxygenwellness.hu\/en\/termek-kategoria\/belepojegyek-berletek\/\">\r\n                    Bel\u00e9p\u0151jegyek \/ B\u00e9rletek                    <span class=\"count\">8<\/span>\r\n                <\/a>\r\n            <\/li>\r\n                    <li class=\"\">\r\n                <a href=\"https:\/\/oxygenwellness.hu\/en\/termek-kategoria\/masszazs-wellness-kezelesek\/\">\r\n                    Massz\u00e1zs \/ Wellness kezel\u00e9sek                    <span class=\"count\">19<\/span>\r\n                <\/a>\r\n            <\/li>\r\n                    <li class=\"\">\r\n                <a href=\"https:\/\/oxygenwellness.hu\/en\/termek-kategoria\/ajandekutalvanyok\/\">\r\n                    Aj\u00e1nd\u00e9kutalv\u00e1nyaink                    <span class=\"count\">16<\/span>\r\n                <\/a>\r\n            <\/li>\r\n                    <li class=\"\">\r\n                <a href=\"https:\/\/oxygenwellness.hu\/en\/termek-kategoria\/ajanlataink-noknek\/\">\r\n                    Aj\u00e1nlataink N\u0151knek                    <span class=\"count\">4<\/span>\r\n                <\/a>\r\n            <\/li>\r\n                    <li class=\"\">\r\n                <a href=\"https:\/\/oxygenwellness.hu\/en\/termek-kategoria\/ajanlataink-ferfiaknak\/\">\r\n                    Aj\u00e1nlataink F\u00e9rfiaknak                    <span class=\"count\">4<\/span>\r\n                <\/a>\r\n            <\/li>\r\n                    <li class=\"\">\r\n                <a href=\"https:\/\/oxygenwellness.hu\/en\/termek-kategoria\/paros-feltoltodes\/\">\r\n                    P\u00e1ros felt\u00f6lt\u0151d\u00e9s                    <span class=\"count\">3<\/span>\r\n                <\/a>\r\n            <\/li>\r\n                    <li class=\"\">\r\n                <a href=\"https:\/\/oxygenwellness.hu\/en\/termek-kategoria\/fit-csomagok\/\">\r\n                    Fit csomagok                    <span class=\"count\">5<\/span>\r\n                <\/a>\r\n            <\/li>\r\n                <li class=\"\">\r\n            <a href=\"https:\/\/oxygenwellness.hu\/en\/shop\/\">\r\n                Teljes \u00e9lm\u00e9nyk\u00edn\u00e1latunk\r\n            <\/a>\r\n        <\/li>\r\n    <\/ul>\r\n    <\/div>\n\t\t\t\t\t\t<\/div>\n\t\t\t\t<\/div>\n\t\t\t\t<\/div>\n\t\t\t\t<\/div>\n\t\t<div class=\"elementor-element elementor-element-22b557cc e-con-full e-flex e-con e-child\" data-id=\"22b557cc\" data-element_type=\"container\" data-e-type=\"container\">\n\t\t<div class=\"elementor-element elementor-element-4fbe602 e-con-full e-flex e-con e-child\" data-id=\"4fbe602\" data-element_type=\"container\" data-e-type=\"container\">\n\t\t\t\t<div class=\"elementor-element elementor-element-1ec9bfce elementor-widget elementor-widget-heading\" data-id=\"1ec9bfce\" data-element_type=\"widget\" data-e-type=\"widget\" data-widget_type=\"heading.default\">\n\t\t\t\t<div class=\"elementor-widget-container\">\n\t\t\t\t\t<h2 class=\"elementor-heading-title elementor-size-default\">Naphegyi Meg\u00fajul\u00e1s<\/h2>\t\t\t\t<\/div>\n\t\t\t\t<\/div>\n\t\t\t\t<div class=\"elementor-element elementor-element-e246791 elementor-widget elementor-widget-text-editor\" data-id=\"e246791\" data-element_type=\"widget\" data-e-type=\"widget\" data-widget_type=\"text-editor.default\">\n\t\t\t\t<div class=\"elementor-widget-container\">\n\t\t\t\t\t\t\t\t\tAj\u00e1nd\u00e9kozz term\u00e9szetes felt\u00f6lt\u0151d\u00e9st! Mert a sz\u00e9ps\u00e9g a bels\u0151 egyens\u00falyb\u00f3l fakad.\r\n\r\nTengeri s\u00f3s peeling, ol\u00edvaolajos testmassz\u00e1zs, pihentet\u0151 talpmassz\u00e1zs \u00e9s v\u00f6r\u00f6s f\u00e9ny ter\u00e1pia: minden a tisztul\u00e1st, a meg\u00fajul\u00e1st \u00e9s a bels\u0151 b\u00e9k\u00e9t szolg\u00e1lja. A wellness-fitness bel\u00e9p\u0151 \u00e9s a helysz\u00edni parkol\u00e1s k\u00e9nyelmet ad, az \u00e9lm\u00e9ny pedig hosszan megmarad.\r\nT\u00f6k\u00e9letes v\u00e1laszt\u00e1s annak, aki meg\u00e9rdemli a term\u00e9szet ihlette meg\u00fajul\u00e1st.\t\t\t\t\t\t\t\t<\/div>\n\t\t\t\t<\/div>\n\t\t\t\t<\/div>\n\t\t<div class=\"elementor-element elementor-element-317f8e1a e-con-full e-flex e-con e-child\" data-id=\"317f8e1a\" data-element_type=\"container\" data-e-type=\"container\">\n\t\t<div class=\"elementor-element elementor-element-7416f9bc e-con-full e-flex e-con e-child\" data-id=\"7416f9bc\" data-element_type=\"container\" data-e-type=\"container\" data-settings=\"{&quot;background_background&quot;:&quot;classic&quot;}\">\n\t\t\t\t<\/div>\n\t\t<div class=\"elementor-element elementor-element-120451da e-con-full e-flex e-con e-child\" data-id=\"120451da\" data-element_type=\"container\" data-e-type=\"container\">\n\t\t\t\t<div class=\"elementor-element elementor-element-3c93f262 elementor-widget elementor-widget-heading\" data-id=\"3c93f262\" data-element_type=\"widget\" data-e-type=\"widget\" data-widget_type=\"heading.default\">\n\t\t\t\t<div class=\"elementor-widget-container\">\n\t\t\t\t\t<h2 class=\"elementor-heading-title elementor-size-default\"><span class=\"woocommerce-Price-amount amount\">64.900<span class=\"woocommerce-Price-currencySymbol\">&#070;&#116;<\/span><\/span><\/h2>\t\t\t\t<\/div>\n\t\t\t\t<\/div>\n\t\t\t\t<div class=\"elementor-element elementor-element-9078e60 elementor-widget elementor-widget-heading\" data-id=\"9078e60\" data-element_type=\"widget\" data-e-type=\"widget\" data-widget_type=\"heading.default\">\n\t\t\t\t<div class=\"elementor-widget-container\">\n\t\t\t\t\t<h2 class=\"elementor-heading-title elementor-size-default\">Az utalv\u00e1ny tartalma:<\/h2>\t\t\t\t<\/div>\n\t\t\t\t<\/div>\n\t\t\t\t<div class=\"elementor-element elementor-element-67bdea26 elementor-widget elementor-widget-text-editor\" data-id=\"67bdea26\" data-element_type=\"widget\" data-e-type=\"widget\" data-widget_type=\"text-editor.default\">\n\t\t\t\t<div class=\"elementor-widget-container\">\n\t\t\t\t\t\t\t\t\t<ul>\r\n \t<li>1 alkalmas Fitness-wellness bel\u00e9po\u030b 4 \u00f3r\u00e1s d\u00edjmentes parkol\u00e1ssal<\/li>\r\n \t<li>Talpmassz\u00e1zs \u2013 25 perc<\/li>\r\n \t<li>Testmassz\u00e1zs ol\u00edvaolajjal \u2013 50 perc<\/li>\r\n \t<li>Tengeris\u00f3s peeling \u2013 25 perc<span class=\"Apple-converted-space\">\u00a0<\/span><\/li>\r\n \t<li>V\u00f6r\u00f6sf\u00e9ny-ter\u00e1pia a Superhuman Centerben \u2013 15 perc<\/li>\r\n<\/ul>\t\t\t\t\t\t\t\t<\/div>\n\t\t\t\t<\/div>\n\t\t\t\t<div class=\"elementor-element elementor-element-66b21b7d elementor-widget elementor-widget-button\" data-id=\"66b21b7d\" data-element_type=\"widget\" data-e-type=\"widget\" data-widget_type=\"button.default\">\n\t\t\t\t<div class=\"elementor-widget-container\">\n\t\t\t\t\t\t\t\t\t<div class=\"elementor-button-wrapper\">\n\t\t\t\t\t<a class=\"elementor-button elementor-button-link elementor-size-sm\" href=\"\/shop\/ajandekutalvany\/naphegyi-megujulas\/extrak\/\">\n\t\t\t\t\t\t<span class=\"elementor-button-content-wrapper\">\n\t\t\t\t\t\t\t\t\t<span class=\"elementor-button-text\">MEGRENDELEM<\/span>\n\t\t\t\t\t<\/span>\n\t\t\t\t\t<\/a>\n\t\t\t\t<\/div>\n\t\t\t\t\t\t\t\t<\/div>\n\t\t\t\t<\/div>\n\t\t\t\t<\/div>\n\t\t\t\t<\/div>\n\t\t<div class=\"elementor-element elementor-element-7f4d0608 e-con-full e-flex e-con e-child\" data-id=\"7f4d0608\" data-element_type=\"container\" data-e-type=\"container\">\n\t\t\t\t<div class=\"elementor-element elementor-element-11d6f37a elementor-align-justify elementor-widget elementor-widget-button\" data-id=\"11d6f37a\" data-element_type=\"widget\" data-e-type=\"widget\" data-widget_type=\"button.default\">\n\t\t\t\t<div class=\"elementor-widget-container\">\n\t\t\t\t\t\t\t\t\t<div class=\"elementor-button-wrapper\">\n\t\t\t\t\t<a class=\"elementor-button elementor-button-link elementor-size-sm\" href=\"\/shop\/ajandekutalvany\/naphegyi-megujulas\/extrak\/\">\n\t\t\t\t\t\t<span class=\"elementor-button-content-wrapper\">\n\t\t\t\t\t\t\t\t\t<span class=\"elementor-button-text\">MEGRENDELEM<\/span>\n\t\t\t\t\t<\/span>\n\t\t\t\t\t<\/a>\n\t\t\t\t<\/div>\n\t\t\t\t\t\t\t\t<\/div>\n\t\t\t\t<\/div>\n\t\t\t\t<div class=\"elementor-element elementor-element-47ed9835 elementor-widget elementor-widget-text-editor\" data-id=\"47ed9835\" data-element_type=\"widget\" data-e-type=\"widget\" data-widget_type=\"text-editor.default\">\n\t\t\t\t<div class=\"elementor-widget-container\">\n\t\t\t\t\t\t\t\t\t<p>A k\u00f6vetkez\u0151 l\u00e9p\u00e9sben tudja szem\u00e9lyre szabni az utalv\u00e1nyt.<\/p>\t\t\t\t\t\t\t\t<\/div>\n\t\t\t\t<\/div>\n\t\t\t\t<\/div>\n\t\t\t\t<\/div>\n\t\t\t\t<\/div>\n\t\t\t\t<\/div>\n\t\t","protected":false},"excerpt":{"rendered":"<p>Az utalv\u00e1ny tartalma: MEGRENDELEM Megrendel\u00e9s Az utalv\u00e1ny online \u00e9s szem\u00e9lyesen is megv\u00e1s\u00e1rolhat\u00f3 nyitvatart\u00e1si id\u0151ben az Oxygen Wellnes Naphegyen. Az utalv\u00e1ny megv\u00e1s\u00e1rolhat\u00f3 csak digit\u00e1lis form\u00e1tumban is, \u00edgy fizik\u00e1lis utalv\u00e1ny nem j\u00e1r a szem\u00e9lyes\/online v\u00e1s\u00e1rl\u00e1s mell\u00e9.(Az online v\u00e1s\u00e1rolt utalv\u00e1nyt 1 h\u00e9ten bel\u00fcl \u00e1tadjuk fut\u00e1runknak, aki 2 napon bel\u00fcl kisz\u00e1ll\u00edtja a megadott c\u00edmre.) Felhaszn\u00e1l\u00e1s El\u0151zetes id\u0151pontfoglal\u00e1s sz\u00fcks\u00e9ges az [&hellip;]<\/p>\n","protected":false},"author":3,"featured_media":0,"parent":22748,"menu_order":0,"comment_status":"closed","ping_status":"closed","template":"","meta":{"_acf_changed":false,"footnotes":""},"class_list":["post-23109","page","type-page","status-publish","hentry"],"acf":[],"_links":{"self":[{"href":"https:\/\/oxygenwellness.hu\/en\/wp-json\/wp\/v2\/pages\/23109","targetHints":{"allow":["GET"]}}],"collection":[{"href":"https:\/\/oxygenwellness.hu\/en\/wp-json\/wp\/v2\/pages"}],"about":[{"href":"https:\/\/oxygenwellness.hu\/en\/wp-json\/wp\/v2\/types\/page"}],"author":[{"embeddable":true,"href":"https:\/\/oxygenwellness.hu\/en\/wp-json\/wp\/v2\/users\/3"}],"replies":[{"embeddable":true,"href":"https:\/\/oxygenwellness.hu\/en\/wp-json\/wp\/v2\/comments?post=23109"}],"version-history":[{"count":0,"href":"https:\/\/oxygenwellness.hu\/en\/wp-json\/wp\/v2\/pages\/23109\/revisions"}],"up":[{"embeddable":true,"href":"https:\/\/oxygenwellness.hu\/en\/wp-json\/wp\/v2\/pages\/22748"}],"wp:attachment":[{"href":"https:\/\/oxygenwellness.hu\/en\/wp-json\/wp\/v2\/media?parent=23109"}],"curies":[{"name":"wp","href":"https:\/\/api.w.org\/{rel}","templated":true}]}}