{"id":23073,"date":"2025-06-13T08:50:00","date_gmt":"2025-06-13T06:50:00","guid":{"rendered":"https:\/\/oxygenwellness.hu\/?page_id=23073"},"modified":"2025-06-13T08:52:32","modified_gmt":"2025-06-13T06:52:32","slug":"extrak","status":"publish","type":"page","link":"https:\/\/oxygenwellness.hu\/en\/shop\/ajandekutalvany\/relax-reset\/extrak\/","title":{"rendered":"Extras"},"content":{"rendered":"\t\t<div data-elementor-type=\"wp-page\" data-elementor-id=\"23073\" class=\"elementor elementor-23073\" data-elementor-post-type=\"page\">\n\t\t\t\t<div class=\"elementor-element elementor-element-5eaaed13 e-con-full e-flex e-con e-parent\" data-id=\"5eaaed13\" data-element_type=\"container\" data-e-type=\"container\">\n\t\t<div class=\"elementor-element elementor-element-3dc88a1d e-con-full e-flex e-con e-child\" data-id=\"3dc88a1d\" data-element_type=\"container\" data-e-type=\"container\" data-settings=\"{&quot;sticky&quot;:&quot;top&quot;,&quot;sticky_parent&quot;:&quot;yes&quot;,&quot;sticky_on&quot;:[&quot;desktop&quot;],&quot;sticky_offset&quot;:0,&quot;sticky_effects_offset&quot;:0,&quot;sticky_anchor_link_offset&quot;:0}\">\n\t\t<div class=\"elementor-element elementor-element-130ac42b e-con-full e-flex e-con e-child\" data-id=\"130ac42b\" data-element_type=\"container\" data-e-type=\"container\">\n\t\t\t\t<div class=\"elementor-element elementor-element-33555701 elementor-widget elementor-widget-image\" data-id=\"33555701\" data-element_type=\"widget\" data-e-type=\"widget\" data-widget_type=\"image.default\">\n\t\t\t\t<div class=\"elementor-widget-container\">\n\t\t\t\t\t\t\t\t\t\t\t\t\t\t\t<img fetchpriority=\"high\" decoding=\"async\" width=\"1080\" height=\"1080\" src=\"https:\/\/oxygenwellness.hu\/wp-content\/uploads\/2025\/07\/relax-reset.webp\" class=\"attachment-full size-full wp-image-23450\" alt=\"\" srcset=\"https:\/\/oxygenwellness.hu\/wp-content\/uploads\/2025\/07\/relax-reset.webp 1080w, https:\/\/oxygenwellness.hu\/wp-content\/uploads\/2025\/07\/relax-reset-700x700.webp 700w, https:\/\/oxygenwellness.hu\/wp-content\/uploads\/2025\/07\/relax-reset-1024x1024.webp 1024w, https:\/\/oxygenwellness.hu\/wp-content\/uploads\/2025\/07\/relax-reset-150x150.webp 150w, https:\/\/oxygenwellness.hu\/wp-content\/uploads\/2025\/07\/relax-reset-768x768.webp 768w, https:\/\/oxygenwellness.hu\/wp-content\/uploads\/2025\/07\/relax-reset-12x12.webp 12w, https:\/\/oxygenwellness.hu\/wp-content\/uploads\/2025\/07\/relax-reset-300x300.webp 300w, https:\/\/oxygenwellness.hu\/wp-content\/uploads\/2025\/07\/relax-reset-600x600.webp 600w, https:\/\/oxygenwellness.hu\/wp-content\/uploads\/2025\/07\/relax-reset-100x100.webp 100w\" sizes=\"(max-width: 1080px) 100vw, 1080px\" \/>\t\t\t\t\t\t\t\t\t\t\t\t\t\t\t<\/div>\n\t\t\t\t<\/div>\n\t\t\t\t<div class=\"elementor-element elementor-element-211260f8 elementor-widget elementor-widget-heading\" data-id=\"211260f8\" data-element_type=\"widget\" data-e-type=\"widget\" data-widget_type=\"heading.default\">\n\t\t\t\t<div class=\"elementor-widget-container\">\n\t\t\t\t\t<h2 class=\"elementor-heading-title elementor-size-default\">Relax &#038; Reset<\/h2>\t\t\t\t<\/div>\n\t\t\t\t<\/div>\n\t\t\t\t<div class=\"elementor-element elementor-element-47743f94 elementor-widget elementor-widget-text-editor\" data-id=\"47743f94\" data-element_type=\"widget\" data-e-type=\"widget\" data-widget_type=\"text-editor.default\">\n\t\t\t\t<div class=\"elementor-widget-container\">\n\t\t\t\t\t\t\t\t\t<ul>\r\n \t<li>1 alkalmas Fitness-wellness bel\u00e9po\u030b 4 \u00f3r\u00e1s d\u00edjmentes parkol\u00e1ssal<\/li>\r\n \t<li>Arcmassz\u00e1zs (fej \u00e9s nyakmassz\u00e1zzsal is kieg\u00e9sz\u00edtve) \u2013 25 perc<\/li>\r\n \t<li>Testmassz\u00e1zs \u2013 80 perc<span class=\"Apple-converted-space\">\u00a0<\/span><\/li>\r\n \t<li>Stresszold\u00f3 priv\u00e1t f\u00fcrdo\u030bz\u00e9s 1 poh\u00e1r borral \u2013 20 perc<\/li>\r\n \t<li>Krioter\u00e1pia a Superhuman Centerben \u2013 3 perc<span class=\"Apple-converted-space\">\u00a0<\/span><\/li>\r\n<\/ul>\t\t\t\t\t\t\t\t<\/div>\n\t\t\t\t<\/div>\n\t\t<div class=\"elementor-element elementor-element-765aac3e e-con-full e-flex e-con e-child\" data-id=\"765aac3e\" data-element_type=\"container\" data-e-type=\"container\">\n\t\t<div class=\"elementor-element elementor-element-777c6b3e e-con-full e-flex e-con e-child\" data-id=\"777c6b3e\" data-element_type=\"container\" data-e-type=\"container\">\n\t\t\t\t<div class=\"elementor-element elementor-element-149c0896 elementor-widget elementor-widget-heading\" data-id=\"149c0896\" data-element_type=\"widget\" data-e-type=\"widget\" data-widget_type=\"heading.default\">\n\t\t\t\t<div class=\"elementor-widget-container\">\n\t\t\t\t\t<h2 class=\"elementor-heading-title elementor-size-default\">Utalv\u00e1ny \u00c1Ra:<\/h2>\t\t\t\t<\/div>\n\t\t\t\t<\/div>\n\t\t\t\t<\/div>\n\t\t<div class=\"elementor-element elementor-element-9930aa9 e-con-full e-flex e-con e-child\" data-id=\"9930aa9\" data-element_type=\"container\" data-e-type=\"container\">\n\t\t\t\t<div class=\"elementor-element elementor-element-27cb7b63 elementor-widget elementor-widget-heading\" data-id=\"27cb7b63\" data-element_type=\"widget\" data-e-type=\"widget\" data-widget_type=\"heading.default\">\n\t\t\t\t<div class=\"elementor-widget-container\">\n\t\t\t\t\t<h2 class=\"elementor-heading-title elementor-size-default\"><span class=\"woocommerce-Price-amount amount\">74.900<span class=\"woocommerce-Price-currencySymbol\">&#070;&#116;<\/span><\/span><\/h2>\t\t\t\t<\/div>\n\t\t\t\t<\/div>\n\t\t\t\t<\/div>\n\t\t\t\t<\/div>\n\t\t\t\t<\/div>\n\t\t\t\t<\/div>\n\t\t<div class=\"elementor-element elementor-element-700aa2a5 e-con-full e-flex e-con e-child\" data-id=\"700aa2a5\" data-element_type=\"container\" data-e-type=\"container\">\n\t\t<div class=\"elementor-element elementor-element-545fce07 e-con-full e-flex e-con e-child\" data-id=\"545fce07\" data-element_type=\"container\" data-e-type=\"container\" data-settings=\"{&quot;sticky&quot;:&quot;top&quot;,&quot;sticky_on&quot;:[&quot;desktop&quot;],&quot;sticky_parent&quot;:&quot;yes&quot;,&quot;sticky_offset&quot;:0,&quot;sticky_effects_offset&quot;:0,&quot;sticky_anchor_link_offset&quot;:0}\">\n\t\t<div class=\"elementor-element elementor-element-20bc07f6 e-con-full e-flex e-con e-child\" data-id=\"20bc07f6\" data-element_type=\"container\" data-e-type=\"container\">\n\t\t\t\t<div class=\"elementor-element elementor-element-70e87565 elementor-icon-list--layout-inline elementor-list-item-link-full_width elementor-widget elementor-widget-icon-list\" data-id=\"70e87565\" data-element_type=\"widget\" data-e-type=\"widget\" data-widget_type=\"icon-list.default\">\n\t\t\t\t<div class=\"elementor-widget-container\">\n\t\t\t\t\t\t\t<ul class=\"elementor-icon-list-items elementor-inline-items\">\n\t\t\t\t\t\t\t<li class=\"elementor-icon-list-item elementor-inline-item\">\n\t\t\t\t\t\t\t\t\t\t\t<a href=\"\/shop\/ajandekutalvany\/\">\n\n\t\t\t\t\t\t\t\t\t\t\t<span class=\"elementor-icon-list-text\">Aj\u00e1nd\u00e9kutalv\u00e1nyok<\/span>\n\t\t\t\t\t\t\t\t\t\t\t<\/a>\n\t\t\t\t\t\t\t\t\t<\/li>\n\t\t\t\t\t\t\t\t<li class=\"elementor-icon-list-item elementor-inline-item\">\n\t\t\t\t\t\t\t\t\t\t\t<a href=\"\/shop\/ajandekutalvany\/oxygen-enido\/\">\n\n\t\t\t\t\t\t\t\t\t\t\t\t<span class=\"elementor-icon-list-icon\">\n\t\t\t\t\t\t\t<i aria-hidden=\"true\" class=\"icon icon-arrow-right\"><\/i>\t\t\t\t\t\t<\/span>\n\t\t\t\t\t\t\t\t\t\t<span class=\"elementor-icon-list-text\">Relax &#038; Reset<\/span>\n\t\t\t\t\t\t\t\t\t\t\t<\/a>\n\t\t\t\t\t\t\t\t\t<\/li>\n\t\t\t\t\t\t\t\t<li class=\"elementor-icon-list-item elementor-inline-item\">\n\t\t\t\t\t\t\t\t\t\t\t<span class=\"elementor-icon-list-icon\">\n\t\t\t\t\t\t\t<i aria-hidden=\"true\" class=\"icon icon-arrow-right\"><\/i>\t\t\t\t\t\t<\/span>\n\t\t\t\t\t\t\t\t\t\t<span class=\"elementor-icon-list-text\">Extr\u00e1k<\/span>\n\t\t\t\t\t\t\t\t\t<\/li>\n\t\t\t\t\t\t<\/ul>\n\t\t\t\t\t\t<\/div>\n\t\t\t\t<\/div>\n\t\t\t\t<div class=\"elementor-element elementor-element-5ce04664 elementor-widget elementor-widget-heading\" data-id=\"5ce04664\" data-element_type=\"widget\" data-e-type=\"widget\" data-widget_type=\"heading.default\">\n\t\t\t\t<div class=\"elementor-widget-container\">\n\t\t\t\t\t<h2 class=\"elementor-heading-title elementor-size-default\">Relax &#038; Reset<\/h2>\t\t\t\t<\/div>\n\t\t\t\t<\/div>\n\t\t<div class=\"elementor-element elementor-element-3f8d3f6e e-con-full e-flex e-con e-child\" data-id=\"3f8d3f6e\" data-element_type=\"container\" data-e-type=\"container\">\n\t\t\t\t<div class=\"elementor-element elementor-element-6f74f37 elementor-add-to-cart--align-justify elementor-add-to-cart--layout-stacked urlap elementor-widget elementor-widget-wc-add-to-cart\" data-id=\"6f74f37\" data-element_type=\"widget\" data-e-type=\"widget\" data-widget_type=\"wc-add-to-cart.default\">\n\t\t\t\t<div class=\"elementor-widget-container\">\n\t\t\t\t\t\n\t\n\t<form class=\"cart\" action=\"https:\/\/oxygenwellness.hu\/shop\/ajandekutalvanyok\/relax-reset\/\" method=\"post\" enctype='multipart\/form-data'>\n\t\t\t<script>\n\t\tvar pewc_cost_triggers = [];\n\t\tvar pewc_quantity_triggers = [];\n\t<\/script>\n\t\t<script>\n\t\tjQuery(document).ready(function($) {\n\t\t\t\n\t\t\t\/\/ These functions are fired when a set of rules are met for a field\n\t\t\tfunction pewc_check_all_conditions( id, conditions_met, action, match ) {\n\t\t\t\tif( match == 'all' ) {\n\t\t\t\t\tvar all_met=true;\n\t\t\t\t\tnum_req = conditions_met.length;\n\t\t\t\t\tfor(var i=0;i<num_req;i++) {\n\t\t\t\t\t\tif(conditions_met[i] != 1) {\n\t\t\t\t\t\t\tall_met=false;\n\t\t\t\t\t\t\tbreak;\n\t\t\t\t\t\t}\n\t\t\t\t\t}\n\t\t\t\t\tif( all_met ) {\n\t\t\t\t\t\tpewc_conditions_met( id, action );\n\t\t\t\t\t} else {\n\t\t\t\t\t\tpewc_conditions_not_met( id, action );\n\t\t\t\t\t}\n\t\t\t\t} else {\n\t\t\t\t\tvar any_met=false;\n\t\t\t\t\tnum_req = conditions_met.length;\n\t\t\t\t\tfor(var i=0;i<num_req;i++) {\n\t\t\t\t\t\tif(conditions_met[i] == 1){\n\t\t\t\t\t\t\tany_met=true;\n\t\t\t\t\t\t\tbreak;\n\t\t\t\t\t\t}\n\t\t\t\t\t}\n\t\t\t\t\tif( any_met ) {\n\t\t\t\t\t\tpewc_conditions_met( id, action );\n\t\t\t\t\t} else {\n\t\t\t\t\t\tpewc_conditions_not_met( id, action );\n\t\t\t\t\t}\n\t\t\t\t}\n\t\t\t\tif( typeof pewc_update_total_js == 'function' ) {\n\t\t\t\t\tpewc_update_total_js();\n\t\t\t\t}\n\t\t\t\t\/\/ Use this to check for hidden groups\n\t\t\t\t$( 'body' ).one( 'pewc_conditions_checked' );\n\t\t\t}\n\t\t\tfunction pewc_conditions_met( id, action ) {\n\t\t\t\t\/\/ Check the outcome for conditions being met, e.g. show field \/ hide field\n\t\t\t\tif( action == 'show' ) {\n\t\t\t\t\t$('.'+id).removeClass('pewc-hidden-field');\n\t\t\t\t} else if( action == 'hide' ) {\n\t\t\t\t\t$('.'+id).addClass('pewc-hidden-field');\n\t\t\t\t\tpewc_reset_field_value( id, action );\n\t\t\t\t}\n\t\t\t\t\/\/ Use this to retrigger calculations\n\t\t\t\t$( 'body' ).trigger( 'pewc_field_visibility_updated', [ id, action ] );\n\t\t\t}\n\t\t\tfunction pewc_conditions_not_met( id, action ) {\n\t\t\t\t\/\/ Check the outcome for conditions being met, e.g. show field \/ hide field\n\t\t\t\tif( action == 'show' ) {\n\t\t\t\t\t$('.'+id).addClass('pewc-hidden-field');\n\t\t\t\t\tpewc_reset_field_value( id, action );\n\t\t\t\t} else if( action == 'hide' ) {\n\t\t\t\t\t$('.'+id).removeClass('pewc-hidden-field');\n\t\t\t\t}\n\t\t\t\t\/\/ Use this to retrigger calculations\n\t\t\t\t$( 'body' ).trigger( 'pewc_field_visibility_updated', [ id, action ] );\n\t\t\t}\n\t\t\tfunction pewc_reset_field_value( id, action ) {\n\t\t\t\tif( pewc_vars.reset_fields == 'yes' ) {\n\t\t\t\t\t\/\/ Reset the field value\n\t\t\t\t\tvar field = '.' + id;\n\t\t\t\t\tvar inputs = ['date', 'name_price', 'number', 'text', 'textarea', 'advanced-preview'];\n\t\t\t\t\tvar checks = ['checkbox', 'checkbox_group', 'radio'];\n\t\t\t\t\tvar field_type = $( field ).attr( 'data-field-type' );\n\t\t\t\t\tif( inputs.includes( field_type ) ) {\n\t\t\t\t\t\t$( field ).find( '.pewc-form-field' ).val( '' ).trigger( 'change' );\n\t\t\t\t\t} else if( field_type == 'image_swatch' ) {\n\t\t\t\t\t\t$( field ).find( 'input' ).prop( 'checked', false );\n\t\t\t\t\t\t$( field ).find( '.pewc-radio-image-wrapper, .pewc-checkbox-image-wrapper' ).removeClass( 'checked' ).trigger( 'change' );\n\t\t\t\t\t} else if( field_type == 'products' ) {\n\t\t\t\t\t\t$( field ).find( 'input' ).prop( 'checked', false );\n\t\t\t\t\t\t$( field ).find( '.pewc-form-field' ).val( '' ).trigger( 'change' );\n\t\t\t\t\t\t$( field ).find( '.pewc-radio-image-wrapper, .pewc-checkbox-image-wrapper' ).removeClass( 'checked' );\n\t\t\t\t\t} else if( checks.includes( field_type ) ) {\n\t\t\t\t\t\t$( field ).find( 'input' ).prop( 'checked', false );\n\t\t\t\t\t} else if( field_type == 'select' ) {\n\t\t\t\t\t\t$( field ).find( '.pewc-form-field' ).prop( 'selectedIndex', 0 ).trigger( 'change' );\n\t\t\t\t\t}\n\n\t\t\t\t}\n\t\t\t}\n\t\t});\n\t<\/script>\n\n\t\t\t\t<div class=\"e-atc-qty-button-holder\">\n\t\t<div class=\"quantity\">\n\t\t<label class=\"screen-reader-text\" for=\"quantity_69e1a410401b0\">Relax &amp; Reset mennyis\u00e9g<\/label>\n\t<input\n\t\ttype=\"hidden\"\n\t\t\t\tid=\"quantity_69e1a410401b0\"\n\t\tclass=\"input-text qty text\"\n\t\tname=\"quantity\"\n\t\tvalue=\"1\"\n\t\taria-label=\"Term\u00e9k mennyis\u00e9g\"\n\t\t\t\tmin=\"1\"\n\t\t\t\t\tmax=\"1\"\n\t\t\t\t\t\t\tstep=\"1\"\n\t\t\tplaceholder=\"\"\n\t\t\tinputmode=\"numeric\"\n\t\t\tautocomplete=\"off\"\n\t\t\t\/>\n\t<\/div>\n\n\t\t<button type=\"submit\" name=\"add-to-cart\" value=\"22690\" class=\"single_add_to_cart_button elementor-button button alt\">\t\t<span class=\"elementor-button-content-wrapper\">\n\t\t\t\t\t\t<span class=\"elementor-button-icon\">\n\t\t\t\t<i aria-hidden=\"true\" class=\"icon icon-shopping-cart11\"><\/i>\t\t\t<\/span>\n\t\t\t\t\t\t\t\t\t<span class=\"elementor-button-text\">MEGV\u00c1S\u00c1ROLOM<\/span>\n\t\t\t\t\t<\/span>\n\t\t<\/button>\n\n\t\t\t\t<\/div>\n\t\t<div class=\"pdf-coupon-fields\" style=\"clear: both;\"><p class=\"form-row validate-required\" id=\"flexible_coupon_recipient_name_field\" data-priority=\"\"><label for=\"flexible_coupon_recipient_name\" class=\"required_field\">Utalv\u00e1nyra \u00edrt n\u00e9v:&nbsp;<span class=\"required\" aria-hidden=\"true\">*<\/span><\/label><span class=\"woocommerce-input-wrapper\"><input type=\"text\" class=\"input-text \" name=\"flexible_coupon_recipient_name\" id=\"flexible_coupon_recipient_name\" placeholder=\"\"  value=\"\" data-description=\"The minimum characters number in this field is 2\" required=\"1\" aria-required=\"true\" maxlength=\"100\" minlength=\"2\" \/><\/span><\/p>\t\t\t<style>\n\t\t\t\t.pdf-coupon-fields > p {\n\t\t\t\t\tposition: relative;\n\t\t\t\t}\n\n\t\t\t\t.tooltip {\n\t\t\t\t\tdisplay: inline-block;\n\t\t\t\t\tposition: absolute;\n\t\t\t\t\tright: 0;\n\t\t\t\t\ttop: -2px;\n\t\t\t\t\tcursor: pointer;\n\t\t\t\t}\n\n\t\t\t\t.tooltip .tooltiptext {\n\t\t\t\t\tvisibility: hidden;\n\t\t\t\t\twidth: 120px;\n\t\t\t\t\tbackground-color: black;\n\t\t\t\t\tcolor: #fff;\n\t\t\t\t\ttext-align: center;\n\t\t\t\t\tborder-radius: 3px;\n\t\t\t\t\tpadding: 8px;\n\n\t\t\t\t\t\/* Position the tooltip *\/\n\t\t\t\t\tposition: absolute;\n\t\t\t\t\tright: 20px;\n\t\t\t\t\tz-index: 1;\n\t\t\t\t\tfont-size: 14px;\n\t\t\t\t}\n\n\t\t\t\t.tooltip:hover .tooltiptext {\n\t\t\t\t\tvisibility: visible;\n\t\t\t\t}\n\t\t\t<\/style>\n\t\t\t<script>\n\t\t\t\t(function ($) {\n\t\t\t\t\tlet field_wrapper = $('.pdf-coupon-fields');\n\t\t\t\t\tif (field_wrapper.length) {\n\t\t\t\t\t\tlet fields = field_wrapper.find('input,textarea');\n\t\t\t\t\t\tfields.each(function () {\n\t\t\t\t\t\t\tlet description = $(this).attr('data-description');\n\t\t\t\t\t\t\tif (description) {\n\t\t\t\t\t\t\t\t$(this).before('<div class=\"tooltip\"><svg stroke=\"currentColor\" fill=\"currentColor\" stroke-width=\"0\" viewBox=\"0 0 512 512\" height=\"1em\" width=\"1em\" xmlns=\"http:\/\/www.w3.org\/2000\/svg\"><path d=\"M256 76c48.1 0 93.3 18.7 127.3 52.7S436 207.9 436 256s-18.7 93.3-52.7 127.3S304.1 436 256 436c-48.1 0-93.3-18.7-127.3-52.7S76 304.1 76 256s18.7-93.3 52.7-127.3S207.9 76 256 76m0-28C141.1 48 48 141.1 48 256s93.1 208 208 208 208-93.1 208-208S370.9 48 256 48z\"><\/path><path d=\"M256.7 160c37.5 0 63.3 20.8 63.3 50.7 0 19.8-9.6 33.5-28.1 44.4-17.4 10.1-23.3 17.5-23.3 30.3v7.9h-34.7l-.3-8.6c-1.7-20.6 5.5-33.4 23.6-44 16.9-10.1 24-16.5 24-28.9s-12-21.5-26.9-21.5c-15.1 0-26 9.8-26.8 24.6H192c.7-32.2 24.5-54.9 64.7-54.9zm-26.3 171.4c0-11.5 9.6-20.6 21.4-20.6 11.9 0 21.5 9 21.5 20.6s-9.6 20.6-21.5 20.6-21.4-9-21.4-20.6z\"><\/path><\/svg><span class=\"tooltiptext\">' + description + '<\/span><\/div>');\n\t\t\t\t\t\t\t}\n\t\t\t\t\t\t})\n\t\t\t\t\t}\n\t\t\t\t})(jQuery);\n\t\t\t<\/script>\n\t\t\t\t\t\t<script>\n\t\t\t\t(function ($) {\n\t\t\t\t\tlet textarea = $('#flexible_coupon_recipient_message');\n\t\t\t\t\tif (textarea.length) {\n\t\t\t\t\t\tlet textarea_maxlength = textarea.attr('maxlength');\n\t\t\t\t\t\ttextarea.after('<span class=\"fc-counter-wrapper\"><span class=\"fc-counter-current\">0<\/span>\/<span class=\"max\">' + textarea_maxlength + '<\/span><\/span>');\n\t\t\t\t\t\ttextarea.on('input', function () {\n\t\t\t\t\t\t\tvar maxlength = $(this).attr(\"maxlength\");\n\t\t\t\t\t\t\tvar currentLength = $(this).val().length;\n\t\t\t\t\t\t\t$('.fc-counter-current').html(currentLength);\n\t\t\t\t\t\t\tif (currentLength >= maxlength) {\n\t\t\t\t\t\t\t\treturn false;\n\t\t\t\t\t\t\t}\n\t\t\t\t\t\t})\n\t\t\t\t\t\tlet current_length = textarea.val().length;\n\t\t\t\t\t\t$('.fc-counter-current').html(current_length);\n\t\t\t\t\t}\n\n\t\t\t\t})(jQuery);\n\t\t\t<\/script>\n\t\t\t<style>\n\t\t\t\tspan.fc-counter-wrapper {\n\t\t\t\t\ttext-align: right;\n\t\t\t\t\tdisplay: block;\n\t\t\t\t\tpadding: 2px;\n\t\t\t\t\tmargin-bottom: 2px;\n\t\t\t\t}\n\t\t\t<\/style>\n\t\t\t<\/div>\t<\/form>\n\n\t\n\t\t\t\t<\/div>\n\t\t\t\t<\/div>\n\t\t\t\t<\/div>\n\t\t<div class=\"elementor-element elementor-element-213123f0 e-con-full e-flex e-con e-child\" data-id=\"213123f0\" data-element_type=\"container\" data-e-type=\"container\">\n\t\t\t\t<div class=\"elementor-element elementor-element-4278eb65 elementor-icon-list--layout-inline e-transform elementor-list-item-link-full_width elementor-widget elementor-widget-icon-list\" data-id=\"4278eb65\" data-element_type=\"widget\" data-e-type=\"widget\" data-settings=\"{&quot;_transform_translateX_effect_hover&quot;:{&quot;unit&quot;:&quot;px&quot;,&quot;size&quot;:-10,&quot;sizes&quot;:[]},&quot;_transform_translateX_effect_hover_tablet&quot;:{&quot;unit&quot;:&quot;px&quot;,&quot;size&quot;:&quot;&quot;,&quot;sizes&quot;:[]},&quot;_transform_translateX_effect_hover_mobile&quot;:{&quot;unit&quot;:&quot;px&quot;,&quot;size&quot;:&quot;&quot;,&quot;sizes&quot;:[]},&quot;_transform_translateY_effect_hover&quot;:{&quot;unit&quot;:&quot;px&quot;,&quot;size&quot;:&quot;&quot;,&quot;sizes&quot;:[]},&quot;_transform_translateY_effect_hover_tablet&quot;:{&quot;unit&quot;:&quot;px&quot;,&quot;size&quot;:&quot;&quot;,&quot;sizes&quot;:[]},&quot;_transform_translateY_effect_hover_mobile&quot;:{&quot;unit&quot;:&quot;px&quot;,&quot;size&quot;:&quot;&quot;,&quot;sizes&quot;:[]}}\" data-widget_type=\"icon-list.default\">\n\t\t\t\t<div class=\"elementor-widget-container\">\n\t\t\t\t\t\t\t<ul class=\"elementor-icon-list-items elementor-inline-items\">\n\t\t\t\t\t\t\t<li class=\"elementor-icon-list-item elementor-inline-item\">\n\t\t\t\t\t\t\t\t\t\t\t<a href=\"\/shop\/ajandekutalvany\/\">\n\n\t\t\t\t\t\t\t\t\t\t\t\t<span class=\"elementor-icon-list-icon\">\n\t\t\t\t\t\t\t<i aria-hidden=\"true\" class=\"icon icon-arrow-left\"><\/i>\t\t\t\t\t\t<\/span>\n\t\t\t\t\t\t\t\t\t\t<span class=\"elementor-icon-list-text\">VISSZA AZ UTALV\u00c1NYOKHOZ<\/span>\n\t\t\t\t\t\t\t\t\t\t\t<\/a>\n\t\t\t\t\t\t\t\t\t<\/li>\n\t\t\t\t\t\t<\/ul>\n\t\t\t\t\t\t<\/div>\n\t\t\t\t<\/div>\n\t\t\t\t<\/div>\n\t\t\t\t<\/div>\n\t\t\t\t<\/div>\n\t\t\t\t<\/div>\n\t\t\t\t<\/div>\n\t\t\t\t<\/div>\n\t\t","protected":false},"excerpt":{"rendered":"<p>Utalv\u00e1ny \u00c1Ra: Aj\u00e1nd\u00e9kutalv\u00e1nyok Extr\u00e1k Relax &amp; Reset mennyis\u00e9g MEGV\u00c1S\u00c1ROLOM Recipient name&nbsp;(nem k\u00f6telez\u0151) Recipient email&nbsp;(nem k\u00f6telez\u0151) Recipient message&nbsp;(nem k\u00f6telez\u0151) VISSZA AZ UTALV\u00c1NYOKHOZ<\/p>","protected":false},"author":3,"featured_media":0,"parent":23067,"menu_order":0,"comment_status":"closed","ping_status":"closed","template":"","meta":{"_acf_changed":false,"footnotes":""},"class_list":["post-23073","page","type-page","status-publish","hentry"],"acf":[],"_links":{"self":[{"href":"https:\/\/oxygenwellness.hu\/en\/wp-json\/wp\/v2\/pages\/23073","targetHints":{"allow":["GET"]}}],"collection":[{"href":"https:\/\/oxygenwellness.hu\/en\/wp-json\/wp\/v2\/pages"}],"about":[{"href":"https:\/\/oxygenwellness.hu\/en\/wp-json\/wp\/v2\/types\/page"}],"author":[{"embeddable":true,"href":"https:\/\/oxygenwellness.hu\/en\/wp-json\/wp\/v2\/users\/3"}],"replies":[{"embeddable":true,"href":"https:\/\/oxygenwellness.hu\/en\/wp-json\/wp\/v2\/comments?post=23073"}],"version-history":[{"count":0,"href":"https:\/\/oxygenwellness.hu\/en\/wp-json\/wp\/v2\/pages\/23073\/revisions"}],"up":[{"embeddable":true,"href":"https:\/\/oxygenwellness.hu\/en\/wp-json\/wp\/v2\/pages\/23067"}],"wp:attachment":[{"href":"https:\/\/oxygenwellness.hu\/en\/wp-json\/wp\/v2\/media?parent=23073"}],"curies":[{"name":"wp","href":"https:\/\/api.w.org\/{rel}","templated":true}]}}