{"id":23067,"date":"2025-06-13T08:47:30","date_gmt":"2025-06-13T06:47:30","guid":{"rendered":"https:\/\/oxygenwellness.hu\/?page_id=23067"},"modified":"2025-07-21T12:44:45","modified_gmt":"2025-07-21T10:44:45","slug":"relax-reset","status":"publish","type":"page","link":"https:\/\/oxygenwellness.hu\/en\/shop\/ajandekutalvany\/relax-reset\/","title":{"rendered":"Relax &amp; Reset"},"content":{"rendered":"\t\t<div data-elementor-type=\"wp-page\" data-elementor-id=\"23067\" class=\"elementor elementor-23067\" data-elementor-post-type=\"page\">\n\t\t\t\t<div class=\"elementor-element elementor-element-49466862 e-con-full e-flex e-con e-parent\" data-id=\"49466862\" data-element_type=\"container\" data-e-type=\"container\">\n\t\t<div class=\"elementor-element elementor-element-7d8e87c7 e-con-full e-flex e-con e-child\" data-id=\"7d8e87c7\" data-element_type=\"container\" data-e-type=\"container\" data-settings=\"{&quot;sticky&quot;:&quot;top&quot;,&quot;sticky_parent&quot;:&quot;yes&quot;,&quot;sticky_on&quot;:[&quot;desktop&quot;],&quot;sticky_offset&quot;:0,&quot;sticky_effects_offset&quot;:0,&quot;sticky_anchor_link_offset&quot;:0}\">\n\t\t<div class=\"elementor-element elementor-element-35add459 e-con-full e-flex e-con e-child\" data-id=\"35add459\" data-element_type=\"container\" data-e-type=\"container\">\n\t\t\t\t<div class=\"elementor-element elementor-element-7866d04 elementor-widget elementor-widget-shortcode\" data-id=\"7866d04\" data-element_type=\"widget\" data-e-type=\"widget\" data-widget_type=\"shortcode.default\">\n\t\t\t\t<div class=\"elementor-widget-container\">\n\t\t\t\t\t\t\t<div class=\"elementor-shortcode\">    <ul class=\"custom-category-filter\">\r\n                    <li class=\"\">\r\n                <a href=\"https:\/\/oxygenwellness.hu\/en\/termek-kategoria\/belepojegyek-berletek\/\">\r\n                    Bel\u00e9p\u0151jegyek \/ B\u00e9rletek                    <span class=\"count\">8<\/span>\r\n                <\/a>\r\n            <\/li>\r\n                    <li class=\"\">\r\n                <a href=\"https:\/\/oxygenwellness.hu\/en\/termek-kategoria\/masszazs-wellness-kezelesek\/\">\r\n                    Massz\u00e1zs \/ Wellness kezel\u00e9sek                    <span class=\"count\">19<\/span>\r\n                <\/a>\r\n            <\/li>\r\n                    <li class=\"\">\r\n                <a href=\"https:\/\/oxygenwellness.hu\/en\/termek-kategoria\/ajandekutalvanyok\/\">\r\n                    Aj\u00e1nd\u00e9kutalv\u00e1nyaink                    <span class=\"count\">15<\/span>\r\n                <\/a>\r\n            <\/li>\r\n                    <li class=\"\">\r\n                <a href=\"https:\/\/oxygenwellness.hu\/en\/termek-kategoria\/ajanlataink-noknek\/\">\r\n                    Aj\u00e1nlataink N\u0151knek                    <span class=\"count\">4<\/span>\r\n                <\/a>\r\n            <\/li>\r\n                    <li class=\"\">\r\n                <a href=\"https:\/\/oxygenwellness.hu\/en\/termek-kategoria\/ajanlataink-ferfiaknak\/\">\r\n                    Aj\u00e1nlataink F\u00e9rfiaknak                    <span class=\"count\">4<\/span>\r\n                <\/a>\r\n            <\/li>\r\n                    <li class=\"\">\r\n                <a href=\"https:\/\/oxygenwellness.hu\/en\/termek-kategoria\/paros-feltoltodes\/\">\r\n                    P\u00e1ros felt\u00f6lt\u0151d\u00e9s                    <span class=\"count\">2<\/span>\r\n                <\/a>\r\n            <\/li>\r\n                    <li class=\"\">\r\n                <a href=\"https:\/\/oxygenwellness.hu\/en\/termek-kategoria\/fit-csomagok\/\">\r\n                    Fit csomagok                    <span class=\"count\">5<\/span>\r\n                <\/a>\r\n            <\/li>\r\n                <li class=\"\">\r\n            <a href=\"https:\/\/oxygenwellness.hu\/en\/shop\/\">\r\n                Teljes \u00e9lm\u00e9nyk\u00edn\u00e1latunk\r\n            <\/a>\r\n        <\/li>\r\n    <\/ul>\r\n    <\/div>\n\t\t\t\t\t\t<\/div>\n\t\t\t\t<\/div>\n\t\t\t\t<\/div>\n\t\t\t\t<\/div>\n\t\t<div class=\"elementor-element elementor-element-75dc9f17 e-con-full e-flex e-con e-child\" data-id=\"75dc9f17\" data-element_type=\"container\" data-e-type=\"container\">\n\t\t<div class=\"elementor-element elementor-element-25c228e7 e-con-full e-flex e-con e-child\" data-id=\"25c228e7\" data-element_type=\"container\" data-e-type=\"container\">\n\t\t\t\t<div class=\"elementor-element elementor-element-293b67b6 elementor-widget elementor-widget-heading\" data-id=\"293b67b6\" data-element_type=\"widget\" data-e-type=\"widget\" data-widget_type=\"heading.default\">\n\t\t\t\t<div class=\"elementor-widget-container\">\n\t\t\t\t\t<h2 class=\"elementor-heading-title elementor-size-default\">Relax &#038; Reset<\/h2>\t\t\t\t<\/div>\n\t\t\t\t<\/div>\n\t\t\t\t<div class=\"elementor-element elementor-element-03604e6 elementor-widget elementor-widget-text-editor\" data-id=\"03604e6\" data-element_type=\"widget\" data-e-type=\"widget\" data-widget_type=\"text-editor.default\">\n\t\t\t\t<div class=\"elementor-widget-container\">\n\t\t\t\t\t\t\t\t\tAj\u00e1nd\u00e9kozz val\u00f3di kikapcsol\u00f3d\u00e1st! Mert a pihen\u00e9s nem luxus \u2013 hanem sz\u00fcks\u00e9g.\r\n\r\nRelax\u00e1lj. Kapcsol\u00f3dj ki. T\u00f6lt\u0151dj \u00fajra.\r\nEz a pr\u00e9mium csomag a teljes ellazul\u00e1s \u00e9lm\u00e9ny\u00e9t ny\u00fajtja: arcmassz\u00e1zs fej- \u00e9s nyakter\u00fcleten, teljes testmassz\u00e1zs, stresszold\u00f3 f\u00fcrd\u0151 egy poh\u00e1r borral, kriokamr\u00e1s felfriss\u00fcl\u00e9s, valamint egy napos fitness-wellness bel\u00e9p\u0151.\t\t\t\t\t\t\t\t<\/div>\n\t\t\t\t<\/div>\n\t\t\t\t<\/div>\n\t\t<div class=\"elementor-element elementor-element-25e416d2 e-con-full e-flex e-con e-child\" data-id=\"25e416d2\" data-element_type=\"container\" data-e-type=\"container\">\n\t\t<div class=\"elementor-element elementor-element-7270895f e-con-full e-flex e-con e-child\" data-id=\"7270895f\" data-element_type=\"container\" data-e-type=\"container\" data-settings=\"{&quot;background_background&quot;:&quot;classic&quot;}\">\n\t\t\t\t<\/div>\n\t\t<div class=\"elementor-element elementor-element-44dfbe35 e-con-full e-flex e-con e-child\" data-id=\"44dfbe35\" data-element_type=\"container\" data-e-type=\"container\">\n\t\t\t\t<div class=\"elementor-element elementor-element-2af71a3b elementor-widget elementor-widget-heading\" data-id=\"2af71a3b\" data-element_type=\"widget\" data-e-type=\"widget\" data-widget_type=\"heading.default\">\n\t\t\t\t<div class=\"elementor-widget-container\">\n\t\t\t\t\t<h2 class=\"elementor-heading-title elementor-size-default\"><span class=\"woocommerce-Price-amount amount\">74.900<span class=\"woocommerce-Price-currencySymbol\">&#070;&#116;<\/span><\/span><\/h2>\t\t\t\t<\/div>\n\t\t\t\t<\/div>\n\t\t\t\t<div class=\"elementor-element elementor-element-10899ec9 elementor-widget elementor-widget-heading\" data-id=\"10899ec9\" data-element_type=\"widget\" data-e-type=\"widget\" data-widget_type=\"heading.default\">\n\t\t\t\t<div class=\"elementor-widget-container\">\n\t\t\t\t\t<h2 class=\"elementor-heading-title elementor-size-default\">Az utalv\u00e1ny tartalma:<\/h2>\t\t\t\t<\/div>\n\t\t\t\t<\/div>\n\t\t\t\t<div class=\"elementor-element elementor-element-36881b66 elementor-widget elementor-widget-text-editor\" data-id=\"36881b66\" data-element_type=\"widget\" data-e-type=\"widget\" data-widget_type=\"text-editor.default\">\n\t\t\t\t<div class=\"elementor-widget-container\">\n\t\t\t\t\t\t\t\t\t<ul>\r\n \t<li>1 alkalmas Fitness-wellness bel\u00e9po\u030b 4 \u00f3r\u00e1s d\u00edjmentes parkol\u00e1ssal<\/li>\r\n \t<li>Arcmassz\u00e1zs (fej \u00e9s nyakmassz\u00e1zzsal is kieg\u00e9sz\u00edtve) \u2013 25 perc<\/li>\r\n \t<li>Testmassz\u00e1zs \u2013 80 perc<span class=\"Apple-converted-space\">\u00a0<\/span><\/li>\r\n \t<li>Stresszold\u00f3 priv\u00e1t f\u00fcrdo\u030bz\u00e9s 1 poh\u00e1r borral \u2013 20 perc<\/li>\r\n \t<li>Krioter\u00e1pia a Superhuman Centerben \u2013 3 perc<span class=\"Apple-converted-space\">\u00a0<\/span><\/li>\r\n<\/ul>\t\t\t\t\t\t\t\t<\/div>\n\t\t\t\t<\/div>\n\t\t\t\t<div class=\"elementor-element elementor-element-a87a537 elementor-widget elementor-widget-button\" data-id=\"a87a537\" data-element_type=\"widget\" data-e-type=\"widget\" data-widget_type=\"button.default\">\n\t\t\t\t<div class=\"elementor-widget-container\">\n\t\t\t\t\t\t\t\t\t<div class=\"elementor-button-wrapper\">\n\t\t\t\t\t<a class=\"elementor-button elementor-button-link elementor-size-sm\" href=\"\/shop\/ajandekutalvany\/relax-reset\/extrak\/\">\n\t\t\t\t\t\t<span class=\"elementor-button-content-wrapper\">\n\t\t\t\t\t\t\t\t\t<span class=\"elementor-button-text\">MEGRENDELEM<\/span>\n\t\t\t\t\t<\/span>\n\t\t\t\t\t<\/a>\n\t\t\t\t<\/div>\n\t\t\t\t\t\t\t\t<\/div>\n\t\t\t\t<\/div>\n\t\t\t\t<\/div>\n\t\t\t\t<\/div>\n\t\t<div class=\"elementor-element elementor-element-1f964cfc e-con-full e-flex e-con e-child\" data-id=\"1f964cfc\" data-element_type=\"container\" data-e-type=\"container\">\n\t\t\t\t<div class=\"elementor-element elementor-element-2fb99d30 elementor-align-justify elementor-widget elementor-widget-button\" data-id=\"2fb99d30\" data-element_type=\"widget\" data-e-type=\"widget\" data-widget_type=\"button.default\">\n\t\t\t\t<div class=\"elementor-widget-container\">\n\t\t\t\t\t\t\t\t\t<div class=\"elementor-button-wrapper\">\n\t\t\t\t\t<a class=\"elementor-button elementor-button-link elementor-size-sm\" href=\"\/shop\/ajandekutalvany\/relax-reset\/extrak\/\">\n\t\t\t\t\t\t<span class=\"elementor-button-content-wrapper\">\n\t\t\t\t\t\t\t\t\t<span class=\"elementor-button-text\">MEGRENDELEM<\/span>\n\t\t\t\t\t<\/span>\n\t\t\t\t\t<\/a>\n\t\t\t\t<\/div>\n\t\t\t\t\t\t\t\t<\/div>\n\t\t\t\t<\/div>\n\t\t\t\t<div class=\"elementor-element elementor-element-1c824701 elementor-widget elementor-widget-text-editor\" data-id=\"1c824701\" data-element_type=\"widget\" data-e-type=\"widget\" data-widget_type=\"text-editor.default\">\n\t\t\t\t<div class=\"elementor-widget-container\">\n\t\t\t\t\t\t\t\t\t<p>A k\u00f6vetkez\u0151 l\u00e9p\u00e9sben tudja szem\u00e9lyre szabni az utalv\u00e1nyt.<\/p>\t\t\t\t\t\t\t\t<\/div>\n\t\t\t\t<\/div>\n\t\t\t\t<\/div>\n\t\t\t\t<\/div>\n\t\t\t\t<\/div>\n\t\t\t\t<\/div>\n\t\t","protected":false},"excerpt":{"rendered":"<p>Az utalv\u00e1ny tartalma: MEGRENDELEM Megrendel\u00e9s Az utalv\u00e1ny online \u00e9s szem\u00e9lyesen is megv\u00e1s\u00e1rolhat\u00f3 nyitvatart\u00e1si id\u0151ben az Oxygen Wellnes Naphegyen. Az utalv\u00e1ny megv\u00e1s\u00e1rolhat\u00f3 csak digit\u00e1lis form\u00e1tumban is, \u00edgy fizik\u00e1lis utalv\u00e1ny nem j\u00e1r a szem\u00e9lyes\/online v\u00e1s\u00e1rl\u00e1s mell\u00e9.(Az online v\u00e1s\u00e1rolt utalv\u00e1nyt 1 h\u00e9ten bel\u00fcl \u00e1tadjuk fut\u00e1runknak, aki 2 napon bel\u00fcl kisz\u00e1ll\u00edtja a megadott c\u00edmre.) Felhaszn\u00e1l\u00e1s El\u0151zetes id\u0151pontfoglal\u00e1s sz\u00fcks\u00e9ges az [&hellip;]<\/p>\n","protected":false},"author":3,"featured_media":0,"parent":22748,"menu_order":0,"comment_status":"closed","ping_status":"closed","template":"","meta":{"_acf_changed":false,"footnotes":""},"class_list":["post-23067","page","type-page","status-publish","hentry"],"acf":[],"_links":{"self":[{"href":"https:\/\/oxygenwellness.hu\/en\/wp-json\/wp\/v2\/pages\/23067","targetHints":{"allow":["GET"]}}],"collection":[{"href":"https:\/\/oxygenwellness.hu\/en\/wp-json\/wp\/v2\/pages"}],"about":[{"href":"https:\/\/oxygenwellness.hu\/en\/wp-json\/wp\/v2\/types\/page"}],"author":[{"embeddable":true,"href":"https:\/\/oxygenwellness.hu\/en\/wp-json\/wp\/v2\/users\/3"}],"replies":[{"embeddable":true,"href":"https:\/\/oxygenwellness.hu\/en\/wp-json\/wp\/v2\/comments?post=23067"}],"version-history":[{"count":0,"href":"https:\/\/oxygenwellness.hu\/en\/wp-json\/wp\/v2\/pages\/23067\/revisions"}],"up":[{"embeddable":true,"href":"https:\/\/oxygenwellness.hu\/en\/wp-json\/wp\/v2\/pages\/22748"}],"wp:attachment":[{"href":"https:\/\/oxygenwellness.hu\/en\/wp-json\/wp\/v2\/media?parent=23067"}],"curies":[{"name":"wp","href":"https:\/\/api.w.org\/{rel}","templated":true}]}}