{"id":23033,"date":"2025-06-13T07:57:44","date_gmt":"2025-06-13T05:57:44","guid":{"rendered":"https:\/\/oxygenwellness.hu\/?page_id=23033"},"modified":"2025-06-13T08:00:36","modified_gmt":"2025-06-13T06:00:36","slug":"extrak","status":"publish","type":"page","link":"https:\/\/oxygenwellness.hu\/en\/shop\/ajandekutalvany\/paros-megujulas\/extrak\/","title":{"rendered":"Extras"},"content":{"rendered":"\t\t<div data-elementor-type=\"wp-page\" data-elementor-id=\"23033\" class=\"elementor elementor-23033\" data-elementor-post-type=\"page\">\n\t\t\t\t<div class=\"elementor-element elementor-element-197d6e0f e-con-full e-flex e-con e-parent\" data-id=\"197d6e0f\" data-element_type=\"container\" data-e-type=\"container\">\n\t\t<div class=\"elementor-element elementor-element-6d66b45 e-con-full e-flex e-con e-child\" data-id=\"6d66b45\" data-element_type=\"container\" data-e-type=\"container\" data-settings=\"{&quot;sticky&quot;:&quot;top&quot;,&quot;sticky_parent&quot;:&quot;yes&quot;,&quot;sticky_on&quot;:[&quot;desktop&quot;],&quot;sticky_offset&quot;:0,&quot;sticky_effects_offset&quot;:0,&quot;sticky_anchor_link_offset&quot;:0}\">\n\t\t<div class=\"elementor-element elementor-element-7c1c41da e-con-full e-flex e-con e-child\" data-id=\"7c1c41da\" data-element_type=\"container\" data-e-type=\"container\">\n\t\t\t\t<div class=\"elementor-element elementor-element-1d119d15 elementor-widget elementor-widget-image\" data-id=\"1d119d15\" data-element_type=\"widget\" data-e-type=\"widget\" data-widget_type=\"image.default\">\n\t\t\t\t<div class=\"elementor-widget-container\">\n\t\t\t\t\t\t\t\t\t\t\t\t\t\t\t<img fetchpriority=\"high\" decoding=\"async\" width=\"1080\" height=\"1080\" src=\"https:\/\/oxygenwellness.hu\/wp-content\/uploads\/2025\/07\/paros-megujulas-2.webp\" class=\"attachment-full size-full wp-image-23448\" alt=\"\" srcset=\"https:\/\/oxygenwellness.hu\/wp-content\/uploads\/2025\/07\/paros-megujulas-2.webp 1080w, https:\/\/oxygenwellness.hu\/wp-content\/uploads\/2025\/07\/paros-megujulas-2-700x700.webp 700w, https:\/\/oxygenwellness.hu\/wp-content\/uploads\/2025\/07\/paros-megujulas-2-1024x1024.webp 1024w, https:\/\/oxygenwellness.hu\/wp-content\/uploads\/2025\/07\/paros-megujulas-2-150x150.webp 150w, https:\/\/oxygenwellness.hu\/wp-content\/uploads\/2025\/07\/paros-megujulas-2-768x768.webp 768w, https:\/\/oxygenwellness.hu\/wp-content\/uploads\/2025\/07\/paros-megujulas-2-12x12.webp 12w, https:\/\/oxygenwellness.hu\/wp-content\/uploads\/2025\/07\/paros-megujulas-2-300x300.webp 300w, https:\/\/oxygenwellness.hu\/wp-content\/uploads\/2025\/07\/paros-megujulas-2-600x600.webp 600w, https:\/\/oxygenwellness.hu\/wp-content\/uploads\/2025\/07\/paros-megujulas-2-100x100.webp 100w\" sizes=\"(max-width: 1080px) 100vw, 1080px\" \/>\t\t\t\t\t\t\t\t\t\t\t\t\t\t\t<\/div>\n\t\t\t\t<\/div>\n\t\t\t\t<div class=\"elementor-element elementor-element-277c81ce elementor-widget elementor-widget-heading\" data-id=\"277c81ce\" data-element_type=\"widget\" data-e-type=\"widget\" data-widget_type=\"heading.default\">\n\t\t\t\t<div class=\"elementor-widget-container\">\n\t\t\t\t\t<h2 class=\"elementor-heading-title elementor-size-default\">P\u00e1ros Meg\u00fajul\u00e1s<\/h2>\t\t\t\t<\/div>\n\t\t\t\t<\/div>\n\t\t\t\t<div class=\"elementor-element elementor-element-7590a5d1 elementor-widget elementor-widget-text-editor\" data-id=\"7590a5d1\" data-element_type=\"widget\" data-e-type=\"widget\" data-widget_type=\"text-editor.default\">\n\t\t\t\t<div class=\"elementor-widget-container\">\n\t\t\t\t\t\t\t\t\t<ul>\r\n \t<li>1 alkalmas Fitness-wellness bel\u00e9po\u030b 4 \u00f3r\u00e1s d\u00edjmentes parkol\u00e1ssal<span class=\"Apple-converted-space\">\u00a0<\/span><\/li>\r\n \t<li>Eb\u00e9d a Sunhill Bistroban<\/li>\r\n \t<li>Talpmassz\u00e1zs \u2013 25 perc<\/li>\r\n \t<li>Testmassz\u00e1zs \u2013 50 perc<\/li>\r\n \t<li>Priv\u00e1t f\u00fcrdo\u030bz\u00e9s \u2013 20 perc<\/li>\r\n<\/ul>\t\t\t\t\t\t\t\t<\/div>\n\t\t\t\t<\/div>\n\t\t<div class=\"elementor-element elementor-element-5d0f3f5e e-con-full e-flex e-con e-child\" data-id=\"5d0f3f5e\" data-element_type=\"container\" data-e-type=\"container\">\n\t\t<div class=\"elementor-element elementor-element-6964386c e-con-full e-flex e-con e-child\" data-id=\"6964386c\" data-element_type=\"container\" data-e-type=\"container\">\n\t\t\t\t<div class=\"elementor-element elementor-element-62bee9a0 elementor-widget elementor-widget-heading\" data-id=\"62bee9a0\" data-element_type=\"widget\" data-e-type=\"widget\" data-widget_type=\"heading.default\">\n\t\t\t\t<div class=\"elementor-widget-container\">\n\t\t\t\t\t<h2 class=\"elementor-heading-title elementor-size-default\">Utalv\u00e1ny \u00c1Ra:<\/h2>\t\t\t\t<\/div>\n\t\t\t\t<\/div>\n\t\t\t\t<\/div>\n\t\t<div class=\"elementor-element elementor-element-4d803a8c e-con-full e-flex e-con e-child\" data-id=\"4d803a8c\" data-element_type=\"container\" data-e-type=\"container\">\n\t\t\t\t<div class=\"elementor-element elementor-element-78de69c8 elementor-widget elementor-widget-heading\" data-id=\"78de69c8\" data-element_type=\"widget\" data-e-type=\"widget\" data-widget_type=\"heading.default\">\n\t\t\t\t<div class=\"elementor-widget-container\">\n\t\t\t\t\t<h2 class=\"elementor-heading-title elementor-size-default\"><span class=\"woocommerce-Price-amount amount\">119.900<span class=\"woocommerce-Price-currencySymbol\">&#070;&#116;<\/span><\/span><\/h2>\t\t\t\t<\/div>\n\t\t\t\t<\/div>\n\t\t\t\t<\/div>\n\t\t\t\t<\/div>\n\t\t\t\t<\/div>\n\t\t\t\t<\/div>\n\t\t<div class=\"elementor-element elementor-element-1a7185dc e-con-full e-flex e-con e-child\" data-id=\"1a7185dc\" data-element_type=\"container\" data-e-type=\"container\">\n\t\t<div class=\"elementor-element elementor-element-42bd0b81 e-con-full e-flex e-con e-child\" data-id=\"42bd0b81\" data-element_type=\"container\" data-e-type=\"container\" data-settings=\"{&quot;sticky&quot;:&quot;top&quot;,&quot;sticky_on&quot;:[&quot;desktop&quot;],&quot;sticky_parent&quot;:&quot;yes&quot;,&quot;sticky_offset&quot;:0,&quot;sticky_effects_offset&quot;:0,&quot;sticky_anchor_link_offset&quot;:0}\">\n\t\t<div class=\"elementor-element elementor-element-5820a374 e-con-full e-flex e-con e-child\" data-id=\"5820a374\" data-element_type=\"container\" data-e-type=\"container\">\n\t\t\t\t<div class=\"elementor-element elementor-element-3db66696 elementor-icon-list--layout-inline elementor-list-item-link-full_width elementor-widget elementor-widget-icon-list\" data-id=\"3db66696\" data-element_type=\"widget\" data-e-type=\"widget\" data-widget_type=\"icon-list.default\">\n\t\t\t\t<div class=\"elementor-widget-container\">\n\t\t\t\t\t\t\t<ul class=\"elementor-icon-list-items elementor-inline-items\">\n\t\t\t\t\t\t\t<li class=\"elementor-icon-list-item elementor-inline-item\">\n\t\t\t\t\t\t\t\t\t\t\t<a href=\"\/shop\/ajandekutalvany\/\">\n\n\t\t\t\t\t\t\t\t\t\t\t<span class=\"elementor-icon-list-text\">Aj\u00e1nd\u00e9kutalv\u00e1nyok<\/span>\n\t\t\t\t\t\t\t\t\t\t\t<\/a>\n\t\t\t\t\t\t\t\t\t<\/li>\n\t\t\t\t\t\t\t\t<li class=\"elementor-icon-list-item elementor-inline-item\">\n\t\t\t\t\t\t\t\t\t\t\t<a href=\"\/shop\/ajandekutalvany\/oxygen-enido\/\">\n\n\t\t\t\t\t\t\t\t\t\t\t\t<span class=\"elementor-icon-list-icon\">\n\t\t\t\t\t\t\t<i aria-hidden=\"true\" class=\"icon icon-arrow-right\"><\/i>\t\t\t\t\t\t<\/span>\n\t\t\t\t\t\t\t\t\t\t<span class=\"elementor-icon-list-text\">P\u00e1ros Meg\u00fajul\u00e1s<\/span>\n\t\t\t\t\t\t\t\t\t\t\t<\/a>\n\t\t\t\t\t\t\t\t\t<\/li>\n\t\t\t\t\t\t\t\t<li class=\"elementor-icon-list-item elementor-inline-item\">\n\t\t\t\t\t\t\t\t\t\t\t<span class=\"elementor-icon-list-icon\">\n\t\t\t\t\t\t\t<i aria-hidden=\"true\" class=\"icon icon-arrow-right\"><\/i>\t\t\t\t\t\t<\/span>\n\t\t\t\t\t\t\t\t\t\t<span class=\"elementor-icon-list-text\">Extr\u00e1k<\/span>\n\t\t\t\t\t\t\t\t\t<\/li>\n\t\t\t\t\t\t<\/ul>\n\t\t\t\t\t\t<\/div>\n\t\t\t\t<\/div>\n\t\t\t\t<div class=\"elementor-element elementor-element-200208ca elementor-widget elementor-widget-heading\" data-id=\"200208ca\" data-element_type=\"widget\" data-e-type=\"widget\" data-widget_type=\"heading.default\">\n\t\t\t\t<div class=\"elementor-widget-container\">\n\t\t\t\t\t<h2 class=\"elementor-heading-title elementor-size-default\">P\u00e1ros Meg\u00fajul\u00e1s<\/h2>\t\t\t\t<\/div>\n\t\t\t\t<\/div>\n\t\t<div class=\"elementor-element elementor-element-60c9860f e-con-full e-flex e-con e-child\" data-id=\"60c9860f\" data-element_type=\"container\" data-e-type=\"container\">\n\t\t\t\t<div class=\"elementor-element elementor-element-393dc879 elementor-add-to-cart--align-justify elementor-add-to-cart--layout-stacked urlap elementor-widget elementor-widget-wc-add-to-cart\" data-id=\"393dc879\" data-element_type=\"widget\" data-e-type=\"widget\" data-widget_type=\"wc-add-to-cart.default\">\n\t\t\t\t<div class=\"elementor-widget-container\">\n\t\t\t\t\t\n\t\n\t<form class=\"cart\" action=\"https:\/\/oxygenwellness.hu\/en\/shop\/ajandekutalvanyok\/paros-megujulas\/\" method=\"post\" enctype='multipart\/form-data'>\n\t\t\t<script>\n\t\tvar pewc_cost_triggers = [];\n\t\tvar pewc_quantity_triggers = [];\n\t<\/script>\n\t\t<script>\n\t\tjQuery(document).ready(function($) {\n\t\t\t\n\t\t\t\/\/ These functions are fired when a set of rules are met for a field\n\t\t\tfunction pewc_check_all_conditions( id, conditions_met, action, match ) {\n\t\t\t\tif( match == 'all' ) {\n\t\t\t\t\tvar all_met=true;\n\t\t\t\t\tnum_req = conditions_met.length;\n\t\t\t\t\tfor(var i=0;i<num_req;i++) {\n\t\t\t\t\t\tif(conditions_met[i] != 1) {\n\t\t\t\t\t\t\tall_met=false;\n\t\t\t\t\t\t\tbreak;\n\t\t\t\t\t\t}\n\t\t\t\t\t}\n\t\t\t\t\tif( all_met ) {\n\t\t\t\t\t\tpewc_conditions_met( id, action );\n\t\t\t\t\t} else {\n\t\t\t\t\t\tpewc_conditions_not_met( id, action );\n\t\t\t\t\t}\n\t\t\t\t} else {\n\t\t\t\t\tvar any_met=false;\n\t\t\t\t\tnum_req = conditions_met.length;\n\t\t\t\t\tfor(var i=0;i<num_req;i++) {\n\t\t\t\t\t\tif(conditions_met[i] == 1){\n\t\t\t\t\t\t\tany_met=true;\n\t\t\t\t\t\t\tbreak;\n\t\t\t\t\t\t}\n\t\t\t\t\t}\n\t\t\t\t\tif( any_met ) {\n\t\t\t\t\t\tpewc_conditions_met( id, action );\n\t\t\t\t\t} else {\n\t\t\t\t\t\tpewc_conditions_not_met( id, action );\n\t\t\t\t\t}\n\t\t\t\t}\n\t\t\t\tif( typeof pewc_update_total_js == 'function' ) {\n\t\t\t\t\tpewc_update_total_js();\n\t\t\t\t}\n\t\t\t\t\/\/ Use this to check for hidden groups\n\t\t\t\t$( 'body' ).one( 'pewc_conditions_checked' );\n\t\t\t}\n\t\t\tfunction pewc_conditions_met( id, action ) {\n\t\t\t\t\/\/ Check the outcome for conditions being met, e.g. show field \/ hide field\n\t\t\t\tif( action == 'show' ) {\n\t\t\t\t\t$('.'+id).removeClass('pewc-hidden-field');\n\t\t\t\t} else if( action == 'hide' ) {\n\t\t\t\t\t$('.'+id).addClass('pewc-hidden-field');\n\t\t\t\t\tpewc_reset_field_value( id, action );\n\t\t\t\t}\n\t\t\t\t\/\/ Use this to retrigger calculations\n\t\t\t\t$( 'body' ).trigger( 'pewc_field_visibility_updated', [ id, action ] );\n\t\t\t}\n\t\t\tfunction pewc_conditions_not_met( id, action ) {\n\t\t\t\t\/\/ Check the outcome for conditions being met, e.g. show field \/ hide field\n\t\t\t\tif( action == 'show' ) {\n\t\t\t\t\t$('.'+id).addClass('pewc-hidden-field');\n\t\t\t\t\tpewc_reset_field_value( id, action );\n\t\t\t\t} else if( action == 'hide' ) {\n\t\t\t\t\t$('.'+id).removeClass('pewc-hidden-field');\n\t\t\t\t}\n\t\t\t\t\/\/ Use this to retrigger calculations\n\t\t\t\t$( 'body' ).trigger( 'pewc_field_visibility_updated', [ id, action ] );\n\t\t\t}\n\t\t\tfunction pewc_reset_field_value( id, action ) {\n\t\t\t\tif( pewc_vars.reset_fields == 'yes' ) {\n\t\t\t\t\t\/\/ Reset the field value\n\t\t\t\t\tvar field = '.' + id;\n\t\t\t\t\tvar inputs = ['date', 'name_price', 'number', 'text', 'textarea', 'advanced-preview'];\n\t\t\t\t\tvar checks = ['checkbox', 'checkbox_group', 'radio'];\n\t\t\t\t\tvar field_type = $( field ).attr( 'data-field-type' );\n\t\t\t\t\tif( inputs.includes( field_type ) ) {\n\t\t\t\t\t\t$( field ).find( '.pewc-form-field' ).val( '' ).trigger( 'change' );\n\t\t\t\t\t} else if( field_type == 'image_swatch' ) {\n\t\t\t\t\t\t$( field ).find( 'input' ).prop( 'checked', false );\n\t\t\t\t\t\t$( field ).find( '.pewc-radio-image-wrapper, .pewc-checkbox-image-wrapper' ).removeClass( 'checked' ).trigger( 'change' );\n\t\t\t\t\t} else if( field_type == 'products' ) {\n\t\t\t\t\t\t$( field ).find( 'input' ).prop( 'checked', false );\n\t\t\t\t\t\t$( field ).find( '.pewc-form-field' ).val( '' ).trigger( 'change' );\n\t\t\t\t\t\t$( field ).find( '.pewc-radio-image-wrapper, .pewc-checkbox-image-wrapper' ).removeClass( 'checked' );\n\t\t\t\t\t} else if( checks.includes( field_type ) ) {\n\t\t\t\t\t\t$( field ).find( 'input' ).prop( 'checked', false );\n\t\t\t\t\t} else if( field_type == 'select' ) {\n\t\t\t\t\t\t$( field ).find( '.pewc-form-field' ).prop( 'selectedIndex', 0 ).trigger( 'change' );\n\t\t\t\t\t}\n\n\t\t\t\t}\n\t\t\t}\n\t\t});\n\t<\/script>\n\n\t\t\t\t<div class=\"e-atc-qty-button-holder\">\n\t\t<div class=\"quantity\">\n\t\t<label class=\"screen-reader-text\" for=\"quantity_69ddfdd82970d\">P\u00e1ros Meg\u00fajul\u00e1s quantity<\/label>\n\t<input\n\t\ttype=\"hidden\"\n\t\t\t\tid=\"quantity_69ddfdd82970d\"\n\t\tclass=\"input-text qty text\"\n\t\tname=\"quantity\"\n\t\tvalue=\"1\"\n\t\taria-label=\"Product quantity\"\n\t\t\t\tmin=\"1\"\n\t\t\t\t\tmax=\"1\"\n\t\t\t\t\t\t\tstep=\"1\"\n\t\t\tplaceholder=\"\"\n\t\t\tinputmode=\"numeric\"\n\t\t\tautocomplete=\"off\"\n\t\t\t\/>\n\t<\/div>\n\n\t\t<button type=\"submit\" name=\"add-to-cart\" value=\"22693\" class=\"single_add_to_cart_button elementor-button button alt\">\t\t<span class=\"elementor-button-content-wrapper\">\n\t\t\t\t\t\t<span class=\"elementor-button-icon\">\n\t\t\t\t<i aria-hidden=\"true\" class=\"icon icon-shopping-cart11\"><\/i>\t\t\t<\/span>\n\t\t\t\t\t\t\t\t\t<span class=\"elementor-button-text\">MEGV\u00c1S\u00c1ROLOM<\/span>\n\t\t\t\t\t<\/span>\n\t\t<\/button>\n\n\t\t\t\t<\/div>\n\t\t<div class=\"pdf-coupon-fields\" style=\"clear: both;\"><p class=\"form-row validate-required\" id=\"flexible_coupon_recipient_name_field\" data-priority=\"\"><label for=\"flexible_coupon_recipient_name\" class=\"required_field\">Recipient name:&nbsp;<span class=\"required\" aria-hidden=\"true\">*<\/span><\/label><span class=\"woocommerce-input-wrapper\"><input type=\"text\" class=\"input-text \" name=\"flexible_coupon_recipient_name\" id=\"flexible_coupon_recipient_name\" placeholder=\"\"  value=\"\" data-description=\"The minimum characters number in this field is 2\" required=\"1\" aria-required=\"true\" maxlength=\"100\" minlength=\"2\" \/><\/span><\/p>\t\t\t<style>\n\t\t\t\t.pdf-coupon-fields > p {\n\t\t\t\t\tposition: relative;\n\t\t\t\t}\n\n\t\t\t\t.tooltip {\n\t\t\t\t\tdisplay: inline-block;\n\t\t\t\t\tposition: absolute;\n\t\t\t\t\tright: 0;\n\t\t\t\t\ttop: -2px;\n\t\t\t\t\tcursor: pointer;\n\t\t\t\t}\n\n\t\t\t\t.tooltip .tooltiptext {\n\t\t\t\t\tvisibility: hidden;\n\t\t\t\t\twidth: 120px;\n\t\t\t\t\tbackground-color: black;\n\t\t\t\t\tcolor: #fff;\n\t\t\t\t\ttext-align: center;\n\t\t\t\t\tborder-radius: 3px;\n\t\t\t\t\tpadding: 8px;\n\n\t\t\t\t\t\/* Position the tooltip *\/\n\t\t\t\t\tposition: absolute;\n\t\t\t\t\tright: 20px;\n\t\t\t\t\tz-index: 1;\n\t\t\t\t\tfont-size: 14px;\n\t\t\t\t}\n\n\t\t\t\t.tooltip:hover .tooltiptext {\n\t\t\t\t\tvisibility: visible;\n\t\t\t\t}\n\t\t\t<\/style>\n\t\t\t<script>\n\t\t\t\t(function ($) {\n\t\t\t\t\tlet field_wrapper = $('.pdf-coupon-fields');\n\t\t\t\t\tif (field_wrapper.length) {\n\t\t\t\t\t\tlet fields = field_wrapper.find('input,textarea');\n\t\t\t\t\t\tfields.each(function () {\n\t\t\t\t\t\t\tlet description = $(this).attr('data-description');\n\t\t\t\t\t\t\tif (description) {\n\t\t\t\t\t\t\t\t$(this).before('<div class=\"tooltip\"><svg stroke=\"currentColor\" fill=\"currentColor\" stroke-width=\"0\" viewBox=\"0 0 512 512\" height=\"1em\" width=\"1em\" xmlns=\"http:\/\/www.w3.org\/2000\/svg\"><path d=\"M256 76c48.1 0 93.3 18.7 127.3 52.7S436 207.9 436 256s-18.7 93.3-52.7 127.3S304.1 436 256 436c-48.1 0-93.3-18.7-127.3-52.7S76 304.1 76 256s18.7-93.3 52.7-127.3S207.9 76 256 76m0-28C141.1 48 48 141.1 48 256s93.1 208 208 208 208-93.1 208-208S370.9 48 256 48z\"><\/path><path d=\"M256.7 160c37.5 0 63.3 20.8 63.3 50.7 0 19.8-9.6 33.5-28.1 44.4-17.4 10.1-23.3 17.5-23.3 30.3v7.9h-34.7l-.3-8.6c-1.7-20.6 5.5-33.4 23.6-44 16.9-10.1 24-16.5 24-28.9s-12-21.5-26.9-21.5c-15.1 0-26 9.8-26.8 24.6H192c.7-32.2 24.5-54.9 64.7-54.9zm-26.3 171.4c0-11.5 9.6-20.6 21.4-20.6 11.9 0 21.5 9 21.5 20.6s-9.6 20.6-21.5 20.6-21.4-9-21.4-20.6z\"><\/path><\/svg><span class=\"tooltiptext\">' + description + '<\/span><\/div>');\n\t\t\t\t\t\t\t}\n\t\t\t\t\t\t})\n\t\t\t\t\t}\n\t\t\t\t})(jQuery);\n\t\t\t<\/script>\n\t\t\t\t\t\t<script>\n\t\t\t\t(function ($) {\n\t\t\t\t\tlet textarea = $('#flexible_coupon_recipient_message');\n\t\t\t\t\tif (textarea.length) {\n\t\t\t\t\t\tlet textarea_maxlength = textarea.attr('maxlength');\n\t\t\t\t\t\ttextarea.after('<span class=\"fc-counter-wrapper\"><span class=\"fc-counter-current\">0<\/span>\/<span class=\"max\">' + textarea_maxlength + '<\/span><\/span>');\n\t\t\t\t\t\ttextarea.on('input', function () {\n\t\t\t\t\t\t\tvar maxlength = $(this).attr(\"maxlength\");\n\t\t\t\t\t\t\tvar currentLength = $(this).val().length;\n\t\t\t\t\t\t\t$('.fc-counter-current').html(currentLength);\n\t\t\t\t\t\t\tif (currentLength >= maxlength) {\n\t\t\t\t\t\t\t\treturn false;\n\t\t\t\t\t\t\t}\n\t\t\t\t\t\t})\n\t\t\t\t\t\tlet current_length = textarea.val().length;\n\t\t\t\t\t\t$('.fc-counter-current').html(current_length);\n\t\t\t\t\t}\n\n\t\t\t\t})(jQuery);\n\t\t\t<\/script>\n\t\t\t<style>\n\t\t\t\tspan.fc-counter-wrapper {\n\t\t\t\t\ttext-align: right;\n\t\t\t\t\tdisplay: block;\n\t\t\t\t\tpadding: 2px;\n\t\t\t\t\tmargin-bottom: 2px;\n\t\t\t\t}\n\t\t\t<\/style>\n\t\t\t<\/div>\t<\/form>\n\n\t\n\t\t\t\t<\/div>\n\t\t\t\t<\/div>\n\t\t\t\t<\/div>\n\t\t<div class=\"elementor-element elementor-element-7bfe6fb5 e-con-full e-flex e-con e-child\" data-id=\"7bfe6fb5\" data-element_type=\"container\" data-e-type=\"container\">\n\t\t\t\t<div class=\"elementor-element elementor-element-37213080 elementor-icon-list--layout-inline e-transform elementor-list-item-link-full_width elementor-widget elementor-widget-icon-list\" data-id=\"37213080\" data-element_type=\"widget\" data-e-type=\"widget\" data-settings=\"{&quot;_transform_translateX_effect_hover&quot;:{&quot;unit&quot;:&quot;px&quot;,&quot;size&quot;:-10,&quot;sizes&quot;:[]},&quot;_transform_translateX_effect_hover_tablet&quot;:{&quot;unit&quot;:&quot;px&quot;,&quot;size&quot;:&quot;&quot;,&quot;sizes&quot;:[]},&quot;_transform_translateX_effect_hover_mobile&quot;:{&quot;unit&quot;:&quot;px&quot;,&quot;size&quot;:&quot;&quot;,&quot;sizes&quot;:[]},&quot;_transform_translateY_effect_hover&quot;:{&quot;unit&quot;:&quot;px&quot;,&quot;size&quot;:&quot;&quot;,&quot;sizes&quot;:[]},&quot;_transform_translateY_effect_hover_tablet&quot;:{&quot;unit&quot;:&quot;px&quot;,&quot;size&quot;:&quot;&quot;,&quot;sizes&quot;:[]},&quot;_transform_translateY_effect_hover_mobile&quot;:{&quot;unit&quot;:&quot;px&quot;,&quot;size&quot;:&quot;&quot;,&quot;sizes&quot;:[]}}\" data-widget_type=\"icon-list.default\">\n\t\t\t\t<div class=\"elementor-widget-container\">\n\t\t\t\t\t\t\t<ul class=\"elementor-icon-list-items elementor-inline-items\">\n\t\t\t\t\t\t\t<li class=\"elementor-icon-list-item elementor-inline-item\">\n\t\t\t\t\t\t\t\t\t\t\t<a href=\"\/shop\/ajandekutalvany\/\">\n\n\t\t\t\t\t\t\t\t\t\t\t\t<span class=\"elementor-icon-list-icon\">\n\t\t\t\t\t\t\t<i aria-hidden=\"true\" class=\"icon icon-arrow-left\"><\/i>\t\t\t\t\t\t<\/span>\n\t\t\t\t\t\t\t\t\t\t<span class=\"elementor-icon-list-text\">VISSZA AZ UTALV\u00c1NYOKHOZ<\/span>\n\t\t\t\t\t\t\t\t\t\t\t<\/a>\n\t\t\t\t\t\t\t\t\t<\/li>\n\t\t\t\t\t\t<\/ul>\n\t\t\t\t\t\t<\/div>\n\t\t\t\t<\/div>\n\t\t\t\t<\/div>\n\t\t\t\t<\/div>\n\t\t\t\t<\/div>\n\t\t\t\t<\/div>\n\t\t\t\t<\/div>\n\t\t\t\t<\/div>\n\t\t","protected":false},"excerpt":{"rendered":"<p>Utalv\u00e1ny \u00c1Ra: Aj\u00e1nd\u00e9kutalv\u00e1nyok Extr\u00e1k P\u00e1ros Meg\u00fajul\u00e1s mennyis\u00e9g MEGV\u00c1S\u00c1ROLOM Recipient name&nbsp;(nem k\u00f6telez\u0151) Recipient email&nbsp;(nem k\u00f6telez\u0151) Recipient message&nbsp;(nem k\u00f6telez\u0151) VISSZA AZ UTALV\u00c1NYOKHOZ<\/p>","protected":false},"author":3,"featured_media":0,"parent":23027,"menu_order":0,"comment_status":"closed","ping_status":"closed","template":"","meta":{"_acf_changed":false,"footnotes":""},"class_list":["post-23033","page","type-page","status-publish","hentry"],"acf":[],"_links":{"self":[{"href":"https:\/\/oxygenwellness.hu\/en\/wp-json\/wp\/v2\/pages\/23033","targetHints":{"allow":["GET"]}}],"collection":[{"href":"https:\/\/oxygenwellness.hu\/en\/wp-json\/wp\/v2\/pages"}],"about":[{"href":"https:\/\/oxygenwellness.hu\/en\/wp-json\/wp\/v2\/types\/page"}],"author":[{"embeddable":true,"href":"https:\/\/oxygenwellness.hu\/en\/wp-json\/wp\/v2\/users\/3"}],"replies":[{"embeddable":true,"href":"https:\/\/oxygenwellness.hu\/en\/wp-json\/wp\/v2\/comments?post=23033"}],"version-history":[{"count":0,"href":"https:\/\/oxygenwellness.hu\/en\/wp-json\/wp\/v2\/pages\/23033\/revisions"}],"up":[{"embeddable":true,"href":"https:\/\/oxygenwellness.hu\/en\/wp-json\/wp\/v2\/pages\/23027"}],"wp:attachment":[{"href":"https:\/\/oxygenwellness.hu\/en\/wp-json\/wp\/v2\/media?parent=23033"}],"curies":[{"name":"wp","href":"https:\/\/api.w.org\/{rel}","templated":true}]}}